{"id":252,"date":"2021-08-04T21:39:02","date_gmt":"2021-08-04T21:39:02","guid":{"rendered":"https:\/\/bio.ufpr.br\/patologiabasica\/?page_id=252"},"modified":"2021-08-17T02:59:09","modified_gmt":"2021-08-17T02:59:09","slug":"nossa-historia","status":"publish","type":"page","link":"https:\/\/bio.ufpr.br\/patologiabasica\/o-departamento\/nossa-historia\/","title":{"rendered":"Nossa Hist\u00f3ria"},"content":{"rendered":"<p><strong>A hist\u00f3ria do Departamento de Patologia B\u00e1sica se confunde com a cria\u00e7\u00e3o do Setor de Ci\u00eancias Biol\u00f3gicas.<\/strong><\/p>\n<p>Em meados dos anos 1970, os anseios da sociedade paranaense para a cria\u00e7\u00e3o de diferentes cursos da \u00e1rea de sa\u00fade e biol\u00f3gicas, estimulou um passo muito importante da Universidade Federal do Paran\u00e1 que levou a cria\u00e7\u00e3o e o desenvolvimento do Setor de Ci\u00eancias Biol\u00f3gicas.<\/p>\n<p>A\u00a0partir da colabora\u00e7\u00e3o e jun\u00e7\u00e3o entre dois importantes institutos situados na cidade de Curitiba \u00e0 \u00e9poca, o Instituto de Biologia e o Instituto de Bioqu\u00edmica, houve ent\u00e3o, a idealiza\u00e7\u00e3o de um edif\u00edcio que abrigasse aos profissionais dessas \u00e1reas. A constru\u00e7\u00e3o de uma sede pr\u00f3pria foi, portanto, a proposta por estes docentes para que fosse poss\u00edvel atender \u00e0s \u00e1reas b\u00e1sicas aos cursos das \u00e1reas biol\u00f3gicas e da sa\u00fade da Universidade Federal do Paran\u00e1. Dessa uni\u00e3o, outorgada em 1971, o docente a propor a cria\u00e7\u00e3o do Departamento de <em>\u201cParasitologia e Microbiologia\u201d<\/em>\u00a0(nome dado \u00e0 \u00e9poca) foi um importante m\u00e9dico local, o parasitologista Eduardo Corr\u00eaa Lima, que no ano de 1973, torna-se vice-reitor da Universidade.<\/p>\n<p>A atua\u00e7\u00e3o do Prof<sup>o<\/sup> Eduardo Lima foi essencial para o estabelecimento do departamento, que, na sua vis\u00e3o ampliada e futurista, convidou 15 docentes das \u00e1reas voltadas para o estudo das doen\u00e7as em humanos e animais, consolidando assim, o Departamento de Parasitologia e Microbiologia. A partir de sua importante atua\u00e7\u00e3o, integralizou ao departamento, as \u00e1reas de Patologia, e, posteriormente, de Imunologia, transformando o atual e com sua nova denomina\u00e7\u00e3o o\u00a0<em>Departamento de Patologia B\u00e1sica ou DPAT<\/em>.<\/p>\n<p>Em 1982, na inaugura\u00e7\u00e3o do pr\u00e9dio onde est\u00e1 situado o Setor de Ci\u00eancias Biol\u00f3gicas, o mesmo foi\u00a0dividido em departamentos, estando o DPAT\u00a0instalado desde o princ\u00edpio da sua inaugura\u00e7\u00e3o, pela a\u00e7\u00e3o importante deste Parasitologista da Cidade de Curitiba. Ao Setor de Ci\u00eancias Biol\u00f3gicas, foi outorgada em sua homenagem da inaugura\u00e7\u00e3o, a placa ao Prof<sup>o<\/sup> em\u00e9rito da \u00e1rea de Patologia, Dr. Milton Mir\u00f3 Vernalha, membro muito importante para o desenvolvimento da UFPR e do DPAT.<\/p>\n<p>Assim, a hist\u00f3ria do Departamento de Patologia B\u00e1sica se confunde \u00e0 hist\u00f3ria do Setor de Ci\u00eancias Biol\u00f3gicas abrigando as 4 \u00e1reas do conhecimento, numa equipe multidisciplinar, que atende aos diversos cursos das \u00e1reas biol\u00f3gicas e da sa\u00fade.<\/p>\n<p>Entre o corpo docente, o DPAT possui o maior n\u00famero entre os departamentos, sendo 30 no total e conta com \u00a07 t\u00e9cnicos, entre as \u00e1reas administrativos e de laborat\u00f3rio.<\/p>\n<p>O\u00a0Departamento de Patologia B\u00e1sica fez a hist\u00f3ria desse pr\u00e9dio, e contribui diariamente com pesquisas e projetos de extens\u00e3o que v\u00e3o muito al\u00e9m dos muros da Universidade.<\/p>\n","protected":false},"excerpt":{"rendered":"<p>A hist\u00f3ria do Departamento de Patologia B\u00e1sica se confunde com a cria\u00e7\u00e3o do Setor de Ci\u00eancias Biol\u00f3gicas. Em meados dos anos 1970, os anseios da [&hellip;]<\/p>\n","protected":false},"author":2088,"featured_media":0,"parent":85,"menu_order":1,"comment_status":"closed","ping_status":"closed","template":"page-departamentos.php","meta":{"_acf_changed":false,"_monsterinsights_skip_tracking":false,"_monsterinsights_sitenote_active":false,"_monsterinsights_sitenote_note":"","_monsterinsights_sitenote_category":0,"footnotes":""},"class_list":["post-252","page","type-page","status-publish","hentry"],"acf":[],"_links":{"self":[{"href":"https:\/\/bio.ufpr.br\/patologiabasica\/wp-json\/wp\/v2\/pages\/252","targetHints":{"allow":["GET"]}}],"collection":[{"href":"https:\/\/bio.ufpr.br\/patologiabasica\/wp-json\/wp\/v2\/pages"}],"about":[{"href":"https:\/\/bio.ufpr.br\/patologiabasica\/wp-json\/wp\/v2\/types\/page"}],"author":[{"embeddable":true,"href":"https:\/\/bio.ufpr.br\/patologiabasica\/wp-json\/wp\/v2\/users\/2088"}],"replies":[{"embeddable":true,"href":"https:\/\/bio.ufpr.br\/patologiabasica\/wp-json\/wp\/v2\/comments?post=252"}],"version-history":[{"count":4,"href":"https:\/\/bio.ufpr.br\/patologiabasica\/wp-json\/wp\/v2\/pages\/252\/revisions"}],"predecessor-version":[{"id":267,"href":"https:\/\/bio.ufpr.br\/patologiabasica\/wp-json\/wp\/v2\/pages\/252\/revisions\/267"}],"up":[{"embeddable":true,"href":"https:\/\/bio.ufpr.br\/patologiabasica\/wp-json\/wp\/v2\/pages\/85"}],"wp:attachment":[{"href":"https:\/\/bio.ufpr.br\/patologiabasica\/wp-json\/wp\/v2\/media?parent=252"}],"curies":[{"name":"wp","href":"https:\/\/api.w.org\/{rel}","templated":true}]}}