{"id":336,"date":"2021-08-16T19:27:23","date_gmt":"2021-08-16T19:27:23","guid":{"rendered":"https:\/\/bio.ufpr.br\/patologiabasica\/?page_id=336"},"modified":"2022-01-18T17:46:53","modified_gmt":"2022-01-18T17:46:53","slug":"laboratorio-de-biologia-molecular-labiom","status":"publish","type":"page","link":"https:\/\/bio.ufpr.br\/patologiabasica\/laboratorios\/laboratorio-de-biologia-molecular-labiom\/","title":{"rendered":"Laborat\u00f3rio de Biologia Molecular (LaBioM)"},"content":{"rendered":"<p>O Laborat\u00f3rio de Biologia Molecular Multiusu\u00e1rio (LABIOM) tem como principal gestora o Programa de P\u00f3s-Gradua\u00e7\u00e3o em Microbiologia, Parasitologia e Patologia do Departamento de Patologia B\u00e1sica e possui infraestrutura necess\u00e1ria para atender aos usu\u00e1rios em t\u00e9cnicas b\u00e1sicas de biologia molecular.<\/p>\n<p>&nbsp;<\/p>\n<p><strong>Possui os seguintes equipamentos multiusu\u00e1rios:<\/strong><\/p>\n<p>Cabines de seguran\u00e7a biol\u00f3gica (BSTEC)<\/p>\n<p>Centr\u00edfuga refrigerada &#8211; com rotor de tubos tipo eppendorf, tubos falcon e placa de 96 po\u00e7os (Hermle, Z326K)<\/p>\n<p>Centr\u00edfuga para microtubos &#8211; minicentr\u00edfuga (Biopet)<\/p>\n<p>DNA WorkStation (Loccus Biotecnologia)<\/p>\n<p>Espectrofot\u00f4metro (SpectrumVis, SP 2000)<\/p>\n<p>Espectrofot\u00f4metro Nanodrop<\/p>\n<p>Fotodocumentador (Cell Bioscences, FluoChemFC2)<\/p>\n<p>Freezer -80 \u00baC (Glacier)<\/p>\n<p>Prensa Hidr\u00e1ulica Francesa (American Instrument Company)<\/p>\n<p>Purificador de \u00e1gua (Sartorius)<\/p>\n<p>Purificador de Osmose Reversa (Vexer)<\/p>\n<p>Termociclador (ESCO, Swift MaxPro)<\/p>\n<p>Termociclador de PCR em tempo real (Applied Biosystems)<\/p>\n<p>Transiluminador de mesa (Loccus Biotecnologia)<\/p>\n<p>Ultracentr\u00edfuga (Beckman Coulter)<\/p>\n<p>Vidrarias para preparo de solu\u00e7\u00f5es<\/p>\n<p>&nbsp;<\/p>\n<p><strong>Os que desejarem utilizar quaisquer equipamentos do LABIOM dever\u00e3o preencher o <a href=\"https:\/\/forms.gle\/RXmJiXpdTLFL1qYz6\">formul\u00e1rio<\/a>.<\/strong><\/p>\n<p>Localiza\u00e7\u00e3o:<\/p>\n<p><span lang=\"PT\">Sala 144A, 3 piso<\/span><\/p>\n<p>&nbsp;<\/p>\n<p><strong>POPs (Procedimento Operacional Padr\u00e3o) da manipula\u00e7\u00e3o dos\u00a0equipamentos do LABIOM<\/strong><\/p>\n<p><a href=\"https:\/\/bio.ufpr.br\/patologiabasica\/laboratorios\/laboratorio-de-biologia-molecular-labiom\/labiom-pop-dos-equipamentos\/\">POP<\/a><\/p>\n<p>&nbsp;<\/p>\n<p><strong>Contato:\u00a0<\/strong><\/p>\n<p>Docentes respons\u00e1veis<\/p>\n<p>Profa Dra <a href=\"edneiaama@ufpr.br\">Edneia Cavalieri<\/a><\/p>\n<p>Profa Dra <a href=\"julianademoura@ufpr.br\">Juliana de Moura<\/a><\/p>\n<p>&nbsp;<\/p>\n<p>T\u00e9cnica bolsista<\/p>\n<p>Dra. <a href=\"regidacunha@gmail.com\">Regiane da Cunha\u00a0<\/a><\/p>\n<p>&nbsp;<\/p>\n<p>&nbsp;<\/p>\n<p>&nbsp;<\/p>\n","protected":false},"excerpt":{"rendered":"<p>O Laborat\u00f3rio de Biologia Molecular Multiusu\u00e1rio (LABIOM) tem como principal gestora o Programa de P\u00f3s-Gradua\u00e7\u00e3o em Microbiologia, Parasitologia e Patologia do Departamento de Patologia B\u00e1sica [&hellip;]<\/p>\n","protected":false},"author":2088,"featured_media":0,"parent":66,"menu_order":0,"comment_status":"closed","ping_status":"closed","template":"page-departamentos.php","meta":{"_acf_changed":false,"_monsterinsights_skip_tracking":false,"_monsterinsights_sitenote_active":false,"_monsterinsights_sitenote_note":"","_monsterinsights_sitenote_category":0,"footnotes":""},"class_list":["post-336","page","type-page","status-publish","hentry"],"acf":[],"_links":{"self":[{"href":"https:\/\/bio.ufpr.br\/patologiabasica\/wp-json\/wp\/v2\/pages\/336","targetHints":{"allow":["GET"]}}],"collection":[{"href":"https:\/\/bio.ufpr.br\/patologiabasica\/wp-json\/wp\/v2\/pages"}],"about":[{"href":"https:\/\/bio.ufpr.br\/patologiabasica\/wp-json\/wp\/v2\/types\/page"}],"author":[{"embeddable":true,"href":"https:\/\/bio.ufpr.br\/patologiabasica\/wp-json\/wp\/v2\/users\/2088"}],"replies":[{"embeddable":true,"href":"https:\/\/bio.ufpr.br\/patologiabasica\/wp-json\/wp\/v2\/comments?post=336"}],"version-history":[{"count":11,"href":"https:\/\/bio.ufpr.br\/patologiabasica\/wp-json\/wp\/v2\/pages\/336\/revisions"}],"predecessor-version":[{"id":765,"href":"https:\/\/bio.ufpr.br\/patologiabasica\/wp-json\/wp\/v2\/pages\/336\/revisions\/765"}],"up":[{"embeddable":true,"href":"https:\/\/bio.ufpr.br\/patologiabasica\/wp-json\/wp\/v2\/pages\/66"}],"wp:attachment":[{"href":"https:\/\/bio.ufpr.br\/patologiabasica\/wp-json\/wp\/v2\/media?parent=336"}],"curies":[{"name":"wp","href":"https:\/\/api.w.org\/{rel}","templated":true}]}}