{"id":444,"date":"2021-08-24T20:30:05","date_gmt":"2021-08-24T20:30:05","guid":{"rendered":"https:\/\/bio.ufpr.br\/patologiabasica\/?page_id=444"},"modified":"2021-08-24T23:34:18","modified_gmt":"2021-08-24T23:34:18","slug":"laboratorio-de-nefrologia-experimental-labnefro","status":"publish","type":"page","link":"https:\/\/bio.ufpr.br\/patologiabasica\/laboratorios\/laboratorio-de-nefrologia-experimental-labnefro\/","title":{"rendered":"Laborat\u00f3rio de Nefrologia Experimental (LabNefro)"},"content":{"rendered":"<p style=\"text-align: justify\">O Laborat\u00f3rio tem como objetivo proporcionar suporte as atividades de pesquisa para Gradua\u00e7\u00e3o e P\u00f3s-Gradua\u00e7\u00e3o. Neste laborat\u00f3rio s\u00e3o desenvolvidas pesquisas que envolvem fisiopatologia renal e toxicidade ur\u00eamica, ambas inseridas na linha de pesquisa &#8211; Mecanismos celulares e moleculares da toxicidade ur\u00eamica.<\/p>\n<p style=\"text-align: justify\">De acordo com a classifica\u00e7\u00e3o contida no Sistema \u201cCurriculum Lattes\u201d do CNPq e da CAPES, as pesquisas realizadas s\u00e3o enquadradas da seguinte forma: Grande \u00e1rea \u2013 Ci\u00eancias da Sa\u00fade, \u00c1rea \u2013 Medicina, Sub-\u00e1rea- Clinica M\u00e9dica, Especialidade- Nefrologia. Grande \u00e1rea &#8211; Ci\u00eancias Biol\u00f3gicas, \u00c1rea \u2013 Bioqu\u00edmica, Sub-\u00e1rea- Fisiologia de \u00f3rg\u00e3os e sistemas.<\/p>\n<p><strong>Coordenador:<\/strong><\/p>\n<p>Prof. Dra. Andr\u00e9a Emilia Marques Stinghen<\/p>\n<p>Contato:\u00a0<a href=\"mailto:andreastinghen@ufpr.br\">andreastinghen@ufpr.br<\/a><\/p>\n","protected":false},"excerpt":{"rendered":"<p>O Laborat\u00f3rio tem como objetivo proporcionar suporte as atividades de pesquisa para Gradua\u00e7\u00e3o e P\u00f3s-Gradua\u00e7\u00e3o. Neste laborat\u00f3rio s\u00e3o desenvolvidas pesquisas que envolvem fisiopatologia renal e [&hellip;]<\/p>\n","protected":false},"author":2088,"featured_media":0,"parent":66,"menu_order":1,"comment_status":"closed","ping_status":"closed","template":"","meta":{"_acf_changed":false,"_monsterinsights_skip_tracking":false,"_monsterinsights_sitenote_active":false,"_monsterinsights_sitenote_note":"","_monsterinsights_sitenote_category":0,"footnotes":""},"class_list":["post-444","page","type-page","status-publish","hentry"],"acf":[],"_links":{"self":[{"href":"https:\/\/bio.ufpr.br\/patologiabasica\/wp-json\/wp\/v2\/pages\/444","targetHints":{"allow":["GET"]}}],"collection":[{"href":"https:\/\/bio.ufpr.br\/patologiabasica\/wp-json\/wp\/v2\/pages"}],"about":[{"href":"https:\/\/bio.ufpr.br\/patologiabasica\/wp-json\/wp\/v2\/types\/page"}],"author":[{"embeddable":true,"href":"https:\/\/bio.ufpr.br\/patologiabasica\/wp-json\/wp\/v2\/users\/2088"}],"replies":[{"embeddable":true,"href":"https:\/\/bio.ufpr.br\/patologiabasica\/wp-json\/wp\/v2\/comments?post=444"}],"version-history":[{"count":2,"href":"https:\/\/bio.ufpr.br\/patologiabasica\/wp-json\/wp\/v2\/pages\/444\/revisions"}],"predecessor-version":[{"id":486,"href":"https:\/\/bio.ufpr.br\/patologiabasica\/wp-json\/wp\/v2\/pages\/444\/revisions\/486"}],"up":[{"embeddable":true,"href":"https:\/\/bio.ufpr.br\/patologiabasica\/wp-json\/wp\/v2\/pages\/66"}],"wp:attachment":[{"href":"https:\/\/bio.ufpr.br\/patologiabasica\/wp-json\/wp\/v2\/media?parent=444"}],"curies":[{"name":"wp","href":"https:\/\/api.w.org\/{rel}","templated":true}]}}