{"id":597,"date":"2021-11-09T13:06:22","date_gmt":"2021-11-09T13:06:22","guid":{"rendered":"https:\/\/bio.ufpr.br\/patologiabasica\/?page_id=597"},"modified":"2026-03-25T18:09:26","modified_gmt":"2026-03-25T18:09:26","slug":"laboratorio-de-microbiologia-humana-e-saude","status":"publish","type":"page","link":"https:\/\/bio.ufpr.br\/patologiabasica\/laboratorios\/laboratorio-de-microbiologia-humana-e-saude\/","title":{"rendered":"Lab MHUSA &#8211; Laborat\u00f3rio de Microbiologia Humana e Sa\u00fade"},"content":{"rendered":"<p>O Lab MHUSA &#8211; Laborat\u00f3rio de Microbiologia Humana e Sa\u00fade\u00a0 est\u00e1 situado no 1<sup>o<\/sup> andar do Departamento de Patologia B\u00e1sica (sala 137). O Lab MHUSA sedia diversos projetos de pesquisa e de extens\u00e3o universit\u00e1ria que s\u00e3o respons\u00e1veis pela forma\u00e7\u00e3o continuada de estudantes em n\u00edvel de gradua\u00e7\u00e3o e p\u00f3s-gradua\u00e7\u00e3o da UFPR e institui\u00e7\u00f5es parceiras.<\/p>\n<p>&nbsp;<\/p>\n<p><b><u>Pesquisa<\/u><\/b><u><\/u><\/p>\n<p>As principais pesquisas atualmente realizadas encontram-se brevemente descritas abaixo:<\/p>\n<p>&nbsp;<\/p>\n<p>&nbsp;<\/p>\n<p>1)\u00a0<u>Microbiota vaginal e infec\u00e7\u00f5es do trato genital inferior feminino<\/u><\/p>\n<p>Os projetos dessa \u00e1rea est\u00e3o relacionados \u00e0 busca da melhor compreens\u00e3o dos mecanismos envolvidos entre a microbiota vaginal e a resposta imune da mulher, bem como a rela\u00e7\u00e3o desses mecanismos com a aquisi\u00e7\u00e3o de infec\u00e7\u00f5es sexualmente transmiss\u00edveis (ISTs).<\/p>\n<p>Respons\u00e1vel: Profa. Dra.\u00a0<a href=\"marconi@ufpr.br\">Camila Marcon.<\/a><\/p>\n<p>&nbsp;<\/p>\n<p>2)\u00a0<u>Antimicrobianos e Resist\u00eancia bacteriana<\/u><\/p>\n<p>Os projetos dessa \u00e1rea buscam produzir dados que auxiliem na solu\u00e7\u00e3o de problemas associados ao uso de antimicrobianos e resist\u00eancia bacteriana. Alguns dos temas desenvolvidos s\u00e3o:\u00a0 Avalia\u00e7\u00e3o do perfil de sensibilidade a novos antimicrobianos, Diarreia associada ao uso de antimicrobianos, Pesquisa de mecanismos de resist\u00eancia a antimicrobianos em isolados bacterianos cl\u00ednicos e ambientais.<\/p>\n<p>Respons\u00e1vel: Profa. Dra. <a href=\"keitenogueira@gmail.com\">Keite da Silva Nogueira<\/a><\/p>\n<p>&nbsp;<\/p>\n<p>3) <u>Bact\u00e9rias Anaer\u00f3bias<\/u><\/p>\n<p>Projeto sobre infec\u00e7\u00f5es de bact\u00e9rias anaer\u00f3bias, visa analisar a preval\u00eancia de infec\u00e7\u00f5es<\/p>\n<p>por estas, no Hospital de Cl\u00ednicas da UFPR. A partir das an\u00e1lises realizadas, ser\u00e1 poss\u00edvel atualizar o panorama epidemiol\u00f3gico do servi\u00e7o e fornecer \u00e0 institui\u00e7\u00e3o informa\u00e7\u00f5es que poder\u00e3o ser utilizadas para aprimorar as medidas de preven\u00e7\u00e3o e o manejo terap\u00eautico de infec\u00e7\u00f5es no ambiente hospitalar.<\/p>\n<p>Respons\u00e1vel: Profa. Dra. <a href=\"crisleise@gmail.com\">Cristina Leise Bastos Monteiro<\/a>.<\/p>\n<p>&nbsp;<\/p>\n<p>4)\u00a0<u>Microbiologia de alimentos<\/u><\/p>\n<p>Os projetos visam principalmente (i) Avaliar a qualidade microbiol\u00f3gica do mel , p\u00f3len e pr\u00f3polis de melipon\u00eddeos enfatizando caracter\u00edsticas de qualidade; (ii) Identificar pontos de controle na manipula\u00e7\u00e3o de formula\u00e7\u00f5es enterais e propor instrumentos para avalia\u00e7\u00e3o e orienta\u00e7\u00e3o das boas pr\u00e1ticas em domic\u00edlios &#8211; Pesquisa desenvolvida em conjunto com o Departamento de Nutri\u00e7\u00e3o; (iii) Monitorar qualidade microbiol\u00f3gica e parasitol\u00f3gica da \u00e1gua de irriga\u00e7\u00e3o de hortali\u00e7as org\u00e2nicas e vegetais &#8211; Pesquisa desenvolvida em conjunto com o Prof. Diego Leal.<\/p>\n<p>Respons\u00e1vel: Profa. Dra. <a href=\"mrbeux@ufpr.br\">M\u00e1rcia Regina Beux<\/a>.<\/p>\n<p>&nbsp;<\/p>\n<p><b><u>Extens\u00e3o Universit\u00e1ria<\/u><\/b><u><\/u><\/p>\n<p>&nbsp;<\/p>\n<p>O Lab MHUSA tamb\u00e9m \u00e9 sede e fornece apoio para estudantes e docentes envolvidos no Projeto de extens\u00e3o &#8220;DST: Educa\u00e7\u00e3o e Preven\u00e7\u00e3o&#8221;, sob coordena\u00e7\u00e3o da Profa. Dra. Camila Marcon e vice coordena\u00e7\u00e3o da Profa. Dr. Cristina Leise Bastos Monteiro. Para mais informa\u00e7\u00f5es sobre o Projeto de Extens\u00e3o, acesse a aba \u201cExtens\u00e3o\u201d.<\/p>\n","protected":false},"excerpt":{"rendered":"<p>O Lab MHUSA &#8211; Laborat\u00f3rio de Microbiologia Humana e Sa\u00fade\u00a0 est\u00e1 situado no 1o andar do Departamento de Patologia B\u00e1sica (sala 137). O Lab MHUSA [&hellip;]<\/p>\n","protected":false},"author":2152,"featured_media":0,"parent":66,"menu_order":6,"comment_status":"closed","ping_status":"closed","template":"","meta":{"_acf_changed":false,"_monsterinsights_skip_tracking":false,"_monsterinsights_sitenote_active":false,"_monsterinsights_sitenote_note":"","_monsterinsights_sitenote_category":0,"footnotes":""},"class_list":["post-597","page","type-page","status-publish","hentry"],"acf":[],"_links":{"self":[{"href":"https:\/\/bio.ufpr.br\/patologiabasica\/wp-json\/wp\/v2\/pages\/597","targetHints":{"allow":["GET"]}}],"collection":[{"href":"https:\/\/bio.ufpr.br\/patologiabasica\/wp-json\/wp\/v2\/pages"}],"about":[{"href":"https:\/\/bio.ufpr.br\/patologiabasica\/wp-json\/wp\/v2\/types\/page"}],"author":[{"embeddable":true,"href":"https:\/\/bio.ufpr.br\/patologiabasica\/wp-json\/wp\/v2\/users\/2152"}],"replies":[{"embeddable":true,"href":"https:\/\/bio.ufpr.br\/patologiabasica\/wp-json\/wp\/v2\/comments?post=597"}],"version-history":[{"count":5,"href":"https:\/\/bio.ufpr.br\/patologiabasica\/wp-json\/wp\/v2\/pages\/597\/revisions"}],"predecessor-version":[{"id":1031,"href":"https:\/\/bio.ufpr.br\/patologiabasica\/wp-json\/wp\/v2\/pages\/597\/revisions\/1031"}],"up":[{"embeddable":true,"href":"https:\/\/bio.ufpr.br\/patologiabasica\/wp-json\/wp\/v2\/pages\/66"}],"wp:attachment":[{"href":"https:\/\/bio.ufpr.br\/patologiabasica\/wp-json\/wp\/v2\/media?parent=597"}],"curies":[{"name":"wp","href":"https:\/\/api.w.org\/{rel}","templated":true}]}}