{"id":624,"date":"2025-10-21T09:21:01","date_gmt":"2025-10-21T09:21:01","guid":{"rendered":"https:\/\/bio.ufpr.br\/patologiabasica\/?page_id=624"},"modified":"2025-10-21T12:22:04","modified_gmt":"2025-10-21T12:22:04","slug":"extensao","status":"publish","type":"page","link":"https:\/\/bio.ufpr.br\/patologiabasica\/extensao\/","title":{"rendered":"Extens\u00e3o"},"content":{"rendered":"<p>O Departamento de Patologia B\u00e1sica possui diversos Programas de Extens\u00e3o vinculados aos professores das \u00e1reas de Microbiologia, Parasitologia, Patologia e Imunologia estando inseridos em comunidades locais, regionais e nacionais.<\/p>\n<p>Os Programas tamb\u00e9m fazem parte da oferta de disciplinas nas modalidades de curriculariza\u00e7\u00e3o de extens\u00e3o na Gradua\u00e7\u00e3o, e as vagas semestrais poder\u00e3o ser ofertadas e preenchidas por diversos estudantes.<\/p>\n<p>Conhe\u00e7a um pouco mais de cada Programa oferecido pelo Departamento.<\/p>\n<ul>\n<li><a href=\"https:\/\/bio.ufpr.br\/patologiabasica\/extensao\/dst-educacao-e-prevencao\/\">DST: Educa\u00e7\u00e3o e Preven\u00e7\u00e3o<\/a><\/li>\n<li><a href=\"https:\/\/bio.ufpr.br\/patologiabasica\/extensao\/liga-academica-d\u2026-do-parana-limar\/\" target=\"_blank\" rel=\"noopener\">Liga Acad\u00eamica de Medicina de \u00c1reas Remotas da Universidade Federal do Paran\u00e1 (LIMAR)<\/a><\/li>\n<li><a href=\"https:\/\/bio.ufpr.br\/patologiabasica\/extensao\/ecologia-e-saude\u2026nas-como-modelos\/\">Ecologia e Sa\u00fade P\u00fablica: os artr\u00f3podes pe\u00e7onhentos e pragas urbanas como modelos<\/a><\/li>\n<li><a href=\"https:\/\/bio.ufpr.br\/patologiabasica\/extensao\/saude-comunitaria\/\">Sa\u00fade Comunit\u00e1ria<\/a><\/li>\n<li><a href=\"https:\/\/bio.ufpr.br\/patologiabasica\/extensao\/promocao-da-saud\u2026mana-e-ambiental\/\">Promo\u00e7\u00e3o da Sa\u00fade Animal, Humana e Ambiental<\/a><\/li>\n<li><a href=\"https:\/\/bio.ufpr.br\/patologiabasica\/extensao\/colhendo-bons-fr\u2026cademia-ao-campo\/\">Colhendo Bons frutos: da academia ao campo<\/a><\/li>\n<li><a href=\"https:\/\/bio.ufpr.br\/patologiabasica\/extensao\/conhecer-para-nao-adoecer\/\">Conhecer para n\u00e3o adoecer<\/a><\/li>\n<\/ul>\n<p>&nbsp;<\/p>\n","protected":false},"excerpt":{"rendered":"<p>O Departamento de Patologia B\u00e1sica possui diversos Programas de Extens\u00e3o vinculados aos professores das \u00e1reas de Microbiologia, Parasitologia, Patologia e Imunologia estando inseridos em comunidades [&hellip;]<\/p>\n","protected":false},"author":2008,"featured_media":0,"parent":0,"menu_order":0,"comment_status":"closed","ping_status":"closed","template":"","meta":{"_acf_changed":false,"_monsterinsights_skip_tracking":false,"_monsterinsights_sitenote_active":false,"_monsterinsights_sitenote_note":"","_monsterinsights_sitenote_category":0,"footnotes":""},"class_list":["post-624","page","type-page","status-publish","hentry"],"acf":[],"_links":{"self":[{"href":"https:\/\/bio.ufpr.br\/patologiabasica\/wp-json\/wp\/v2\/pages\/624","targetHints":{"allow":["GET"]}}],"collection":[{"href":"https:\/\/bio.ufpr.br\/patologiabasica\/wp-json\/wp\/v2\/pages"}],"about":[{"href":"https:\/\/bio.ufpr.br\/patologiabasica\/wp-json\/wp\/v2\/types\/page"}],"author":[{"embeddable":true,"href":"https:\/\/bio.ufpr.br\/patologiabasica\/wp-json\/wp\/v2\/users\/2008"}],"replies":[{"embeddable":true,"href":"https:\/\/bio.ufpr.br\/patologiabasica\/wp-json\/wp\/v2\/comments?post=624"}],"version-history":[{"count":8,"href":"https:\/\/bio.ufpr.br\/patologiabasica\/wp-json\/wp\/v2\/pages\/624\/revisions"}],"predecessor-version":[{"id":1000,"href":"https:\/\/bio.ufpr.br\/patologiabasica\/wp-json\/wp\/v2\/pages\/624\/revisions\/1000"}],"wp:attachment":[{"href":"https:\/\/bio.ufpr.br\/patologiabasica\/wp-json\/wp\/v2\/media?parent=624"}],"curies":[{"name":"wp","href":"https:\/\/api.w.org\/{rel}","templated":true}]}}