{"id":66,"date":"2016-05-24T12:32:09","date_gmt":"2016-05-24T12:32:09","guid":{"rendered":"https:\/\/bio.ufpr.br\/anatomia\/?page_id=13"},"modified":"2025-09-12T21:01:15","modified_gmt":"2025-09-12T21:01:15","slug":"laboratorios","status":"publish","type":"page","link":"https:\/\/bio.ufpr.br\/patologiabasica\/laboratorios\/","title":{"rendered":"Laborat\u00f3rios"},"content":{"rendered":"<p>O Departamento de Patologia B\u00e1sica possui diversos Laborat\u00f3rios de Aulas pr\u00e1ticas e de Pesquisa.<\/p>\n<p>&nbsp;<\/p>\n<p>O Departamento conta com 6 t\u00e9cnicos e auxiliares de laborat\u00f3rio:<\/p>\n<p>Eliana Maura Leite &#8211; \u00c1rea de Parasitologia<\/p>\n<p>Fabio Gaio Chiment\u00e3o &#8211; \u00c1rea de Patologia\/Imunologia<\/p>\n<p>Jason Lee Furuie &#8211; \u00c1rea de Microbiologia<\/p>\n<p>Luciane Mara Hennig &#8211; \u00c1rea de Microbiologia<\/p>\n<p>Kamila Moura Santana &#8211; \u00c1reas de Microbiologia, Parasitologia, Patologia\/Imunologia<\/p>\n<p>M\u00e1rcia Machado Ramos &#8211; \u00c1rea de Microbiologia e Parasitologia<\/p>\n<p>&nbsp;<\/p>\n<p>Os Laborat\u00f3rios de Aulas Pr\u00e1ticas est\u00e3o situados nos 3 pisos e atendem as 4 \u00e1reas do departamento, estando localizados:<\/p>\n<p>Primeiro Piso (inferior) &#8211; Laborat\u00f3rios 123, 124 e 128<\/p>\n<p>Segundo Piso &#8211; Laborat\u00f3rio 140<\/p>\n<p>Terceiro Piso (superior) &#8211; Laborat\u00f3rios 142 e 145<\/p>\n<p>&nbsp;<\/p>\n<p>H\u00e1 v\u00e1rios equipamentos multiusu\u00e1rios nesses laborat\u00f3rios que poder\u00e3o ser utilizados conforme contato pr\u00e9vio com os pesquisadores respons\u00e1veis.<\/p>\n","protected":false},"excerpt":{"rendered":"<p>O Departamento de Patologia B\u00e1sica possui diversos Laborat\u00f3rios de Aulas pr\u00e1ticas e de Pesquisa. &nbsp; O Departamento conta com 6 t\u00e9cnicos e auxiliares de laborat\u00f3rio: [&hellip;]<\/p>\n","protected":false},"author":6,"featured_media":0,"parent":0,"menu_order":0,"comment_status":"open","ping_status":"open","template":"","meta":{"_acf_changed":false,"_monsterinsights_skip_tracking":false,"_monsterinsights_sitenote_active":false,"_monsterinsights_sitenote_note":"","_monsterinsights_sitenote_category":0,"footnotes":""},"class_list":["post-66","page","type-page","status-publish","hentry"],"acf":[],"_links":{"self":[{"href":"https:\/\/bio.ufpr.br\/patologiabasica\/wp-json\/wp\/v2\/pages\/66","targetHints":{"allow":["GET"]}}],"collection":[{"href":"https:\/\/bio.ufpr.br\/patologiabasica\/wp-json\/wp\/v2\/pages"}],"about":[{"href":"https:\/\/bio.ufpr.br\/patologiabasica\/wp-json\/wp\/v2\/types\/page"}],"author":[{"embeddable":true,"href":"https:\/\/bio.ufpr.br\/patologiabasica\/wp-json\/wp\/v2\/users\/6"}],"replies":[{"embeddable":true,"href":"https:\/\/bio.ufpr.br\/patologiabasica\/wp-json\/wp\/v2\/comments?post=66"}],"version-history":[{"count":7,"href":"https:\/\/bio.ufpr.br\/patologiabasica\/wp-json\/wp\/v2\/pages\/66\/revisions"}],"predecessor-version":[{"id":977,"href":"https:\/\/bio.ufpr.br\/patologiabasica\/wp-json\/wp\/v2\/pages\/66\/revisions\/977"}],"wp:attachment":[{"href":"https:\/\/bio.ufpr.br\/patologiabasica\/wp-json\/wp\/v2\/media?parent=66"}],"curies":[{"name":"wp","href":"https:\/\/api.w.org\/{rel}","templated":true}]}}