{"id":809,"date":"2023-03-13T11:36:12","date_gmt":"2023-03-13T11:36:12","guid":{"rendered":"https:\/\/bio.ufpr.br\/patologiabasica\/?page_id=809"},"modified":"2023-03-13T12:47:12","modified_gmt":"2023-03-13T12:47:12","slug":"laboratorio-de-pesquisas-multiusuarios-colhendo-bons-frutos","status":"publish","type":"page","link":"https:\/\/bio.ufpr.br\/patologiabasica\/laboratorios\/laboratorio-de-pesquisas-multiusuarios-colhendo-bons-frutos\/","title":{"rendered":"Laborat\u00f3rio de Pesquisas Multiusu\u00e1rios Colhendo Bons Frutos"},"content":{"rendered":"<p><strong>Laborat\u00f3rio de Pesquisas Multiusu\u00e1rios Colhendo Bons Frutos<\/strong><\/p>\n<p>O laborat\u00f3rio presta suporte ao desenvolvimento de atividades relacionadas a projetos referentes a pesquisas de Entomologia Agr\u00edcola e Microbiologia Ambiental. Acolhe pesquisas de Mestrado e Doutorado vinculados a quatro Programas de P\u00f3s-Gradua\u00e7\u00e3o <em>Stricto Sensu<\/em> (Programa de P\u00f3s-gradua\u00e7\u00e3o em Agronomia Produ\u00e7\u00e3o Vegetal (PPGAPV), Programa de P\u00f3s-gradua\u00e7\u00e3o em Microbiologia, Parasitologia e Patologia (PPGMPP), Programa de P\u00f3s-gradua\u00e7\u00e3o em Ci\u00eancia do Solo e Programa de P\u00f3s-gradua\u00e7\u00e3o em Qu\u00edmica) e a um Programa de P\u00f3s-Gradua\u00e7\u00e3o <em>Lato Sensu<\/em> em Fitossanidade. Al\u00e9m disso, oportuniza vagas para discentes de gradua\u00e7\u00e3o de Agronomia, Ci\u00eancias Biol\u00f3gicas e Engenharia de Bioprocessos e Biotecnologia na forma de Programa de voluntariado acad\u00eamico, Inicia\u00e7\u00e3o Cient\u00edfica em projetos guarda-chuvas aos de P\u00f3s-Gradua\u00e7\u00e3o.<\/p>\n<p>Trabalhos de extens\u00e3o levantam demandas no setor agr\u00edcola que s\u00e3o levadas aos grupos de pesquisas envolvidos e se transformam em subprojetos estrat\u00e9gicos para o desenvolvimento da produ\u00e7\u00e3o agr\u00edcola e do agroneg\u00f3cio no Estado.<\/p>\n<p>O <strong>Laborat\u00f3rio de Colhendo Bons Frutos<\/strong> est\u00e1 sob responsabilidade das Profas. Dras. Maria Aparecida Cassilha Zawadneak (entomologia agricola) e Ida Chapaval Pimentel (microbiologia ambiental) e possui infraestrutura necess\u00e1ria para identifica\u00e7\u00e3o de principais pragas de culturas hort\u00edcolas, cria\u00e7\u00e3o de artr\u00f3podes e moluscos, isolamento e cultivo de microorganismos de interesse agr\u00edcola e bioensaios de t\u00e9cnicas de controle biol\u00f3gico.<\/p>\n<p>O laborat\u00f3rio de pesquisa Multiusu\u00e1rios Colhendo Bons frutos disp\u00f5e de infraestrutura j\u00e1 estabelecida com os seguintes Equipamentos multiusu\u00e1rios:<br \/>\n\u2022 Sala de microscopia avan\u00e7ada Zeiss com um microsc\u00f3pio trinocular com ilumina\u00e7\u00e3o para campo claro, campo escuro e contraste de fase, um estereomicrosc\u00f3pio trinocular, uma c\u00e2mera digital cient\u00edfica conectados a um computador para registro avan\u00e7ado de imagens;<br \/>\n\u2022 Estufas B.O.D. com fotoper\u00edodo e umidade controlada;<br \/>\n\u2022 Incubadoras Shaker de bancada de alta capacidade;<br \/>\n\u2022 Autoclave vertical anal\u00f3gica;<br \/>\n\u2022 Cabine de fluxo laminar horizontal;<br \/>\n\u2022 Capela;<br \/>\n\u2022 Estufas bacteriol\u00f3gicas;<br \/>\n\u2022 Balan\u00e7a digital de precis\u00e3o;<br \/>\n\u2022 Sala climatizada a 25C, UR de 70% e fotoper\u00edodo de 14h;<br \/>\n\u2022 Casa-de-vegeta\u00e7\u00e3o.<br \/>\nLaborat\u00f3rio Multiusu\u00e1rios Colhendo Bons frutos<br \/>\nDepartamento de Patologia B\u00e1sica<br \/>\nPiso terreo laboratorio 125 &#8211;\u00a0Fone 41 33611710<\/p>\n<p>O agendamento deve ser feito pelo formul\u00e1rio <a href=\"https:\/\/docs.google.com\/forms\/d\/e\/1FAIpQLSfze0ezbS3rQYFzJ4FMV_Hun_B7Pb79M7iLY0k8aaYZI2ihOA\/viewform?usp=sharing^\">on line<\/a><\/p>\n","protected":false},"excerpt":{"rendered":"<p>Laborat\u00f3rio de Pesquisas Multiusu\u00e1rios Colhendo Bons Frutos O laborat\u00f3rio presta suporte ao desenvolvimento de atividades relacionadas a projetos referentes a pesquisas de Entomologia Agr\u00edcola e [&hellip;]<\/p>\n","protected":false},"author":2088,"featured_media":0,"parent":66,"menu_order":7,"comment_status":"closed","ping_status":"closed","template":"","meta":{"_acf_changed":false,"_monsterinsights_skip_tracking":false,"_monsterinsights_sitenote_active":false,"_monsterinsights_sitenote_note":"","_monsterinsights_sitenote_category":0,"footnotes":""},"class_list":["post-809","page","type-page","status-publish","hentry"],"acf":[],"_links":{"self":[{"href":"https:\/\/bio.ufpr.br\/patologiabasica\/wp-json\/wp\/v2\/pages\/809","targetHints":{"allow":["GET"]}}],"collection":[{"href":"https:\/\/bio.ufpr.br\/patologiabasica\/wp-json\/wp\/v2\/pages"}],"about":[{"href":"https:\/\/bio.ufpr.br\/patologiabasica\/wp-json\/wp\/v2\/types\/page"}],"author":[{"embeddable":true,"href":"https:\/\/bio.ufpr.br\/patologiabasica\/wp-json\/wp\/v2\/users\/2088"}],"replies":[{"embeddable":true,"href":"https:\/\/bio.ufpr.br\/patologiabasica\/wp-json\/wp\/v2\/comments?post=809"}],"version-history":[{"count":1,"href":"https:\/\/bio.ufpr.br\/patologiabasica\/wp-json\/wp\/v2\/pages\/809\/revisions"}],"predecessor-version":[{"id":812,"href":"https:\/\/bio.ufpr.br\/patologiabasica\/wp-json\/wp\/v2\/pages\/809\/revisions\/812"}],"up":[{"embeddable":true,"href":"https:\/\/bio.ufpr.br\/patologiabasica\/wp-json\/wp\/v2\/pages\/66"}],"wp:attachment":[{"href":"https:\/\/bio.ufpr.br\/patologiabasica\/wp-json\/wp\/v2\/media?parent=809"}],"curies":[{"name":"wp","href":"https:\/\/api.w.org\/{rel}","templated":true}]}}