{"id":829,"date":"2023-08-14T14:50:10","date_gmt":"2023-08-14T14:50:10","guid":{"rendered":"https:\/\/bio.ufpr.br\/patologiabasica\/?page_id=829"},"modified":"2023-08-14T14:50:10","modified_gmt":"2023-08-14T14:50:10","slug":"laboratorio-de-patologia-redox","status":"publish","type":"page","link":"https:\/\/bio.ufpr.br\/patologiabasica\/laboratorios\/laboratorio-de-patologia-redox\/","title":{"rendered":"Laborat\u00f3rio de Patologia Redox"},"content":{"rendered":"<p>Nosso grupo est\u00e1 interessado em entender mecanismos redox que ocorrem em doen\u00e7as, principalmente as cr\u00f4nicas n\u00e3o transmiss\u00edveis. Atualmente, estudamos os processos de migra\u00e7\u00e3o e prolifera\u00e7\u00e3o celular induzidos por uma tiol prote\u00edna (QSOX1) nas doen\u00e7as cardiovasculares e no microambiente tumoral. Estamos tamb\u00e9m padronizando um m\u00e9todo para encontrar na biodiversidade brasileira moduladores da Nrf2, um fator de transcri\u00e7\u00e3o que controla o sistema antioxidante\/destoxificante celular. Empregamos t\u00e9cnicas bioqu\u00edmicas, histol\u00f3gicas, de biologia celular e molecular para buscarmos tais respostas.<\/p>\n<p>Nosso laborat\u00f3rio \u00e9 compartilhado com os laborat\u00f3rios de Neurobiologia e Imunologia Comparada.<\/p>\n<p>Para maiores informa\u00e7\u00f5es, clique <a href=\"https:\/\/labredox.ufpr.br\/\">aqui<\/a><\/p>\n<p>&nbsp;<\/p>\n<p>Respons\u00e1vel<\/p>\n<p>Profa. Dra. Lia S. Nakao (<a href=\"mailto:lia.nakao@ufpr.br\">lia.nakao@ufpr.br<\/a>)<br \/>\nsala 153, lab 149<\/p>\n","protected":false},"excerpt":{"rendered":"<p>Nosso grupo est\u00e1 interessado em entender mecanismos redox que ocorrem em doen\u00e7as, principalmente as cr\u00f4nicas n\u00e3o transmiss\u00edveis. Atualmente, estudamos os processos de migra\u00e7\u00e3o e prolifera\u00e7\u00e3o [&hellip;]<\/p>\n","protected":false},"author":2088,"featured_media":0,"parent":66,"menu_order":9,"comment_status":"closed","ping_status":"closed","template":"","meta":{"_acf_changed":false,"_monsterinsights_skip_tracking":false,"_monsterinsights_sitenote_active":false,"_monsterinsights_sitenote_note":"","_monsterinsights_sitenote_category":0,"footnotes":""},"class_list":["post-829","page","type-page","status-publish","hentry"],"acf":[],"_links":{"self":[{"href":"https:\/\/bio.ufpr.br\/patologiabasica\/wp-json\/wp\/v2\/pages\/829","targetHints":{"allow":["GET"]}}],"collection":[{"href":"https:\/\/bio.ufpr.br\/patologiabasica\/wp-json\/wp\/v2\/pages"}],"about":[{"href":"https:\/\/bio.ufpr.br\/patologiabasica\/wp-json\/wp\/v2\/types\/page"}],"author":[{"embeddable":true,"href":"https:\/\/bio.ufpr.br\/patologiabasica\/wp-json\/wp\/v2\/users\/2088"}],"replies":[{"embeddable":true,"href":"https:\/\/bio.ufpr.br\/patologiabasica\/wp-json\/wp\/v2\/comments?post=829"}],"version-history":[{"count":1,"href":"https:\/\/bio.ufpr.br\/patologiabasica\/wp-json\/wp\/v2\/pages\/829\/revisions"}],"predecessor-version":[{"id":830,"href":"https:\/\/bio.ufpr.br\/patologiabasica\/wp-json\/wp\/v2\/pages\/829\/revisions\/830"}],"up":[{"embeddable":true,"href":"https:\/\/bio.ufpr.br\/patologiabasica\/wp-json\/wp\/v2\/pages\/66"}],"wp:attachment":[{"href":"https:\/\/bio.ufpr.br\/patologiabasica\/wp-json\/wp\/v2\/media?parent=829"}],"curies":[{"name":"wp","href":"https:\/\/api.w.org\/{rel}","templated":true}]}}