{"id":852,"date":"2025-04-01T18:41:35","date_gmt":"2025-04-01T18:41:35","guid":{"rendered":"https:\/\/bio.ufpr.br\/patologiabasica\/?page_id=852"},"modified":"2025-04-01T18:48:31","modified_gmt":"2025-04-01T18:48:31","slug":"documentos","status":"publish","type":"page","link":"https:\/\/bio.ufpr.br\/patologiabasica\/documentos\/","title":{"rendered":"Documentos"},"content":{"rendered":"<p><a href=\"https:\/\/bio.ufpr.br\/patologiabasica\/wp-content\/uploads\/sites\/41\/2017\/09\/PLANEJAMENTO-Departamento-de-Patologia-B\u00e1sica.pdf\">Planejamento Estrat\u00e9gico do Departamento de Patologia B\u00e1sica\u00a02017-2018<\/a><\/p>\n<p><a href=\"https:\/\/bio.ufpr.br\/patologiabasica\/wp-content\/uploads\/sites\/41\/2020\/06\/Planejamento-Estrate\u0301gico-do-DPAT-2020-2022.pdf\">Planejamento Estrate\u0301gico do Departamento de Patologia B\u00e1sica 2020-2022<\/a><\/p>\n<p><a href=\"https:\/\/bio.ufpr.br\/patologiabasica\/wp-content\/uploads\/sites\/41\/2023\/04\/Planejamento-Estrat\u00e9gico-do-DPAT-2023-2025_FINAL.pdf\">Planejamento Estrat\u00e9gico do Departamento de Patologia B\u00e1sica 2023-2025<\/a><\/p>\n","protected":false},"excerpt":{"rendered":"<p>Planejamento Estrat\u00e9gico do Departamento de Patologia B\u00e1sica\u00a02017-2018 Planejamento Estrate\u0301gico do Departamento de Patologia B\u00e1sica 2020-2022 Planejamento Estrat\u00e9gico do Departamento de Patologia B\u00e1sica 2023-2025<\/p>\n","protected":false},"author":2125,"featured_media":0,"parent":0,"menu_order":0,"comment_status":"closed","ping_status":"closed","template":"","meta":{"_acf_changed":false,"_monsterinsights_skip_tracking":false,"_monsterinsights_sitenote_active":false,"_monsterinsights_sitenote_note":"","_monsterinsights_sitenote_category":0,"footnotes":""},"class_list":["post-852","page","type-page","status-publish","hentry"],"acf":[],"_links":{"self":[{"href":"https:\/\/bio.ufpr.br\/patologiabasica\/wp-json\/wp\/v2\/pages\/852","targetHints":{"allow":["GET"]}}],"collection":[{"href":"https:\/\/bio.ufpr.br\/patologiabasica\/wp-json\/wp\/v2\/pages"}],"about":[{"href":"https:\/\/bio.ufpr.br\/patologiabasica\/wp-json\/wp\/v2\/types\/page"}],"author":[{"embeddable":true,"href":"https:\/\/bio.ufpr.br\/patologiabasica\/wp-json\/wp\/v2\/users\/2125"}],"replies":[{"embeddable":true,"href":"https:\/\/bio.ufpr.br\/patologiabasica\/wp-json\/wp\/v2\/comments?post=852"}],"version-history":[{"count":4,"href":"https:\/\/bio.ufpr.br\/patologiabasica\/wp-json\/wp\/v2\/pages\/852\/revisions"}],"predecessor-version":[{"id":999,"href":"https:\/\/bio.ufpr.br\/patologiabasica\/wp-json\/wp\/v2\/pages\/852\/revisions\/999"}],"wp:attachment":[{"href":"https:\/\/bio.ufpr.br\/patologiabasica\/wp-json\/wp\/v2\/media?parent=852"}],"curies":[{"name":"wp","href":"https:\/\/api.w.org\/{rel}","templated":true}]}}