{"id":859,"date":"2025-10-21T09:10:22","date_gmt":"2025-10-21T09:10:22","guid":{"rendered":"https:\/\/bio.ufpr.br\/patologiabasica\/?page_id=859"},"modified":"2025-10-21T12:09:34","modified_gmt":"2025-10-21T12:09:34","slug":"ensino","status":"publish","type":"page","link":"https:\/\/bio.ufpr.br\/patologiabasica\/ensino\/","title":{"rendered":"Ensino"},"content":{"rendered":"<p>O Departamento de Patologia B\u00e1sica oferta aos diferentes cursos de gradua\u00e7\u00e3o as seguintes Disciplinas obrigat\u00f3rias ou optativas. Para saber mais sobre a proposta de cada uma delas, basta escrever para dpat@ufpr.br.<\/p>\n<p>&nbsp;<\/p>\n<p><strong>Agronomia<\/strong><\/p>\n<p>BP061 \u2013 Biologia de Insetos<strong>\u00a0<\/strong><\/p>\n<p>BP062 \u2013 Insetos Comest\u00edveis<\/p>\n<p>BP063 \u2013 Pragas de Plantas Cultivadas<\/p>\n<p>&nbsp;<\/p>\n<p><strong>Biomedicina<\/strong><\/p>\n<p>BP042 \u2013\u00a0Reda\u00e7\u00e3o de Projetos Cient\u00edficos<\/p>\n<p>BP046 \u2013 Bacteriologia<\/p>\n<p>BP049 \u2013 Oncologia Molecular<\/p>\n<p>BP213 \u2013 Microbiologia<\/p>\n<p>BP214 \u2013 Parasitologia<\/p>\n<p>BP215 \u2013 Imunologia<\/p>\n<p>BP216 \u2013 Patologia Molecular Humana<\/p>\n<p>BP220 \u2013\u00a0Rela\u00e7\u00f5es Pat\u00f3geno-hospedeiro: Abordagem Integrativa Para Diagn\u00f3stico<\/p>\n<p>BP217 \u2013 Hematologia Aplicada \u00e0 Biomedicina<\/p>\n<p>BP219 \u2013 Reda\u00e7\u00e3o de Projetos Cient\u00edficos<\/p>\n<p>BP221 \u2013 Metodologia do Ensino em Sa\u00fade I<\/p>\n<p>BP222 \u2013 Metodologia do Ensino em Sa\u00fade II<\/p>\n<p>BP223 \u2013 A\u00e7\u00f5es Extensionistas em Sa\u00fade Humana<\/p>\n<p>&nbsp;<\/p>\n<p><strong>Ci\u00eancias Biol\u00f3gicas<\/strong><\/p>\n<p>BP105 \u2013 Microbiologia<\/p>\n<p>BP057 \u2013 Microbiologia Ambiental<\/p>\n<p><a href=\"https:\/\/bio.ufpr.br\/patologiabasica\/wp-content\/uploads\/sites\/41\/2025\/10\/CRONOGRAMA_NOTURNO-BP104_2025_2-.pdf\" target=\"_blank\" rel=\"noopener\">BP104 \u2013 Parasitologia Aplicada \u00e0 Biologia<\/a><\/p>\n<p>BP099 \u2013 Hematologia Aplicada \u00e0 Biologia<\/p>\n<p>BP100 \u2013 Imunologia Avan\u00e7ada<\/p>\n<p>BP328 \u2013 Imunologia<\/p>\n<p>BP101 \u2013 Doen\u00e7as Tropicais Negligenciadas<\/p>\n<p>BP102 \u2013 Entomologia M\u00e9dica<\/p>\n<p>BP330 \u2013 Parasitologia<\/p>\n<p>BP326 \u2013 Imunobiologia e as Bases Mecan\u00edsticas da Imunidade<\/p>\n<p>&nbsp;<\/p>\n<p><strong>Enfermagem<\/strong><\/p>\n<p>BP020 \u2013 Imunologia<\/p>\n<p>BP041 \u2013 Microbiologia Aplicada \u00e0 Enfermagem<\/p>\n<p>BP066 \u2013 Parasitologia Humana<\/p>\n<p>&nbsp;<\/p>\n<p><strong>Engenharia Florestal<\/strong><\/p>\n<p>BP056 \u2013 Microbiologia Ambiental<\/p>\n<p>BP241 \u2013 Introdu\u00e7\u00e3o \u00e0 Pesquisa em Controle Microbiano de Pragas<\/p>\n<p>&nbsp;<\/p>\n<p><strong>Engenharia de Bioprocessos e Biotecnologia<\/strong><\/p>\n<p>BP001 \u2013 Microbiologia Geral<\/p>\n<p>BP027 \u2013 Parasitologia Molecular<\/p>\n<p>BP028 \u2013 Vacinologia<\/p>\n<p>BP031 \u2013 Imunologia Aplicada \u00e0 Biotecnologia<\/p>\n<p>&nbsp;<\/p>\n<p><strong>Farm\u00e1cia<\/strong><\/p>\n<p>BP228 \u2013 Microbiologia Aplicada \u00e0 Farm\u00e1cia<\/p>\n<p>BP229 \u2013 Parasitologia Aplicada \u00e0 Farm\u00e1cia<\/p>\n<p>BP230 \u2013 Imunologia Aplicada \u00e0 Farm\u00e1cia<\/p>\n<p>BP240 \u2013Patologia Aplicada \u00e0 Farm\u00e1cia<\/p>\n<p>&nbsp;<\/p>\n<p><strong>Fisioterapia<\/strong><\/p>\n<p>BP085 \u2013 Oficinas de Trabalhos Acad\u00eamicos<\/p>\n<p>BP086 \u2013 Patologia aplicada \u00e0 Fisioterapia<\/p>\n<p>&nbsp;<\/p>\n<p><strong>Medicina<\/strong><\/p>\n<p>BP079 \u2013 Patologia M\u00e9dica Molecular<\/p>\n<p>BP080 \u2013 Parasitologia Humana<\/p>\n<p>BP081 \u2013 Imunologia M\u00e9dica<\/p>\n<p>BP090 \u2013 Microbiologia M\u00e9dica<\/p>\n<p>&nbsp;<\/p>\n<p><strong>Medicina Veterin\u00e1ria<\/strong><\/p>\n<p>BP069 \u2013 Microbiologia Veterin\u00e1ria I<\/p>\n<p>BP073 \u2013 Microbiologia Veterin\u00e1ria II<\/p>\n<p>BP070 \u2013 Parasitologia Veterin\u00e1ria I<\/p>\n<p>BP072 \u2013 Parasitologia Veterin\u00e1ria II<\/p>\n<p>BP071 \u2013 Imunologia<\/p>\n<p>BP074 \u2013 Vacinologia Veterin\u00e1ria<\/p>\n<p>BP075 \u2013 Viv\u00eancia em Microbiologia Veterin\u00e1ria<\/p>\n<p>BP078 \u2013 Viv\u00eancia em Parasitologia Veterin\u00e1ria<\/p>\n<p>&nbsp;<\/p>\n<p><strong>Nutri\u00e7\u00e3o<\/strong><\/p>\n<p>BP082 \u2013 Parasitologia Aplicada \u00e0 Nutri\u00e7\u00e3o<\/p>\n<p>BP083 \u2013 Imunologia e Patologia Geral<\/p>\n<p>BP084 \u2013 Microbiologia de Alimentos<\/p>\n<p>&nbsp;<\/p>\n<p><strong>Odontologia<\/strong><\/p>\n<p>BP012 \u2013 Imunologia<\/p>\n<p>BP234 \u2013 Microbiologia Bucal<\/p>\n<p>BP058 \u2013 Patologia Geral<\/p>\n<p>BP231 \u2013 Extens\u00e3o Universit\u00e1ria I<\/p>\n<p>BP232 \u2013 Extens\u00e3o Universit\u00e1ria II<\/p>\n<p>BP233 \u2013 M\u00e9todos Moleculares Para Diagn\u00f3stico de Doen\u00e7as Bucais<\/p>\n<p>&nbsp;<\/p>\n<p><strong>Terapia Ocupacional<\/strong><\/p>\n<p>BP076 \u2013 Patologia Geral<\/p>\n<p>&nbsp;<\/p>\n<p><strong>Zootecnia<\/strong><\/p>\n<p>BP097 \u2013 Microbiologia e Imunologia<\/p>\n<p>BP098 \u2013 Parasitologia Zoot\u00e9cnica<\/p>\n<p>&nbsp;<\/p>\n<p>&nbsp;<\/p>\n<p>&nbsp;<\/p>\n","protected":false},"excerpt":{"rendered":"<p>O Departamento de Patologia B\u00e1sica oferta aos diferentes cursos de gradua\u00e7\u00e3o as seguintes Disciplinas obrigat\u00f3rias ou optativas. Para saber mais sobre a proposta de cada [&hellip;]<\/p>\n","protected":false},"author":2125,"featured_media":0,"parent":0,"menu_order":0,"comment_status":"closed","ping_status":"closed","template":"","meta":{"_acf_changed":false,"_monsterinsights_skip_tracking":false,"_monsterinsights_sitenote_active":false,"_monsterinsights_sitenote_note":"","_monsterinsights_sitenote_category":0,"footnotes":""},"class_list":["post-859","page","type-page","status-publish","hentry"],"acf":[],"_links":{"self":[{"href":"https:\/\/bio.ufpr.br\/patologiabasica\/wp-json\/wp\/v2\/pages\/859","targetHints":{"allow":["GET"]}}],"collection":[{"href":"https:\/\/bio.ufpr.br\/patologiabasica\/wp-json\/wp\/v2\/pages"}],"about":[{"href":"https:\/\/bio.ufpr.br\/patologiabasica\/wp-json\/wp\/v2\/types\/page"}],"author":[{"embeddable":true,"href":"https:\/\/bio.ufpr.br\/patologiabasica\/wp-json\/wp\/v2\/users\/2125"}],"replies":[{"embeddable":true,"href":"https:\/\/bio.ufpr.br\/patologiabasica\/wp-json\/wp\/v2\/comments?post=859"}],"version-history":[{"count":6,"href":"https:\/\/bio.ufpr.br\/patologiabasica\/wp-json\/wp\/v2\/pages\/859\/revisions"}],"predecessor-version":[{"id":998,"href":"https:\/\/bio.ufpr.br\/patologiabasica\/wp-json\/wp\/v2\/pages\/859\/revisions\/998"}],"wp:attachment":[{"href":"https:\/\/bio.ufpr.br\/patologiabasica\/wp-json\/wp\/v2\/media?parent=859"}],"curies":[{"name":"wp","href":"https:\/\/api.w.org\/{rel}","templated":true}]}}