{"id":894,"date":"2025-04-01T19:15:53","date_gmt":"2025-04-01T19:15:53","guid":{"rendered":"https:\/\/bio.ufpr.br\/patologiabasica\/?page_id=894"},"modified":"2025-04-17T14:25:51","modified_gmt":"2025-04-17T14:25:51","slug":"editais","status":"publish","type":"page","link":"https:\/\/bio.ufpr.br\/patologiabasica\/editais\/","title":{"rendered":"Editais"},"content":{"rendered":"<h2><a href=\"https:\/\/bio.ufpr.br\/patologiabasica\/teste-seletivo-para-professor-substituto-da-carreira-de-magisterio-superior-areas-de-conhecimento-ciencias-farmaceuticas-patologia-ou-hematologia-departamento-de-patologia-basica\/\">Teste Seletivo para Professor Substituto da Carreira de Magist\u00e9rio Superior \u2013 \u00c1reas de Conhecimento: Ci\u00eancias Farmac\u00eauticas, Patologia ou Hematologia \u2013 Departamento de Patologia B\u00e1sica<\/a><\/h2>\n<p><a href=\"https:\/\/bio.ufpr.br\/patologiabasica\/wp-content\/uploads\/sites\/41\/2025\/04\/SEI_7697628_Edital_6.pdf\">Edital 6- CRIT\u00c9RIOS DE AVALIA\u00c7\u00c3O DO CURR\u00cdCULO DOCUMENTADO<\/a><\/p>\n<p><a href=\"https:\/\/bio.ufpr.br\/patologiabasica\/wp-content\/uploads\/sites\/41\/2025\/04\/SEI_7704021_Edital_7.pdf\">Edital 7 &#8211; RESULTADO FINAL DO TESTE SELETIVO<\/a><\/p>\n","protected":false},"excerpt":{"rendered":"<p>Teste Seletivo para Professor Substituto da Carreira de Magist\u00e9rio Superior \u2013 \u00c1reas de Conhecimento: Ci\u00eancias Farmac\u00eauticas, Patologia ou Hematologia \u2013 Departamento de Patologia B\u00e1sica Edital [&hellip;]<\/p>\n","protected":false},"author":2125,"featured_media":0,"parent":0,"menu_order":0,"comment_status":"closed","ping_status":"closed","template":"","meta":{"_acf_changed":false,"_monsterinsights_skip_tracking":false,"_monsterinsights_sitenote_active":false,"_monsterinsights_sitenote_note":"","_monsterinsights_sitenote_category":0,"footnotes":""},"class_list":["post-894","page","type-page","status-publish","hentry"],"acf":[],"_links":{"self":[{"href":"https:\/\/bio.ufpr.br\/patologiabasica\/wp-json\/wp\/v2\/pages\/894","targetHints":{"allow":["GET"]}}],"collection":[{"href":"https:\/\/bio.ufpr.br\/patologiabasica\/wp-json\/wp\/v2\/pages"}],"about":[{"href":"https:\/\/bio.ufpr.br\/patologiabasica\/wp-json\/wp\/v2\/types\/page"}],"author":[{"embeddable":true,"href":"https:\/\/bio.ufpr.br\/patologiabasica\/wp-json\/wp\/v2\/users\/2125"}],"replies":[{"embeddable":true,"href":"https:\/\/bio.ufpr.br\/patologiabasica\/wp-json\/wp\/v2\/comments?post=894"}],"version-history":[{"count":9,"href":"https:\/\/bio.ufpr.br\/patologiabasica\/wp-json\/wp\/v2\/pages\/894\/revisions"}],"predecessor-version":[{"id":943,"href":"https:\/\/bio.ufpr.br\/patologiabasica\/wp-json\/wp\/v2\/pages\/894\/revisions\/943"}],"wp:attachment":[{"href":"https:\/\/bio.ufpr.br\/patologiabasica\/wp-json\/wp\/v2\/media?parent=894"}],"curies":[{"name":"wp","href":"https:\/\/api.w.org\/{rel}","templated":true}]}}