{"id":17,"date":"2013-11-08T10:44:42","date_gmt":"2013-11-08T10:44:42","guid":{"rendered":"https:\/\/bio.ufpr.br\/pimo\/?page_id=17"},"modified":"2014-04-27T02:02:44","modified_gmt":"2014-04-27T02:02:44","slug":"projetos-vinculados","status":"publish","type":"page","link":"https:\/\/bio.ufpr.br\/pimo\/projetos-vinculados\/","title":{"rendered":"Projetos Vinculados"},"content":{"rendered":"<p align=\"justify\"><span style=\"color: #ff0000\">O Projeto de Extens\u00e3o<\/span><\/p>\n<div id=\"attachment_97\" style=\"width: 310px\" class=\"wp-caption aligncenter\"><a href=\"https:\/\/bio.ufpr.br\/pimo\/wp-content\/uploads\/sites\/11\/2013\/11\/59685_10151212297769145_1501682882_n.jpg\"><img loading=\"lazy\" decoding=\"async\" aria-describedby=\"caption-attachment-97\" class=\"size-medium wp-image-97\" alt=\"Equipe multidisciplinar UFPR\" src=\"https:\/\/bio.ufpr.br\/pimo\/wp-content\/uploads\/sites\/11\/2013\/11\/59685_10151212297769145_1501682882_n-300x225.jpg\" width=\"300\" height=\"225\" srcset=\"https:\/\/bio.ufpr.br\/pimo\/wp-content\/uploads\/sites\/11\/2013\/11\/59685_10151212297769145_1501682882_n-300x225.jpg 300w, https:\/\/bio.ufpr.br\/pimo\/wp-content\/uploads\/sites\/11\/2013\/11\/59685_10151212297769145_1501682882_n-145x108.jpg 145w, https:\/\/bio.ufpr.br\/pimo\/wp-content\/uploads\/sites\/11\/2013\/11\/59685_10151212297769145_1501682882_n.jpg 960w\" sizes=\"auto, (max-width: 300px) 100vw, 300px\" \/><\/a><p id=\"caption-attachment-97\" class=\"wp-caption-text\">Equipe multidisciplinar UFPR<\/p><\/div>\n<p>&nbsp;<\/p>\n<div id=\"attachment_101\" style=\"width: 310px\" class=\"wp-caption aligncenter\"><a href=\"https:\/\/bio.ufpr.br\/pimo\/wp-content\/uploads\/sites\/11\/2013\/11\/Dia_de_campo-Fazenda-Canguiri.jpg\"><img loading=\"lazy\" decoding=\"async\" aria-describedby=\"caption-attachment-101\" class=\"size-medium wp-image-101\" alt=\"Dia de campo na Fazenda Canguiri\" src=\"https:\/\/bio.ufpr.br\/pimo\/wp-content\/uploads\/sites\/11\/2013\/11\/Dia_de_campo-Fazenda-Canguiri-300x240.jpg\" width=\"300\" height=\"240\" srcset=\"https:\/\/bio.ufpr.br\/pimo\/wp-content\/uploads\/sites\/11\/2013\/11\/Dia_de_campo-Fazenda-Canguiri-300x240.jpg 300w, https:\/\/bio.ufpr.br\/pimo\/wp-content\/uploads\/sites\/11\/2013\/11\/Dia_de_campo-Fazenda-Canguiri-1024x819.jpg 1024w, https:\/\/bio.ufpr.br\/pimo\/wp-content\/uploads\/sites\/11\/2013\/11\/Dia_de_campo-Fazenda-Canguiri-143x115.jpg 143w, https:\/\/bio.ufpr.br\/pimo\/wp-content\/uploads\/sites\/11\/2013\/11\/Dia_de_campo-Fazenda-Canguiri.jpg 2048w\" sizes=\"auto, (max-width: 300px) 100vw, 300px\" \/><\/a><p id=\"caption-attachment-101\" class=\"wp-caption-text\">Dia de campo na Fazenda Canguiri<\/p><\/div>\n<p align=\"justify\">O projeto de extens\u00e3o<em>\u00a0\u201cColhendo Bons frutos\u201d\u00a0<\/em>\u00e9 um dos cinco projetos de Extens\u00e3o em andamento do Departamento de Patologia B\u00e1sica, do Setor de Ci\u00eancias Biol\u00f3gicas, da Universidade Federal do Paran\u00e1 e cujas a\u00e7\u00f5es fazem parte do Planejamento estrat\u00e9gico da UFPR (<a href=\"http:\/\/patologia.bio.ufpr.br\/arquivos\/extensao.html\">http:\/\/patologia.bio.ufpr.br\/arquivos\/extensao.html<\/a>).<\/p>\n<p align=\"justify\">O p\u00fablico-alvo deste projeto \u00e9 o produtor e sua fam\u00edlia e demais participantes da cadeia produtiva do morangueiro e acad\u00eamicos de Agronomia, Ci\u00eancias Biol\u00f3gicas e Nutri\u00e7\u00e3o. Entende-se que o projeto apresenta relev\u00e2ncia na perspectiva acad\u00eamica e social, pois promover\u00e1 a intera\u00e7\u00e3o dos acad\u00eamicos com a comunidade e setor produtivo.<\/p>\n<p align=\"justify\">&#8220;Colhendo bons frutos&#8221; visa o acompanhamento das \u00e1reas, o treinamento de multiplicadores e a capacita\u00e7\u00e3o de forma continuada de alunos, t\u00e9cnicos, extensionistas e produtores nos princ\u00edpios da produ\u00e7\u00e3o integrada, de acordo com as NTEPI-Morango. Com a realiza\u00e7\u00e3o de eventos de extens\u00e3o e o apoio das institui\u00e7\u00f5es parceiras, espera-se difundir o sistema de produ\u00e7\u00e3o integrada do morangueiro aos demais p\u00f3los do Estado do Estado, de forma a permitir a melhoria da qualidade de vida dos produtores rurais e sua fam\u00edlia.<\/p>\n<p align=\"justify\"><span style=\"color: #ff0000\">O projeto de Pesquisa\u00a0<\/span><br \/>\nO projeto de pesquisa &#8221;\u00a0<em>A difus\u00e3o de conhecimento e a transfer\u00eancia da tecnologia de produ\u00e7\u00e3o integrada gerando valor para o agroneg\u00f3cio do morangueiro no Paran\u00e1<\/em>&#8221; tem como objetivo a implanta\u00e7\u00e3o e valida\u00e7\u00e3o do sistema de produ\u00e7\u00e3o integrada no cultivo do morango no Estado do Paran\u00e1. O Grupo T\u00e9cnico de Produ\u00e7\u00e3o Integrada de Morango (GTPI Mo) tem como projetos priorit\u00e1rios cinco \u00e1reas tem\u00e1ticas iniciais: Fitotecnia, Prote\u00e7\u00e3o integrada Entomologia, Prote\u00e7\u00e3o Integrada Fitopatologia, Monitoramento da qualidade ambiental e P\u00f3s-colheita. Para uma gest\u00e3o participativa, o projeto conta com a parceria de pesquisadores da Universidade Federal do Paran\u00e1, t\u00e9cnicos extensionistas Instituto Paranaense de Assist\u00eancia T\u00e9cnica e Extens\u00e3o Rural &#8211; EMATER- PR, da Federa\u00e7\u00e3o da Agricultura do Estado do Paran\u00e1 &#8211; FAEP, da Prefeitura Municipal de Curitiba, Secretaria de Abastecimento, representantes da Associa\u00e7\u00e3o dos Produtores de morango e da Prefeitura Municipal de S\u00e3o Jos\u00e9 dos Pinhais.<br \/>\nEm desenvolvimento. Foi apoiado e financiado pelo CNPq atrav\u00e9s do conv\u00eanio com o MAPA a partir de novembro de 2009, j\u00e1 a partir do primeiro ano, fomentou-se a implanta\u00e7\u00e3o do caderno de campo e de p\u00f3s-colheita para o registro manual dos dados sobre o manejo do fruto desde a fase de campo at\u00e9 a expedi\u00e7\u00e3o, em unidades de produ\u00e7\u00e3o da Regi\u00e3o metropolitana.<\/p>\n<div id=\"attachment_103\" style=\"width: 310px\" class=\"wp-caption alignleft\"><a href=\"https:\/\/bio.ufpr.br\/pimo\/wp-content\/uploads\/sites\/11\/2013\/11\/971556_486407161433288_1469015607_n.jpg\"><img loading=\"lazy\" decoding=\"async\" aria-describedby=\"caption-attachment-103\" class=\"size-medium wp-image-103\" alt=\"Pesquisas\" src=\"https:\/\/bio.ufpr.br\/pimo\/wp-content\/uploads\/sites\/11\/2013\/11\/971556_486407161433288_1469015607_n-300x239.jpg\" width=\"300\" height=\"239\" srcset=\"https:\/\/bio.ufpr.br\/pimo\/wp-content\/uploads\/sites\/11\/2013\/11\/971556_486407161433288_1469015607_n-300x239.jpg 300w, https:\/\/bio.ufpr.br\/pimo\/wp-content\/uploads\/sites\/11\/2013\/11\/971556_486407161433288_1469015607_n-145x115.jpg 145w, https:\/\/bio.ufpr.br\/pimo\/wp-content\/uploads\/sites\/11\/2013\/11\/971556_486407161433288_1469015607_n.jpg 638w\" sizes=\"auto, (max-width: 300px) 100vw, 300px\" \/><\/a><p id=\"caption-attachment-103\" class=\"wp-caption-text\">Pesquisas<\/p><\/div>\n<p align=\"justify\">\n","protected":false},"excerpt":{"rendered":"<p>O Projeto de Extens\u00e3o &nbsp; O projeto de extens\u00e3o\u00a0\u201cColhendo Bons frutos\u201d\u00a0\u00e9 um dos cinco projetos de Extens\u00e3o em andamento do Departamento de Patologia B\u00e1sica, do Setor de Ci\u00eancias Biol\u00f3gicas, da Universidade Federal do Paran\u00e1 e cujas a\u00e7\u00f5es fazem parte do Planejamento estrat\u00e9gico da UFPR (http:\/\/patologia.bio.ufpr.br\/arquivos\/extensao.html). O p\u00fablico-alvo deste projeto \u00e9 o produtor e sua fam\u00edlia [&hellip;]<\/p>\n","protected":false},"author":1,"featured_media":97,"parent":0,"menu_order":0,"comment_status":"open","ping_status":"open","template":"","meta":{"_acf_changed":false,"_monsterinsights_skip_tracking":false,"_monsterinsights_sitenote_active":false,"_monsterinsights_sitenote_note":"","_monsterinsights_sitenote_category":0,"footnotes":""},"class_list":["post-17","page","type-page","status-publish","has-post-thumbnail","hentry"],"acf":[],"_links":{"self":[{"href":"https:\/\/bio.ufpr.br\/pimo\/wp-json\/wp\/v2\/pages\/17","targetHints":{"allow":["GET"]}}],"collection":[{"href":"https:\/\/bio.ufpr.br\/pimo\/wp-json\/wp\/v2\/pages"}],"about":[{"href":"https:\/\/bio.ufpr.br\/pimo\/wp-json\/wp\/v2\/types\/page"}],"author":[{"embeddable":true,"href":"https:\/\/bio.ufpr.br\/pimo\/wp-json\/wp\/v2\/users\/1"}],"replies":[{"embeddable":true,"href":"https:\/\/bio.ufpr.br\/pimo\/wp-json\/wp\/v2\/comments?post=17"}],"version-history":[{"count":6,"href":"https:\/\/bio.ufpr.br\/pimo\/wp-json\/wp\/v2\/pages\/17\/revisions"}],"predecessor-version":[{"id":104,"href":"https:\/\/bio.ufpr.br\/pimo\/wp-json\/wp\/v2\/pages\/17\/revisions\/104"}],"wp:featuredmedia":[{"embeddable":true,"href":"https:\/\/bio.ufpr.br\/pimo\/wp-json\/wp\/v2\/media\/97"}],"wp:attachment":[{"href":"https:\/\/bio.ufpr.br\/pimo\/wp-json\/wp\/v2\/media?parent=17"}],"curies":[{"name":"wp","href":"https:\/\/api.w.org\/{rel}","templated":true}]}}