{"id":411,"date":"2014-08-08T12:56:19","date_gmt":"2014-08-08T12:56:19","guid":{"rendered":"https:\/\/bio.ufpr.br\/pimo\/?page_id=411"},"modified":"2014-08-08T12:56:19","modified_gmt":"2014-08-08T12:56:19","slug":"resumos-cientificos-publicados","status":"publish","type":"page","link":"https:\/\/bio.ufpr.br\/pimo\/resumos-cientificos-publicados\/","title":{"rendered":"Resumos cientificos publicados"},"content":{"rendered":"<p style=\"text-align: center\"><b>2013<\/b><\/p>\n<p>AMATUZZI, R. F. ;\u00a0<b>ZAWADNEAK, M.A.C.<\/b>\u00a0; Dalzoto, Patricia R. ; GONCALVES, R. B.;\u00a0<a title=\"Clique para visualizar o curr\u00edculo\" href=\"http:\/\/lattes.cnpq.br\/3441189891639576\" target=\"_blank\">PIMENTEL, I. C.<\/a>\u00a0. Sele\u00e7\u00e3o de fungos endof\u00edticos do morangueiro como agentes de controle biol\u00f3gico de Duponchelia fovealis Zeller (Lepidoptera: Crambidae). In: SIMP\u00d3SIO CONTROLE BIOL\u00d3GICO (SINCOBIOL), 2013, Bonito, MS. SIMP\u00d3SIO CONTROLE BIOL\u00d3GICO (SINCOBIOL), 2013.<\/p>\n<p>MACHULEK,C.; GONCALVES, R. B.; FURUE, J. L. ; VIDAL, H.R.; SANTOS, B.;\u00a0<b>ZAWADNEAK, M.A.C.<\/b>\u00a0. POTENCIAL DE Bacillus thuringienses NO CONTROLE BIOL\u00d3GICO DE Duponchelia fovealis. In: SIMP\u00d3SIO CONTROLE BIOL\u00d3GICO (SINCOBIOL), 2013, Bonito, MS. SIMP\u00d3SIO CONTROLE BIOL\u00d3GICO (SINCOBIOL), 2013.<\/p>\n<p>BISCHOFF, A.M. ; BORBA, A. M. ; GONCALVES, R. B.; MEXIKO, A. R. ; BRENNER, E. A. ; SANTOS, B. ;\u00a0<b>ZAWADNEAK, M.A.C.<\/b>\u00a0. Observa\u00e7\u00f5es preliminares do predador Oplomus catena (Heteroptera: Pentatomidae) sobre Duponchelia fovealis (Lepidoptera: Crambidae). In: 13\u00ba SICONBIOL, 2013, Bonito, MS. SIMP\u00d3SIO CONTROLE BIOL\u00d3GICO (SINCOBIOL). Bonito: Sociedade Entomol\u00f3gica do Brasil, 2013.<\/p>\n<p>BORBA, A. M. ; LEITE, M. S. P. ; ADAO, W. ; DOBROVOLSKI, S. ; BISCHOFF, A.M. ;\u00a0<b>ZAWADNEAK, M.A.C.<\/b>\u00a0. Avalia\u00e7\u00e3o de fungos entomopatog\u00eanicos no controle de Alphitobius diaperinus. In: 13\u00ba SICONBIOL, 2013, Bonito, MS. SIMP\u00d3SIO CONTROLE BIOL\u00d3GICO (SINCOBIOL). Bonito: Sociedade Entomol\u00f3gica do Brasil, 2013.<\/p>\n<p>BENATTO, A.; BLENSKI, V. ; MEXIKO, A. R. ; CARVALHO, S. A. ; CARDOSO, N\u00e9rio Aparecido ;\u00a0<b>ZAWADNEAK, M.A.C.<\/b>\u00a0; MOGOR, \u00c1. F.. Levantamento qualitativo de fam\u00edlias de \u00e1caros predadores em \u00e1reas de morangueiro org\u00e2nico, Pinhais-PR. In: 13\u00ba SICONBIOL, 2013, Bonito, MS. SIMP\u00d3SIO CONTROLE BIOL\u00d3GICO (SINCOBIOL). Bonito: Sociedade Entomol\u00f3gica do Brasil, 2013.<\/p>\n<p>DOBROVOLSKI, S. ; BRENNER, E. A. ; WISTUBA, N. ; BISCHOFF, A.M. ; BORBA, A. M. ;\u00a0<b>ZAWADNEAK, M.A.C.<\/b>\u00a0. Registro da ocorr\u00eancia do predador Hyaliodocoris insignis (Stal) (Heteroptera: Miridae) em morangueiro. In: 13\u00ba SICONBIOL, 2013, Bonito, MS. SIMP\u00d3SIO CONTROLE BIOL\u00d3GICO (SINCOBIOL). Bonito: Sociedade Entomol\u00f3gica do Brasil, 2013.<\/p>\n<p>AYDUKI, F. C. ; ROSWALKA, L. C. ;\u00a0<b>ZAWADNEAK, M.A.C.<\/b>\u00a0; CUQUEL, F. L. . Bacillus subtilis e Trichoderma harzianum no controle de pat\u00f3genos do morangueiro. In: 13\u00ba SICONBIOL, 2013, Bonito, MS. SIMP\u00d3SIO CONTROLE BIOL\u00d3GICO (SINCOBIOL). Bonito: Sociedade Entomol\u00f3gica do Brasil, 2013.<\/p>\n<p>BENATTO, A.; MEXIKO, A. R. ; BORGES, G. ; ARA\u00daJO, E.S.; CARDOSO, N\u00e9rio Aparecido ; KUHN, T. M.; MOGOR, \u00c1. F.;\u00a0<b>ZAWADNEAK, M.A.C.<\/b>\u00a0. M\u00c9TODOS DE AMOSTRAGEM PARA ORGANISMOS BEN\u00c9FICOS ASSOCIADOS A MORANGUEIRO ORG\u00c2NICO NA REGI\u00c3O METROPOLITANA DE CURITIBA, PR. In: 13\u00ba SICONBIOL, 2013, Bonito, MS. SIMP\u00d3SIO CONTROLE BIOL\u00d3GICO (SINCOBIOL). Bonito: Sociedade Entomol\u00f3gica do Brasil, 2013.<\/p>\n<p>HARTMANN NETO, G. W. ; GONCALVES, R. B.; DOBROVOLSKI, S. ; VIDAL, H.R.; SANTOS, B.;\u00a0<b>ZAWADNEAK, MAC<\/b>\u00a0. Efeito inseticida de produtos alternativos no controle da lagarta-da-coroa. In: 13\u00ba SICONBIOL, 2013, Bonito, MS. SIMP\u00d3SIO CONTROLE BIOL\u00d3GICO (SINCOBIOL). Bonito: Sociedade Entomol\u00f3gica do Brasil, 2013.<\/p>\n<p><b>\u00a0<\/b>KLEMBA, M. D. ; BIEDA, R. ; BENATTO, A.; LEITE, M. S. P. ;\u00a0<a title=\"Clique para visualizar o curr\u00edculo\" href=\"http:\/\/lattes.cnpq.br\/3441189891639576\" target=\"_blank\">PIMENTEL, I. C.<\/a>\u00a0; DOBROVOLSKI, S.;\u00a0<b>ZAWADNEAK, M.A.C.<\/b>\u00a0. BIOINSETICIDAS NO CONTROLE DO PULG\u00c3O-VERDE-DO MORANGUEIRO. In: 13\u00ba SICONBIOL, 2013, Bonito, MS. SIMP\u00d3SIO CONTROLE BIOL\u00d3GICO (SINCOBIOL). Bonito: Sociedade Entomol\u00f3gica do Brasil, 2013.<\/p>\n<p>WISTUBA, N. ;\u00a0<b>ZAWADNEAK, M.A.C.<\/b>\u00a0;\u00a0<a title=\"Clique para visualizar o curr\u00edculo\" href=\"http:\/\/lattes.cnpq.br\/4792158773540758\" target=\"_blank\">DALZOTO, P. R.<\/a>\u00a0; PORSANI, M. ; Benatto, Alessandra; LEITE, M. S. P. ;\u00a0<a title=\"Clique para visualizar o curr\u00edculo\" href=\"http:\/\/lattes.cnpq.br\/3441189891639576\" target=\"_blank\">PIMENTEL, I. C.<\/a>\u00a0; DOBROVOLSKI, S. . Isolados de Beauveria bassiana no controle de Aphis forbesi em morangueiro. In: 13\u00ba SICONBIOL, 2013, Bonito, MS. SIMP\u00d3SIO CONTROLE BIOL\u00d3GICO (SINCOBIOL). Bonito: Sociedade Entomol\u00f3gica do Brasil, 2013.<\/p>\n<p>GONCALVES, R. B.; BISCHOFF, A.M. ; BORBA, A. M. ; MEXIKO, A. R. ;\u00a0<b>ZAWADNEAK, M.A.C.<\/b>\u00a0. Parasitismo de duas esp\u00e9cies de Trichogramma (Hymenoptera: Trichogrammatidae) em ovos de Duponchelia fovealis Zeller (Lepidoptera:Crambidae). In: 13\u00ba SICONBIOL, 2013, Bonito, MS. SIMP\u00d3SIO CONTROLE BIOL\u00d3GICO (SINCOBIOL). Bonito: Sociedade Entomol\u00f3gica do Brasil, 2013.<\/p>\n<p>DOBROVOLSKI, S. ; LEITE, M. S. P. ;\u00a0<a title=\"Clique para visualizar o curr\u00edculo\" href=\"http:\/\/lattes.cnpq.br\/3441189891639576\" target=\"_blank\">PIMENTEL, I. C.<\/a>\u00a0;\u00a0<b>ZAWADNEAK, MAC<\/b>\u00a0; VIDAL, H.R.; SANTOS, B.;\u00a0<a title=\"Clique para visualizar o curr\u00edculo\" href=\"http:\/\/lattes.cnpq.br\/4792158773540758\" target=\"_blank\">DALZOTO, P. R.<\/a>\u00a0. Efici\u00eancia de fungos entomopatog\u00eanicos no controle da lagartada- coroa (Duponchelia fovealis Zeller). In: 13\u00ba SICONBIOL, 2013, Bonito, MS. SIMP\u00d3SIO CONTROLE BIOL\u00d3GICO (SINCOBIOL). Bonito: Sociedade Entomol\u00f3gica do Brasil, 2013.<\/p>\n<p><b>ZAWADNEAK, M.A.C.<\/b>; MACHOZECKI, A. ;\u00a0<a title=\"Clique para visualizar o curr\u00edculo\" href=\"http:\/\/lattes.cnpq.br\/4314175315039835\" target=\"_blank\">SCHUBER, Jos\u00e9lia Maria<\/a>\u00a0;\u00a0<a title=\"Clique para visualizar o curr\u00edculo\" href=\"http:\/\/lattes.cnpq.br\/3441189891639576\" target=\"_blank\">PIMENTEL, I. C.<\/a>\u00a0; CUQUEL, F. L. . ORGANISMOS BEN\u00c9FICOS ASSOCIADOS AO CULTIVO DE ALFACE. In: 13\u00ba SICONBIOL, 2013, Bonito, MS. SIMP\u00d3SIO CONTROLE BIOL\u00d3GICO (SINCOBIOL). Bonito: Sociedade Entomol\u00f3gica do Brasil, 2013.<\/p>\n<p>&nbsp;<\/p>\n<p style=\"text-align: center\"><strong>2012<\/strong><\/p>\n<p>BISCHOFF, A.M. ; GONCALVES, R. B.;\u00a0<b>ZAWADNEAK, M.A.C.<\/b>\u00a0; HARTMAN-NETO, G.W.; Mariana Dalmolin . PRIMEIRO REGISTRO DE PARASITISMO DA LAGARTA-DA-COROA DO MORANGUEIRO, Duponchelia fovealis (LEPIDOPTERA: CRAMBIDAE), POR Apanteles sp. (HYMENOPTERA: BRACONIDAE). In: VI Simp\u00f3sio Nacional do Morango e V Encontro sobre Pequenas Frutas e Frutas Nativas do Mercosul, 2012, Pelotas, RS. VI Simp\u00f3sio Nacional do Morango e V Encontro sobre Pequenas Frutas e Frutas Nativas do Mercosul. Pelotas, RS: Embrapa Clima Temperado, 2012. p. 12-12.<\/p>\n<p>HARTMAN-NETO, G.W.;\u00a0<b>ZAWADNEAK, M.A.C.<\/b>\u00a0; GONCALVES, R. B.; Jordana Dinor\u00e1 de Lima ; BISCHOFF, A.M. . CARACTERIZA\u00c7\u00c3O MORFOL\u00d3GICA DE PUPAS DE Duponchelia fovealis Zeller (LEPIDOPTERA: CRAMBIDAE). In: VI Simp\u00f3sio Nacional do Morango e V Encontro sobre Pequenas Frutas e Frutas Nativas do Mercosul, 2012, Pelotas, RS. VI Simp\u00f3sio Nacional do Morango e V Encontro sobre Pequenas Frutas e Frutas Nativas do Mercosul: Resumos e Palestras. Pelotas, RS: Embrapa Clima Temperado, 2012. p. 44-44.<\/p>\n<p><b>ZAWADNEAK, M.A.C.<\/b>\u00a0; GONCALVES, R. B.; VIDAL, H.R.; BENATTO, A.; HARTMAN-NETO, G.W.. AVALIA\u00c7\u00c3O DA INFESTA\u00c7\u00c3O DE Duponchelia fovealis ZELLER (LEPIDOPTERA: CRAMBIDAE) EM MORANGUEIRO. In: VI Simp\u00f3sio Nacional do Morango e V Encontro sobre Pequenas Frutas e Frutas Nativas do Mercosul: Resumos e Palestras, 2012, Pelotas, RS. VI Simp\u00f3sio Nacional do Morango e V Encontro sobre Pequenas Frutas e Frutas Nativas do Mercosul: Resumos e Palestras. Pelotas, RS: Embrapa Clima Temperado, 2012. p. 63-63.<\/p>\n<p>ANTUNES, M.C. ; AYADUKI, F.C.;\u00a0<b>ZAWADNEAK, M.A.C.<\/b>\u00a0; CUQUEL, F. L. . CARACTER\u00cdSTICAS F\u00cdSICO-QU\u00cdMICAS DE SEIS CULTIVARES DE MORANGO PRODUZIDOS EM SISTEMA DE PRODU\u00c7\u00c3O INTEGRADA NA REGI\u00c3O METROPOLITANA DE CURITIBA. In: VI Simp\u00f3sio Nacional do Morango e V Encontro sobre Pequenas Frutas e Frutas Nativas do Mercosul, 2012, Pelotas, RS. VI Simp\u00f3sio Nacional do Morango e V Encontro sobre Pequenas Frutas e Frutas Nativas do Mercosul: Resumos e Palestras. Pelotas, RS: Embrapa Clima Temperado, 2012. p. 36-36.<\/p>\n<p>BENATTO, A.; KUHN, T. M. ;\u00a0<b>ZAWADNEAK, M.A.C.<\/b>\u00a0; ARA\u00daJO, E.S.; VIDAL, H.R.. MONITORAMENTO DE Neopamera bilobata (SAY, 1831) EM MORANGUEIRO NA REGI\u00c3O METROPOLITANA DE CURITIBA &#8211; PR. In: VI Simp\u00f3sio Nacional do Morango e V Encontro sobre Pequenas Frutas e Frutas Nativas do Mercosul, 2012, Pelotas, RS. VI Simp\u00f3sio Nacional do Morango e V Encontro sobre Pequenas Frutas e Frutas Nativas do Mercosul: Resumos e Palestras. Pelotas, RS: Embrapa Clima Temperado, 2012. p. 69-69.<\/p>\n<p>ARA\u00daJO, E.S.;\u00a0<b>ZAWADNEAK, M.A.C.<\/b>\u00a0; BENATTO, A.; KUHN, T. M. ; MOGOR, \u00c1. F.. CHAVE ILUSTRADA DE IDENTIFICA\u00c7\u00c3O DE AF\u00cdDEOS ASSOCIADAS AO MORANGUEIRO NA REGI\u00c3O METROPOLITANA DE CURITIBA PR. In: VI Simp\u00f3sio Nacional do Morango e V Encontro sobre Pequenas Frutas e Frutas Nativas do Mercosul, 2012, Pelotas, RS. VI Simp\u00f3sio Nacional do Morango e V Encontro sobre Pequenas Frutas e Frutas Nativas do Mercosul: Resumos e Palestras. Pelotas, RS: Embrapa Clima Temperado, 2012. p. 31-31.<\/p>\n<p>BENATTO, A.;\u00a0<b>ZAWADNEAK, M.A.C.<\/b>\u00a0; ARA\u00daJO, E.S.; KUHN, T. M. ; MOGOR, \u00c1. F.. MONITORAMENTO DE ARTR\u00d3PODES E MOLUSCOS ASSOCIADOS AO MORANGUEIRO E SEUS INIMIGOS NATURAIS VISANDO A IMPLANTA\u00c7\u00c3O DO MANEJO DE PRAGAS EM SISTEMAS DE PRODU\u00c7\u00c3O INTEGRADA. In: VI Simp\u00f3sio Nacional do Morango e V Encontro sobre Pequenas Frutas e Frutas Nativas do Mercosul, 2012, Pelotas, RS. VI Simp\u00f3sio Nacional do Morango e V Encontro sobre Pequenas Frutas e Frutas Nativas do Mercosul. Pelotas, RS: Embrapa Clima Temperado, 2012. p. 13-13.<\/p>\n<p>LEMISKA, A. ; PAULETTI, V. ; CUQUEL, F. L. ;\u00a0<b>ZAWADNEAK, M.A.C.<\/b>\u00a0. EFEITO DO BORO NA QUALIDADE DO FRUTO DO MORANGUEIRO. In: VI Simp\u00f3sio Nacional do Morango e V Encontro sobre Pequenas Frutas e Frutas Nativas do Mercosul, 2012, Pelotas, RS. VI Simp\u00f3sio Nacional do Morango e V Encontro sobre Pequenas Frutas e Frutas Nativas do Mercosul: Resumos e Palestras. Pelotas, RS: Embrapa Clima Temperado, 2012. p. 18-18.<\/p>\n<p>KWIATKOWSKI, C. ; GONCALVES, R. B.;\u00a0<b>ZAWADNEAK, M.A.C.<\/b>\u00a0; HARTMAN-NETO, G.W.; MACHULEK,C.. CARACTERIZA\u00c7\u00c3O MORFOL\u00d3GICA DOS \u00d3RG\u00c3OS INTERNOS DE REPRODU\u00c7\u00c3O PARA AUXILIAR NA IDENTIFICA\u00c7AO DA NOVA PRAGA DO MORANGUEIRO &#8211; DUPONCHELIA FOVEALIS. In: VI Simp\u00f3sio Nacional do Morango e V Encontro sobre Pequenas Frutas e Frutas Nativas do Mercosul, 2012, Pelotas, RS. VI Simp\u00f3sio Nacional do Morango e V Encontro sobre Pequenas Frutas e Frutas Nativas do Mercosul: Resumos e Palestras. Pelotas, RS: Embrapa Clima Temperado, 2012. p. 22-22.<\/p>\n<p>ALMEIDA, E. DE; GIOWANELLA, M.; PIMENTEL, I.C. ; DALZOTO, P. R. ;\u00a0<b>ZAWADNEAK, M.A.C.<\/b>\u00a0. MONITORAMENTO MICROBIOL\u00d3GICO VISANDO ALIMENTO SEGURO NA PRODU\u00c7\u00c3O INTEGRADA DO MORANGO DO PARAN\u00c1. In: VI Simp\u00f3sio Nacional do Morango e V Encontro sobre Pequenas Frutas e Frutas Nativas do Mercosul, 2012, Pelotas, RS. VI Simp\u00f3sio Nacional do Morango e V Encontro sobre Pequenas Frutas e Frutas Nativas do Mercosul: Resumos e Palestras. Pelotas, RS: Embrapa Clima Temperado, 2012. p. 30-30.<\/p>\n<p>DALAGASSA, J.P.;\u00a0<b>ZAWADNEAK, M.A.C.<\/b>\u00a0; MIO, L. L. M. ; Ruaro, Lucimeris . INCID\u00caNCIA DE DOEN\u00c7AS F\u00daNGICAS EM FRUTOS DE MORANGUEIRO NO MUNIC\u00cdPIO DE S\u00c3O JOS\u00c9 DOS PINHAIS, PARAN\u00c1, BRASIL.. In: VI Simp\u00f3sio Nacional do Morango e V Encontro sobre Pequenas Frutas e Frutas Nativas do Mercosul, 2012, Pelotas, RS. VI Simp\u00f3sio Nacional do Morango e V Encontro sobre Pequenas Frutas e Frutas Nativas do Mercosul. Pelotas, RS: Embrapa Clima Temperado, 2012. p. 46-46.<\/p>\n<p>BENATTO, A.;\u00a0<b>ZAWADNEAK, M.A.C.<\/b>\u00a0; ARA\u00daJO, E.S.; KUHN, T. M. ; MOGOR, \u00c1. F.. Coccinel\u00eddeos associados ao cultivo de morangueiro em Pinhais, PR. In: XXIV Congresso Brasileiro de Entomologia 2012, 2012, Curitiba. XXIV Congresso Brasileiro de Entomologia 2012. Curitiba: Sociedade Entomologica do Brasil SEB, 2012.<\/p>\n<p>GONCALVES, R. B.;\u00a0<b>ZAWADNEAK, M.A.C.<\/b>\u00a0; SANTOS, B. ; Jordana Dinor\u00e1 de Lima ; HARTMAN-NETO, G.W.; ZAWADNEAK, E. ; BISCHOFF, A.M. . Par\u00e2metros biol\u00f3gicos de Duponchelia fovealis Zeller (Lepidoptera: Crambidae) em dieta artificial. In: XXIV Congresso Brasileiro de Entomologia 2012, 2012, Curitiba. XXIV Congresso Brasileiro de Entomologia 2012. Curitiba: Sociedade Entomologica do Brasil, 2012.<\/p>\n<p><b>ZAWADNEAK, M.A.C.<\/b>\u00a0; BISCHOFF, A.M. ; GONCALVES, R. B.; Jordana Dinor\u00e1 de Lima ; HARTMAN-NETO, G.W.; ZAWADNEAK, E. . Controle biol\u00f3gico natural de Duponchelia fovealis (Lepidoptera: Crambidae) por parasit\u00f3ide Apanteles sp. (Hymenoptera: Braconidae). In: XXIV Congresso Brasileiro de Entomologia 2012, 2012, Curitiba. XXIV Congresso Brasileiro de Entomologia 2012. Curitiba: Sociedade Entomologica do Brasil, 2012.<\/p>\n<p>ARA\u00daJO, E.S.;\u00a0<b>ZAWADNEAK, M.A.C.<\/b>\u00a0; BENATTO, A.; KUHN, T. M. ; ZAWADNEAK, E. ; MOGOR, \u00c1.F. Esp\u00e9cies de formigas associadas aos af\u00eddeos do morangueiro na Regi\u00e3o Metropolitana de Curitiba, PR.. In: XXIV Congresso Brasileiro de Entomologia 2012, 2012, Curitiba. XXIV Congresso Brasileiro de Entomologia 2012. Curitiba: Sociedade Entomologica do Brasil, 2012.<\/p>\n<p>ARA\u00daJO, E.S.;\u00a0<b>ZAWADNEAK, M.A.C.<\/b>\u00a0; BENATTO, A.; KUHN, T. M. ; MOGOR, \u00c1. F.. \u00cdndices faun\u00edsticos de esp\u00e9cies de af\u00eddeos associados ao morangueiro na regi\u00e3o metropolitana de Curitiba, PR.. In: XXIV Congresso Brasileiro de Entomologia 2012, 2012, Curitiba. XXIV Congresso Brasileiro de Entomologia 2012. Curitiba: Sociedade Entomologica do Brasil, 2012.<\/p>\n<p>KUHN, T. M. ; LOECK, A. E. ; Botton, M. ;\u00a0<b>ZAWADNEAK, M.A.C.<\/b>\u00a0; BENATTO, A.; ARA\u00daJO, E.S.; DOLCI,E. Ocorr\u00eancia de Neopamera bilobata (Say, 1831) (Hemiptera: Rhyparochromidae) em morangueiro na regi\u00e3o Sul do Brasil.. In: XXIV Congresso Brasileiro de Entomologia 2012, 2012, Curitiba. XXIV Congresso Brasileiro de Entomologia. Curitiba: Sociedade Entomologica do Brasil, 2012.<\/p>\n<p>KUHN, T. M. ; ARA\u00daJO, E.S.; SILVA, T.P. DA ; MOGOR, \u00c1. F.;\u00a0<b>ZAWADNEAK, M.A.C.<\/b>\u00a0; RESPOSTA VARIETAL A MICOSFERELA EM MANEJO ORG\u00c2NICO COM USO DE EXTRATO DE ALGAS. In: V Simp\u00f3sio do Morango, 2010, Pelotas, RS. V Simp\u00f3sio Nacional do Morango IV Encontro sobre Pequenas Frutas e Frutas nativas do Mercosul. Pelotas: Embrapa Clima temperado, 2010. p. 199-199.<\/p>\n<p>PARCHEN, H.A.; KUHN, T. M. ; MENDES, R. ; DOLCI, E.;\u00a0<b>ZAWADNEAK, M.A.C.<\/b> Compara\u00e7\u00e3o entre tons de armadilhas cromotropicas azuis para captura de tripes na cultura do morangueiro em S\u00e3o Jos\u00e9 dos Pinhais. In: V Simp\u00f3sio do Morango, 2010, Pelotas. V Simp\u00f3sio do Morango. Pelotas: Embrapa Clima Temperado, 2010. p. 169-169.<\/p>\n<p>ARA\u00daJO, E.S.; BENATTO, A.; KUHN, T. M. ; MOGOR, \u00c1. F.;\u00a0<b>ZAWADNEAK, M.A.C.<\/b>\u00a0. Af\u00eddeos associados \u00e0 cultura do morangueiro em sistema org\u00e2nico na regi\u00e3o Metropolitana de Curitiba. In: V Simp\u00f3sio do Morango, 2010, Pelotas. V Simp\u00f3sio do Morango IV Encontro sobre pequenas frutas e frutas nativas do mercosul. Pelotas, RS: Embrapa Clima Temperado, 2010. p. 205-205.<\/p>\n<p>BENATTO, A.;\u00a0<b>ZAWADNEAK, M.A.C.<\/b>\u00a0. AVALIA\u00c7\u00c3O PRELIMINAR DA INFESTA\u00c7\u00c3O DE PRAGAS E SEUS INIMIGOS NATURAIS NA CULTURA DE MORANGO SOB SISTEMA DE PRODU\u00c7\u00c3O ORG\u00c2NICO. In: 18 EVINCI, 2010, Curitiba. 18 EVINCI. Curitiba: Universidade Federal do Paran\u00e1, 2010.<\/p>\n<p>PARCHEN, H. A.;\u00a0<b>ZAWADNEAK, M.A.C.<\/b>\u00a0. IDENTIFICA\u00c7\u00c3O E CARACTERIZA\u00c7\u00c3O DE DANOS DE TRIPES (THYSANOPTERA) NA CULTURA DE MORANGO SOB SISTEMA DE PRODU\u00c7\u00c3O INTEGRADA. In: 18 EVINCI, 2010, Curitiba. 18 EVINCI. Curitiba: UNIVERSIDADE FEDERAL DO PARAN\u00c1, 2010.<\/p>\n<p>PARCHEN, H. A.;\u00a0<b>ZAWADNEAK, M.A.C.<\/b>\u00a0. M\u00c9TODOS DE AMOSTRAGEM E IDENTIFICA\u00c7\u00c3O DE TRIPES (THYSANOPTERA) NA CULTURA DE MORANGO SOB SISTEMA DE PRODU\u00c7\u00c3O ORG\u00c2NICO. In: 17\u00ba Evento de Inicia\u00e7\u00e3o Cient\u00edfica da UFPR, 2009, Curitiba. EVINCI. Curitiba: Universidade Federal do Paran\u00e1, 2009. v. 17. p. 177-177.<\/p>\n","protected":false},"excerpt":{"rendered":"<p>2013 AMATUZZI, R. F. ;\u00a0ZAWADNEAK, M.A.C.\u00a0; Dalzoto, Patricia R. ; GONCALVES, R. B.;\u00a0PIMENTEL, I. C.\u00a0. Sele\u00e7\u00e3o de fungos endof\u00edticos do morangueiro como agentes de controle biol\u00f3gico de Duponchelia fovealis Zeller (Lepidoptera: Crambidae). In: SIMP\u00d3SIO CONTROLE BIOL\u00d3GICO (SINCOBIOL), 2013, Bonito, MS. SIMP\u00d3SIO CONTROLE BIOL\u00d3GICO (SINCOBIOL), 2013. MACHULEK,C.; GONCALVES, R. B.; FURUE, J. L. ; VIDAL, H.R.; [&hellip;]<\/p>\n","protected":false},"author":15,"featured_media":0,"parent":0,"menu_order":0,"comment_status":"open","ping_status":"open","template":"","meta":{"_acf_changed":false,"_monsterinsights_skip_tracking":false,"_monsterinsights_sitenote_active":false,"_monsterinsights_sitenote_note":"","_monsterinsights_sitenote_category":0,"footnotes":""},"class_list":["post-411","page","type-page","status-publish","hentry"],"acf":[],"_links":{"self":[{"href":"https:\/\/bio.ufpr.br\/pimo\/wp-json\/wp\/v2\/pages\/411","targetHints":{"allow":["GET"]}}],"collection":[{"href":"https:\/\/bio.ufpr.br\/pimo\/wp-json\/wp\/v2\/pages"}],"about":[{"href":"https:\/\/bio.ufpr.br\/pimo\/wp-json\/wp\/v2\/types\/page"}],"author":[{"embeddable":true,"href":"https:\/\/bio.ufpr.br\/pimo\/wp-json\/wp\/v2\/users\/15"}],"replies":[{"embeddable":true,"href":"https:\/\/bio.ufpr.br\/pimo\/wp-json\/wp\/v2\/comments?post=411"}],"version-history":[{"count":1,"href":"https:\/\/bio.ufpr.br\/pimo\/wp-json\/wp\/v2\/pages\/411\/revisions"}],"predecessor-version":[{"id":412,"href":"https:\/\/bio.ufpr.br\/pimo\/wp-json\/wp\/v2\/pages\/411\/revisions\/412"}],"wp:attachment":[{"href":"https:\/\/bio.ufpr.br\/pimo\/wp-json\/wp\/v2\/media?parent=411"}],"curies":[{"name":"wp","href":"https:\/\/api.w.org\/{rel}","templated":true}]}}