{"id":1604,"date":"2021-02-01T13:58:30","date_gmt":"2021-02-01T15:58:30","guid":{"rendered":"https:\/\/bio.ufpr.br\/ppggenetica\/?page_id=1604"},"modified":"2022-01-25T11:13:17","modified_gmt":"2022-01-25T14:13:17","slug":"apresentacao","status":"publish","type":"page","link":"https:\/\/bio.ufpr.br\/ppggenetica\/apresentacao\/","title":{"rendered":"Apresenta\u00e7\u00e3o"},"content":{"rendered":"<h4 style=\"text-align: center\"><span style=\"color: #000080\">Formar recursos humanos de qualidade e com forma\u00e7\u00e3o s\u00f3lida em Gen\u00e9tica, priorizando a produ\u00e7\u00e3o discente de conhecimento cient\u00edfico, gerando conhecimento adequado a atender as demandas regionais e nacionais nos setores da sa\u00fade, agroneg\u00f3cios, meio ambiente e biotecnologias, gerando conhecimento cient\u00edfico b\u00e1sico e aplicado, inova\u00e7\u00f5es e tecnologias educacionais<\/span><\/h4>\n<p>&nbsp;<\/p>\n<p><img loading=\"lazy\" decoding=\"async\" class=\"alignnone size-full wp-image-1840\" src=\"https:\/\/bio.ufpr.br\/ppggenetica\/wp-content\/uploads\/sites\/54\/2021\/02\/objetivos.png\" alt=\"objetivos\" width=\"1119\" height=\"76\" srcset=\"https:\/\/bio.ufpr.br\/ppggenetica\/wp-content\/uploads\/sites\/54\/2021\/02\/objetivos.png 1119w, https:\/\/bio.ufpr.br\/ppggenetica\/wp-content\/uploads\/sites\/54\/2021\/02\/objetivos-300x20.png 300w, https:\/\/bio.ufpr.br\/ppggenetica\/wp-content\/uploads\/sites\/54\/2021\/02\/objetivos-768x52.png 768w, https:\/\/bio.ufpr.br\/ppggenetica\/wp-content\/uploads\/sites\/54\/2021\/02\/objetivos-1024x70.png 1024w\" sizes=\"auto, (max-width: 1119px) 100vw, 1119px\" \/><\/p>\n<p>&#8211; Produzir conhecimento cient\u00edfico inovador, visando atender as demandas nacionais por ci\u00eancia e tecnologia, capazes de sustentar o desenvolvimento social e econ\u00f4mico do Pa\u00eds;<\/p>\n<p>&#8211; Formar e qualificar docentes e pesquisadores, capazes de promover o desenvolvimento cient\u00edfico, ocupar postos de trabalho em Universidades e centros educacionais, e protagonizar a nuclea\u00e7\u00e3o de novos centros de pesquisa no \u00e2mbito regional e nacional;<\/p>\n<p>&#8211; Gerar produtos e servi\u00e7os de qualidade \u00e0 comunidade, permitindo a integra\u00e7\u00e3o entre o ambiente acad\u00eamico e seu entorno, gerando ferramentas educacionais especializadas e tecnologias que possam ser transferidas \u00e0 cadeia produtiva e\/ou a servi\u00e7os de sa\u00fade.<\/p>\n<p><img loading=\"lazy\" decoding=\"async\" class=\"alignnone size-full wp-image-1841\" src=\"https:\/\/bio.ufpr.br\/ppggenetica\/wp-content\/uploads\/sites\/54\/2021\/02\/perfil-egressos.png\" alt=\"perfil-egressos\" width=\"1119\" height=\"76\" srcset=\"https:\/\/bio.ufpr.br\/ppggenetica\/wp-content\/uploads\/sites\/54\/2021\/02\/perfil-egressos.png 1119w, https:\/\/bio.ufpr.br\/ppggenetica\/wp-content\/uploads\/sites\/54\/2021\/02\/perfil-egressos-300x20.png 300w, https:\/\/bio.ufpr.br\/ppggenetica\/wp-content\/uploads\/sites\/54\/2021\/02\/perfil-egressos-768x52.png 768w, https:\/\/bio.ufpr.br\/ppggenetica\/wp-content\/uploads\/sites\/54\/2021\/02\/perfil-egressos-1024x70.png 1024w\" sizes=\"auto, (max-width: 1119px) 100vw, 1119px\" \/><\/p>\n<p style=\"text-align: justify;background: white\"><span style=\"font-family: 'Georgia','serif';color: black\">\u00a0 \u00a0 \u00a0 \u00a0 \u00a0 O perfil esperado dos egressos do PPG-GEN s\u00e3o profissionais qualificados para atuar no ensino de gradua\u00e7\u00e3o e p\u00f3s-gradua\u00e7\u00e3o, em pesquisa cient\u00edfica acad\u00eamica e industrial, atendendo as demandas sociais em outros setores da sociedade, tais como agroneg\u00f3cio, na preserva\u00e7\u00e3o do meio ambiente e na sa\u00fade humana. Por voca\u00e7\u00e3o, o PPG-GEN tem atuado diretamente na forma\u00e7\u00e3o de professores da rede b\u00e1sica de ensino e por isso, muitos dos egressos tem atuado nesse segmento da educa\u00e7\u00e3o.<\/span><\/p>\n<p style=\"text-align: justify;background: white\"><span style=\"color: #000000\"><span style=\"font-family: 'Georgia','serif';color: black\">\u00a0 \u00a0 \u00a0 \u00a0 \u00a0O programa tem acompanhado continuamente seus egressos, e conta com uma ferramenta institucional (Portal do Egresso), uma plataforma criada por tecnologia pr\u00f3pria da UFPR. Por meio desta, indicadores atualizados e audit\u00e1veis coletam dados de bancos p\u00fablicos, como Minist\u00e9rio do Trabalho e Economia, CAPES e CNPq, o que tem permitido o rastreamento dos postos de trabalho ocupados pelos egressos do PPG-GEN.<\/span><\/span><\/p>\n<p style=\"text-align: justify;background: white\"><span style=\"color: #000000\"><span style=\"font-family: 'Georgia','serif';color: black\">\u00a0 \u00a0 \u00a0 \u00a0 Por esses indicadores, \u00e9 percept\u00edvel o papel de protagonismo do programa na nuclea\u00e7\u00e3o de centros de excel\u00eancia em pesquisa e ensino na \u00e1rea da Gen\u00e9tica em todo territ\u00f3rio nacional, em especial na regi\u00e3o sul do Brasil. A maioria dos egressos do Programa tem seguido a carreira acad\u00eamica em institui\u00e7\u00f5es p\u00fablicas e privadas, em todos os seguimentos da educa\u00e7\u00e3o (da b\u00e1sica \u00e0 educa\u00e7\u00e3o superior). Outra parcela tem se colocado em grandes empresas, atuando nas \u00e1reas de pesquisa e desenvolvimento (P&amp;D) ou em vendas e suporte t\u00e9cnico. Em curto prazo, observamos uma boa parcela dos egressos realizando est\u00e1gios p\u00f3s-doutorais em institui\u00e7\u00f5es de prest\u00edgio nacional e internacional.<\/span><\/span><\/p>\n","protected":false},"excerpt":{"rendered":"<p>Formar recursos humanos de qualidade e com forma\u00e7\u00e3o s\u00f3lida em Gen\u00e9tica, priorizando a produ\u00e7\u00e3o discente de conhecimento cient\u00edfico, gerando conhecimento adequado a atender as demandas [&hellip;]<\/p>\n","protected":false},"author":6,"featured_media":0,"parent":0,"menu_order":0,"comment_status":"closed","ping_status":"closed","template":"","meta":{"_acf_changed":false,"_monsterinsights_skip_tracking":false,"_monsterinsights_sitenote_active":false,"_monsterinsights_sitenote_note":"","_monsterinsights_sitenote_category":0,"footnotes":""},"class_list":["post-1604","page","type-page","status-publish","hentry"],"acf":[],"_links":{"self":[{"href":"https:\/\/bio.ufpr.br\/ppggenetica\/wp-json\/wp\/v2\/pages\/1604","targetHints":{"allow":["GET"]}}],"collection":[{"href":"https:\/\/bio.ufpr.br\/ppggenetica\/wp-json\/wp\/v2\/pages"}],"about":[{"href":"https:\/\/bio.ufpr.br\/ppggenetica\/wp-json\/wp\/v2\/types\/page"}],"author":[{"embeddable":true,"href":"https:\/\/bio.ufpr.br\/ppggenetica\/wp-json\/wp\/v2\/users\/6"}],"replies":[{"embeddable":true,"href":"https:\/\/bio.ufpr.br\/ppggenetica\/wp-json\/wp\/v2\/comments?post=1604"}],"version-history":[{"count":11,"href":"https:\/\/bio.ufpr.br\/ppggenetica\/wp-json\/wp\/v2\/pages\/1604\/revisions"}],"predecessor-version":[{"id":2472,"href":"https:\/\/bio.ufpr.br\/ppggenetica\/wp-json\/wp\/v2\/pages\/1604\/revisions\/2472"}],"wp:attachment":[{"href":"https:\/\/bio.ufpr.br\/ppggenetica\/wp-json\/wp\/v2\/media?parent=1604"}],"curies":[{"name":"wp","href":"https:\/\/api.w.org\/{rel}","templated":true}]}}