{"id":1610,"date":"2021-02-01T14:02:28","date_gmt":"2021-02-01T16:02:28","guid":{"rendered":"https:\/\/bio.ufpr.br\/ppggenetica\/?page_id=1610"},"modified":"2026-03-13T09:03:31","modified_gmt":"2026-03-13T12:03:31","slug":"gestao","status":"publish","type":"page","link":"https:\/\/bio.ufpr.br\/ppggenetica\/gestao\/","title":{"rendered":"Gest\u00e3o"},"content":{"rendered":"<p style=\"text-align: justify\">\u00a0 \u00a0 \u00a0 \u00a0A coordena\u00e7\u00e3o did\u00e1tica, administrativa e financeira do PPG-GEN compreende a Coordena\u00e7\u00e3o do Programa (Coordenador e vice-coordenador), o Colegiado de curso e o secret\u00e1rio t\u00e9cnico-administrativo. O Colegiado \u00e9 composto pelo Coordenador (a) e Vice-coordenador (a), al\u00e9m de um representante docente de cada linha de pesquisa do programa e um representante discente eleito pelos discentes regularmente matriculados.<\/p>\n<p style=\"text-align: justify\">\u00a0 \u00a0 \u00a0 \u00a0 \u00a0 \u00a0Composi\u00e7\u00e3o do Colegiado de curso:<\/p>\n<h2 style=\"text-align: center\"><strong><span style=\"color: #000080\">2025-2027<\/span><\/strong><\/h2>\n<p style=\"text-align: center\"><strong>Profa. Dra. Danielle Malheiros Ferreira (coordenadora)<\/strong><\/p>\n<p style=\"text-align: center\"><strong>\u00a0Prof. Dr. Ricardo Lehtonen Rodrigues de Souza (vice-coordenador)<\/strong><\/p>\n<p style=\"text-align: center\"><span style=\"color: #ff0000\"><strong><em>Membros do colegiado<\/em><\/strong><\/span><\/p>\n<p style=\"text-align: center\">Profa. Dra. Ang\u00e9lica Beate Winter Boldt<\/p>\n<p style=\"text-align: center\">Profa. Dra. Carolina Mathias<\/p>\n<p style=\"text-align: center\">Profa. Dra. Desirr\u00ea Alexia Louren\u00e7o Petters Vandresen<\/p>\n<p style=\"text-align: center\">Profa. Dra. Vanessa Merlo Kava<\/p>\n<p style=\"text-align: center\">Profa. Dra. Luciane Viater Tureck<\/p>\n<p style=\"text-align: center\"><strong><span style=\"color: #ff0000\"><em>Representantes dos discentes<\/em><\/span><\/strong><\/p>\n<p style=\"text-align: center\"><span style=\"color: #008000\"><strong>Per\u00edodo: desde abr\/2026<\/strong><\/span><\/p>\n<p style=\"text-align: center\">Ana Carolina Mallin (titular)<\/p>\n<p style=\"text-align: center\">Bruna da Silva Oliveira (suplente)<\/p>\n<p style=\"text-align: center\"><span style=\"color: #008000\"><strong>Per\u00edodo: abr\/2025 a mar\/2026<\/strong><\/span><\/p>\n<p style=\"text-align: center\">Jo\u00e3o Vitor Mello Hortega (titular)<\/p>\n<p style=\"text-align: center\">Pedro Vin\u00edcius Macedo (suplente)<\/p>\n<h2 style=\"text-align: center\"><strong><span style=\"color: #000080\">2023-2025<\/span><\/strong><\/h2>\n<p style=\"text-align: center\"><strong>Profa. Dra. Danielle Malheiros Ferreira (coordenadora)<\/strong><\/p>\n<p style=\"text-align: center\"><strong>\u00a0Prof. Dr. Ricardo Lehtonen Rodrigues de Souza (vice-coordenador)<\/strong><\/p>\n<p style=\"text-align: center\"><span style=\"color: #ff0000\"><strong><em>Membros do colegiado<\/em><\/strong><\/span><\/p>\n<p style=\"text-align: center\">Profa. Dra. Patr\u00edcia Savio de Ara\u00fajo Souza<\/p>\n<p style=\"text-align: center\">Profa. Dra. Ang\u00e9lica Beate Winter Boldt<\/p>\n<p style=\"text-align: center\">Prof. Dr. Daniel Pacheco Bruschi<\/p>\n<p style=\"text-align: center\">Profa. Dra. Chirlei Glienke<\/p>\n<p style=\"text-align: center\">Profa. Dra. Luciane Viater Tureck<\/p>\n<p style=\"text-align: center\"><strong><span style=\"color: #ff0000\"><em>Representantes dos discentes<\/em><\/span><\/strong><\/p>\n<p style=\"text-align: center\"><span style=\"color: #008000\"><strong>Per\u00edodo: abr\/2025 a mar\/2026<\/strong><\/span><\/p>\n<p style=\"text-align: center\">Jo\u00e3o Vitor Mello Hortega (titular)<\/p>\n<p style=\"text-align: center\">Pedro Vin\u00edcius Macedo (suplente)<\/p>\n<p style=\"text-align: center\"><del>&#8212;&#8212;&#8212;&#8212;&#8212;&#8212;&#8212;<\/del><\/p>\n<p style=\"text-align: center\"><span style=\"color: #008000\"><strong>Per\u00edodo: mai\/2024 a abr\/25<\/strong><\/span><\/p>\n<p style=\"text-align: center\">Carolina Sales de Oliveira (titular)<\/p>\n<p style=\"text-align: center\">Jo\u00e3o Vitor Mello Hortega (suplente)<\/p>\n<p style=\"text-align: center\"><del>&#8212;&#8212;&#8212;&#8212;&#8212;&#8212;&#8212;<\/del><\/p>\n<p style=\"text-align: center\"><span style=\"color: #008000\"><strong>Per\u00edodo: mar\/2023 a abr\/2024<\/strong><\/span><\/p>\n<p style=\"text-align: center\">Isadora de Lourdes Signorini Souza (titular)<\/p>\n<p style=\"text-align: center\">Carolina Sales de Oliveira(suplente)<\/p>\n<h2 style=\"text-align: center\"><strong><span style=\"color: #000080\">2021-2023<\/span><\/strong><\/h2>\n<p style=\"text-align: center\"><strong>Profa. Dra. Daniela Fiori Gradia (coordenadora)<\/strong><\/p>\n<p style=\"text-align: center\"><strong>\u00a0Profa. Dra. Daniela Morais Leme (vice-coordenadora)<\/strong><\/p>\n<p style=\"text-align: center\"><span style=\"color: #ff0000\"><strong><em>Membros do colegiado<\/em><\/strong><\/span><\/p>\n<p style=\"text-align: center\">Prof. Dr. Daniel Pacheco Bruschi<\/p>\n<p style=\"text-align: center\">Profa. Dra. Danielle Malheiros Ferreira<\/p>\n<p style=\"text-align: center\">Profa. Dra. Lupe Furtado Alle<\/p>\n<p style=\"text-align: center\">Profa. Dra. M\u00e1rcia H. Beltrame<\/p>\n<p style=\"text-align: center\">Profa. Dra. Marta Margarete Cestari<\/p>\n<p style=\"text-align: center\"><strong><span style=\"color: #ff0000\"><em>Representantes dos discentes<\/em><\/span><\/strong><\/p>\n<p style=\"text-align: center\"><span style=\"color: #008000\"><strong>Per\u00edodo: fev\/2022 a fev\/2023<\/strong><\/span><\/p>\n<p style=\"text-align: center\">Ana Cec\u00edlia Guimar\u00e3es Alves (titular)<\/p>\n<p style=\"text-align: center\">Paulo Henrique Mueller (suplente)<\/p>\n<p style=\"text-align: center\"><del>&#8212;&#8212;&#8212;&#8212;&#8212;&#8212;&#8212;<\/del><\/p>\n<p style=\"text-align: center\"><span style=\"color: #008000\"><strong>Per\u00edodo: fev\/2021 a jan\/2022<\/strong><\/span><\/p>\n<p style=\"text-align: center\">Desirr\u00ea Alexia Louren\u00e7o Petters (titular)<\/p>\n<p style=\"text-align: center\">Ana Fl\u00e1via Kohler (suplente)<\/p>\n<h2 style=\"text-align: center\"><strong><span style=\"color: #000080\">2019-2021<\/span><\/strong><\/h2>\n<p style=\"text-align: center\"><strong>Prof. Dr. Daniel Pacheco Bruschi (coordenador)<\/strong><\/p>\n<p style=\"text-align: center\"><strong>Profa. Dra. Daniela Fiori Gradia (vice-coordenadora)<\/strong><\/p>\n<p style=\"text-align: center\"><strong><span style=\"color: #ff0000\"><em>Membros do colegiado<\/em><\/span><\/strong><\/p>\n<p style=\"text-align: center\">Profa. Dra. Daniela Morais Leme<\/p>\n<p style=\"text-align: center\">Profa. Dra. Lupe Furtado Alle<\/p>\n<p style=\"text-align: center\">Profa. Dra. Patr\u00edcia Savio de Ara\u00fajo-Souza<\/p>\n<p style=\"text-align: center\">Profa. Dra. Vanessa Merlo Kava<\/p>\n<p style=\"text-align: center\"><strong><span style=\"color: #ff0000\"><em>Representantes dos discentes<\/em><\/span><\/strong><\/p>\n<p style=\"text-align: center\"><span style=\"color: #008000\"><strong>Per\u00edodo: fev\/2020 a jan\/2021<\/strong><\/span><\/p>\n<p style=\"text-align: center\">Tayana Schultz Jucoski (titular)<\/p>\n<p style=\"text-align: center\">Alana Serrano Campelo de Souza (suplente)<\/p>\n<p style=\"text-align: center\"><del>&#8212;&#8212;&#8212;&#8212;&#8212;&#8212;&#8212;<\/del><\/p>\n<p style=\"text-align: center\"><span style=\"color: #008000\"><strong>Per\u00edodo: ago\/2019 a jan\/2020<\/strong><\/span><\/p>\n<p style=\"text-align: center\">Rafaela Nasser Veiga (titular)<\/p>\n<p style=\"text-align: center\">Jessica Fernanda Barazetti (suplente)<\/p>\n<h2 style=\"text-align: center\"><strong><span style=\"color: #000080\">2017-2019<\/span><\/strong><\/h2>\n<p style=\"text-align: center\"><strong>Profa. Dra. Lupe Furtado Alle (coordenadora )<\/strong><\/p>\n<p style=\"text-align: center\"><strong>Profa. Dra. Ana Cl\u00e1udia Bonatto (vice-coordenadora)<\/strong><\/p>\n<p style=\"text-align: center\"><strong><span style=\"color: #ff0000\"><em>Membros do colegiado<\/em><\/span><\/strong><\/p>\n<p style=\"text-align: center\">Prof. Dr. Daniel Pacheco Bruschi<\/p>\n<p style=\"text-align: center\">Profa. Daniela Fiori Gradia<\/p>\n<p style=\"text-align: center\">Prof. Dr. Ricardo Lehtonen Rodrigues de Souza<\/p>\n<p style=\"text-align: center\">Profa. Dra. Vanessa Merlo Kava<\/p>\n<p style=\"text-align: center\"><strong><span style=\"color: #ff0000\"><em>Representantes dos discentes<\/em><\/span><\/strong><\/p>\n<p style=\"text-align: center\"><span style=\"color: #008000\"><strong>Per\u00edodo: fev\/2019 a jul\/2019<\/strong><\/span><\/p>\n<p style=\"text-align: center\">Desirr\u00ea Alexia Louren\u00e7o Petters (titular)<\/p>\n<p style=\"text-align: center\">Rafaela Nasser Veiga (suplente)<\/p>\n<p style=\"text-align: center\"><del>&#8212;&#8212;&#8212;&#8212;&#8212;&#8212;&#8212;<\/del><\/p>\n<p style=\"text-align: center\"><span style=\"color: #008000\"><strong>Per\u00edodo: fev\/2018 a jan\/2019<\/strong><\/span><\/p>\n<p style=\"text-align: center\">La\u00eds Fernanda Oya Silva (titular)<\/p>\n<p style=\"text-align: center\">Carla Daniela Sulzbach (suplente)<\/p>\n<p style=\"text-align: center\"><del>&#8212;&#8212;&#8212;&#8212;&#8212;&#8212;&#8212;<\/del><\/p>\n<p style=\"text-align: center\"><span style=\"color: #008000\"><strong>Per\u00edodo: ago\/2017 a jan\/2018<\/strong><\/span><\/p>\n<p style=\"text-align: center\">Amanda Salviano da Silva (titular)<\/p>\n<p style=\"text-align: center\">La\u00eds Fernanda Oya Silva (suplente)<\/p>\n<h2 style=\"text-align: center\"><strong><span style=\"color: #000080\">2015-2017<\/span><\/strong><\/h2>\n<p style=\"text-align: center\"><strong>Profa. Dra. Lupe Furtado Alle (coordenadora )<\/strong><\/p>\n<p style=\"text-align: center\"><strong>Profa. Dra. Ana Cl\u00e1udia Bonatto (vice-coordenadora)<\/strong><\/p>\n<p style=\"text-align: center\"><strong><span style=\"color: #ff0000\"><em>Membros do colegiado<\/em><\/span><\/strong><\/p>\n<p style=\"text-align: center\">Profa. Dra. Marta Margarete Cestari<\/p>\n<p style=\"text-align: center\">Prof. Dr. Ricardo Lehtonen Rodrigues de Souza<\/p>\n<p style=\"text-align: center\">Profa. Dra. Vanessa Merlo Kava<\/p>\n<p style=\"text-align: center\"><strong><span style=\"color: #ff0000\"><em>Representantes dos discentes<\/em><\/span><\/strong><\/p>\n<p style=\"text-align: center\"><span style=\"color: #008000\"><strong>Per\u00edodo: fev\/2017 a jul\/2017<\/strong><\/span><\/p>\n<p style=\"text-align: center\">Gabriela Canalli Kretzschmar (titular)<\/p>\n<p style=\"text-align: center\">Amanda Salviano da Silva (suplente)<\/p>\n<p style=\"text-align: center\"><del>&#8212;&#8212;&#8212;&#8212;&#8212;&#8212;&#8212;<\/del><\/p>\n<p style=\"text-align: center\"><strong><span style=\"color: #008000\">Per\u00edodo: fev\/2016 a jan\/201<\/span>7<\/strong><\/p>\n<p style=\"text-align: center\">Patr\u00edcia Midori Murobushi (titular)<\/p>\n<p style=\"text-align: center\">Luana Caroline Oliveira (suplente)<\/p>\n<p style=\"text-align: center\"><del>&#8212;&#8212;&#8212;&#8212;&#8212;&#8212;&#8212;<\/del><\/p>\n<p style=\"text-align: center\"><span style=\"color: #008000\"><strong>Per\u00edodo: at\u00e9 jan\/2016<\/strong><\/span><\/p>\n<p style=\"text-align: center\">Geonildo Rodrigo Disner (titular)<\/p>\n<p style=\"text-align: center\">Ticiana Dela Justina Farias (suplente)<\/p>\n<h2 style=\"text-align: center\"><strong><span style=\"color: #000080\">2013-2015<\/span><\/strong><\/h2>\n<p style=\"text-align: center\"><strong>Prof. Dr. Ricardo Lehtonen Rodrigues de Souza (coordenador )<\/strong><\/p>\n<p style=\"text-align: center\"><strong>Profa. Dra. Enilze Maria de Souza Fonseca Ribeiro (vice-coordenadora)<\/strong><\/p>\n<p style=\"text-align: center\"><strong><span style=\"color: #ff0000\"><em>Membros do colegiado<\/em><\/span><\/strong><\/p>\n<p style=\"text-align: center\">Profa. Dra.\u00a0Maria Luiza Petzl-Erler<\/p>\n<p style=\"text-align: center\">Profa. Dra. Marta Margarete Cestari<\/p>\n<p style=\"text-align: center\">Profa. Dra. Vanessa Kava Cordeiro<\/p>\n<p style=\"text-align: center\"><strong><span style=\"color: #ff0000\"><em>Representantes dos discentes<\/em><\/span><\/strong><\/p>\n<p style=\"text-align: center\">Gabriel Adelman Cipolla<\/p>\n<p style=\"text-align: center\">Carolina Maciel Camargo<\/p>\n<p style=\"text-align: center\"><del>&#8212;&#8212;&#8212;&#8212;&#8212;&#8212;&#8212;<\/del><\/p>\n<p style=\"text-align: center\">Camila Costa Senkiv<\/p>\n<p style=\"text-align: center\">Geonildo Rodrigo Disner<\/p>\n","protected":false},"excerpt":{"rendered":"<p>\u00a0 \u00a0 \u00a0 \u00a0A coordena\u00e7\u00e3o did\u00e1tica, administrativa e financeira do PPG-GEN compreende a Coordena\u00e7\u00e3o do Programa (Coordenador e vice-coordenador), o Colegiado de curso e o [&hellip;]<\/p>\n","protected":false},"author":6,"featured_media":0,"parent":0,"menu_order":0,"comment_status":"closed","ping_status":"closed","template":"","meta":{"_acf_changed":false,"_monsterinsights_skip_tracking":false,"_monsterinsights_sitenote_active":false,"_monsterinsights_sitenote_note":"","_monsterinsights_sitenote_category":0,"footnotes":""},"class_list":["post-1610","page","type-page","status-publish","hentry"],"acf":[],"_links":{"self":[{"href":"https:\/\/bio.ufpr.br\/ppggenetica\/wp-json\/wp\/v2\/pages\/1610","targetHints":{"allow":["GET"]}}],"collection":[{"href":"https:\/\/bio.ufpr.br\/ppggenetica\/wp-json\/wp\/v2\/pages"}],"about":[{"href":"https:\/\/bio.ufpr.br\/ppggenetica\/wp-json\/wp\/v2\/types\/page"}],"author":[{"embeddable":true,"href":"https:\/\/bio.ufpr.br\/ppggenetica\/wp-json\/wp\/v2\/users\/6"}],"replies":[{"embeddable":true,"href":"https:\/\/bio.ufpr.br\/ppggenetica\/wp-json\/wp\/v2\/comments?post=1610"}],"version-history":[{"count":22,"href":"https:\/\/bio.ufpr.br\/ppggenetica\/wp-json\/wp\/v2\/pages\/1610\/revisions"}],"predecessor-version":[{"id":4210,"href":"https:\/\/bio.ufpr.br\/ppggenetica\/wp-json\/wp\/v2\/pages\/1610\/revisions\/4210"}],"wp:attachment":[{"href":"https:\/\/bio.ufpr.br\/ppggenetica\/wp-json\/wp\/v2\/media?parent=1610"}],"curies":[{"name":"wp","href":"https:\/\/api.w.org\/{rel}","templated":true}]}}