{"id":1619,"date":"2021-02-01T14:03:37","date_gmt":"2021-02-01T16:03:37","guid":{"rendered":"https:\/\/bio.ufpr.br\/ppggenetica\/?page_id=1619"},"modified":"2026-04-08T10:14:20","modified_gmt":"2026-04-08T13:14:20","slug":"regimento","status":"publish","type":"page","link":"https:\/\/bio.ufpr.br\/ppggenetica\/regimento\/","title":{"rendered":"Regimento"},"content":{"rendered":"<p style=\"text-align: justify\">O Regimento Interno estabelece as normas para os Cursos de Mestrado e Doutorado do Programa de P\u00f3s-gradua\u00e7\u00e3o em Gen\u00e9tica da Universidade Federal do Paran\u00e1. O <strong>Colegiado<\/strong> do PPG-GEN, com base na <strong><span style=\"color: #3366ff\"><a style=\"color: #3366ff\" href=\"https:\/\/bibliotecas.ufpr.br\/wp-content\/uploads\/2022\/01\/resolucao_normas_stricto_sensu.pdf\"><span style=\"color: #3366ff\">Resolu\u00e7\u00e3o<\/span> n\u00ba 32\/17 &#8211; CEPE<\/a><\/span><\/strong>, e considerando as peculiaridades deste PPG, definiu, por unanimidade de votos, o regimento disponibilizado abaixo.<\/p>\n<p style=\"text-align: justify\"><strong><span style=\"text-decoration: underline\"><span style=\"color: #3366ff;text-decoration: underline\"><a style=\"color: #3366ff;text-decoration: underline\" href=\"https:\/\/bio.ufpr.br\/ppggenetica\/wp-content\/uploads\/sites\/54\/2025\/04\/Regimento-Interno-do-PPG_GEN_2025_final.pdf\">Regimento Interno Novo<\/a><\/span><\/span>\u00a0<\/strong>(em vig\u00eancia)<\/p>\n<p><span style=\"text-decoration: underline\"><a href=\"https:\/\/bio.ufpr.br\/ppggenetica\/wp-content\/uploads\/sites\/54\/2021\/02\/Regimento-interno.pdf\" target=\"_blank\" rel=\"noopener\"><span style=\"color: #3366ff;text-decoration: underline\"><strong>Regimento Interno Antigo<\/strong><\/span><\/a><\/span>\u00a0<span style=\"color: #ff0000\">(v\u00e1lido apenas para matriculados e matriculadas at\u00e9 o ano de 2024)<\/span><\/p>\n<p>&nbsp;<\/p>\n<hr \/>\n<p><strong>INSTRU\u00c7\u00d5ES NORMATIVAS<\/strong><\/p>\n<hr \/>\n<p><span style=\"color: #3366ff\"><a style=\"color: #3366ff\" href=\"https:\/\/bio.ufpr.br\/ppggenetica\/wp-content\/uploads\/sites\/54\/2025\/09\/in-01-2025-ppg-gen-credenciamento-docente.pdf\">Instru\u00e7\u00e3o Normativa n\u00ba 01\/2025<\/a><\/span> Credenciamento Docente<\/p>\n<p><a href=\"https:\/\/bio.ufpr.br\/ppggenetica\/wp-content\/uploads\/sites\/54\/2025\/09\/in-02-2025-ppg-gen-recredenciamento-e-descredenciamento-docente.pdf\"><span style=\"color: #3366ff\">Instru\u00e7\u00e3o Normativa n\u00ba 02\/2025<\/span><\/a> Recredenciamento e Descredenciamento Docente<\/p>\n<p><a href=\"https:\/\/bio.ufpr.br\/ppggenetica\/wp-content\/uploads\/sites\/54\/2025\/09\/in-03-2025-ppg-gen-pratica-de-docencia.pdf\"><span style=\"color: #3366ff\">Instru\u00e7\u00e3o Normativa n\u00ba 03\/2025<\/span><\/a> Pr\u00e1tica de Doc\u00eancia<\/p>\n<p><span style=\"color: #3366ff\"><a style=\"color: #3366ff\" href=\"https:\/\/bio.ufpr.br\/ppggenetica\/wp-content\/uploads\/sites\/54\/2025\/09\/in-04-2025-ppg-gen-concessao-e-acumulo-de-bolsas.pdf\">Instru\u00e7\u00e3o Normativa n\u00ba 04\/2025<\/a><\/span> Concess\u00e3o e Ac\u00famulo de Bolsas<\/p>\n<p><a href=\"https:\/\/bio.ufpr.br\/ppggenetica\/wp-content\/uploads\/sites\/54\/2025\/09\/in-05-2025-ppg-gen-mudanca-de-nivel-mestrado-para-doutorado.pdf\"><span style=\"color: #3366ff\">Instru\u00e7\u00e3o Normativa n\u00ba 05\/2025<\/span><\/a> Mudan\u00e7a de N\u00edvel Mestrado para Doutorado<\/p>\n<p><a href=\"https:\/\/bio.ufpr.br\/ppggenetica\/wp-content\/uploads\/sites\/54\/2025\/09\/in-06-2025-ppg-gen-modelo-de-projetos-e-relatorios.pdf\"><span style=\"color: #3366ff\">Instru\u00e7\u00e3o Normativa n\u00ba 06\/2025<\/span><\/a> Modelo de Projetos e Relat\u00f3rios<\/p>\n<p><a href=\"https:\/\/bio.ufpr.br\/ppggenetica\/wp-content\/uploads\/sites\/54\/2025\/09\/in-07-2025-ppg-gen-formato-de-dissertacoes-e-teses.pdf\"><span style=\"color: #3366ff\">Instru\u00e7\u00e3o Normativa n\u00ba 07\/2025<\/span><\/a> Formato de Disserta\u00e7\u00f5es e Teses<\/p>\n<p><a href=\"https:\/\/bio.ufpr.br\/ppggenetica\/wp-content\/uploads\/sites\/54\/2025\/09\/in-08-2025-ppg-gen-titulacao-do-mestrado-em-casos-excepcionais.pdf\"><span style=\"color: #3366ff\">Instru\u00e7\u00e3o Normativa n\u00ba 08\/2025<\/span><\/a> Titula\u00e7\u00e3o do Mestrado em Casos Excepcionais<\/p>\n<p><a href=\"https:\/\/bio.ufpr.br\/ppggenetica\/wp-content\/uploads\/sites\/54\/2025\/09\/in-09-2025-ppg-gen-acoes-afirmativas.pdf\"><span style=\"color: #3366ff\">Instru\u00e7\u00e3o Normativa n\u00ba 09\/2025<\/span><\/a> A\u00e7\u00f5es Afirmativas<\/p>\n<p><a href=\"https:\/\/bio.ufpr.br\/ppggenetica\/wp-content\/uploads\/sites\/54\/2026\/03\/in-10-2025-ppg-gen-creditos-atividades-complementares.pdf\"><span style=\"color: #3366ff\">Instru\u00e7\u00e3o Normativa n\u00ba 10\/2025<\/span><\/a> Cr\u00e9ditos Atividades Complementares<\/p>\n<p>&#8212;&#8212;&#8212;&#8212;&#8212;&#8212;<\/p>\n<p><span style=\"color: #3366ff\"><a style=\"color: #3366ff\" href=\"https:\/\/bio.ufpr.br\/ppggenetica\/wp-content\/uploads\/sites\/54\/2025\/04\/Instrucao-Normativa-no-01_2024-do-PPG-GEN_Acoes-Afirmativas.pdf\">Instru\u00e7\u00e3o Normativa n\u00ba 01\/2024<\/a><\/span>\u00a0A\u00e7\u00f5es Afirmativas<\/p>\n<p>&#8212;&#8212;&#8212;&#8212;&#8212;&#8212;<\/p>\n<p><span style=\"color: #3366ff\"><a style=\"color: #3366ff\" href=\"https:\/\/bio.ufpr.br\/ppggenetica\/wp-content\/uploads\/sites\/54\/2024\/04\/instrucao-normativa-01-23-acumulo-de-bolsas.pdf\" target=\"_blank\" rel=\"noopener\">Instru\u00e7\u00e3o Normativa n\u00ba 01\/2023<\/a><\/span> Ac\u00famulo de Bolsas de Mestrado, Doutorado ou P\u00f3s-doutorado Concedidas pela CAPES<\/p>\n<p>&#8212;&#8212;&#8212;&#8212;&#8212;&#8212;<\/p>\n<p><a href=\"https:\/\/bio.ufpr.br\/ppggenetica\/wp-content\/uploads\/sites\/54\/2022\/08\/Instru\u00e7\u00e3o-Normativa_n\u00ba-2.pdf\"><span style=\"color: #3366ff\">Instru\u00e7\u00e3o normativa n\u00ba 02\/2022<\/span><\/a> Produtos T\u00e9cnicos e Tecnol\u00f3gicos (PTTs)<\/p>\n","protected":false},"excerpt":{"rendered":"<p>O Regimento Interno estabelece as normas para os Cursos de Mestrado e Doutorado do Programa de P\u00f3s-gradua\u00e7\u00e3o em Gen\u00e9tica da Universidade Federal do Paran\u00e1. O [&hellip;]<\/p>\n","protected":false},"author":6,"featured_media":0,"parent":0,"menu_order":0,"comment_status":"closed","ping_status":"closed","template":"","meta":{"_acf_changed":false,"_monsterinsights_skip_tracking":false,"_monsterinsights_sitenote_active":false,"_monsterinsights_sitenote_note":"","_monsterinsights_sitenote_category":0,"footnotes":""},"class_list":["post-1619","page","type-page","status-publish","hentry"],"acf":[],"_links":{"self":[{"href":"https:\/\/bio.ufpr.br\/ppggenetica\/wp-json\/wp\/v2\/pages\/1619","targetHints":{"allow":["GET"]}}],"collection":[{"href":"https:\/\/bio.ufpr.br\/ppggenetica\/wp-json\/wp\/v2\/pages"}],"about":[{"href":"https:\/\/bio.ufpr.br\/ppggenetica\/wp-json\/wp\/v2\/types\/page"}],"author":[{"embeddable":true,"href":"https:\/\/bio.ufpr.br\/ppggenetica\/wp-json\/wp\/v2\/users\/6"}],"replies":[{"embeddable":true,"href":"https:\/\/bio.ufpr.br\/ppggenetica\/wp-json\/wp\/v2\/comments?post=1619"}],"version-history":[{"count":35,"href":"https:\/\/bio.ufpr.br\/ppggenetica\/wp-json\/wp\/v2\/pages\/1619\/revisions"}],"predecessor-version":[{"id":4279,"href":"https:\/\/bio.ufpr.br\/ppggenetica\/wp-json\/wp\/v2\/pages\/1619\/revisions\/4279"}],"wp:attachment":[{"href":"https:\/\/bio.ufpr.br\/ppggenetica\/wp-json\/wp\/v2\/media?parent=1619"}],"curies":[{"name":"wp","href":"https:\/\/api.w.org\/{rel}","templated":true}]}}