{"id":1635,"date":"2021-02-01T14:05:26","date_gmt":"2021-02-01T16:05:26","guid":{"rendered":"https:\/\/bio.ufpr.br\/ppggenetica\/?page_id=1635"},"modified":"2026-02-20T09:05:36","modified_gmt":"2026-02-20T12:05:36","slug":"infraestrutura","status":"publish","type":"page","link":"https:\/\/bio.ufpr.br\/ppggenetica\/infraestrutura\/","title":{"rendered":"Infraestrutura"},"content":{"rendered":"<h4>Anfiteatro 1 e Sala 65<\/h4>\n<p style=\"text-align: justify\">O Programa disp\u00f5e de dois espa\u00e7os destinados, preferencialmente, a defesas, qualifica\u00e7\u00f5es, aulas e demais atividades do PPG-GEN, mas tamb\u00e9m dispon\u00edveis para uso da comunidade acad\u00eamica em geral da UFPR. Consulte as agendas abaixo e, caso haja disponibilidade, <strong>solicite a reserva pelo e-mail ppg-gen@ufpr.br, informando o nome completo do respons\u00e1vel pelo agendamento, a data e os hor\u00e1rios de in\u00edcio e t\u00e9rmino<\/strong>.<\/p>\n<p>&#8211; <a href=\"https:\/\/docs.google.com\/spreadsheets\/d\/1jWQgSHO0h4_Y2hy7vbXOtAzGN-6IW9JxF4V-erqCkbs\/edit?hl=pt-br&amp;pli=1&amp;gid=0#gid=0\"><span style=\"color: #3366ff\">Agenda Anfi 1<\/span><\/a><br \/>\n&#8211; <a href=\"https:\/\/docs.google.com\/spreadsheets\/d\/1y3OzIsmGgTP3defqzRe0-JTCVLgerZ7Z8CfRT6yMzpk\/edit?gid=199814252#gid=199814252\"><span style=\"color: #3366ff\">Agenda Sala 65<\/span><\/a><\/p>\n<hr \/>\n<h4>Biblioteca de Ci\u00eancias Biol\u00f3gicas e SiBi<\/h4>\n<p>&#8211; <span style=\"color: #3366ff\"><a style=\"color: #3366ff\" href=\"https:\/\/bibliotecas.ufpr.br\/sobre\/bibliotecas\/bl\/\">Biblioteca do Setor de Ci\u00eancias Biol\u00f3gicas<\/a><br \/>\n<\/span>&#8211; <span style=\"color: #3366ff\"><a style=\"color: #3366ff\" href=\"https:\/\/bibliotecas.ufpr.br\/servicos\/teses-dissertacoes\/\">Informa\u00e7\u00f5es, normas e procedimentos para a entrega e dep\u00f3sito de teses e disserta\u00e7\u00f5es<\/a><br \/>\n<\/span>&#8211; <span style=\"color: #3366ff\"><a style=\"color: #3366ff\" href=\"https:\/\/bibliotecas.ufpr.br\/\">SiBi<\/a><\/span><\/p>\n<hr \/>\n<h4 class=\"entry-title\">Se\u00e7\u00e3o Centro de Aten\u00e7\u00e3o \u00e0 Sa\u00fade \u2013 Casa 4<\/h4>\n<p>Promove aux\u00edlio terap\u00eautico, ambulatorial e atividades correlatas, por meio de oficinas, atividades de grupo, atendimento psicol\u00f3gico, psiqui\u00e1trico, odontol\u00f3gico, cl\u00ednica m\u00e9dica e de enfermagem \u00e0 Comunidade Universit\u00e1ria.<\/p>\n<p>Maiores informa\u00e7\u00f5es: <span style=\"color: #3366ff\"><a style=\"color: #3366ff\" href=\"https:\/\/progepe.ufpr.br\/progepe\/caiss\/casa4\/\">https:\/\/progepe.ufpr.br\/progepe\/caiss\/casa4\/<\/a><\/span><\/p>\n","protected":false},"excerpt":{"rendered":"<p>Anfiteatro 1 e Sala 65 O Programa disp\u00f5e de dois espa\u00e7os destinados, preferencialmente, a defesas, qualifica\u00e7\u00f5es, aulas e demais atividades do PPG-GEN, mas tamb\u00e9m dispon\u00edveis [&hellip;]<\/p>\n","protected":false},"author":6,"featured_media":0,"parent":0,"menu_order":0,"comment_status":"closed","ping_status":"closed","template":"","meta":{"_acf_changed":false,"_monsterinsights_skip_tracking":false,"_monsterinsights_sitenote_active":false,"_monsterinsights_sitenote_note":"","_monsterinsights_sitenote_category":0,"footnotes":""},"class_list":["post-1635","page","type-page","status-publish","hentry"],"acf":[],"_links":{"self":[{"href":"https:\/\/bio.ufpr.br\/ppggenetica\/wp-json\/wp\/v2\/pages\/1635","targetHints":{"allow":["GET"]}}],"collection":[{"href":"https:\/\/bio.ufpr.br\/ppggenetica\/wp-json\/wp\/v2\/pages"}],"about":[{"href":"https:\/\/bio.ufpr.br\/ppggenetica\/wp-json\/wp\/v2\/types\/page"}],"author":[{"embeddable":true,"href":"https:\/\/bio.ufpr.br\/ppggenetica\/wp-json\/wp\/v2\/users\/6"}],"replies":[{"embeddable":true,"href":"https:\/\/bio.ufpr.br\/ppggenetica\/wp-json\/wp\/v2\/comments?post=1635"}],"version-history":[{"count":6,"href":"https:\/\/bio.ufpr.br\/ppggenetica\/wp-json\/wp\/v2\/pages\/1635\/revisions"}],"predecessor-version":[{"id":4159,"href":"https:\/\/bio.ufpr.br\/ppggenetica\/wp-json\/wp\/v2\/pages\/1635\/revisions\/4159"}],"wp:attachment":[{"href":"https:\/\/bio.ufpr.br\/ppggenetica\/wp-json\/wp\/v2\/media?parent=1635"}],"curies":[{"name":"wp","href":"https:\/\/api.w.org\/{rel}","templated":true}]}}