{"id":1650,"date":"2021-02-01T14:07:17","date_gmt":"2021-02-01T16:07:17","guid":{"rendered":"https:\/\/bio.ufpr.br\/ppggenetica\/?page_id=1650"},"modified":"2021-02-02T10:38:53","modified_gmt":"2021-02-02T12:38:53","slug":"linhas-de-pesquisa","status":"publish","type":"page","link":"https:\/\/bio.ufpr.br\/ppggenetica\/linhas-de-pesquisa\/","title":{"rendered":"Linhas de Pesquisa"},"content":{"rendered":"<p>O programa tem como \u00e1rea de concentra\u00e7\u00e3o a Gen\u00e9tica e conta com cinco linhas de pesquisa:<\/p>\n<p><img loading=\"lazy\" decoding=\"async\" class=\"alignnone size-full wp-image-1784\" src=\"https:\/\/bio.ufpr.br\/ppggenetica\/wp-content\/uploads\/sites\/54\/2021\/02\/555.png\" alt=\"555\" width=\"3000\" height=\"204\" srcset=\"https:\/\/bio.ufpr.br\/ppggenetica\/wp-content\/uploads\/sites\/54\/2021\/02\/555.png 3000w, https:\/\/bio.ufpr.br\/ppggenetica\/wp-content\/uploads\/sites\/54\/2021\/02\/555-300x20.png 300w, https:\/\/bio.ufpr.br\/ppggenetica\/wp-content\/uploads\/sites\/54\/2021\/02\/555-768x52.png 768w, https:\/\/bio.ufpr.br\/ppggenetica\/wp-content\/uploads\/sites\/54\/2021\/02\/555-1024x70.png 1024w\" sizes=\"auto, (max-width: 3000px) 100vw, 3000px\" \/><\/p>\n<p style=\"text-align: justify\">\u00a0 \u00a0 \u00a0 \u00a0Estudo estrutural e funcional de variantes gen\u00f4micas associadas com fen\u00f3tipos complexos, condi\u00e7\u00f5es gen\u00e9ticas raras ou respostas terap\u00eauticas, capazes de fornecer melhor compreens\u00e3o sobre condi\u00e7\u00f5es patol\u00f3gicas e estrat\u00e9gias de tratamento. Busca-se reconhecer altera\u00e7\u00f5es em biomol\u00e9culas que sejam potenciais biomarcadores para novas estrat\u00e9gias de diagn\u00f3stico, classifica\u00e7\u00e3o de doen\u00e7as e\/ou terapia.<\/p>\n<p><strong>Assuntos<\/strong>: Associa\u00e7\u00e3o de polimorfismos gen\u00e9ticos com fen\u00f3tipos complexos; identifica\u00e7\u00e3o de variantes gen\u00e9ticas raras; variantes mitocondriais; epidemiologia gen\u00e9tica; fen\u00f3tipos monog\u00eanicos (mendelianos); fen\u00f3tipos multifatoriais (complexos); imunogen\u00e9tica; oncogen\u00e9tica; biomarcadores.<\/p>\n<p><img loading=\"lazy\" decoding=\"async\" class=\"alignnone size-full wp-image-1785\" src=\"https:\/\/bio.ufpr.br\/ppggenetica\/wp-content\/uploads\/sites\/54\/2021\/02\/t2.png\" alt=\"t2\" width=\"1119\" height=\"76\" srcset=\"https:\/\/bio.ufpr.br\/ppggenetica\/wp-content\/uploads\/sites\/54\/2021\/02\/t2.png 1119w, https:\/\/bio.ufpr.br\/ppggenetica\/wp-content\/uploads\/sites\/54\/2021\/02\/t2-300x20.png 300w, https:\/\/bio.ufpr.br\/ppggenetica\/wp-content\/uploads\/sites\/54\/2021\/02\/t2-768x52.png 768w, https:\/\/bio.ufpr.br\/ppggenetica\/wp-content\/uploads\/sites\/54\/2021\/02\/t2-1024x70.png 1024w\" sizes=\"auto, (max-width: 1119px) 100vw, 1119px\" \/><\/p>\n<p style=\"text-align: justify\">\u00a0 \u00a0 \u00a0Combina ferramentas de biologia molecular, ensaios funcionais e abordagens \u201c\u00f4micas\u201d com o objetivo de identificar, compreender e validar genes e vias biol\u00f3gicas envolvidas na regula\u00e7\u00e3o da express\u00e3o g\u00eanica e suas implica\u00e7\u00f5es no metabolismo dos organismos. Seus resultados permitem reconhecer a contribui\u00e7\u00e3o de varia\u00e7\u00f5es gen\u00e9ticas e epigen\u00e9ticas relacionadas ao funcionamento dos genomas e suas respostas celulares.<\/p>\n<p style=\"text-align: justify\"><strong>Assuntos:<\/strong> An\u00e1lises de transcriptomas e proteomas, regula\u00e7\u00e3o da express\u00e3o g\u00eanica em eucariotos e procariotos, RNAs extracelulares, RNAs n\u00e3o-codificadores, epigen\u00e9tica; genes de intera\u00e7\u00e3o interespec\u00edfica; biologia de sistemas.<\/p>\n<p style=\"text-align: justify\"><img loading=\"lazy\" decoding=\"async\" class=\"alignnone size-full wp-image-1787\" src=\"https:\/\/bio.ufpr.br\/ppggenetica\/wp-content\/uploads\/sites\/54\/2021\/02\/t3.png\" alt=\"t3\" width=\"1119\" height=\"76\" srcset=\"https:\/\/bio.ufpr.br\/ppggenetica\/wp-content\/uploads\/sites\/54\/2021\/02\/t3.png 1119w, https:\/\/bio.ufpr.br\/ppggenetica\/wp-content\/uploads\/sites\/54\/2021\/02\/t3-300x20.png 300w, https:\/\/bio.ufpr.br\/ppggenetica\/wp-content\/uploads\/sites\/54\/2021\/02\/t3-768x52.png 768w, https:\/\/bio.ufpr.br\/ppggenetica\/wp-content\/uploads\/sites\/54\/2021\/02\/t3-1024x70.png 1024w\" sizes=\"auto, (max-width: 1119px) 100vw, 1119px\" \/><\/p>\n<p style=\"text-align: justify\">\u00a0 \u00a0 \u00a0 \u00a0 \u00a0 Estuda atrav\u00e9s de abordagens tradicionais e das \u201c\u00f4micas\u201d os processos evolutivos e estrat\u00e9gias adaptativas de diferentes organismos em busca de melhor compreens\u00e3o da diversidade biol\u00f3gica no tempo e no espa\u00e7o. Os resultados contribuem para a descri\u00e7\u00e3o da biodiversidade neotropical, o delineamento de estrat\u00e9gias para a conserva\u00e7\u00e3o das esp\u00e9cies, a compreens\u00e3o da evolu\u00e7\u00e3o humana e o desenvolvimento de tecnologias forenses que contribuam para a soberania nacional.<\/p>\n<p style=\"text-align: justify\"><strong>Assuntos<\/strong>: Evolu\u00e7\u00e3o de genes e genomas, gen\u00f4mica comparativa, citogen\u00e9tica comparativa e evolu\u00e7\u00e3o cromoss\u00f4mica, DNAs repetitivos, sistem\u00e1tica filogen\u00e9tica, filogeografia, processos macro e microevolutivos, gen\u00e9tica de popula\u00e7\u00f5es; gen\u00e9tica da conserva\u00e7\u00e3o; gen\u00e9tica forense.<\/p>\n<p style=\"text-align: justify\"><img loading=\"lazy\" decoding=\"async\" class=\"alignnone size-full wp-image-1788\" src=\"https:\/\/bio.ufpr.br\/ppggenetica\/wp-content\/uploads\/sites\/54\/2021\/02\/t4.png\" alt=\"t4\" width=\"1119\" height=\"76\" srcset=\"https:\/\/bio.ufpr.br\/ppggenetica\/wp-content\/uploads\/sites\/54\/2021\/02\/t4.png 1119w, https:\/\/bio.ufpr.br\/ppggenetica\/wp-content\/uploads\/sites\/54\/2021\/02\/t4-300x20.png 300w, https:\/\/bio.ufpr.br\/ppggenetica\/wp-content\/uploads\/sites\/54\/2021\/02\/t4-768x52.png 768w, https:\/\/bio.ufpr.br\/ppggenetica\/wp-content\/uploads\/sites\/54\/2021\/02\/t4-1024x70.png 1024w\" sizes=\"auto, (max-width: 1119px) 100vw, 1119px\" \/><\/p>\n<p style=\"text-align: justify\">\u00a0 \u00a0 \u00a0 \u00a0 Estuda a diversidade biol\u00f3gica com foco na identifica\u00e7\u00e3o de recursos gen\u00e9ticos com potencial \u00e0 prospec\u00e7\u00e3o de compostos bioativos para o uso na agricultura, ind\u00fastria, fontes renov\u00e1veis de energia e na resolu\u00e7\u00e3o de problemas ambientais. Aplica bioensaios utilizando animais e microorganismos como bioindicadores no monitoramento ambiental. Realiza estudos para a identifica\u00e7\u00e3o do perigo e determina\u00e7\u00e3o do risco de subst\u00e2ncias qu\u00edmicas. Esta linha de pesquisa tamb\u00e9m contempla o desenvolvimento de novas tecnologias de testes alternativos aos testes com animais, que possam ser aplicados no processo de desenvolvimento de produtos e contribuam, assim, para a sustentabilidade de produtos.<\/p>\n<p style=\"text-align: justify\"><strong>Assuntos<\/strong>: Bioprospec\u00e7\u00e3o; identifica\u00e7\u00e3o de recursos gen\u00e9ticos com potencial biotecnol\u00f3gico; (eco)toxicologia ambiental; avalia\u00e7\u00e3o de genotoxicidade e danos ao DNA; monitoramento ambiental e avalia\u00e7\u00e3o de risco de subst\u00e2ncias e produtos; identifica\u00e7\u00e3o de marcadores moleculares para respostas de (eco)toxicidade; desenvolvimento de novas metodologias alternativas ao uso de experimenta\u00e7\u00e3o animal.<\/p>\n<p style=\"text-align: justify\"><img loading=\"lazy\" decoding=\"async\" class=\"alignnone size-full wp-image-1790\" src=\"https:\/\/bio.ufpr.br\/ppggenetica\/wp-content\/uploads\/sites\/54\/2021\/02\/t5.png\" alt=\"t5\" width=\"1119\" height=\"76\" srcset=\"https:\/\/bio.ufpr.br\/ppggenetica\/wp-content\/uploads\/sites\/54\/2021\/02\/t5.png 1119w, https:\/\/bio.ufpr.br\/ppggenetica\/wp-content\/uploads\/sites\/54\/2021\/02\/t5-300x20.png 300w, https:\/\/bio.ufpr.br\/ppggenetica\/wp-content\/uploads\/sites\/54\/2021\/02\/t5-768x52.png 768w, https:\/\/bio.ufpr.br\/ppggenetica\/wp-content\/uploads\/sites\/54\/2021\/02\/t5-1024x70.png 1024w\" sizes=\"auto, (max-width: 1119px) 100vw, 1119px\" \/><\/p>\n<p style=\"text-align: justify\">\u00a0 \u00a0 \u00a0 \u00a0Busca promover o diagn\u00f3stico de dificuldades de ensino, desenvolvimento e avalia\u00e7\u00e3o de recursos educacionais (did\u00e1ticos, computacionais e estrat\u00e9gias de divulga\u00e7\u00e3o) que sejam capazes de tornar a Ci\u00eancia mais interessante e relacionada com a sociedade. Seus resultados visam despertar a curiosidade e interesse da sociedade pelos fen\u00f4menos naturais que nos cercam e pelos produtos e servi\u00e7os tecnol\u00f3gicos que derivam do desenvolvimento cient\u00edfico.<\/p>\n<p style=\"text-align: justify\"><strong>Assuntos<\/strong>: M\u00e9todo cient\u00edfico e populariza\u00e7\u00e3o da ci\u00eancia; recursos did\u00e1ticos para o ensino da Gen\u00e9tica e biotecnologias; novas estrat\u00e9gias de ensino; metodologias de ensino<\/p>\n","protected":false},"excerpt":{"rendered":"<p>O programa tem como \u00e1rea de concentra\u00e7\u00e3o a Gen\u00e9tica e conta com cinco linhas de pesquisa: \u00a0 \u00a0 \u00a0 \u00a0Estudo estrutural e funcional de variantes [&hellip;]<\/p>\n","protected":false},"author":6,"featured_media":0,"parent":0,"menu_order":0,"comment_status":"closed","ping_status":"closed","template":"","meta":{"_acf_changed":false,"_monsterinsights_skip_tracking":false,"_monsterinsights_sitenote_active":false,"_monsterinsights_sitenote_note":"","_monsterinsights_sitenote_category":0,"footnotes":""},"class_list":["post-1650","page","type-page","status-publish","hentry"],"acf":[],"_links":{"self":[{"href":"https:\/\/bio.ufpr.br\/ppggenetica\/wp-json\/wp\/v2\/pages\/1650","targetHints":{"allow":["GET"]}}],"collection":[{"href":"https:\/\/bio.ufpr.br\/ppggenetica\/wp-json\/wp\/v2\/pages"}],"about":[{"href":"https:\/\/bio.ufpr.br\/ppggenetica\/wp-json\/wp\/v2\/types\/page"}],"author":[{"embeddable":true,"href":"https:\/\/bio.ufpr.br\/ppggenetica\/wp-json\/wp\/v2\/users\/6"}],"replies":[{"embeddable":true,"href":"https:\/\/bio.ufpr.br\/ppggenetica\/wp-json\/wp\/v2\/comments?post=1650"}],"version-history":[{"count":4,"href":"https:\/\/bio.ufpr.br\/ppggenetica\/wp-json\/wp\/v2\/pages\/1650\/revisions"}],"predecessor-version":[{"id":3933,"href":"https:\/\/bio.ufpr.br\/ppggenetica\/wp-json\/wp\/v2\/pages\/1650\/revisions\/3933"}],"wp:attachment":[{"href":"https:\/\/bio.ufpr.br\/ppggenetica\/wp-json\/wp\/v2\/media?parent=1650"}],"curies":[{"name":"wp","href":"https:\/\/api.w.org\/{rel}","templated":true}]}}