{"id":1682,"date":"2021-02-01T14:15:32","date_gmt":"2021-02-01T16:15:32","guid":{"rendered":"https:\/\/bio.ufpr.br\/ppggenetica\/?page_id=1682"},"modified":"2026-05-07T08:12:58","modified_gmt":"2026-05-07T11:12:58","slug":"matriculas-e-grade-de-horarios","status":"publish","type":"page","link":"https:\/\/bio.ufpr.br\/ppggenetica\/matriculas-e-grade-de-horarios\/","title":{"rendered":"Matr\u00edculas e Grade de Hor\u00e1rios"},"content":{"rendered":"<p style=\"text-align: center\"><span style=\"color: #000080\"><strong>ALUNOS INGRESSANTES NO PPG-GEN AP\u00d3S PROCESSO SELETIVO:<\/strong><\/span><\/p>\n<p style=\"text-align: justify\">Segue abaixo o rol de documentos necess\u00e1rios para a <span class=\"m_-6113092715039029634gmail-il\">matr\u00edcula<\/span>\u00a0(enviar os documentos para a secretaria do programa via e-mail ppg-gen@ufpr.br):<\/p>\n<div style=\"text-align: justify\"><strong>a)<\/strong> Uma foto 3\u00d74 <span style=\"text-decoration: underline\">com fundo branco<\/span>;<\/div>\n<div style=\"text-align: justify\"><strong>b)<\/strong> Mestrado: c\u00f3pia do diploma ou certificado de conclus\u00e3o de curso de gradua\u00e7\u00e3o \/ Doutorado: c\u00f3pia do diploma ou documento comprobat\u00f3rio de conclus\u00e3o do Mestrado em Curso reconhecido pela CAPES;<\/div>\n<div style=\"text-align: justify\"><strong>c)<\/strong> Mestrado: hist\u00f3rico escolar da Gradua\u00e7\u00e3o \/ Doutorado: hist\u00f3rico escolar do Mestrado;<\/div>\n<div style=\"text-align: justify\"><strong>d)<\/strong> Documentos pessoais: c\u00f3pia da carteira de identidade, do CPF e da certid\u00e3o de nascimento ou de casamento e, se for estrangeiro, c\u00f3pia da folha de identifica\u00e7\u00e3o do passaporte com visto de perman\u00eancia no pa\u00eds;<\/div>\n<div style=\"text-align: justify\"><strong>f)<\/strong> Comprovante de resid\u00eancia.<\/div>\n<div><\/div>\n<div><\/div>\n<p style=\"text-align: justify\">Depois da entrega dos documentos na secretaria do Programa (via e-mail <span style=\"color: #000080\">ppg-gen@ufpr.br<\/span>), todos dever\u00e3o fazer as matr\u00edculas nas disciplinas atrav\u00e9s do Sistema de Gest\u00e3o Acad\u00eamica da P\u00f3s-Gradua\u00e7\u00e3o (SIGA) em:\u00a0<a href=\"http:\/\/www.prppg.ufpr.br\/siga\/\" target=\"_blank\" rel=\"noopener noreferrer\">http:\/\/www.prppg.ufpr.br\/siga\/<\/a><\/p>\n<p style=\"text-align: center\"><span style=\"color: #000080\"><strong>DISCIPLINAS ISOLADAS: M\u00c1TRICULAS PARA DISCENTES DE OUTROS PROGRAMAS DA UFPR<\/strong>\u00a0<\/span><\/p>\n<p style=\"text-align: justify\">Enviar solicita\u00e7\u00e3o de matr\u00edcula para\u00a0<a href=\"mailto:ppg-gen@ufpr.br\">ppg-gen@ufpr.br<\/a> com declara\u00e7\u00e3o de matr\u00edcula <span style=\"text-decoration: underline\">atualizada<\/span> e documentos de RG e CPF, todos frente e verso e <span style=\"text-decoration: underline\">em arquivos no formato PDF<\/span> (sujeito a disponibilidade e m\u00e1ximo de 2 disciplinas).<\/p>\n<p>\u2013 Ser\u00e3o confirmadas ap\u00f3s a conclus\u00e3o das matr\u00edculas de discentes\u00a0do PPG-GEN.<\/p>\n<p style=\"text-align: center\"><span style=\"color: #000080\"><strong>DISCIPLINAS ISOLADAS: M\u00c1TRICULAS PARA DISCENTES EXTERNOS<\/strong><\/span><\/p>\n<p style=\"text-align: justify\">Enviar solicita\u00e7\u00e3o de matr\u00edcula para\u00a0<a href=\"mailto:ppg-gen@ufpr.br\">ppg-gen@ufpr.br<\/a> com c\u00f3pia do diploma do \u00faltimo grau acad\u00eamico e documentos de RG e CPF, todos frente e verso e <span style=\"text-decoration: underline\">em arquivos no formato PDF<\/span> (sujeito a disponibilidade e m\u00e1ximo de 2 disciplinas).<\/p>\n<p>\u2013 Ser\u00e3o confirmadas ap\u00f3s a conclus\u00e3o das matr\u00edculas de discentes do PPG-GEN.<\/p>\n<h3 style=\"text-align: center\"><span style=\"color: #000080\"><strong>GRADE HOR\u00c1RIA &#8211; 2026.1<\/strong><\/span><\/h3>\n<h3 style=\"text-align: center\"><strong>Clique\u00a0 \u00a0 \u00a0<a href=\"https:\/\/bio.ufpr.br\/ppggenetica\/wp-content\/uploads\/sites\/54\/2026\/05\/grade-horaria-de-disciplinas-ppg-gen-2026-1-v5.pdf\"><span style=\"color: #ff0000\">AQUI<\/span><\/a> para acessar a Grade Hor\u00e1ria do PPG-GEN_2026.1<\/strong><\/h3>\n<p style=\"text-align: justify\"><strong>Ingressantes no mestrado em 2025:<\/strong><br \/>\n&#8211; A matr\u00edcula na disciplina GENE7052_Reda\u00e7\u00e3o Cient\u00edfica II ser\u00e1 realizada pela Secretaria do PPG. Para as demais disciplinas, as matr\u00edculas devem ser realizadas diretamente pelo SIGA discente.<\/p>\n<p style=\"text-align: justify\"><strong>Ingressantes no mestrado em 2026:<\/strong><br \/>\n&#8211; A matr\u00edcula na disciplina GENE7046_Reda\u00e7\u00e3o Cient\u00edfica I ser\u00e1 realizada pela Secretaria do PPG. Para as demais disciplinas, as matr\u00edculas devem ser realizadas diretamente pelo SIGA discente.<\/p>\n<p><strong>\u21d2 ATEN\u00c7\u00c3O \u21d0<\/strong><br \/>\nA disciplina <strong><span style=\"color: #808080\">GENE7052_Reda\u00e7\u00e3o Cient\u00edfica II<\/span><\/strong> \u00e9 destinada a discentes do segundo ano do mestrado (obrigat\u00f3ria) e discentes do doutorado (eletiva e sujeito a disponibilidade de vagas). Discentes ingressantes em 2026 ser\u00e3o matriculados apenas na disciplina <strong><span style=\"color: #808080\">GENE7046_Reda\u00e7\u00e3o Cient\u00edfica I<\/span><\/strong>.<\/p>\n","protected":false},"excerpt":{"rendered":"<p>ALUNOS INGRESSANTES NO PPG-GEN AP\u00d3S PROCESSO SELETIVO: Segue abaixo o rol de documentos necess\u00e1rios para a matr\u00edcula\u00a0(enviar os documentos para a secretaria do programa via [&hellip;]<\/p>\n","protected":false},"author":6,"featured_media":0,"parent":0,"menu_order":0,"comment_status":"closed","ping_status":"closed","template":"","meta":{"_acf_changed":false,"_monsterinsights_skip_tracking":false,"_monsterinsights_sitenote_active":false,"_monsterinsights_sitenote_note":"","_monsterinsights_sitenote_category":0,"footnotes":""},"class_list":["post-1682","page","type-page","status-publish","hentry"],"acf":[],"_links":{"self":[{"href":"https:\/\/bio.ufpr.br\/ppggenetica\/wp-json\/wp\/v2\/pages\/1682","targetHints":{"allow":["GET"]}}],"collection":[{"href":"https:\/\/bio.ufpr.br\/ppggenetica\/wp-json\/wp\/v2\/pages"}],"about":[{"href":"https:\/\/bio.ufpr.br\/ppggenetica\/wp-json\/wp\/v2\/types\/page"}],"author":[{"embeddable":true,"href":"https:\/\/bio.ufpr.br\/ppggenetica\/wp-json\/wp\/v2\/users\/6"}],"replies":[{"embeddable":true,"href":"https:\/\/bio.ufpr.br\/ppggenetica\/wp-json\/wp\/v2\/comments?post=1682"}],"version-history":[{"count":64,"href":"https:\/\/bio.ufpr.br\/ppggenetica\/wp-json\/wp\/v2\/pages\/1682\/revisions"}],"predecessor-version":[{"id":4337,"href":"https:\/\/bio.ufpr.br\/ppggenetica\/wp-json\/wp\/v2\/pages\/1682\/revisions\/4337"}],"wp:attachment":[{"href":"https:\/\/bio.ufpr.br\/ppggenetica\/wp-json\/wp\/v2\/media?parent=1682"}],"curies":[{"name":"wp","href":"https:\/\/api.w.org\/{rel}","templated":true}]}}