{"id":1691,"date":"2021-02-01T14:17:04","date_gmt":"2021-02-01T16:17:04","guid":{"rendered":"https:\/\/bio.ufpr.br\/ppggenetica\/?page_id=1691"},"modified":"2026-04-13T10:46:15","modified_gmt":"2026-04-13T13:46:15","slug":"formularios-e-manual-do-aluno","status":"publish","type":"page","link":"https:\/\/bio.ufpr.br\/ppggenetica\/formularios-e-manual-do-aluno\/","title":{"rendered":"Formul\u00e1rios"},"content":{"rendered":"<hr \/>\n<p style=\"text-align: center\"><span style=\"color: #000080\"><strong>FORMUL\u00c1RIOS, MODELOS DE DOCUMENTOS e ORIENTA\u00c7\u00d5ES GERAIS<\/strong><\/span><\/p>\n<hr \/>\n<p style=\"text-align: justify\"><a href=\"https:\/\/bio.ufpr.br\/ppggenetica\/wp-content\/uploads\/sites\/54\/2022\/05\/template_projeto.docx\"><strong><span style=\"color: #333399\">Modelo Projeto de Mestrado e Doutorado<\/span><\/strong><\/a><br \/>\n&#8211;<br \/>\n<a href=\"https:\/\/bio.ufpr.br\/ppggenetica\/wp-content\/uploads\/sites\/54\/2023\/09\/Relat\u00f3rio-de-Doutorado.pdf\"><strong><span style=\"color: #333399\">Modelo Relat\u00f3rio de Doutorado<\/span><\/strong><\/a><br \/>\n&#8211;<br \/>\n<span style=\"color: #333399\"><strong>Formul\u00e1rio de Solicita\u00e7\u00e3o de Defesa de Mestrado (<span style=\"color: #329942\">Reg. Novo<\/span>)<\/strong><\/span><br \/>\n<a href=\"https:\/\/bio.ufpr.br\/ppggenetica\/wp-content\/uploads\/sites\/54\/2024\/03\/Solicitacao-de-Defesa-de-Mestrado.docx\"><span style=\"color: #333399\"><strong>Formul\u00e1rio de Solicita\u00e7\u00e3o de Defesa de Mestrado (<span style=\"color: #993232\">Reg. Antigo<\/span>)<\/strong><\/span><\/a><br \/>\n<span style=\"color: #333399\"><strong>Formul\u00e1rio de Solicita\u00e7\u00e3o de Exame de Qualifica\u00e7\u00e3o de Doutorado (<span style=\"color: #329942\">Reg. Novo<\/span>)<\/strong><\/span><br \/>\n<span style=\"color: #333399\"><strong><a style=\"color: #333399\" href=\"https:\/\/bio.ufpr.br\/ppggenetica\/wp-content\/uploads\/sites\/54\/2024\/03\/Solicitacao-de-Exame-de-Qualificacao-de-Doutorado.docx\">Formul\u00e1rio de Solicita\u00e7\u00e3o de Exame de Qualifica\u00e7\u00e3o de Doutorado (<span style=\"color: #993232\">Reg. Antigo<\/span>)<\/a><br \/>\n<\/strong><\/span><span style=\"color: #333399\"><strong>Formul\u00e1rio de Solicita\u00e7\u00e3o de Defesa de Doutorado (<span style=\"color: #329942\">Reg. Novo<\/span>)<\/strong><\/span><br \/>\n<span style=\"color: #333399\"><strong><a style=\"color: #333399\" href=\"https:\/\/bio.ufpr.br\/ppggenetica\/wp-content\/uploads\/sites\/54\/2024\/03\/Solicitacao-de-Defesa-de-Doutorado.docx\">Formul\u00e1rio de Solicita\u00e7\u00e3o de Defesa de Doutorado (<span style=\"color: #993232\">Reg. Antigo<\/span>)<\/a><\/strong><\/span><br \/>\n\u21d2 Os formul\u00e1rios de solicita\u00e7\u00e3o de <em>exame de qualifica\u00e7\u00e3o de doutorado<\/em> e <em>defesa de mestrado\/doutorado<\/em> devem ser enviados \u00e0 Secretaria, por e-mail e em formato .pdf, para a devida aprova\u00e7\u00e3o da data e da banca pelo Colegiado do PPG-GEN. Os documentos devem estar totalmente preenchidos e assinados pelo\/a orientador\/a. As solicita\u00e7\u00f5es devem ser feitas, tamb\u00e9m, via SIGA. Em caso de d\u00favidas, entre em contato com a Secretaria.<br \/>\n&#8211;<br \/>\n<a href=\"https:\/\/bio.ufpr.br\/ppggenetica\/wp-content\/uploads\/sites\/54\/2021\/02\/Plano-de-Trabalho_Pr\u00e1tica-de-Doc\u00eancia-I-e-II.docx\"><strong><span style=\"color: #333399\">Plano de Trabalho Pr\u00e1tica de Doc\u00eancia I e II<\/span><\/strong><\/a><br \/>\n&#8211;<br \/>\n<a href=\"https:\/\/bio.ufpr.br\/ppggenetica\/wp-content\/uploads\/sites\/54\/2021\/02\/Relat\u00f3rio-Final_Pr\u00e1tica-de-Doc\u00eancia-I-e-II-1.docx\"><strong><span style=\"color: #333399\">Relat\u00f3rio Final Pr\u00e1tica de Doc\u00eancia I e II<\/span><\/strong><\/a><br \/>\n&#8211;<br \/>\n<a href=\"https:\/\/bio.ufpr.br\/ppggenetica\/wp-content\/uploads\/sites\/54\/2024\/04\/Plano-de-Curso_Mestrado-e-Doutorado.docx\"><strong><span style=\"color: #333399\">Plano de Curso_Mestrado e Doutorado<\/span><\/strong><\/a><br \/>\n&#8211;<br \/>\n<a href=\"https:\/\/bio.ufpr.br\/ppggenetica\/wp-content\/uploads\/sites\/54\/2026\/03\/modelo-formulario-in-no-10-2025-atividades-complementares-em-pesquisa-i-e-ii.docx\"><strong><span style=\"color: #333399\">Formul\u00e1rio de Solicita\u00e7\u00e3o de Cr\u00e9ditos Atividades Complementares em Pesquisa I e II<br \/>\n<\/span><\/strong><\/a>&#8211;<br \/>\n<a href=\"https:\/\/bio.ufpr.br\/ppggenetica\/wp-content\/uploads\/sites\/54\/2024\/03\/Carta-de-Ciencia-de-Coorientacao.docx\"><strong><span style=\"color: #333399\">Carta de Ci\u00eancia de Coorienta\u00e7\u00e3o<\/span><\/strong><\/a><br \/>\n&#8211;<br \/>\n<a href=\"https:\/\/bio.ufpr.br\/ppggenetica\/wp-content\/uploads\/sites\/54\/2026\/03\/termo_de_ciencia_pos_doc_ppg-gen.pdf\"><strong><span style=\"color: #333399\">Termo de Ci\u00eancia para Ingresso em P\u00f3s-Doutorado<\/span><\/strong><\/a><br \/>\n<a href=\"https:\/\/bio.ufpr.br\/ppggenetica\/wp-content\/uploads\/sites\/54\/2026\/03\/comunicacao_de_encerramento_pos_doc_ppg-gen.pdf\"><strong><span style=\"color: #333399\">Notifica\u00e7\u00e3o de Encerramento de P\u00f3s-Doutorado<\/span><\/strong><\/a><br \/>\n&#8211;<br \/>\n<a href=\"https:\/\/bio.ufpr.br\/ppggenetica\/wp-content\/uploads\/sites\/54\/2026\/03\/manual-siga-discente-emissao-de-documentos-e-matricula-em-disciplinas.pdf\"><strong><span style=\"color: #333399\">Manual de Utiliza\u00e7\u00e3o SIGA<\/span><\/strong><\/a><br \/>\n&#8211;<br \/>\n<a href=\"https:\/\/sistemas.ufpr.br\/public\/solicitar-email\"><strong><span style=\"color: #333399\">Solicita\u00e7\u00e3o de login e e-mail institucional @UFPR.BR<\/span><\/strong><\/a><\/p>\n<hr \/>\n<p style=\"text-align: center\"><span style=\"color: #333399\"><strong>Homologa\u00e7\u00e3o de T\u00edtulo<\/strong><\/span><\/p>\n<p style=\"text-align: justify\">A solicita\u00e7\u00e3o de homologa\u00e7\u00e3o do t\u00edtulo \u00e9 de responsabilidade do(a) discente concluinte. Assim, uma vez cumpridos os requisitos estabelecidos no <a href=\"https:\/\/bio.ufpr.br\/ppggenetica\/regimento\/\"><span style=\"color: #3366ff\">Regimento Interno do PPG-GEN<\/span><\/a>, cabe ao(\u00e0) discente encaminhar \u00e0 secretaria do Programa o pedido de homologa\u00e7\u00e3o do t\u00edtulo pelo Colegiado.<\/p>\n<p style=\"text-align: justify\">De modo an\u00e1logo \u00e0 cola\u00e7\u00e3o de grau nos cursos de gradua\u00e7\u00e3o, a homologa\u00e7\u00e3o do t\u00edtulo pelo Colegiado constitui o ato formal que oficializa a conclus\u00e3o do curso de mestrado ou doutorado. A simples defesa da disserta\u00e7\u00e3o ou tese, por si s\u00f3, n\u00e3o assegura a concess\u00e3o do grau de p\u00f3s-gradua\u00e7\u00e3o.<\/p>\n<hr \/>\n<p style=\"text-align: center\"><span style=\"color: #333399\"><strong>Processo de Emiss\u00e3o de Diplomas<\/strong><\/span><\/p>\n<table style=\"height: 42px;border-color: #000000\" width=\"1225\">\n<tbody>\n<tr style=\"border-color: #000000\">\n<td style=\"text-align: justify;border-color: #000000\" colspan=\"3\">Cumpridos os requisitos previstos no <span style=\"color: #3366ff\"><a style=\"color: #3366ff\" href=\"https:\/\/bio.ufpr.br\/ppggenetica\/regimento\/\">Regimento Interno<\/a><\/span> e homologado o t\u00edtulo pelo Colegiado do PPG-GEN, o diploma poder\u00e1 ser solicitado \u00e0 unidade respons\u00e1vel da Propg. Confira abaixo a documenta\u00e7\u00e3o necess\u00e1ria que deve ser entregue \u00e0 secretaria do Programa para cada titula\u00e7\u00e3o.<\/td>\n<\/tr>\n<tr style=\"border-color: #000000\">\n<td style=\"border-color: #000000;text-align: center\"><span style=\"color: #333399\">Emiss\u00e3o do Diploma de Mestrado<\/span><\/td>\n<td style=\"border-color: #000000;text-align: center\"><strong><span style=\"color: #333399\">|<\/span><\/strong><\/td>\n<td style=\"border-color: #000000;text-align: center\"><span style=\"color: #333399\">Emiss\u00e3o do Diploma de Doutorado<\/span><\/td>\n<\/tr>\n<tr style=\"border-color: #000000\">\n<td style=\"text-align: justify;border-color: #000000\">&#8211; Diploma de Gradua\u00e7\u00e3o<br \/>\n&#8211; Documentos Pessoais (RG \/ CPF \/ Certid\u00e3o de Nascimento)<br \/>\n&#8211; Certid\u00e3o Negativa de D\u00e9bitos com a Biblioteca (atualizada)<\/td>\n<td style=\"text-align: justify;border-color: #000000\">\n<p style=\"text-align: center\"><strong>|<\/strong><br \/>\n<strong>|<\/strong><br \/>\n<strong>|<\/strong><br \/>\n<strong>|<\/strong><br \/>\n<strong>|<\/strong><\/p>\n<\/td>\n<td style=\"text-align: justify;border-color: #000000\">&#8211; Diploma de Gradua\u00e7\u00e3o<br \/>\n&#8211; Diploma de Mestrado<br \/>\n&#8211; Documentos Pessoais (RG \/ CPF \/ Certid\u00e3o de Nascimento)<br \/>\n&#8211; Certid\u00e3o Negativa de D\u00e9bitos com a Biblioteca (atualizada)<\/td>\n<\/tr>\n<\/tbody>\n<\/table>\n<p>&nbsp;<\/p>\n<p>&nbsp;<\/p>\n","protected":false},"excerpt":{"rendered":"<p>FORMUL\u00c1RIOS, MODELOS DE DOCUMENTOS e ORIENTA\u00c7\u00d5ES GERAIS Modelo Projeto de Mestrado e Doutorado &#8211; Modelo Relat\u00f3rio de Doutorado &#8211; Formul\u00e1rio de Solicita\u00e7\u00e3o de Defesa de [&hellip;]<\/p>\n","protected":false},"author":6,"featured_media":0,"parent":0,"menu_order":0,"comment_status":"closed","ping_status":"closed","template":"","meta":{"_acf_changed":false,"_monsterinsights_skip_tracking":false,"_monsterinsights_sitenote_active":false,"_monsterinsights_sitenote_note":"","_monsterinsights_sitenote_category":0,"footnotes":""},"class_list":["post-1691","page","type-page","status-publish","hentry"],"acf":[],"_links":{"self":[{"href":"https:\/\/bio.ufpr.br\/ppggenetica\/wp-json\/wp\/v2\/pages\/1691","targetHints":{"allow":["GET"]}}],"collection":[{"href":"https:\/\/bio.ufpr.br\/ppggenetica\/wp-json\/wp\/v2\/pages"}],"about":[{"href":"https:\/\/bio.ufpr.br\/ppggenetica\/wp-json\/wp\/v2\/types\/page"}],"author":[{"embeddable":true,"href":"https:\/\/bio.ufpr.br\/ppggenetica\/wp-json\/wp\/v2\/users\/6"}],"replies":[{"embeddable":true,"href":"https:\/\/bio.ufpr.br\/ppggenetica\/wp-json\/wp\/v2\/comments?post=1691"}],"version-history":[{"count":33,"href":"https:\/\/bio.ufpr.br\/ppggenetica\/wp-json\/wp\/v2\/pages\/1691\/revisions"}],"predecessor-version":[{"id":4301,"href":"https:\/\/bio.ufpr.br\/ppggenetica\/wp-json\/wp\/v2\/pages\/1691\/revisions\/4301"}],"wp:attachment":[{"href":"https:\/\/bio.ufpr.br\/ppggenetica\/wp-json\/wp\/v2\/media?parent=1691"}],"curies":[{"name":"wp","href":"https:\/\/api.w.org\/{rel}","templated":true}]}}