{"id":1700,"date":"2021-02-01T14:19:25","date_gmt":"2021-02-01T16:19:25","guid":{"rendered":"https:\/\/bio.ufpr.br\/ppggenetica\/?page_id=1700"},"modified":"2025-12-29T08:25:57","modified_gmt":"2025-12-29T11:25:57","slug":"credenciamento-e-recredenciamento","status":"publish","type":"page","link":"https:\/\/bio.ufpr.br\/ppggenetica\/credenciamento-e-recredenciamento\/","title":{"rendered":"Credenciamento e Recredenciamento"},"content":{"rendered":"<div style=\"text-align: justify\">A Coordena\u00e7\u00e3o do Programa de P\u00f3s-Gradua\u00e7\u00e3o em Gen\u00e9tica (PPG-GEN) da Universidade Federal do Paran\u00e1 torna p\u00fablico o Edital n\u00ba 06\/2025 referente ao processo de credenciamento e recredenciamento docente no PPG-GEN para o ano de 2026.<\/div>\r\n<p><!--more--><\/p>\r\n<div style=\"text-align: justify\">As solicita\u00e7\u00f5es de credenciamento e recredenciamento devem ser encaminhadas para o e-mail da secretaria (ppg-gen@ufpr.br) e o da coordena\u00e7\u00e3o (coordenacaoppgen@gmail.com), no per\u00edodo de 03 a 12 de dezembro de 2025.<\/div>\r\n<p><!--more--><\/p>\r\n<div><a href=\"https:\/\/bio.ufpr.br\/ppggenetica\/wp-content\/uploads\/sites\/54\/2025\/12\/credenciamento-ppg-gen-2.pdf\"><span style=\"color: #3366ff\">Resultado preliminar Edital_06_2025<\/span><\/a><\/div>\r\n<p><span style=\"color: #3366ff\"><!--more--><\/span><\/p>\r\n<div><a href=\"https:\/\/bio.ufpr.br\/ppggenetica\/wp-content\/uploads\/sites\/54\/2025\/12\/edital-no-06_2025_recredenciamento_docentes_ppg-gen_-2025.pdf\"><span style=\"color: #3366ff\">Edital n\u00ba 06_2025_(Re)Credenciamento Docente PPG-GEN_ 2026<\/span><\/a><\/div>\r\n<p><span style=\"color: #3366ff\"><!--more--><\/span><\/p>\r\n<div><span style=\"color: #3366ff\"><a style=\"color: #3366ff\" href=\"https:\/\/bio.ufpr.br\/ppggenetica\/wp-content\/uploads\/sites\/54\/2025\/12\/in-01-2025-ppg-gen-credenciamento-docente-1.pdf\">Instru\u00e7\u00e3o Normativa n\u00ba 01\/2025 &#8211; Credenciamento Docente PPG-GEN<\/a><\/span><\/div>\r\n<p><span style=\"color: #3366ff\"><!--more--><\/span><\/p>\r\n<div><span style=\"color: #3366ff\"><a style=\"color: #3366ff\" href=\"https:\/\/bio.ufpr.br\/ppggenetica\/wp-content\/uploads\/sites\/54\/2025\/12\/in-02-2025-ppg-gen-recredenciamento-e-descredenciamento-docente-1.pdf\">Instru\u00e7\u00e3o Normativa n\u00ba 02\/2025 &#8211; Recredenciamento Docente PPG-GEN<\/a><\/span><\/div>\r\n<p><span style=\"color: #3366ff\"><!--more--><\/span><\/p>\r\n<div><span style=\"color: #3366ff\"><a style=\"color: #3366ff\" href=\"https:\/\/bio.ufpr.br\/ppggenetica\/wp-content\/uploads\/sites\/54\/2025\/12\/credenciamento-docente-ppg-gen_2026.xlsx\">Planilha_Credenciamento Docente PPG-GEN_2026<\/a><\/span><\/div>\r\n<p><span style=\"color: #3366ff\"><!--more--><\/span><\/p>\r\n<div><span style=\"color: #3366ff\"><a style=\"color: #3366ff\" href=\"https:\/\/bio.ufpr.br\/ppggenetica\/wp-content\/uploads\/sites\/54\/2025\/12\/recredenciamento-docente-ppg-gen_2026.xlsx\">Planilha_Recredenciamento Docente PPG-GEN_2026<\/a><\/span><!--more--><\/div>\r\n\r\n\r\n","protected":false},"excerpt":{"rendered":"<p>A Coordena\u00e7\u00e3o do Programa de P\u00f3s-Gradua\u00e7\u00e3o em Gen\u00e9tica (PPG-GEN) da Universidade Federal do Paran\u00e1 torna p\u00fablico o Edital n\u00ba 06\/2025 referente ao processo de credenciamento [&hellip;]<\/p>\n","protected":false},"author":6,"featured_media":0,"parent":0,"menu_order":0,"comment_status":"closed","ping_status":"closed","template":"","meta":{"_acf_changed":false,"_monsterinsights_skip_tracking":false,"_monsterinsights_sitenote_active":false,"_monsterinsights_sitenote_note":"","_monsterinsights_sitenote_category":0,"footnotes":""},"class_list":["post-1700","page","type-page","status-publish","hentry"],"acf":[],"_links":{"self":[{"href":"https:\/\/bio.ufpr.br\/ppggenetica\/wp-json\/wp\/v2\/pages\/1700","targetHints":{"allow":["GET"]}}],"collection":[{"href":"https:\/\/bio.ufpr.br\/ppggenetica\/wp-json\/wp\/v2\/pages"}],"about":[{"href":"https:\/\/bio.ufpr.br\/ppggenetica\/wp-json\/wp\/v2\/types\/page"}],"author":[{"embeddable":true,"href":"https:\/\/bio.ufpr.br\/ppggenetica\/wp-json\/wp\/v2\/users\/6"}],"replies":[{"embeddable":true,"href":"https:\/\/bio.ufpr.br\/ppggenetica\/wp-json\/wp\/v2\/comments?post=1700"}],"version-history":[{"count":24,"href":"https:\/\/bio.ufpr.br\/ppggenetica\/wp-json\/wp\/v2\/pages\/1700\/revisions"}],"predecessor-version":[{"id":4094,"href":"https:\/\/bio.ufpr.br\/ppggenetica\/wp-json\/wp\/v2\/pages\/1700\/revisions\/4094"}],"wp:attachment":[{"href":"https:\/\/bio.ufpr.br\/ppggenetica\/wp-json\/wp\/v2\/media?parent=1700"}],"curies":[{"name":"wp","href":"https:\/\/api.w.org\/{rel}","templated":true}]}}