{"id":1720,"date":"2021-02-01T14:22:31","date_gmt":"2021-02-01T16:22:31","guid":{"rendered":"https:\/\/bio.ufpr.br\/ppggenetica\/?page_id=1720"},"modified":"2021-07-20T12:24:17","modified_gmt":"2021-07-20T15:24:17","slug":"dissertacoes-defendidas","status":"publish","type":"page","link":"https:\/\/bio.ufpr.br\/ppggenetica\/dissertacoes-defendidas\/","title":{"rendered":"Disserta\u00e7\u00f5es defendidas"},"content":{"rendered":"<p>Todas as Disserta\u00e7\u00f5es defendidas no PPG-GEN est\u00e3o dispon\u00edveis no formato digital e podem ser acessas na p\u00e1gina da Biblioteca atrav\u00e9s do link\u00a0<a href=\"https:\/\/acervodigital.ufpr.br\/handle\/1884\/39637\">https:\/\/acervodigital.ufpr.br\/handle\/1884\/39637<\/a><\/p>\n<table class=\" aligncenter\" style=\"height: 10270px\" width=\"680\">\n<tbody>\n<tr>\n<td colspan=\"2\" width=\"671\">\n<h1 style=\"text-align: center\"><strong><u>2020<\/u><\/strong><\/h1>\n<\/td>\n<\/tr>\n<tr>\n<td width=\"340\">\n<p><strong>\u00a0 \u00a0 \u00a0 \u00a0 \u00a0 \u00a0 \u00a0 \u00a0 ANA FL\u00c1VIA KOHLER<\/strong><\/p>\n<p>Data De Defesa: 27\/03\/2020<\/p>\n<p>Orienta\u00e7\u00e3o: Dra. Daniela Fiori Gradia<\/p>\n<p>Coorienta\u00e7\u00e3o: Dra. Karin Braum<\/p>\n<p>DISSERTA\u00c7\u00c3O: O IMPACTO FUNCIONAL DE UMA VARIANTE GEN\u00c9TICA EM S\u00cdTIO DE LIGA\u00c7\u00c3O A MICRORNAS EM MDM4, UM GENE ASSOCIADO AO C\u00c2NCER DE MAMA<\/td>\n<td width=\"331\">\n<p>&nbsp;<\/p>\n<p><strong>\u00a0 \u00a0 \u00a0 \u00a0 \u00a0 \u00a0 \u00a0BEATRIZ MARQUES ASSAD<\/strong><\/p>\n<p>Data De Defesa: 20\/03\/2020<\/p>\n<p>Orienta\u00e7\u00e3o: Dra. Chirlei Glienke<\/p>\n<p>Coorienta\u00e7\u00e3o: Dr. Edvaldo Da Silva Trindade; Dra. Stellee Marcela Petris Biscaia<\/p>\n<p>DISSERTA\u00c7\u00c3O: BIOPROSPEC\u00c7\u00c3O DE ACTINOBACT\u00c9RIAS ENDOF\u00cdTICAS DA PLANTA HYMENACHNE AMPLEXICAULIS PROVENIENTES DO PANTANAL SUL- MATOGROSSENSE<\/td>\n<\/tr>\n<tr>\n<td width=\"340\">\n<p><strong>\u00a0 \u00a0 \u00a0 \u00a0 \u00a0 BERNARDO ZOEHLER<\/strong><\/p>\n<p>Data De Defesa:\u00a0 09\/04\/2020<\/p>\n<p>Orienta\u00e7\u00e3o: Dra. Maria da Gra\u00e7a Bicalho<\/p>\n<p>DISSERTA\u00c7\u00c3O: AN\u00c1LISE COMPARATIVA DA EXPRESS\u00c3O DE HLA-G EM C\u00c9LULAS-TRONCO MESENQUIMAIS DE DIFERENTES FONTES<\/td>\n<td width=\"331\">\n<p><strong>\u00a0 \u00a0 \u00a0 BRUNA ALINE DOS SANTOS DE SOUZA<\/strong><\/p>\n<p>Data De Defesa: 11\/03\/2020<\/p>\n<p>Orienta\u00e7\u00e3o: Dr. Iglenir Jo\u00e3o Cavalli<\/p>\n<p>DISSERTA\u00c7\u00c3O: AN\u00c1LISE PROTE\u00d4MICA COMPARATIVA ENTRE OS SUBTIPOS DE\u00a0C\u00c2NCER DE MAMA TRIPLO NEGATIVO E LUMINAL B<\/td>\n<\/tr>\n<tr>\n<td width=\"340\">\n<p><strong>\u00a0 \u00a0 \u00a0 \u00a0 \u00a0 GUILHERME BURGEL<\/strong><\/p>\n<p>Data De Defesa: 28\/05\/2020<\/p>\n<p>Orienta\u00e7\u00e3o: Dra. Vanessa Merlo Kava<\/p>\n<p>Coorienta\u00e7\u00e3o: Dra. Daiani Cristina Savi<\/p>\n<p>DISSERTA\u00c7\u00c3O: IDENTIFICA\u00c7\u00c3O DE DESMODESMUS SP. E CARACTERIZA\u00c7\u00c3O DA SUA\u00a0BIOMASSA EM DIFERENTES CONDI\u00c7\u00d5ES DE CULTIVO.<\/td>\n<td width=\"331\">\n<p><strong>\u00a0 \u00a0 \u00a0 \u00a0 \u00a0 GUILLERMO ORTIZ BRASIL<\/strong><\/p>\n<p>Data De Defesa: 27\/03\/2020<\/p>\n<p style=\"text-align: center\">Orienta\u00e7\u00e3o: Dra. Enilze Maria de S. F. Ribeiro<\/p>\n<p>&nbsp;<\/p>\n<p>DISSERTA\u00c7\u00c3O: AVALIA\u00c7\u00c3O DA EXPRESS\u00c3O DO MIR-142-5P E MIR-150-5P EM CARCINOMAS PRIM\u00c1RIOS DE MAMA DOS SUBTIPOS LUMINAL A E TRIPLO NEGATIVO<\/td>\n<\/tr>\n<tr>\n<td width=\"340\">\n<p><strong>\u00a0 \u00a0 \u00a0 \u00a0IRAINE DUARTE DE SOUZA<\/strong><\/p>\n<p>Data De Defesa: 31\/03\/2020<\/p>\n<p>Orienta\u00e7\u00e3o: Dr. Daniel Pacheco Bruschi<\/p>\n<p>Coorienta\u00e7\u00e3o: Dr. Stenio Eder Vittorazzi<\/p>\n<p>DISSERTA\u00c7\u00c3O: CITOGEN\u00c9TICA COMPARATIVA DO G\u00caNERO PIPA (ANURA, PIPIDAE) E ESTUDO DO DNA SAT\u00c9LITE PCP 190 NOS GENOMAS DE ANUROS<\/p>\n<p>&nbsp;<\/td>\n<td width=\"331\">\n<p><strong>\u00a0 \u00a0 \u00a0 \u00a0ISABELLE CRISTINE PANSOLIN<\/strong><\/p>\n<p>Data De Defesa: 30\/04\/2020<\/p>\n<p>Orienta\u00e7\u00e3o: Dra. Lygia Vitoria Galli Terasawa<\/p>\n<p>Coorienta\u00e7\u00e3o: Dra. Daiani Cristina Savi; Dr. Douglas Adamoski Meira<\/p>\n<p>DISSERTA\u00c7\u00c3O: POTENCIAL DE BACT\u00c9RIAS ENDOF\u00cdTICAS PARA O CONTROLE DE FUNGOS CAUSADORES DA PODRID\u00c3O DE COLMO DO MILHO\u00a0(ZEA MAYS L.)<\/td>\n<\/tr>\n<tr>\n<td width=\"340\">\n<p><strong>\u00a0 \u00a0 \u00a0 \u00a0 \u00a0 \u00a0JOANA DE MOURA GAMA<\/strong><\/p>\n<p>Data De Defesa: 23\/03\/2020<\/p>\n<p>Orienta\u00e7\u00e3o: Dr. Daniel Pacheco Bruschi<\/p>\n<p>Coorienta\u00e7\u00e3o: Dra. Adriana Ludwig<\/p>\n<p>DISSERTA\u00c7\u00c3O: ESTUDO DO CONTE\u00daDO DOS RETROELEMENTOS LINES (LONG INTERSPERSED NUCLEAR ELEMENT) NO GENOMA DE ANUROS<\/p>\n<p>&nbsp;<\/td>\n<td width=\"331\">\n<p><strong>KETELEN MICHELE GUILHERME DE OLIVEIRA<\/strong><\/p>\n<p>Data De Defesa: 31\/03\/2020<\/p>\n<p>Orienta\u00e7\u00e3o: Dra. Daniela Morais Leme<\/p>\n<p>DISSERTA\u00c7\u00c3O: AVALIA\u00c7\u00c3O ECOTOXICOL\u00d3GICA DE TR\u00caS FEN\u00d3IS AMBIENTAIS PELO TESTE DE ALLIUM CEPA E DESENVOLVIMENTO DE FERRAMENTAS DE DIVULGA\u00c7\u00c3O CIENT\u00cdFICA<\/td>\n<\/tr>\n<tr>\n<td width=\"340\">\n<p><strong>\u00a0 \u00a0LET\u00cdCIA BOSLOOPER GON\u00c7ALVES<\/strong><\/p>\n<p>Data De Defesa: 31\/03\/2020<\/p>\n<p>Orienta\u00e7\u00e3o: Dra. Patricia Savio de Ara\u00fajo Souza<\/p>\n<p>DISSERTA\u00c7\u00c3O: ASSOCIA\u00c7\u00c3O ENTRE RES\u00cdDUOS DE AMINO\u00c1CIDOS EM POSI\u00c7\u00d5ES RELEVANTES DA FENDA DE MOL\u00c9CULAS HLA-B E HLA-DR\u00a0COM NEOPLASIA INTRAEPITELIAL CERVICAL<\/p>\n<p>&nbsp;<\/p>\n<p>&nbsp;<\/td>\n<td width=\"331\">\n<p><strong>\u00a0 \u00a0 \u00a0 \u00a0 LUCIANA DE BRITO VARGAS<\/strong><\/p>\n<p>Data De Defesa: 30\/03\/2020<\/p>\n<p>Orienta\u00e7\u00e3o: Dr. Danillo Gardenal Augusto<\/p>\n<p>Coorienta\u00e7\u00e3o: Dra. Marcia Holsbach Beltrame<\/p>\n<p>DISSERTA\u00c7\u00c3O: CONDUZINDO O ESTUDO DE KIR PARA A NOVA GERA\u00c7\u00c3O:<\/p>\n<p>CARACTERIZA\u00c7\u00c3O EM ALTA RESOLU\u00c7\u00c3O DE TODOS OS GENES KIR E DE GENES DE LIGANTES HLA EM POPULA\u00c7\u00d5ES SUL-AMERICANAS<\/p>\n<p>&nbsp;<\/td>\n<\/tr>\n<tr>\n<td width=\"340\">\n<p><strong>\u00a0 \u00a0 \u00a0 \u00a0 \u00a0MA\u00cdRA ALEXANDRE PERES<\/strong><\/p>\n<p>Data De Defesa: 28\/05\/2020<\/p>\n<p>Orienta\u00e7\u00e3o: Dra. Lupe Furtado Alle<\/p>\n<p style=\"text-align: justify\">DISSERTA\u00c7\u00c3O: O MIST\u00c9RIOS DAS CAIXAS PRETAS: UMA PROPOSTA DE ILHA DE RACIONALIDADE PARA O ENSINO DE GEN\u00c9TICA<\/p>\n<\/td>\n<td width=\"331\">\n<p><strong>\u00a0 \u00a0 \u00a0 \u00a0 \u00a0 PALOMA GERLACH RIBAS<\/strong><\/p>\n<p>Data De Defesa: 30\/07\/2020<\/p>\n<p>Orienta\u00e7\u00e3o: Dra. Vanessa Merlo Kava<\/p>\n<p style=\"text-align: justify\">DISSERTA\u00c7\u00c3O: TAXONOMIA DE TETRADESMUS SP. ISOLADO NO PARAN\u00c1 E COMPOSI\u00c7\u00c3O DA SUA BIOMASSA EM DIFERENTES CONCENTRA\u00c7\u00d5ES DE NUTRIENTES<\/p>\n<\/td>\n<\/tr>\n<tr>\n<td width=\"340\">\n<p><strong>\u00a0 \u00a0 \u00a0 \u00a0 \u00a0 \u00a0 RAFAEL DIOGO MARCHI<\/strong><\/p>\n<p>Data De Defesa: 24\/03\/2020<\/p>\n<p>Orienta\u00e7\u00e3o: Dra. Jaqueline Carvalho De Oliveira<\/p>\n<p>Coorienta\u00e7\u00e3o: Dr. Iglenir Jo\u00e3o Cavalli<\/p>\n<p>DISSERTA\u00c7\u00c3O: AN\u00c1LISE DE LNCRNA-SNPS EM C\u00c2NCER DE MAMA: ESTUDO CASO-CONTROLE DO RS527616 EM AQP4-AS1<\/p>\n<p>&nbsp;<\/td>\n<td width=\"331\">\n<p><strong>\u00a0 \u00a0 \u00a0 \u00a0 \u00a0 SILVIA DE SOUZA E SILVA<\/strong><\/p>\n<p>Data De Defesa: 29\/05\/2020<\/p>\n<p>Orienta\u00e7\u00e3o: Dra. Luciane Viater Tureck<\/p>\n<p style=\"text-align: justify\">DISSERTA\u00c7\u00c3O: INVESTIGA\u00c7\u00c3O DA RELA\u00c7\u00c3O ENTRE OS GENES ADRB2 E ADRB3 E O PERFIL METAB\u00d3LICO E ANTROPOM\u00c9TRICO DE CRIAN\u00c7AS E ADOLESCENTES COM SOBREPESO OU OBESO SUBMETIDOS A PROGRAMAS DE EXERC\u00cdCIOS F\u00cdSICOS<\/p>\n<\/td>\n<\/tr>\n<tr>\n<td width=\"340\">\n<p><strong>\u00a0 \u00a0 \u00a0 \u00a0TAIRINE GRAZIELLA ERCOLE<\/strong><\/p>\n<p>Data De Defesa: 27\/03\/2020<\/p>\n<p>Orienta\u00e7\u00e3o: Dra. Lygia Vitoria Galli Terasawa<\/p>\n<p>Coorienta\u00e7\u00e3o: Dra. Daiani Cristina Savi; Dr. Douglas Adamoski Meira<\/p>\n<p>DISSERTA\u00c7\u00c3O: INVESTIGA\u00c7\u00c3O DE ISOLADOS BACTERIANOS VISANDO PRODU\u00c7\u00c3O DE INOCULANTES PARA A CULTURA DO MILHO (ZEA MAYS L.)<\/td>\n<td width=\"331\">\n<p><strong>\u00a0 \u00a0 \u00a0 VANESSA NASCIMENTO KOZAK<\/strong><\/p>\n<p>Data De Defesa: 13\/03\/2020<\/p>\n<p>Orienta\u00e7\u00e3o: Dra. Enilze Maria De S. F. Ribeiro<\/p>\n<p>DISSERTA\u00c7\u00c3O: CARACTERIZA\u00c7\u00c3O CL\u00cdNICA E MOLECULAR DA S\u00cdNDROME DE LYNCH NOS PACIENTES DO HOSPITAL ERASTO GAERTNER<\/p>\n<p>&nbsp;<\/p>\n<p>&nbsp;<\/td>\n<\/tr>\n<tr>\n<td width=\"340\">\n<p><strong>\u00a0 \u00a0 \u00a0 JO\u00c3O PAULO KAZMIERCZAK DE CAMARGO<\/strong><\/p>\n<p>Data De Defesa: 27\/11\/2020<\/p>\n<p>Orienta\u00e7\u00e3o: Dra. Angelica Beate Winter Boldt<\/p>\n<p>DISSERTA\u00c7\u00c3O: REVIS\u00c3O SOBRE VARIANTES CAUSAIS DA DISTROFIA COROIDE AREOLAR CENTRAL E DESCRI\u00c7\u00c3O DE NOVA DISTROFIA OFTALMOL\u00d3GICA<\/td>\n<td width=\"331\"><strong>\u00a0<\/strong><\/td>\n<\/tr>\n<tr>\n<td colspan=\"2\" width=\"671\">\n<h1><strong>\u00a0\u00a0 \u00a0 \u00a0 \u00a0 \u00a0 \u00a0 \u00a0 \u00a0 \u00a0 \u00a0 \u00a0 \u00a0 \u00a0 \u00a0 \u00a0 \u00a0 \u00a0 \u00a0<span style=\"text-decoration: underline\">\u00a02019<\/span><\/strong><\/h1>\n<\/td>\n<\/tr>\n<tr>\n<td width=\"340\">\n<p><strong>\u00a0 \u00a0 \u00a0 \u00a0 \u00a0 \u00a0 \u00a0 \u00a0 PAOLA LUCIO ROSA<\/strong><\/p>\n<p>Data De Defesa: 31\/05\/2019<\/p>\n<p>Orienta\u00e7\u00e3o: Dr. Marcelo Malaghini<\/p>\n<p>DISSERTA\u00c7\u00c3O: IDENTIFICA\u00c7\u00c3O HUMANA E FATORES QUE INFLUENCIAM A DEPOSI\u00c7\u00c3O E RECUPERA\u00c7\u00c3O DE DNA EM AMOSTRAS OBTIDAS POR CONTATO<\/p>\n<p>&nbsp;<\/td>\n<td width=\"331\">\n<p><strong>\u00a0 \u00a0 \u00a0 \u00a0 MICHELLE LOUISE ZATTERA<\/strong><\/p>\n<p>Data De Defesa: 29\/03\/2019<\/p>\n<p>Orienta\u00e7\u00e3o: Dr. Daniel Pacheco Bruschi<\/p>\n<p>Coorienta\u00e7\u00e3o: Dr. Thiago Gazoni<\/p>\n<p style=\"text-align: left\">DISSERTA\u00c7\u00c3O: ORGANIZA\u00c7\u00c3O CROMOSS\u00d4MICA DE DNAS REPETITIVOS NO CARI\u00d3TIPO DE <em>PIPA CARVALHOI<\/em> (ANURA, PIPIDAE)<\/p>\n<\/td>\n<\/tr>\n<tr>\n<td width=\"340\">\n<p><strong>\u00a0 \u00a0 \u00a0RAFAEL ROBERTO KIRSTEN LUIZ<\/strong><\/p>\n<p>Data De Defesa:\u00a0 29\/03\/2019<\/p>\n<p>Orienta\u00e7\u00e3o: Dra. Danielle Malheiros Ferreira<\/p>\n<p>DISSERTA\u00c7\u00c3O: IDENTIFICA\u00c7\u00c3O HUMANA A PARTIR DE LARVAS NECR\u00d3FAGAS EM SITUA\u00c7\u00d5ES DE SIMULA\u00c7\u00c3O DE VIOL\u00caNCIA SEXUAL SEGUIDA DE MORTE<\/p>\n<p>&nbsp;<\/p>\n<p>&nbsp;<\/td>\n<td width=\"331\">\n<p><strong>\u00a0 \u00a0 \u00a0 \u00a0 \u00a0 \u00a0 \u00a0 \u00a0BRENO CESAR PERONI<\/strong><\/p>\n<p>Data De Defesa: 28\/03\/2019<\/p>\n<p>Orienta\u00e7\u00e3o: Dra. Lupe Furtado Alle<\/p>\n<p>Coorienta\u00e7\u00e3o: Dra. Michel Fleith Otuki, Dra. Ana Cl\u00e1udia Bonatto<\/p>\n<p style=\"text-align: justify\">DISSERTA\u00c7\u00c3O: MODULATION OF CHREBP (MLXIPL) GENE EXPRESSION INDUCED BY WHEY PROTEIN CONSUMPTION IN MICE TREATED WITH HIGH REFINED CARBOHYDRATE-CONTAINING DIET<strong>\u00a0<\/strong><\/p>\n<\/td>\n<\/tr>\n<tr>\n<td width=\"340\">\n<p><strong>CLAUDIA MARINA SCHELLIN BECKER<\/strong><\/p>\n<p>Data De Defesa: 28\/03\/2019<\/p>\n<p>Orienta\u00e7\u00e3o: Dra. Danielle Malheiros Ferreira<\/p>\n<p>Coorienta\u00e7\u00e3o: Dr. Marcelo Malaghini e\u00a0\u00a0Dr. Danillo Gardenal Augusto<\/p>\n<p>DISSERTA\u00c7\u00c3O: DIVERSIDADE GEN\u00c9TICA DE POPULA\u00c7\u00d5ES AMER\u00cdNDIAS GUARANI E KAINGANG DO BRASIL BASEADA EM STRS AUTOSS\u00d4MICOS DE APLICA\u00c7\u00c3O FORENSE<\/td>\n<td width=\"331\">\n<p><strong>\u00a0 \u00a0 \u00a0 \u00a0 \u00a0 \u00a0 FELIPE BARRETO GOMES<\/strong><\/p>\n<p>Data De Defesa: 27\/06\/2019<\/p>\n<p>Orienta\u00e7\u00e3o: Dra. Vanessa Merlo Kava<\/p>\n<p>DISSERTA\u00c7\u00c3O:<\/p>\n<p>DESCOLORA\u00c7\u00c3O DE CORANTES DA IND\u00daSTRIA T\u00caXTIL POR ISOLADOS ENDOF\u00cdTICOS DE <em>CURVULARIA LUNATA<\/em><\/p>\n<p>&nbsp;<\/td>\n<\/tr>\n<tr>\n<td width=\"340\">\n<p><strong>\u00a0 \u00a0 \u00a0 \u00a0 \u00a0 EDUARDO DELABIO AUER<\/strong><\/p>\n<p>Data De Defesa: 27\/03\/2019<\/p>\n<p>Orienta\u00e7\u00e3o: Dr. Danillo Gardenal Augusto<\/p>\n<p>Coorienta\u00e7\u00e3o: Dra. Marcia Holsbach Beltrame<\/p>\n<p>DISSERTA\u00c7\u00c3O: VARIA\u00c7\u00c3O DE AUS\u00caNCIA E PRESEN\u00c7A DE GENES KIR EST\u00c1 ASSOCIADA COM HEPATITE B CR\u00d4NICA E COM A PROGRESS\u00c3O PARA O CARCINOMA HEPATOCELULAR NA POPULA\u00c7\u00c3O DO VIETN\u00c3<\/td>\n<td width=\"331\">\n<p><strong>ISADORA DE LOURDES SIGNORINI SOUZA<\/strong><\/p>\n<p>Data De Defesa: 25\/03\/2019<\/p>\n<p>Orienta\u00e7\u00e3o: Dr. Ricardo Lehtonen Rodrigues De Souza<\/p>\n<p>Coorienta\u00e7\u00e3o: Dra. Meire Silva Batistela<\/p>\n<p>DISSERTA\u00c7\u00c3O: VALIDA\u00c7\u00c3O DA EXPRESS\u00c3O DE MIRNAS CIRCULANTES EM SORO DE PACIENTES COM DEM\u00caNCIAS NEURODEGENERATIVAS.<\/td>\n<\/tr>\n<tr>\n<td colspan=\"2\" width=\"671\">\n<h1><strong>\u00a0 \u00a0 \u00a0 \u00a0 \u00a0 \u00a0 \u00a0 \u00a0 \u00a0 \u00a0 \u00a0 \u00a0 \u00a0 \u00a0 \u00a0 \u00a0 \u00a0 \u00a0\u00a0<u> 2018<\/u><\/strong><\/h1>\n<\/td>\n<\/tr>\n<tr>\n<td width=\"340\">\n<p><strong>\u00a0 \u00a0 \u00a0 \u00a0 D\u00c9BORA DE SOUSA LEMOS<\/strong><\/p>\n<p>Data De Defesa: 30\/05\/2018<\/p>\n<p>Orienta\u00e7\u00e3o: Dra. Danielle Malheiros Ferreira<\/p>\n<p>Coorienta\u00e7\u00e3o: Dra. Angelica Beate Winter Boldt; Dr. Gabriel Adelman Cipolla; Dr. Ricardo Lehtonen Rodrigues De Souza<\/p>\n<p>DISSERTA\u00c7\u00c3O: PERFIL DE MICRORNAS CIRCULANTES EM VES\u00cdCULAS EXTRACELULARES NA DOEN\u00c7A CEL\u00cdACA E NA INTOLER\u00c2NCIA \u00c0 LACTOSE<\/td>\n<td width=\"331\">\n<p><strong>STEPHANIE ELISABETH QUADRADO<\/strong><\/p>\n<p>Data De Defesa: 29\/06\/2018<\/p>\n<p>Orienta\u00e7\u00e3o: Dra. Lupe Furtado Alle<\/p>\n<p>Coorienta\u00e7\u00e3o: Dr. Ricardo Lehtonen Rodrigues De Souza<\/p>\n<p>DISSERTA\u00c7\u00c3O: FLU\u00caNCIA VERBAL E PERCEP\u00c7\u00c3O MUSICAL: INVESTIGA\u00c7\u00c3O DA INFLUENCIA DE POLIMORFISMOS EM GENES CANDIDATOS.<\/p>\n<p>&nbsp;<\/td>\n<\/tr>\n<tr>\n<td width=\"340\">\n<p><strong>\u00a0 \u00a0 \u00a0 HELOISA MAGAGNIN BRINCAS<\/strong><\/p>\n<p>Data De Defesa: 29\/03\/2018<\/p>\n<p>Orienta\u00e7\u00e3o: Dra. Enilze Maria De S. F. Ribeiro<\/p>\n<p>Coorienta\u00e7\u00e3o: Dr. Rodrigo Coutinho De Almeida<\/p>\n<p>DISSERTA\u00c7\u00c3O: ESTUDO DE ASSOCIA\u00c7\u00c3O DO POLIMORFISMO RS2910164 NO GENE MIR146A EM PACIENTES PORTADORAS DE CARCINOMA ESPOR\u00c1DICO DE MAMA.<\/td>\n<td width=\"331\">\n<p><strong>\u00a0 \u00a0 \u00a0LEONARDO MALDANER AMORIM<\/strong><\/p>\n<p>Data De Defesa: 29\/03\/2018<\/p>\n<p>Orienta\u00e7\u00e3o: Dr. Danillo Gardenal Augusto<\/p>\n<p>Coorienta\u00e7\u00e3o: Dra. Enilze Maria De S. F. Ribeiro<\/p>\n<p>DISSERTA\u00c7\u00c3O: O POLIMORFISMO DE KIR E SEUS LIGANTES HLA NA SUSCETIBILIDADE AO CARCINOMA MAM\u00c1RIO ESPOR\u00c1DICO<\/td>\n<\/tr>\n<tr>\n<td width=\"340\">\n<p><strong>\u00a0 \u00a0 \u00a0 \u00a0 \u00a0 \u00a0MATHEUS FELIPE PASSOS<\/strong><\/p>\n<p>Data De Defesa: 29\/03\/2018<\/p>\n<p>Orienta\u00e7\u00e3o: Dra. Vanessa Merlo Kava<\/p>\n<p>Coorienta\u00e7\u00e3o: Dra. Lygia Vitoria Galli Terasawa<\/p>\n<p>DISSERTA\u00c7\u00c3O: BIOPROSPEC\u00c7\u00c3O DE MICROALGAS E OBTEN\u00c7\u00c3O DE MUTANTES DE TETRADESMUS OBLIQUUS PARA A PRODU\u00c7\u00c3O DE LIP\u00cdDIOS<\/td>\n<td width=\"331\">\n<p><strong>\u00a0 \u00a0 \u00a0MARIANA DE SOUSA CASTRO DE PAULA<\/strong><\/p>\n<p>Data De Defesa: 28\/03\/2018<\/p>\n<p>Orienta\u00e7\u00e3o: Dr. Danillo Gardenal Augusto<\/p>\n<p>DISSERTA\u00c7\u00c3O: AN\u00c1LISE DA EXPRESS\u00c3O DIFERENCIAL DE ALELOS DOS GENES HLA DE CLASSE II<\/p>\n<p>&nbsp;<\/p>\n<p>&nbsp;<\/td>\n<\/tr>\n<tr>\n<td width=\"340\">\n<p><strong>\u00a0 \u00a0TAMYRES MINGORANCE CARVALHO<\/strong><\/p>\n<p>Data De Defesa: 28\/03\/2018<\/p>\n<p>Orienta\u00e7\u00e3o: Dra. Angelica Beate Winter Boldt<\/p>\n<p>Coorienta\u00e7\u00e3o: Dra. Sueli Nakatani<\/p>\n<p>DISSERTA\u00c7\u00c3O: PCR DIGITAL PARA IDENTIFICAR MUTA\u00c7\u00d5ES SOM\u00c1TICAS EM PACIENTES COM C\u00c2NCER COLORRETAL E C\u00c2NCER DE PULM\u00c3O<\/p>\n<p>&nbsp;<\/p>\n<p>&nbsp;<\/td>\n<td width=\"331\">\n<p><strong>\u00a0 \u00a0 \u00a0 \u00a0 DESIRR\u00ca ALEXIA LOUREN\u00c7O PETTERS VANDRESEN<\/strong><\/p>\n<p>Data De Defesa: 27\/03\/2018<\/p>\n<p>Orienta\u00e7\u00e3o: Dra. Chirlei Glienke<\/p>\n<p>Coorienta\u00e7\u00e3o: Dra. Lygia Vitoria Galli Terasawa<\/p>\n<p>DISSERTA\u00c7\u00c3O: IDENTIFICA\u00c7\u00c3O, POTENCIAL TOXIG\u00caNICO E PATOGENICIDADE DE ESP\u00c9CIES DE FUSARIUM ASSOCIADAS A MILHO NO ESTADO DO PARAN\u00c1 (BRASIL)<\/td>\n<\/tr>\n<tr>\n<td width=\"340\">\n<p><strong>\u00a0 \u00a0 \u00a0 \u00a0 GABRIELLE ARAUJO PEDROSO PEREIRA<\/strong><\/p>\n<p>Data De Defesa: 27\/03\/2018<\/p>\n<p>Orienta\u00e7\u00e3o: Dra. Daniela Fiori Gradia;<\/p>\n<p>Coorienta\u00e7\u00e3o: Dra. Enilze Maria De S. F. Ribeiro<\/p>\n<p>DISSERTA\u00c7\u00c3O: AN\u00c1LISE DA EXPRESS\u00c3O DO LNCRNA NORAD EM DIFERENTES SUBTIPOS TUMORAIS DE CARCINOMA MAM\u00c1RIO.<\/p>\n<p>&nbsp;<\/td>\n<td width=\"331\">\n<p><strong>\u00a0 \u00a0 \u00a0IRISDORIS RODRIGUES DE SOUZA<\/strong><\/p>\n<p>Data De Defesa: 27\/03\/2018<\/p>\n<p>Orienta\u00e7\u00e3o: Dra. Daniela Morais Leme<\/p>\n<p>Coorienta\u00e7\u00e3o: Dr. Bruno Francisco Sant\u00b4Anna Dos Santos<\/p>\n<p>DISSERTA\u00c7\u00c3O: AVALIA\u00c7\u00c3O TOXICOL\u00d3GICA DE NANOPART\u00cdCULAS DE PRATA ENCAPSULADAS E N\u00c3O ENCAPSULADAS POR MEIO DO TESTE DE ALLIUM CEPA NA AUS\u00caNCIA E PRESEN\u00c7A DE LUZ<\/td>\n<\/tr>\n<tr>\n<td width=\"340\">\n<p><strong>\u00a0 \u00a0 ISISDORIS RODRIGUES DE SOUZA<\/strong><\/p>\n<p>Data De Defesa: 27\/03\/2018<\/p>\n<p>Orienta\u00e7\u00e3o: Dra. Daniela Morais Leme<\/p>\n<p>Coorienta\u00e7\u00e3o: Dr. Edvaldo Da Silva Trindade<\/p>\n<p>DISSERTA\u00c7\u00c3O: AVALIA\u00c7\u00c3O DO POTENCIAL ANTIGENOT\u00d3XICO DE POLISSACAR\u00cdDEOS SULFATADOS EM C\u00c9LULAS DE HEPATOCARCINOMA HUMANO<\/p>\n<p>&nbsp;<\/td>\n<td width=\"331\">\n<p><strong>\u00a0 \u00a0 \u00a0 \u00a0 \u00a0 \u00a0VAL\u00c9RIA BUMILLER BINI<\/strong><\/p>\n<p>DATA DE DEFESA: 27\/03\/2018<\/p>\n<p>ORIENTA\u00c7\u00c3O: Dra. ANGELICA BEATE WINTER BOLDT<\/p>\n<p>COORIENTA\u00c7\u00c3O: Dr. DANILLO GARDENAL AUGUSTO<\/p>\n<p>DISSERTA\u00c7\u00c3O: POLIMORFISMO DE GENES DO SISTEMA COMPLEMENTO INFLUENCIAM A SUSCETIBILIDADE AO P\u00caNFIGO FOLI\u00c1CEO<\/td>\n<\/tr>\n<tr>\n<td width=\"340\">\n<p><strong>\u00a0 \u00a0 \u00a0 \u00a0 \u00a0MARIANE MOREIRA POLETTO<\/strong><\/p>\n<p>Data De Defesa: 26\/03\/2018<\/p>\n<p>Orienta\u00e7\u00e3o: Dra. Karin Braun Prado<\/p>\n<p>Coorienta\u00e7\u00e3o: Dr. Marcelo Malaghini; Dra. Maria Da Gra\u00e7a Bicalho<\/p>\n<p>DISSERTA\u00c7\u00c3O: DIVERSIDADE DA REGI\u00c3O CONTROLE DO DNA MITOCONDRIAL EM UMA AMOSTRA DA POPULA\u00c7\u00c3O DO ESTADO DO PARAN\u00c1 E SUA APLICABILIDADE NA PR\u00c1TICA FORENSE<\/td>\n<td width=\"331\">\n<p><strong>\u00a0 SARITHA SUELLEN LOPES DA SILVA<\/strong><\/p>\n<p>Data De Defesa: 26\/03\/2018<\/p>\n<p>Orienta\u00e7\u00e3o: Dr. Ricardo Lehtonen Rodrigues De Souza<\/p>\n<p>DISSERTA\u00c7\u00c3O: RELA\u00c7\u00c3O ENTRE GENES DA FAM\u00cdLIA DE PROTE\u00cdNAS DE TRANSPORTE TRANSMEMBRANA ABC E A DOEN\u00c7A DE ALZHEIMER<\/p>\n<p>&nbsp;<\/p>\n<p>&nbsp;<\/td>\n<\/tr>\n<tr>\n<td width=\"340\">\n<p><strong>\u00a0 BRUNA LA\u00cdS MAURICIO DE MIRANDA<\/strong><\/p>\n<p>Data De Defesa: 23\/03\/2018<\/p>\n<p>Orienta\u00e7\u00e3o: Dra. Danielle Malheiros Ferreira<\/p>\n<p>Coorienta\u00e7\u00e3o: Dra. Maria Da Gra\u00e7a Bicalho<\/p>\n<p>DISSERTA\u00c7\u00c3O: VARIABILIDADE DO GENE HLA-E E SEU IMPACTO EM PACIENTES RENAIS CR\u00d4NICOS TRANSPLANTADOS<\/td>\n<td width=\"331\">\n<p><strong>\u00a0 \u00a0 \u00a0 \u00a0 \u00a0 \u00a0 RAFAELA NASSER VEIGA<\/strong><\/p>\n<p>Data De Defesa: 23\/03\/2018<\/p>\n<p>Orienta\u00e7\u00e3o: Dra. Maria Da Gra\u00e7a Bicalho<\/p>\n<p>DISSERTA\u00c7\u00c3O: A INFLU\u00caNCIA DO GENE IGF-1 NA FERTILIDADE E NO SUCESSO IMPLANTACIONAL EM CASAIS SUBMETIDOS A TRATAMENTO DE REPRODU\u00c7\u00c3O ASSISTIDA (TRA).<\/td>\n<\/tr>\n<tr>\n<td width=\"340\">\n<p><strong>\u00a0 \u00a0 \u00a0 \u00a0 \u00a0 BIANCA RIBEIRO PIZZATO<\/strong><\/p>\n<p>Data De Defesa: 21\/03\/2018<\/p>\n<p>Orienta\u00e7\u00e3o: Dr. Rodrigo Coutinho De Almeida<\/p>\n<p>Coorienta\u00e7\u00e3o: Dra. Angelica Beate Winter Boldt<\/p>\n<p>DISSERTA\u00c7\u00c3O: AN\u00c1LISE DE EXOMAS NA IDENTIFICA\u00c7\u00c3O DE POSS\u00cdVEIS VARIANTES CAUSAIS DA DOEN\u00c7A DE STARGARDT<\/td>\n<td width=\"331\">\n<p><strong>\u00a0 \u00a0 \u00a0 \u00a0 \u00a0 VIVIANE DE F\u00c1TIMA MOURA\u00a0 \u00a0 \u00a0 AGUILAR RAMPINELLI<\/strong><\/p>\n<p>Data De Defesa: 20\/03\/2018<\/p>\n<p>Orienta\u00e7\u00e3o: Dra. Vanessa Merlo Kava<\/p>\n<p>DISSERTA\u00c7\u00c3O: DIATOM\u00c1CEAS DO COMPLEXO ESTUARINO DE PARANAGU\u00c1: PRODU\u00c7\u00c3O DE LIP\u00cdDEOS, TAXONOMIA MORFOL\u00d3GICA E MOLECULAR<\/p>\n<p><strong>\u00a0<\/strong><\/td>\n<\/tr>\n<tr>\n<td colspan=\"2\" width=\"671\">\n<h1 style=\"text-align: justify\"><strong>\u00a0 \u00a0 \u00a0 \u00a0 \u00a0 \u00a0 \u00a0 \u00a0 \u00a0 \u00a0 \u00a0 \u00a0 \u00a0 \u00a0 \u00a0 \u00a0 \u00a0 \u00a0 \u00a0<u>2017<\/u><\/strong><\/h1>\n<\/td>\n<\/tr>\n<tr>\n<td width=\"340\">\n<p><strong>\u00a0 \u00a0 \u00a0IRIEL ARACELI JOERIN LUQUE<\/strong><\/p>\n<p>Data De Defesa: 31\/03\/2017<\/p>\n<p>Orienta\u00e7\u00e3o: Dra. Roseli Wassem<\/p>\n<p>Coorienta\u00e7\u00e3o: Dra. Ana Claudia Bonatto<\/p>\n<p>DISSERTA\u00c7\u00c3O: AN\u00c1LISE DO PERFIL DE EXPRESS\u00c3O DIFERENCIAL NO MUTANTE NODVW DE <em>SINORHIZOBIUM FREDII<\/em> NGR234<\/td>\n<td width=\"331\">\n<p><strong>\u00a0 \u00a0 \u00a0 \u00a0 \u00a0 \u00a0 \u00a0MAYZA DALCIN TEIXEIRA<\/strong><\/p>\n<p>Data De Defesa: 31\/03\/2017<\/p>\n<p>Orienta\u00e7\u00e3o: Dra. Lupe Furtado Alle<\/p>\n<p>Coorienta\u00e7\u00e3o: Dra. Luciane Viater Tureck DISSERTA\u00c7\u00c3O: ESTUDO DA ASSOCIA\u00c7\u00c3O DE POLIMORFISMOS DOS GENES FTO, ABCA1, ABCA7 E ABCG1 COM DISPLIDEMIAS E OBESIDADE<\/p>\n<p><strong>\u00a0<\/strong><\/td>\n<\/tr>\n<tr>\n<td width=\"340\">\n<p><strong>\u00a0 \u00a0 \u00a0 \u00a0 FABIANE TA\u00cdS DIESEL DEITOS<\/strong><\/p>\n<p>Data De Defesa: 29\/09\/2017<\/p>\n<p>Orienta\u00e7\u00e3o: Dra. Cristiane Beninc\u00e1; Dr. Ricardo Lehtonen Rodrigues De Souza<\/p>\n<p>DISSERTA\u00c7\u00c3O: BUSCA E AN\u00c1LISE DE VARIANTES GEN\u00c9TICAS POTENCIALMENTE PATOL\u00d3GICAS EM UM CASO CL\u00cdNICO DE NEURODEGENERA\u00c7\u00c3O COM ATAXIA, DISTONIA E PARALISIA OCULAR<\/td>\n<td width=\"331\">\n<p><strong>\u00a0 \u00a0 \u00a0 \u00a0RENATA MONTORO DOURADO<\/strong><\/p>\n<p>Data De Defesa: 28\/03\/2017<\/p>\n<p>Orienta\u00e7\u00e3o: Dra. Karin Braun Prado<\/p>\n<p>Coorienta\u00e7\u00e3o: Dr. Danillo Gardenal Augusto<\/p>\n<p>DISSERTA\u00c7\u00c3O: A DIVERSIDADE AL\u00c9LICA DO GENE KIR3DL2 E O SEU IMPACTO NOS N\u00cdVEIS DE EXPRESS\u00c3O G\u00caNICA DIFERENCIAL<\/p>\n<p>&nbsp;<\/td>\n<\/tr>\n<tr>\n<td width=\"340\">\n<p><strong>\u00a0 \u00a0 \u00a0MARIANA ROSA NUNES MASSON<\/strong><\/p>\n<p>Data De Defesa: 27\/06\/2017<\/p>\n<p>Orienta\u00e7\u00e3o: Dra. Maria Da Gra\u00e7a Bicalho<\/p>\n<p>DISSERTA\u00c7\u00c3O: A INFLU\u00caNCIA DOS GENES HLA-A, HLA-B E HLA-DRB1 NA ATRA\u00c7\u00c3O FACIAL<\/p>\n<p>&nbsp;<\/p>\n<p>&nbsp;<\/p>\n<p>&nbsp;<\/p>\n<p>&nbsp;<\/td>\n<td width=\"331\">\n<p><strong>\u00a0 \u00a0 \u00a0 \u00a0 \u00a0 \u00a0 GABRIELLE ARA\u00daJO DO NASCIMENTO<\/strong><\/p>\n<p>Data De Defesa: 27\/03\/2017<\/p>\n<p>Orienta\u00e7\u00e3o: Dra. Luciane Viater Tureck<\/p>\n<p>Coorienta\u00e7\u00e3o: Dra. Lupe Furtado Alle<\/p>\n<p>DISSERTA\u00c7\u00c3O: AVALIA\u00c7\u00c3O DO EFEITO E DA ASSOCIA\u00c7\u00c3O ENTRE POLIMORFISMOS DOS GENES FTO, ABCA1, ABCA7 E ABCG1 E INDICADORES DE OBESIDADE E DISLIPIDEMIAS EM CRIAN\u00c7AS E ADOLESCENTES SUBMETIDOS A TREINAMENTO F\u00cdSICO<\/td>\n<\/tr>\n<tr>\n<td width=\"340\">\n<p><strong>\u00a0 \u00a0 \u00a0 \u00a0 \u00a0 MIRIAM MARZALL PEREIRA<\/strong><\/p>\n<p>Data De Defesa: 23\/06\/2017<\/p>\n<p>Orienta\u00e7\u00e3o: Dra. Vanessa Merlo Kava<\/p>\n<p>DISSERTA\u00c7\u00c3O: DESCOLORA\u00c7\u00c3O DE CORANTES T\u00caXTEIS POR NOVAS ESP\u00c9CIES E LINHAGENS MUTANTES DE NEOPESTALOTIOPSIS E SECRE\u00c7\u00c3O PROTEICA DE NEOFUSICOCCUM SP.<\/td>\n<td width=\"331\">\n<p><strong>\u00a0 \u00a0 \u00a0 \u00a0 RAQUEL MACIEL DE SOUSA<\/strong><\/p>\n<p>Data De Defesa:\u00a0 21\/07\/2017<\/p>\n<p>Orienta\u00e7\u00e3o: Dr. Ricardo Lehtonen Rodrigues De Souza<\/p>\n<p>DISSERTA\u00c7\u00c3O: INFLAMA\u00c7\u00c3O E DOEN\u00c7A DE ALZHEIMER ESPOR\u00c1DICA: UM ESTUDO DE ASSOCIA\u00c7\u00c3O<\/p>\n<p>&nbsp;<\/td>\n<\/tr>\n<tr>\n<td width=\"340\">\n<p><strong>\u00a0 \u00a0 \u00a0 \u00a0 \u00a0AMANDA DE ARA\u00daJO SOARES<\/strong><\/p>\n<p>Data De Defesa: 20\/03\/2017<\/p>\n<p>Orienta\u00e7\u00e3o: Dra. Iris Hass<\/p>\n<p>Coorienta\u00e7\u00e3o: Dr. Roberto Ferreira Artoni<\/p>\n<p>DISSERTA\u00c7\u00c3O: AN\u00c1LISE CITOGEN\u00c9TICA DE CROMOSSOMOS EXTRANUMER\u00c1RIOS DE <em>AKODON MONTENSIS<\/em> (RODENTIA: SIGMODONTINAE)<\/td>\n<td width=\"331\"><strong>\u00a0<\/strong><\/td>\n<\/tr>\n<\/tbody>\n<\/table>\n<p>&nbsp;<\/p>\n","protected":false},"excerpt":{"rendered":"<p>Todas as Disserta\u00e7\u00f5es defendidas no PPG-GEN est\u00e3o dispon\u00edveis no formato digital e podem ser acessas na p\u00e1gina da Biblioteca atrav\u00e9s do link\u00a0https:\/\/acervodigital.ufpr.br\/handle\/1884\/39637 2020 \u00a0 \u00a0 [&hellip;]<\/p>\n","protected":false},"author":6,"featured_media":0,"parent":0,"menu_order":0,"comment_status":"closed","ping_status":"closed","template":"","meta":{"_acf_changed":false,"_monsterinsights_skip_tracking":false,"_monsterinsights_sitenote_active":false,"_monsterinsights_sitenote_note":"","_monsterinsights_sitenote_category":0,"footnotes":""},"class_list":["post-1720","page","type-page","status-publish","hentry"],"acf":[],"_links":{"self":[{"href":"https:\/\/bio.ufpr.br\/ppggenetica\/wp-json\/wp\/v2\/pages\/1720","targetHints":{"allow":["GET"]}}],"collection":[{"href":"https:\/\/bio.ufpr.br\/ppggenetica\/wp-json\/wp\/v2\/pages"}],"about":[{"href":"https:\/\/bio.ufpr.br\/ppggenetica\/wp-json\/wp\/v2\/types\/page"}],"author":[{"embeddable":true,"href":"https:\/\/bio.ufpr.br\/ppggenetica\/wp-json\/wp\/v2\/users\/6"}],"replies":[{"embeddable":true,"href":"https:\/\/bio.ufpr.br\/ppggenetica\/wp-json\/wp\/v2\/comments?post=1720"}],"version-history":[{"count":4,"href":"https:\/\/bio.ufpr.br\/ppggenetica\/wp-json\/wp\/v2\/pages\/1720\/revisions"}],"predecessor-version":[{"id":2160,"href":"https:\/\/bio.ufpr.br\/ppggenetica\/wp-json\/wp\/v2\/pages\/1720\/revisions\/2160"}],"wp:attachment":[{"href":"https:\/\/bio.ufpr.br\/ppggenetica\/wp-json\/wp\/v2\/media?parent=1720"}],"curies":[{"name":"wp","href":"https:\/\/api.w.org\/{rel}","templated":true}]}}