{"id":678,"date":"2019-10-09T16:00:46","date_gmt":"2019-10-09T19:00:46","guid":{"rendered":"https:\/\/bio.ufpr.br\/ppggenetica\/?page_id=678"},"modified":"2021-09-21T18:14:43","modified_gmt":"2021-09-21T21:14:43","slug":"gru","status":"publish","type":"page","link":"https:\/\/bio.ufpr.br\/ppggenetica\/gru\/","title":{"rendered":"GRU"},"content":{"rendered":"<p align=\"left\">Passos para preencher e imprimir a GRU para recolhimento da taxa de inscri\u00e7\u00e3o para o exame de sele\u00e7\u00e3o:<\/p>\n<p align=\"left\">Acesse o formul\u00e1rio GRU<\/p>\n<p align=\"left\"><a href=\"https:\/\/consulta.tesouro.fazenda.gov.br\/gru\/gru_simples.asp\" target=\"_blank\">https:\/\/consulta.tesouro.fazenda.gov.br\/gru\/gru_simples.asp<\/a><\/p>\n<p align=\"left\"><span style=\"font-family: Verdana, Arial, Helvetica, sans-serif\"><span style=\"font-family: TTE25220F8t00;font-size: medium\">1) UG:\u00a0<\/span><span style=\"font-family: TTE2524688t00;font-size: medium\">153079\u00a0<\/span><span style=\"font-family: TTE25220F8t00;font-size: medium\">(\u00a0<\/span><span style=\"color: #0000ff;font-family: Times-Roman;font-size: small\">UNIVERSIDADE FEDERAL DO PARANA<\/span><span style=\"font-family: Times-Roman;font-size: medium\">)<\/span><span style=\"font-family: TTE25220F8t00;font-size: medium\">;<\/span><\/span><\/p>\n<p align=\"left\"><span style=\"font-family: Verdana, Arial, Helvetica, sans-serif\"><span style=\"font-family: TTE25220F8t00;font-size: medium\">2) Gest\u00e3o:\u00a0<\/span><span style=\"font-family: TTE2524688t00;font-size: medium\">15232\u00a0<\/span><span style=\"font-family: TTE25220F8t00;font-size: medium\">(\u00a0<\/span><span style=\"color: #0000ff;font-family: Times-Roman;font-size: small\">UNIVERSIDADE FEDERAL DO PARANA<\/span><span style=\"font-family: Times-Roman;font-size: small\">)<\/span><span style=\"font-family: TTE25220F8t00;font-size: medium\">;<\/span><\/span><\/p>\n<p align=\"left\"><span style=\"font-family: Verdana, Arial, Helvetica, sans-serif\"><span style=\"font-family: TTE25220F8t00;font-size: medium\">3) Recolhimento\/c\u00f3digo:\u00a0<\/span><span style=\"font-family: TTE2524688t00;font-size: medium\">28911-6\u00a0<\/span><span style=\"font-family: TTE25220F8t00;font-size: medium\">(<\/span><span style=\"color: #0000ff;font-family: Times-Roman;font-size: small\">SFIN SERVICOS EDUCACIONAIS<\/span><span style=\"font-family: Times-Roman;font-size: small\">)<\/span><span style=\"font-family: TTE25220F8t00;font-size: medium\">;<\/span><\/span><\/p>\n<p align=\"left\"><span style=\"font-family: Verdana, Arial, Helvetica, sans-serif\"><span style=\"font-family: TTE25220F8t00;font-size: medium\">4) Avan\u00e7ar;<\/span><\/span><\/p>\n<p align=\"left\"><span style=\"font-family: Verdana, Arial, Helvetica, sans-serif\"><span style=\"font-family: TTE25220F8t00;font-size: medium\">5) N\u00famero refer\u00eancia:\u00a0<\/span><span style=\"font-family: TTE2524688t00;font-size: medium\">1615368806001\u00a0<\/span><span style=\"font-family: TTE25220F8t00;font-size: medium\">(para Mestrado),\u00a0\u00a0<\/span><span style=\"font-family: TTE2524688t00;font-size: medium\">1615368806003\u00a0<\/span><span style=\"font-family: TTE25220F8t00;font-size: medium\">(para Doutorado),\u00a0<span style=\"font-family: TTE2524688t00;font-size: medium\">1615368806003\u00a0<\/span>(para P\u00f3s-Doutorado)<\/span><\/span><\/p>\n<p align=\"left\"><span style=\"font-family: Verdana, Arial, Helvetica, sans-serif\"><span style=\"font-family: TTE25220F8t00;font-size: medium\">6) Compet\u00eancia: m\u00eas\/ano do pagamento;<\/span><\/span><\/p>\n<p align=\"left\"><span style=\"font-family: Verdana, Arial, Helvetica, sans-serif\"><span style=\"font-family: TTE25220F8t00;font-size: medium\">7) Vencimento: dia\/m\u00eas\/ano do pagamento;<\/span><\/span><\/p>\n<p align=\"left\"><span style=\"font-family: Verdana, Arial, Helvetica, sans-serif\"><span style=\"font-family: TTE25220F8t00;font-size: medium\">8) CNPJ\/CPF do interessado;<\/span><\/span><\/p>\n<p align=\"left\"><span style=\"font-family: Verdana, Arial, Helvetica, sans-serif\"><span style=\"font-family: TTE25220F8t00;font-size: medium\">9) Nome do interessado;<\/span><\/span><\/p>\n<p align=\"left\"><span style=\"font-family: Verdana, Arial, Helvetica, sans-serif\"><span style=\"font-family: TTE25220F8t00;font-size: medium\">10) Valor Principal: R$ 120,00;<\/span><\/span><\/p>\n<p align=\"left\"><span style=\"font-family: Verdana, Arial, Helvetica, sans-serif\"><span style=\"font-family: TTE25220F8t00;font-size: medium\">11) Valor total: R$ 120,00;<\/span><\/span><\/p>\n<p align=\"left\"><span style=\"font-family: Verdana, Arial, Helvetica, sans-serif\"><span style=\"font-family: TTE25220F8t00;font-size: medium\">12) Emitir GRU;<\/span><\/span><\/p>\n<p align=\"left\"><span style=\"font-family: Verdana, Arial, Helvetica, sans-serif\"><span style=\"font-family: TTE25220F8t00;font-size: medium\">13) Imprimir;<\/span><\/span><\/p>\n<p><span style=\"font-family: Verdana, Arial, Helvetica, sans-serif\"><span style=\"font-family: TTE25220F8t00;font-size: medium\">14) Pagamento no Banco do Brasil em dinheiro.<\/span><\/span><\/p>\n","protected":false},"excerpt":{"rendered":"<p>Passos para preencher e imprimir a GRU para recolhimento da taxa de inscri\u00e7\u00e3o para o exame de sele\u00e7\u00e3o: Acesse o formul\u00e1rio GRU https:\/\/consulta.tesouro.fazenda.gov.br\/gru\/gru_simples.asp 1) UG:\u00a0153079\u00a0(\u00a0UNIVERSIDADE [&hellip;]<\/p>\n","protected":false},"author":2016,"featured_media":0,"parent":0,"menu_order":0,"comment_status":"closed","ping_status":"closed","template":"","meta":{"_acf_changed":false,"_monsterinsights_skip_tracking":false,"_monsterinsights_sitenote_active":false,"_monsterinsights_sitenote_note":"","_monsterinsights_sitenote_category":0,"footnotes":""},"class_list":["post-678","page","type-page","status-publish","hentry"],"acf":[],"_links":{"self":[{"href":"https:\/\/bio.ufpr.br\/ppggenetica\/wp-json\/wp\/v2\/pages\/678","targetHints":{"allow":["GET"]}}],"collection":[{"href":"https:\/\/bio.ufpr.br\/ppggenetica\/wp-json\/wp\/v2\/pages"}],"about":[{"href":"https:\/\/bio.ufpr.br\/ppggenetica\/wp-json\/wp\/v2\/types\/page"}],"author":[{"embeddable":true,"href":"https:\/\/bio.ufpr.br\/ppggenetica\/wp-json\/wp\/v2\/users\/2016"}],"replies":[{"embeddable":true,"href":"https:\/\/bio.ufpr.br\/ppggenetica\/wp-json\/wp\/v2\/comments?post=678"}],"version-history":[{"count":2,"href":"https:\/\/bio.ufpr.br\/ppggenetica\/wp-json\/wp\/v2\/pages\/678\/revisions"}],"predecessor-version":[{"id":2316,"href":"https:\/\/bio.ufpr.br\/ppggenetica\/wp-json\/wp\/v2\/pages\/678\/revisions\/2316"}],"wp:attachment":[{"href":"https:\/\/bio.ufpr.br\/ppggenetica\/wp-json\/wp\/v2\/media?parent=678"}],"curies":[{"name":"wp","href":"https:\/\/api.w.org\/{rel}","templated":true}]}}