{"id":11,"date":"2013-11-08T11:30:15","date_gmt":"2013-11-08T11:30:15","guid":{"rendered":"https:\/\/bio.ufpr.br\/pragasplantas\/?page_id=11"},"modified":"2015-02-25T22:13:59","modified_gmt":"2015-02-25T20:13:59","slug":"entomologia","status":"publish","type":"page","link":"https:\/\/bio.ufpr.br\/pragasplantas\/entomologia\/","title":{"rendered":"Introdu\u00e7\u00e3o \u00e0 Pesquisa em Entomologia"},"content":{"rendered":"<p style=\"text-align: center\" align=\"justify\"><span style=\"color: #0000ff\"><strong>Esta disciplina \u00e9 optativa e \u00e9 ofertada nas quartas-feiras das 13:30 as 17:30 h<\/strong><\/span><\/p>\n<p align=\"justify\"><a href=\"https:\/\/bio.ufpr.br\/pragasplantas\/wp-content\/uploads\/sites\/12\/2013\/11\/330302_486406611433343_478944293_o.jpg\"><img loading=\"lazy\" decoding=\"async\" class=\"alignnone size-thumbnail wp-image-131\" alt=\"330302_486406611433343_478944293_o\" src=\"https:\/\/bio.ufpr.br\/pragasplantas\/wp-content\/uploads\/sites\/12\/2013\/11\/330302_486406611433343_478944293_o-150x150.jpg\" width=\"150\" height=\"150\" \/><\/a><a href=\"https:\/\/bio.ufpr.br\/pragasplantas\/wp-content\/uploads\/sites\/12\/2013\/11\/1602033_610664879007515_15261733_o.jpg\"><img loading=\"lazy\" decoding=\"async\" class=\"alignnone size-thumbnail wp-image-132\" alt=\"1602033_610664879007515_15261733_o\" src=\"https:\/\/bio.ufpr.br\/pragasplantas\/wp-content\/uploads\/sites\/12\/2013\/11\/1602033_610664879007515_15261733_o-150x150.jpg\" width=\"150\" height=\"150\" \/><\/a><a href=\"https:\/\/bio.ufpr.br\/pragasplantas\/wp-content\/uploads\/sites\/12\/2013\/11\/2013-02-06-15.07.56.jpg\"><img loading=\"lazy\" decoding=\"async\" class=\"alignnone size-thumbnail wp-image-125\" alt=\"2013-02-06 15.07.56\" src=\"https:\/\/bio.ufpr.br\/pragasplantas\/wp-content\/uploads\/sites\/12\/2013\/11\/2013-02-06-15.07.56-150x150.jpg\" width=\"150\" height=\"150\" \/><\/a><a href=\"https:\/\/bio.ufpr.br\/pragasplantas\/wp-content\/uploads\/sites\/12\/2013\/11\/micro2.jpg\"><img loading=\"lazy\" decoding=\"async\" class=\"alignnone size-thumbnail wp-image-123\" alt=\"micro2\" src=\"https:\/\/bio.ufpr.br\/pragasplantas\/wp-content\/uploads\/sites\/12\/2013\/11\/micro2-150x150.jpg\" width=\"150\" height=\"150\" \/><\/a><\/p>\n<p align=\"justify\"><strong>Ementa:<\/strong>\u00a0<span style=\"color: #0000ff\">Estudo e aplica\u00e7\u00e3o pr\u00e1tica de t\u00f3picos ligados entomologia agr\u00edcola.\u00a0Esta disciplina dever\u00e1 capacitar o acad\u00eamico com conte\u00fado te\u00f3rico-pr\u00e1tico ligado \u00e0 entomologia agr\u00edcola.<\/span><\/p>\n<p align=\"justify\"><strong>Objetivos (compet\u00eancia do aluno):<\/strong>\u00a0\u00a0<span style=\"color: #0000ff\">O acad\u00eamico dever\u00e1 planejar e desenvolver um projeto de pesquisa, colher os resultados, analisar e por final escrever um trabalho cient\u00edfico.<\/span><strong><br \/>\n<\/strong><\/p>\n<p><strong>Curso:<\/strong>\u00a0<span style=\"color: #0000ff\">Agronomia<\/span><\/p>\n<p><strong>Docentes:<\/strong><br \/>\nProf. D.Sc. Br\u00e1ulio\u00a0Santos\u00a0<a href=\"mailto:bsantos@ufpr.br\">bsantos@ufpr.br<\/a><br \/>\nProfa. D.Sc. Maria Aparecida Cassilha Zawadneak\u00a0<a href=\"mailto:mazawa@ufpr.br\">mazawa@ufpr.br<\/a><\/p>\n<p>Profa D. Sc Ida Chapaval Pimentel ida@ufpr.br<\/p>\n<p>Profa D.Sc Patricia dalzoto pdalzoto@ufpr.br<\/p>\n<p>&nbsp;<\/p>\n<p><strong>PROGRAMA\u00c7AO 2015 &#8211; PRIMEIRO SEMESTRE \u00a0 <em><span style=\"color: #ffff00\">em breve!<\/span><\/em><\/strong><\/p>\n<p>&nbsp;<\/p>\n","protected":false},"excerpt":{"rendered":"<p>Esta disciplina \u00e9 optativa e \u00e9 ofertada nas quartas-feiras das 13:30 as 17:30 h Ementa:\u00a0Estudo e aplica\u00e7\u00e3o pr\u00e1tica de t\u00f3picos ligados entomologia agr\u00edcola.\u00a0Esta disciplina dever\u00e1 capacitar o acad\u00eamico com conte\u00fado te\u00f3rico-pr\u00e1tico ligado \u00e0 entomologia agr\u00edcola. Objetivos (compet\u00eancia do aluno):\u00a0\u00a0O acad\u00eamico dever\u00e1 planejar e desenvolver um projeto de pesquisa, colher os resultados, analisar e por final [&hellip;]<\/p>\n","protected":false},"author":1,"featured_media":0,"parent":0,"menu_order":0,"comment_status":"open","ping_status":"open","template":"entomologia.php","meta":{"_acf_changed":false,"_monsterinsights_skip_tracking":false,"_monsterinsights_sitenote_active":false,"_monsterinsights_sitenote_note":"","_monsterinsights_sitenote_category":0,"footnotes":""},"class_list":["post-11","page","type-page","status-publish","hentry"],"acf":[],"_links":{"self":[{"href":"https:\/\/bio.ufpr.br\/pragasplantas\/wp-json\/wp\/v2\/pages\/11","targetHints":{"allow":["GET"]}}],"collection":[{"href":"https:\/\/bio.ufpr.br\/pragasplantas\/wp-json\/wp\/v2\/pages"}],"about":[{"href":"https:\/\/bio.ufpr.br\/pragasplantas\/wp-json\/wp\/v2\/types\/page"}],"author":[{"embeddable":true,"href":"https:\/\/bio.ufpr.br\/pragasplantas\/wp-json\/wp\/v2\/users\/1"}],"replies":[{"embeddable":true,"href":"https:\/\/bio.ufpr.br\/pragasplantas\/wp-json\/wp\/v2\/comments?post=11"}],"version-history":[{"count":29,"href":"https:\/\/bio.ufpr.br\/pragasplantas\/wp-json\/wp\/v2\/pages\/11\/revisions"}],"predecessor-version":[{"id":435,"href":"https:\/\/bio.ufpr.br\/pragasplantas\/wp-json\/wp\/v2\/pages\/11\/revisions\/435"}],"wp:attachment":[{"href":"https:\/\/bio.ufpr.br\/pragasplantas\/wp-json\/wp\/v2\/media?parent=11"}],"curies":[{"name":"wp","href":"https:\/\/api.w.org\/{rel}","templated":true}]}}