{"id":4,"date":"2013-11-08T11:23:25","date_gmt":"2013-11-08T11:23:25","guid":{"rendered":"https:\/\/bio.ufpr.br\/pragasplantas\/?page_id=4"},"modified":"2018-08-29T14:02:39","modified_gmt":"2018-08-29T13:02:39","slug":"avaliacao","status":"publish","type":"page","link":"https:\/\/bio.ufpr.br\/pragasplantas\/avaliacao\/","title":{"rendered":"Avalia\u00e7\u00e3o"},"content":{"rendered":"<p align=\"justify\"><b><span style=\"color: #808080\">1) AVALIA\u00c7\u00d5ES:<\/span><\/b>\u00a0Durante o semestre, ser\u00e3o realizadas\u00a0TRES PROVAS dissertativas (1 ponto cada uma) , UM SEMIN\u00c1RIO (1 ponto). Em cada aula pratica podeer\u00e1 ser\u00a0pedido um Relat\u00f3rio de campo.\u00a0 \u00a0<strong>(3 te\u00f3ricas\u00a0+ 1 Semin\u00e1rio)\/\u00a04<\/strong><\/p>\n<p align=\"justify\">As faltas ser\u00e3o justificadas apenas nos casos previstos previstas na Resolu\u00e7\u00e3o 037\/97 CEPE. 2a Chamada &#8211; Nas impossibilidades previstas na Resolu\u00e7\u00e3o 037\/97 CEPE, conforme o Art. 106, o aluno ou seu representante legal, dever\u00e1 requerer ao Departamento a 2a chamada, no prazo de tr\u00eas dias \u00fateis e ser\u00e1 feita da seguinte maneira: 1- <span style=\"color: #ff0000\">Caso tenha perdido a 1a e 2a PT, esta ser\u00e1 realizada juntamente com a 3a PT.<\/span><\/p>\n<p align=\"justify\"><b><span style=\"color: #808080\">2) RELAT\u00d3RIOS DE AULAS PR\u00c1TICAS<\/span><span style=\"color: #808080\">\u00a0<\/span><\/b>Durante o semestre, poder\u00e3o ser realizados relat\u00f3rios<\/p>\n<p><b><span style=\"color: #808080\">3)\u00a0<\/span><\/b><b><span style=\"color: #808080\">Semin\u00e1rio:\u00a0<\/span><\/b>Sobre PRAGA(S) DE UMA CULTURA AGR\u00cdCOLA de<span style=\"color: #ff0000\"><strong> import\u00e2ncia econ\u00f4mica<\/strong><\/span> E\/ ou\u00a0 SEUS ORGANISMOS BEN\u00c9FICOS ESCOLHIDA PELO(S) ALUNO(S).\u00a0O <span style=\"color: #ff0000\"><strong>aluno ou em dupla<\/strong><\/span> , deve\u00a0<strong>previamente pesquisar sobre<\/strong> as esp\u00e9cies-chave em literatura cient\u00edfica de <strong>peri\u00f3dicos nos \u00faltimos <span style=\"color: #ff0000\">05<\/span> (cinco) anos para <span style=\"color: #ff0000\">obter informa\u00e7\u00f5es\u00a0atuais<\/span> sobre o (s) artr\u00f3podes(s)-alvo e fazer um roteiro de perguntas ao produtor e levar sugest\u00f5es de manejo das especies.\u00a0\u00a0<\/strong><\/p>\n<p><strong>Durante o semestre a equipe visitar\u00e1 uma ou mais\u00a0\u00e1reas rurais, filmar\u00e1 e fotografar\u00e1 as <span style=\"color: #ff0000\">pragas e seus danos e inimigos<\/span><span style=\"color: #ff0000\"> naturais<\/span><\/strong>.<strong>\u00a0Os alunos devem aparecer no v\u00eddeo\u00a0entrevistando o produtor.Passo a passo da elabora\u00e7\u00e3o do v\u00eddeo<\/strong><\/p>\n<p><strong>TEMPO DO V\u00cdDEO <span style=\"color: #ff0000\">M\u00cdNIMO DE 15\u00a0 +- 2 minutos.<\/span>\u00a0 At\u00e9 a data estipulada entregar em DVD COM NOME DA EQUIPE E TEMA ESCRITO NO DVD\u00a0 checar antes se est\u00e1 abrindo. nao serao aceitos entregas posteriores<\/strong><\/p>\n<p><strong style=\"line-height: 1.5em\">No dia do \u00a0semin\u00e1rio \u00a0o(s) aluno(s) apresentar\u00e3o o V\u00cdDEO \u00a0 em multim\u00eddia embasado na pesquisa realizada e roteiro\u00a0previamente elaborado<a href=\"https:\/\/bio.ufpr.br\/pragasplantas\/2013\/11\/08\/aviso-importante\/atencao\/\" rel=\"attachment wp-att-306\"><img loading=\"lazy\" decoding=\"async\" class=\"aligncenter wp-image-306\" src=\"https:\/\/bio.ufpr.br\/pragasplantas\/wp-content\/uploads\/sites\/12\/2013\/11\/atencao.gif\" alt=\"atencao\" width=\"120\" height=\"90\" \/><\/a><\/strong><\/p>\n<p style=\"text-align: center\"><a href=\"https:\/\/bio.ufpr.br\/pragasplantas\/avisos\/passo_a_passo-video-2018_2\/\" rel=\"attachment wp-att-1067\">passo_a_passo-video-2018_2<\/a><\/p>\n<p style=\"text-align: center\">\n","protected":false},"excerpt":{"rendered":"<p>1) AVALIA\u00c7\u00d5ES:\u00a0Durante o semestre, ser\u00e3o realizadas\u00a0TRES PROVAS dissertativas (1 ponto cada uma) , UM SEMIN\u00c1RIO (1 ponto). Em cada aula pratica podeer\u00e1 ser\u00a0pedido um Relat\u00f3rio de campo.\u00a0 \u00a0(3 te\u00f3ricas\u00a0+ 1 Semin\u00e1rio)\/\u00a04 As faltas ser\u00e3o justificadas apenas nos casos previstos previstas na Resolu\u00e7\u00e3o 037\/97 CEPE. 2a Chamada &#8211; Nas impossibilidades previstas na Resolu\u00e7\u00e3o 037\/97 CEPE, conforme [&hellip;]<\/p>\n","protected":false},"author":6,"featured_media":0,"parent":0,"menu_order":0,"comment_status":"open","ping_status":"open","template":"","meta":{"_acf_changed":false,"_monsterinsights_skip_tracking":false,"_monsterinsights_sitenote_active":false,"_monsterinsights_sitenote_note":"","_monsterinsights_sitenote_category":0,"footnotes":""},"class_list":["post-4","page","type-page","status-publish","hentry"],"acf":[],"_links":{"self":[{"href":"https:\/\/bio.ufpr.br\/pragasplantas\/wp-json\/wp\/v2\/pages\/4","targetHints":{"allow":["GET"]}}],"collection":[{"href":"https:\/\/bio.ufpr.br\/pragasplantas\/wp-json\/wp\/v2\/pages"}],"about":[{"href":"https:\/\/bio.ufpr.br\/pragasplantas\/wp-json\/wp\/v2\/types\/page"}],"author":[{"embeddable":true,"href":"https:\/\/bio.ufpr.br\/pragasplantas\/wp-json\/wp\/v2\/users\/6"}],"replies":[{"embeddable":true,"href":"https:\/\/bio.ufpr.br\/pragasplantas\/wp-json\/wp\/v2\/comments?post=4"}],"version-history":[{"count":28,"href":"https:\/\/bio.ufpr.br\/pragasplantas\/wp-json\/wp\/v2\/pages\/4\/revisions"}],"predecessor-version":[{"id":1071,"href":"https:\/\/bio.ufpr.br\/pragasplantas\/wp-json\/wp\/v2\/pages\/4\/revisions\/1071"}],"wp:attachment":[{"href":"https:\/\/bio.ufpr.br\/pragasplantas\/wp-json\/wp\/v2\/media?parent=4"}],"curies":[{"name":"wp","href":"https:\/\/api.w.org\/{rel}","templated":true}]}}