{"id":261,"date":"2020-03-09T13:48:02","date_gmt":"2020-03-09T16:48:02","guid":{"rendered":"https:\/\/bio.ufpr.br\/prescricaoclinicadoexercicio\/?page_id=261"},"modified":"2020-03-20T20:22:49","modified_gmt":"2020-03-20T23:22:49","slug":"apresentacao","status":"publish","type":"page","link":"https:\/\/bio.ufpr.br\/prescricaoclinicadoexercicio\/apresentacao\/","title":{"rendered":"Apresenta\u00e7\u00e3o"},"content":{"rendered":"<p><strong>APRESENTA\u00c7\u00c3O<\/strong><\/p>\n<p>A cada dia aumenta-se a aten\u00e7\u00e3o ao papel do exerc\u00edcio no aprimoramento da sa\u00fade, da aptid\u00e3o f\u00edsica e do potencial de reabilita\u00e7\u00e3o dos pacientes com doen\u00e7as cr\u00f4nicas. Por isso, faz-se necess\u00e1rio uma correta prescri\u00e7\u00e3o do exerc\u00edcio de acordo com a patologia e com as condi\u00e7\u00f5es f\u00edsico-funcionais do indiv\u00edduo. A p\u00f3s gradua\u00e7\u00e3o em prescri\u00e7\u00e3o cl\u00ednica do exerc\u00edcio \u00e9 de grande relev\u00e2ncia para os profissionais de sa\u00fade, em especial pela atualidade dos temas abordados e pela qualidade do seu quadro de professores.<\/p>\n<p><strong>\u00a0<\/strong><\/p>\n<p><strong>MISS\u00c3O DO CURSO <\/strong><\/p>\n<p>A miss\u00e3o do curso \u00e9 inovar na prescri\u00e7\u00e3o cl\u00ednica do exerc\u00edcio, aperfei\u00e7oando processos e produtos que contribuam para a melhora do movimento humano, da sa\u00fade e bem-estar de indiv\u00edduos em todos os ciclos de vida, disfun\u00e7\u00f5es e doen\u00e7as. Conta com professores com vasta experi\u00eancia pr\u00e1tica, cl\u00ednica, profissional e did\u00e1tica, para favorecer o processo ensino-aprendizagem.<\/p>\n<p><strong>\u00a0<\/strong><\/p>\n<p><strong>OBJETIVOS DO CURSO<\/strong><\/p>\n<p>&#8211; Fundamentar a base da Fisiologia do exerc\u00edcio;<\/p>\n<p>&#8211; Propor uma abordagem terap\u00eautica embasada nos conceitos mais atuais da fisiologia cl\u00ednica do exerc\u00edcio;<\/p>\n<p>&#8211; Capacitar profissionais a prescreverem adequadamente os exerc\u00edcios nas diferentes \u00e1reas de atua\u00e7\u00e3o, como por exemplo, ortopedia e traumatologia, cardiologia, reumatologia, entre outros&#8230;<\/p>\n<p>&#8211; Oferecer aos indiv\u00edduos uma abordagem mais segura da prescri\u00e7\u00e3o do exerc\u00edcio na preven\u00e7\u00e3o, promo\u00e7\u00e3o e reabilita\u00e7\u00e3o.<\/p>\n<p>&nbsp;<\/p>\n<p><strong>P\u00daBLICO ALVO: <\/strong><\/p>\n<p>Graduados nas \u00e1reas de Fisioterapia, Educa\u00e7\u00e3o F\u00edsica e \u00e1reas afins.<\/p>\n<p><strong>\u00a0<\/strong><\/p>\n<p><strong>IN\u00cdCIO:<\/strong> AGOSTO\/2020<\/p>\n<p><strong>T\u00c9RMINO:<\/strong> MAR\u00c7O\/2022<\/p>\n<p><strong>\u00a0<\/strong><\/p>\n<p><strong>COORDENA\u00c7\u00c3O<\/strong><\/p>\n<p>Coordenador: Ana Carolina Brandt de Macedo<\/p>\n<p>Vice-Coordenador: Anna Raquel Silveira Gomes<\/p>\n<p><strong>LOCAL DE REALIZA\u00c7\u00c3O DO CURSO: <\/strong>Setor de ci\u00eancias biol\u00f3gicas- Av. Cel. Francisco H. dos Santos, s\/n &#8211; Jardim das Am\u00e9ricas, Curitiba &#8211; PR, 80050-540, telefone: 3361-1699.<\/p>\n<p><strong>\u00a0<\/strong><\/p>\n<p><strong>INVESTIMENTO:<\/strong><\/p>\n<p>Inscri\u00e7\u00e3o: R$ 50,00<\/p>\n<p>20 X de R$ 400,00<\/p>\n<p><strong>\u00a0<\/strong><\/p>\n<p><strong>E-MAIL PARA CONTATO:<\/strong> posprescricaoclinica@gmail.com<\/p>\n<p><strong>\u00a0<\/strong><\/p>\n<p><strong>N\u00daMERO DE VAGAS: <\/strong><\/p>\n<p>60 vagas<\/p>\n","protected":false},"excerpt":{"rendered":"<p>APRESENTA\u00c7\u00c3O A cada dia aumenta-se a aten\u00e7\u00e3o ao papel do exerc\u00edcio no aprimoramento da sa\u00fade, da aptid\u00e3o f\u00edsica e do potencial de reabilita\u00e7\u00e3o dos pacientes com doen\u00e7as cr\u00f4nicas. Por isso, faz-se necess\u00e1rio uma correta prescri\u00e7\u00e3o do exerc\u00edcio de acordo com a patologia e com as condi\u00e7\u00f5es f\u00edsico-funcionais do indiv\u00edduo. A p\u00f3s gradua\u00e7\u00e3o em prescri\u00e7\u00e3o cl\u00ednica [&hellip;]<\/p>\n","protected":false},"author":6,"featured_media":0,"parent":0,"menu_order":0,"comment_status":"closed","ping_status":"closed","template":"","meta":{"_acf_changed":false,"_monsterinsights_skip_tracking":false,"_monsterinsights_sitenote_active":false,"_monsterinsights_sitenote_note":"","_monsterinsights_sitenote_category":0,"footnotes":""},"class_list":["post-261","page","type-page","status-publish","hentry"],"acf":[],"_links":{"self":[{"href":"https:\/\/bio.ufpr.br\/prescricaoclinicadoexercicio\/wp-json\/wp\/v2\/pages\/261","targetHints":{"allow":["GET"]}}],"collection":[{"href":"https:\/\/bio.ufpr.br\/prescricaoclinicadoexercicio\/wp-json\/wp\/v2\/pages"}],"about":[{"href":"https:\/\/bio.ufpr.br\/prescricaoclinicadoexercicio\/wp-json\/wp\/v2\/types\/page"}],"author":[{"embeddable":true,"href":"https:\/\/bio.ufpr.br\/prescricaoclinicadoexercicio\/wp-json\/wp\/v2\/users\/6"}],"replies":[{"embeddable":true,"href":"https:\/\/bio.ufpr.br\/prescricaoclinicadoexercicio\/wp-json\/wp\/v2\/comments?post=261"}],"version-history":[{"count":2,"href":"https:\/\/bio.ufpr.br\/prescricaoclinicadoexercicio\/wp-json\/wp\/v2\/pages\/261\/revisions"}],"predecessor-version":[{"id":360,"href":"https:\/\/bio.ufpr.br\/prescricaoclinicadoexercicio\/wp-json\/wp\/v2\/pages\/261\/revisions\/360"}],"wp:attachment":[{"href":"https:\/\/bio.ufpr.br\/prescricaoclinicadoexercicio\/wp-json\/wp\/v2\/media?parent=261"}],"curies":[{"name":"wp","href":"https:\/\/api.w.org\/{rel}","templated":true}]}}