{"id":270,"date":"2020-03-09T13:49:06","date_gmt":"2020-03-09T16:49:06","guid":{"rendered":"https:\/\/bio.ufpr.br\/prescricaoclinicadoexercicio\/?page_id=270"},"modified":"2020-03-20T20:20:40","modified_gmt":"2020-03-20T23:20:40","slug":"disciplinas","status":"publish","type":"page","link":"https:\/\/bio.ufpr.br\/prescricaoclinicadoexercicio\/disciplinas\/","title":{"rendered":"Disciplinas"},"content":{"rendered":"<table width=\"600\">\n<tbody>\n<tr>\n<td width=\"45\">&nbsp;<\/td>\n<td width=\"461\"><strong>Disciplina<\/strong><\/td>\n<td width=\"95\"><strong>CH Total<\/strong><\/td>\n<\/tr>\n<tr>\n<td width=\"45\">1<\/td>\n<td width=\"461\">Avalia\u00e7\u00e3o F\u00edsico Funcional<\/td>\n<td width=\"95\">20<\/td>\n<\/tr>\n<tr>\n<td width=\"45\">2<\/td>\n<td width=\"461\">Gerenciamento de risco para prescri\u00e7\u00e3o de exerc\u00edcio<\/td>\n<td width=\"95\">10<\/td>\n<\/tr>\n<tr>\n<td width=\"45\">3<\/td>\n<td width=\"461\">Exerc\u00edcio F\u00edsico para preven\u00e7\u00e3o das doen\u00e7as cr\u00f4nicas n\u00e3o transmiss\u00edveis<\/td>\n<td width=\"95\">15<\/td>\n<\/tr>\n<tr>\n<td width=\"45\">4<\/td>\n<td width=\"461\">Socorros Urg\u00eancia e Emerg\u00eancias<\/td>\n<td width=\"95\">15<\/td>\n<\/tr>\n<tr>\n<td width=\"45\">5<\/td>\n<td width=\"461\">Nutri\u00e7\u00e3o relacionada \u00e0s doen\u00e7as cr\u00f4nicas n\u00e3o transmiss\u00edveis<\/td>\n<td width=\"95\">15<\/td>\n<\/tr>\n<tr>\n<td width=\"45\">6<\/td>\n<td width=\"461\">Periodiza\u00e7\u00e3o cl\u00ednica da prescri\u00e7\u00e3o do exerc\u00edcio<\/td>\n<td width=\"95\">15<\/td>\n<\/tr>\n<tr>\n<td width=\"45\">7<\/td>\n<td width=\"461\">Prescri\u00e7\u00e3o cl\u00ednica do exerc\u00edcio e desenvolvimento motor<\/td>\n<td width=\"95\">15<\/td>\n<\/tr>\n<tr>\n<td width=\"45\">8<\/td>\n<td width=\"461\">Fisiologia e prescri\u00e7\u00e3o cl\u00ednica do exerc\u00edcio aplicada aos dist\u00farbios musculoesquel\u00e9ticos<\/td>\n<td width=\"95\">\n<p>45<\/p>\n<p>&nbsp;<\/td>\n<\/tr>\n<tr>\n<td width=\"45\">9<\/td>\n<td width=\"461\">Metodologia Cient\u00edfica<\/td>\n<td width=\"95\">15<\/td>\n<\/tr>\n<tr>\n<td width=\"45\">10<\/td>\n<td width=\"461\">Recursos tecnol\u00f3gicos utilizados na avalia\u00e7\u00e3o f\u00edsica<\/td>\n<td width=\"95\">30<\/td>\n<\/tr>\n<tr>\n<td width=\"45\">11<\/td>\n<td width=\"461\">Fisiologia e prescri\u00e7\u00e3o cl\u00ednica do exerc\u00edcio aplicada a pneumologia<\/td>\n<td width=\"95\">30<\/td>\n<\/tr>\n<tr>\n<td width=\"45\">12<\/td>\n<td width=\"461\">Fisiologia e prescri\u00e7\u00e3o cl\u00ednica do exerc\u00edcio aplicada a cardiologia<\/td>\n<td width=\"95\">30<\/td>\n<\/tr>\n<tr>\n<td width=\"45\">13<\/td>\n<td width=\"461\">Fisiologia e prescri\u00e7\u00e3o cl\u00ednica do exerc\u00edcio aplicada aos dist\u00farbios metab\u00f3licos, imunol\u00f3gicos e neopl\u00e1sicos<\/td>\n<td width=\"95\">15<\/td>\n<\/tr>\n<tr>\n<td width=\"45\">14<\/td>\n<td width=\"461\">Farmacologia<\/td>\n<td width=\"95\">15<\/td>\n<\/tr>\n<tr>\n<td width=\"45\">15<\/td>\n<td width=\"461\">Prescri\u00e7\u00e3o cl\u00ednica do exerc\u00edcio no meio aqu\u00e1tico<\/td>\n<td width=\"95\">15<\/td>\n<\/tr>\n<tr>\n<td width=\"45\">16<\/td>\n<td width=\"461\">Pol\u00edticas P\u00fablicas em sa\u00fade nas doen\u00e7as cr\u00f4nicas n\u00e3o transmiss\u00edveis e exerc\u00edcio f\u00edsico<\/td>\n<td width=\"95\">5<\/td>\n<\/tr>\n<tr>\n<td width=\"45\">17<\/td>\n<td width=\"461\">Prescri\u00e7\u00e3o do exerc\u00edcio no pr\u00e9, peri e p\u00f3s parto<\/td>\n<td width=\"95\">10<\/td>\n<\/tr>\n<tr>\n<td width=\"45\">18<\/td>\n<td width=\"461\">Fisiologia e prescri\u00e7\u00e3o cl\u00ednica do exerc\u00edcio aplicada nas desordens neurofuncionais<\/td>\n<td width=\"95\">15<\/td>\n<\/tr>\n<tr>\n<td width=\"45\">19<\/td>\n<td width=\"461\">Semin\u00e1rios<\/td>\n<td width=\"95\">15<\/td>\n<\/tr>\n<tr>\n<td width=\"45\">20<\/td>\n<td width=\"461\">Nutri\u00e7\u00e3o e prescri\u00e7\u00e3o cl\u00ednica do exerc\u00edcio aplicada a les\u00f5es esportivas<\/td>\n<td width=\"95\">15<\/td>\n<\/tr>\n<\/tbody>\n<\/table>\n<p><\/p>\n","protected":false},"excerpt":{"rendered":"<p>&nbsp; Disciplina CH Total 1 Avalia\u00e7\u00e3o F\u00edsico Funcional 20 2 Gerenciamento de risco para prescri\u00e7\u00e3o de exerc\u00edcio 10 3 Exerc\u00edcio F\u00edsico para preven\u00e7\u00e3o das doen\u00e7as cr\u00f4nicas n\u00e3o transmiss\u00edveis 15 4 Socorros Urg\u00eancia e Emerg\u00eancias 15 5 Nutri\u00e7\u00e3o relacionada \u00e0s doen\u00e7as cr\u00f4nicas n\u00e3o transmiss\u00edveis 15 6 Periodiza\u00e7\u00e3o cl\u00ednica da prescri\u00e7\u00e3o do exerc\u00edcio 15 7 Prescri\u00e7\u00e3o cl\u00ednica [&hellip;]<\/p>\n","protected":false},"author":6,"featured_media":0,"parent":0,"menu_order":0,"comment_status":"closed","ping_status":"closed","template":"","meta":{"_acf_changed":false,"_monsterinsights_skip_tracking":false,"_monsterinsights_sitenote_active":false,"_monsterinsights_sitenote_note":"","_monsterinsights_sitenote_category":0,"footnotes":""},"class_list":["post-270","page","type-page","status-publish","hentry"],"acf":[],"_links":{"self":[{"href":"https:\/\/bio.ufpr.br\/prescricaoclinicadoexercicio\/wp-json\/wp\/v2\/pages\/270","targetHints":{"allow":["GET"]}}],"collection":[{"href":"https:\/\/bio.ufpr.br\/prescricaoclinicadoexercicio\/wp-json\/wp\/v2\/pages"}],"about":[{"href":"https:\/\/bio.ufpr.br\/prescricaoclinicadoexercicio\/wp-json\/wp\/v2\/types\/page"}],"author":[{"embeddable":true,"href":"https:\/\/bio.ufpr.br\/prescricaoclinicadoexercicio\/wp-json\/wp\/v2\/users\/6"}],"replies":[{"embeddable":true,"href":"https:\/\/bio.ufpr.br\/prescricaoclinicadoexercicio\/wp-json\/wp\/v2\/comments?post=270"}],"version-history":[{"count":2,"href":"https:\/\/bio.ufpr.br\/prescricaoclinicadoexercicio\/wp-json\/wp\/v2\/pages\/270\/revisions"}],"predecessor-version":[{"id":357,"href":"https:\/\/bio.ufpr.br\/prescricaoclinicadoexercicio\/wp-json\/wp\/v2\/pages\/270\/revisions\/357"}],"wp:attachment":[{"href":"https:\/\/bio.ufpr.br\/prescricaoclinicadoexercicio\/wp-json\/wp\/v2\/media?parent=270"}],"curies":[{"name":"wp","href":"https:\/\/api.w.org\/{rel}","templated":true}]}}