{"id":297,"date":"2020-03-09T13:50:54","date_gmt":"2020-03-09T16:50:54","guid":{"rendered":"https:\/\/bio.ufpr.br\/prescricaoclinicadoexercicio\/?page_id=297"},"modified":"2020-03-20T20:18:41","modified_gmt":"2020-03-20T23:18:41","slug":"links","status":"publish","type":"page","link":"https:\/\/bio.ufpr.br\/prescricaoclinicadoexercicio\/links\/","title":{"rendered":"Links"},"content":{"rendered":"<p>Link para inscri\u00e7\u00f5es:<\/p>\n<p>https:\/\/www.prppg.ufpr.br\/siga\/visitante\/processoseletivo\/index.jsp?sequencial=1970<\/p>\n<p>&nbsp;<\/p>\n<p>*\u00a0As inscri\u00e7\u00f5es come\u00e7ar\u00e3o dia 01\/04<\/p>\n","protected":false},"excerpt":{"rendered":"<p>Link para inscri\u00e7\u00f5es: https:\/\/www.prppg.ufpr.br\/siga\/visitante\/processoseletivo\/index.jsp?sequencial=1970 &nbsp; *\u00a0As inscri\u00e7\u00f5es come\u00e7ar\u00e3o dia 01\/04<\/p>\n","protected":false},"author":6,"featured_media":0,"parent":0,"menu_order":0,"comment_status":"closed","ping_status":"closed","template":"","meta":{"_acf_changed":false,"_monsterinsights_skip_tracking":false,"_monsterinsights_sitenote_active":false,"_monsterinsights_sitenote_note":"","_monsterinsights_sitenote_category":0,"footnotes":""},"class_list":["post-297","page","type-page","status-publish","hentry"],"acf":[],"_links":{"self":[{"href":"https:\/\/bio.ufpr.br\/prescricaoclinicadoexercicio\/wp-json\/wp\/v2\/pages\/297","targetHints":{"allow":["GET"]}}],"collection":[{"href":"https:\/\/bio.ufpr.br\/prescricaoclinicadoexercicio\/wp-json\/wp\/v2\/pages"}],"about":[{"href":"https:\/\/bio.ufpr.br\/prescricaoclinicadoexercicio\/wp-json\/wp\/v2\/types\/page"}],"author":[{"embeddable":true,"href":"https:\/\/bio.ufpr.br\/prescricaoclinicadoexercicio\/wp-json\/wp\/v2\/users\/6"}],"replies":[{"embeddable":true,"href":"https:\/\/bio.ufpr.br\/prescricaoclinicadoexercicio\/wp-json\/wp\/v2\/comments?post=297"}],"version-history":[{"count":3,"href":"https:\/\/bio.ufpr.br\/prescricaoclinicadoexercicio\/wp-json\/wp\/v2\/pages\/297\/revisions"}],"predecessor-version":[{"id":354,"href":"https:\/\/bio.ufpr.br\/prescricaoclinicadoexercicio\/wp-json\/wp\/v2\/pages\/297\/revisions\/354"}],"wp:attachment":[{"href":"https:\/\/bio.ufpr.br\/prescricaoclinicadoexercicio\/wp-json\/wp\/v2\/media?parent=297"}],"curies":[{"name":"wp","href":"https:\/\/api.w.org\/{rel}","templated":true}]}}