{"id":306,"date":"2020-03-09T13:51:26","date_gmt":"2020-03-09T16:51:26","guid":{"rendered":"https:\/\/bio.ufpr.br\/prescricaoclinicadoexercicio\/?page_id=306"},"modified":"2020-03-20T20:16:22","modified_gmt":"2020-03-20T23:16:22","slug":"cronograma","status":"publish","type":"page","link":"https:\/\/bio.ufpr.br\/prescricaoclinicadoexercicio\/cronograma\/","title":{"rendered":"Cronograma"},"content":{"rendered":"<table>\n<tbody>\n<tr>\n<td width=\"327\"><strong>Atividade<\/strong><\/td>\n<td width=\"144\"><strong>Data de in\u00edcio<\/strong><\/td>\n<td width=\"143\"><strong>Data de t\u00e9rmino<\/strong><\/td>\n<\/tr>\n<tr>\n<td width=\"327\">Inscri\u00e7\u00f5es-<\/td>\n<td width=\"144\">01\/04\/2020<\/td>\n<td width=\"143\">30\/05\/2020<\/td>\n<\/tr>\n<tr>\n<td width=\"327\">Sele\u00e7\u00e3o de alunos regulares e bolsistas<\/td>\n<td width=\"144\">01\/06\/2020<\/td>\n<td width=\"143\">10\/06\/2020<\/td>\n<\/tr>\n<tr>\n<td width=\"327\">Matr\u00edculas<\/td>\n<td width=\"144\">10\/06\/2020<\/td>\n<td width=\"143\">30\/07\/2020<\/td>\n<\/tr>\n<tr>\n<td width=\"327\">Aulas<\/td>\n<td width=\"144\">28\/08\/2020<\/td>\n<td width=\"143\">20\/11\/2021<\/td>\n<\/tr>\n<tr>\n<td width=\"327\">Elabora\u00e7\u00e3o da monografia ou TCC<\/td>\n<td width=\"144\">28\/08\/2020<\/td>\n<td width=\"143\">01\/03\/2022<\/td>\n<\/tr>\n<\/tbody>\n<\/table>\n<p><\/p>\n","protected":false},"excerpt":{"rendered":"<p>Atividade Data de in\u00edcio Data de t\u00e9rmino Inscri\u00e7\u00f5es- 01\/04\/2020 30\/05\/2020 Sele\u00e7\u00e3o de alunos regulares e bolsistas 01\/06\/2020 10\/06\/2020 Matr\u00edculas 10\/06\/2020 30\/07\/2020 Aulas 28\/08\/2020 20\/11\/2021 Elabora\u00e7\u00e3o da monografia ou TCC 28\/08\/2020 01\/03\/2022<\/p>\n","protected":false},"author":6,"featured_media":0,"parent":0,"menu_order":0,"comment_status":"closed","ping_status":"closed","template":"","meta":{"_acf_changed":false,"_monsterinsights_skip_tracking":false,"_monsterinsights_sitenote_active":false,"_monsterinsights_sitenote_note":"","_monsterinsights_sitenote_category":0,"footnotes":""},"class_list":["post-306","page","type-page","status-publish","hentry"],"acf":[],"_links":{"self":[{"href":"https:\/\/bio.ufpr.br\/prescricaoclinicadoexercicio\/wp-json\/wp\/v2\/pages\/306","targetHints":{"allow":["GET"]}}],"collection":[{"href":"https:\/\/bio.ufpr.br\/prescricaoclinicadoexercicio\/wp-json\/wp\/v2\/pages"}],"about":[{"href":"https:\/\/bio.ufpr.br\/prescricaoclinicadoexercicio\/wp-json\/wp\/v2\/types\/page"}],"author":[{"embeddable":true,"href":"https:\/\/bio.ufpr.br\/prescricaoclinicadoexercicio\/wp-json\/wp\/v2\/users\/6"}],"replies":[{"embeddable":true,"href":"https:\/\/bio.ufpr.br\/prescricaoclinicadoexercicio\/wp-json\/wp\/v2\/comments?post=306"}],"version-history":[{"count":2,"href":"https:\/\/bio.ufpr.br\/prescricaoclinicadoexercicio\/wp-json\/wp\/v2\/pages\/306\/revisions"}],"predecessor-version":[{"id":348,"href":"https:\/\/bio.ufpr.br\/prescricaoclinicadoexercicio\/wp-json\/wp\/v2\/pages\/306\/revisions\/348"}],"wp:attachment":[{"href":"https:\/\/bio.ufpr.br\/prescricaoclinicadoexercicio\/wp-json\/wp\/v2\/media?parent=306"}],"curies":[{"name":"wp","href":"https:\/\/api.w.org\/{rel}","templated":true}]}}