{"id":1007,"date":"2020-08-04T13:46:29","date_gmt":"2020-08-04T13:46:29","guid":{"rendered":"https:\/\/bio.ufpr.br\/prf\/?page_id=1007"},"modified":"2025-11-05T14:13:25","modified_gmt":"2025-11-05T14:13:25","slug":"extensao","status":"publish","type":"page","link":"https:\/\/bio.ufpr.br\/prf\/extensao\/","title":{"rendered":"Extens\u00e3o"},"content":{"rendered":"<div>4.1 Live: Sa\u00fade emocional na gest\u00e3o e puerp\u00e9rio (2022)<\/div>\n<div><a href=\"https:\/\/www.instagram.com\/tv\/Chc8r42FuGa\/?igsh=MTQzMmV0cTlkbTFqcA==\" target=\"_blank\" rel=\"noopener\" data-saferedirecturl=\"https:\/\/www.google.com\/url?q=https:\/\/www.instagram.com\/tv\/Chc8r42FuGa\/?igsh%3DMTQzMmV0cTlkbTFqcA%3D%3D&amp;source=gmail&amp;ust=1762433620268000&amp;usg=AOvVaw1JqyVL0QMIUCIWcSn4AKre\">https:\/\/www.instagram.com\/tv\/Chc8r42FuGa\/?igsh=MTQzMmV0cTlkbTFqcA==<\/a><\/div>\n<div><\/div>\n<div>4.2 Live: Fisioterapia na gesta\u00e7\u00e3o e puerp\u00e9rio (2022)<\/div>\n<div><a href=\"https:\/\/www.instagram.com\/tv\/Ch761VhqYY3\/?igsh=MWNjcjIxeGhobWJxNQ==\" target=\"_blank\" rel=\"noopener\" data-saferedirecturl=\"https:\/\/www.google.com\/url?q=https:\/\/www.instagram.com\/tv\/Ch761VhqYY3\/?igsh%3DMWNjcjIxeGhobWJxNQ%3D%3D&amp;source=gmail&amp;ust=1762433620268000&amp;usg=AOvVaw3tPvpcc-IH135Q_rOk95TE\">https:\/\/www.instagram.com\/tv\/Ch761VhqYY3\/?igsh=MWNjcjIxeGhobWJxNQ==<\/a><\/div>\n<p><img loading=\"lazy\" decoding=\"async\" class=\"alignnone size-medium wp-image-1550\" src=\"https:\/\/bio.ufpr.br\/prf\/wp-content\/uploads\/sites\/44\/2020\/08\/LIVE-2508-300x297.png\" alt=\"LIVE 2508\" width=\"300\" height=\"297\" srcset=\"https:\/\/bio.ufpr.br\/prf\/wp-content\/uploads\/sites\/44\/2020\/08\/LIVE-2508-300x297.png 300w, https:\/\/bio.ufpr.br\/prf\/wp-content\/uploads\/sites\/44\/2020\/08\/LIVE-2508-150x150.png 150w, https:\/\/bio.ufpr.br\/prf\/wp-content\/uploads\/sites\/44\/2020\/08\/LIVE-2508-768x760.png 768w, https:\/\/bio.ufpr.br\/prf\/wp-content\/uploads\/sites\/44\/2020\/08\/LIVE-2508.png 794w\" sizes=\"auto, (max-width: 300px) 100vw, 300px\" \/><\/p>\n<p><img loading=\"lazy\" decoding=\"async\" class=\"alignnone size-medium wp-image-1549\" src=\"https:\/\/bio.ufpr.br\/prf\/wp-content\/uploads\/sites\/44\/2020\/08\/LIVE-1908-300x300.png\" alt=\"LIVE 1908\" width=\"300\" height=\"300\" srcset=\"https:\/\/bio.ufpr.br\/prf\/wp-content\/uploads\/sites\/44\/2020\/08\/LIVE-1908-300x300.png 300w, https:\/\/bio.ufpr.br\/prf\/wp-content\/uploads\/sites\/44\/2020\/08\/LIVE-1908-150x150.png 150w, https:\/\/bio.ufpr.br\/prf\/wp-content\/uploads\/sites\/44\/2020\/08\/LIVE-1908-768x769.png 768w, https:\/\/bio.ufpr.br\/prf\/wp-content\/uploads\/sites\/44\/2020\/08\/LIVE-1908.png 788w\" sizes=\"auto, (max-width: 300px) 100vw, 300px\" \/><\/p>\n<p>&nbsp;<\/p>\n<p>Profa Dra Anna Raquel Silveira Gomes<\/p>\n<ul>\n<li>Manual VITADEX:<\/li>\n<\/ul>\n<p>OSTEOPOROSE: COMO SE PREVENIR NO PER\u00cdODO DE ISOLAMENTO IMPOSTO PELA PANDEMIA COVID-19?<\/p>\n<p><a href=\"https:\/\/bio.ufpr.br\/prf\/wp-content\/uploads\/sites\/44\/2020\/08\/VITADEX-Osteoporose-DIGITAL.pdf\">VITADEX Osteoporose DIGITAL<\/a><\/p>\n<p>&nbsp;<\/p>\n<p>Profa Dra Arlete Ana Motter<\/p>\n<p><iframe loading=\"lazy\" title=\"Exerc\u00edcios Respirat\u00f3rios Domiciliares em tempo de Pandemia (COVID -19)\" width=\"500\" height=\"281\" src=\"https:\/\/www.youtube.com\/embed\/F5flpvU48u0?feature=oembed\" frameborder=\"0\" allow=\"accelerometer; autoplay; clipboard-write; encrypted-media; gyroscope; picture-in-picture; web-share\" referrerpolicy=\"strict-origin-when-cross-origin\" allowfullscreen><\/iframe><\/p>\n<p>Profa Dra Talita Gianello Gnoato Zotz<\/p>\n<p><iframe loading=\"lazy\" title=\"ACIDENTES DOM\u00c9STICOS e ORIENTA\u00c7\u00d5ES para PREVEN\u00c7\u00c3O\" width=\"500\" height=\"281\" src=\"https:\/\/www.youtube.com\/embed\/Acz86wUSeRg?feature=oembed\" frameborder=\"0\" allow=\"accelerometer; autoplay; clipboard-write; encrypted-media; gyroscope; picture-in-picture; web-share\" referrerpolicy=\"strict-origin-when-cross-origin\" allowfullscreen><\/iframe><\/p>\n<p><iframe loading=\"lazy\" title=\"Fatores de Risco para quedas e Orienta\u00e7\u00f5es para Preven\u00e7\u00e3o\" width=\"500\" height=\"281\" src=\"https:\/\/www.youtube.com\/embed\/yFgfxwibG-g?feature=oembed\" frameborder=\"0\" allow=\"accelerometer; autoplay; clipboard-write; encrypted-media; gyroscope; picture-in-picture; web-share\" referrerpolicy=\"strict-origin-when-cross-origin\" allowfullscreen><\/iframe><\/p>\n<p><iframe loading=\"lazy\" title=\"PREVEN\u00c7\u00c3O DE ACIDENTES DOM\u00c9STICOS devido ao isolamento social na Pandemia COVID-19\" width=\"500\" height=\"281\" src=\"https:\/\/www.youtube.com\/embed\/gOM_E7kR8Q0?feature=oembed\" frameborder=\"0\" allow=\"accelerometer; autoplay; clipboard-write; encrypted-media; gyroscope; picture-in-picture; web-share\" referrerpolicy=\"strict-origin-when-cross-origin\" allowfullscreen><\/iframe><\/p>\n<p>&nbsp;<\/p>\n<p>&nbsp;<\/p>\n<p>&nbsp;<\/p>\n<p>&nbsp;<\/p>\n","protected":false},"excerpt":{"rendered":"<p>4.1 Live: Sa\u00fade emocional na gest\u00e3o e puerp\u00e9rio (2022) https:\/\/www.instagram.com\/tv\/Chc8r42FuGa\/?igsh=MTQzMmV0cTlkbTFqcA== 4.2 Live: Fisioterapia na gesta\u00e7\u00e3o e puerp\u00e9rio (2022) https:\/\/www.instagram.com\/tv\/Ch761VhqYY3\/?igsh=MWNjcjIxeGhobWJxNQ== &nbsp; Profa Dra Anna Raquel Silveira Gomes Manual VITADEX: OSTEOPOROSE: COMO SE PREVENIR NO PER\u00cdODO DE ISOLAMENTO IMPOSTO PELA PANDEMIA COVID-19? VITADEX Osteoporose DIGITAL &nbsp; Profa Dra Arlete Ana Motter Profa Dra Talita Gianello Gnoato Zotz [&hellip;]<\/p>\n","protected":false},"author":6,"featured_media":0,"parent":0,"menu_order":0,"comment_status":"closed","ping_status":"closed","template":"","meta":{"_acf_changed":false,"_monsterinsights_skip_tracking":false,"_monsterinsights_sitenote_active":false,"_monsterinsights_sitenote_note":"","_monsterinsights_sitenote_category":0,"footnotes":""},"class_list":["post-1007","page","type-page","status-publish","hentry"],"acf":[],"_links":{"self":[{"href":"https:\/\/bio.ufpr.br\/prf\/wp-json\/wp\/v2\/pages\/1007","targetHints":{"allow":["GET"]}}],"collection":[{"href":"https:\/\/bio.ufpr.br\/prf\/wp-json\/wp\/v2\/pages"}],"about":[{"href":"https:\/\/bio.ufpr.br\/prf\/wp-json\/wp\/v2\/types\/page"}],"author":[{"embeddable":true,"href":"https:\/\/bio.ufpr.br\/prf\/wp-json\/wp\/v2\/users\/6"}],"replies":[{"embeddable":true,"href":"https:\/\/bio.ufpr.br\/prf\/wp-json\/wp\/v2\/comments?post=1007"}],"version-history":[{"count":9,"href":"https:\/\/bio.ufpr.br\/prf\/wp-json\/wp\/v2\/pages\/1007\/revisions"}],"predecessor-version":[{"id":1949,"href":"https:\/\/bio.ufpr.br\/prf\/wp-json\/wp\/v2\/pages\/1007\/revisions\/1949"}],"wp:attachment":[{"href":"https:\/\/bio.ufpr.br\/prf\/wp-json\/wp\/v2\/media?parent=1007"}],"curies":[{"name":"wp","href":"https:\/\/api.w.org\/{rel}","templated":true}]}}