{"id":1016,"date":"2020-08-24T13:29:16","date_gmt":"2020-08-24T13:29:16","guid":{"rendered":"https:\/\/bio.ufpr.br\/prf\/?page_id=1016"},"modified":"2025-11-05T14:18:57","modified_gmt":"2025-11-05T14:18:57","slug":"pesquisa","status":"publish","type":"page","link":"https:\/\/bio.ufpr.br\/prf\/pesquisa\/","title":{"rendered":"Pesquisa"},"content":{"rendered":"<p><span style=\"color: #339966\">Profa Dra Anna Raquel Silveira Gomes\u00a0\u00a0<\/span><\/p>\n<ul>\n<li>Tradu\u00e7\u00e3o e adapta\u00e7\u00e3o transcultural &#8211; HOME FAST vers\u00e3o profissional\/HOME FAST auttorreportado<\/li>\n<\/ul>\n<p><a href=\"https:\/\/bio.ufpr.br\/prf\/wp-content\/uploads\/sites\/44\/2020\/07\/Melo-Filho-et-al-2020-HOME-FAST-Brazil-self-report-1-1.pdf\">Melo Filho et al 2020 HOME FAST Brazil self report (1)-1<\/a><\/p>\n<p><a href=\"https:\/\/bio.ufpr.br\/prf\/wp-content\/uploads\/sites\/44\/2020\/07\/QUESTION\u00c1RIO-HOME-FAST-BRASIL-1.pdf\">QUESTION\u00c1RIO HOME FAST-BRASIL<\/a><\/p>\n<p><a href=\"https:\/\/bio.ufpr.br\/prf\/wp-content\/uploads\/sites\/44\/2020\/07\/HOME-FAST-BRASIL-AR_42358_2020_130_MOESM1_ESM-1.docx\">HOME FAST BRASIL-AR_42358_2020_130_MOESM1_ESM<\/a><\/p>\n<ul>\n<li><a href=\"https:\/\/bio.ufpr.br\/prf\/wp-content\/uploads\/sites\/44\/2020\/08\/Manual-de-Osteoporose-DIGITAL-ASPEC-09-12-20.pdf\">Manual de Osteoporose DIGITAL-ASPEC-09-12-20<\/a><\/li>\n<\/ul>\n<p><span style=\"color: #339966\">Profa\u00a0 Dra Arlete Ana Mother<\/span><\/p>\n<ul>\n<li><a href=\"https:\/\/bio.ufpr.br\/prf\/wp-content\/uploads\/sites\/44\/2024\/08\/Cartilha-Orientacoes-Ergonomicas-para-Dentistas.pdf\">Cartilha Orienta\u00e7\u00f5es Ergon\u00f4micas para Dentistas<\/a><\/li>\n<\/ul>\n<p><span style=\"color: #339966\">Profa\u00a0 Dra Raciele Ivandra Guarda Korelo\u00a0<\/span><\/p>\n<p><strong>MANUAIS<\/strong><\/p>\n<p>1. SANTOS, A. C. A. (Org.) ; PADILHA, C. P. L. (Org.) ; LENZ, S. N. (Org.) ; MELO, T. A. (Org.) ; PAIVA, E. S. (Org.) ; KORELO, Raciele Ivandra Guarda (Org.) .\u00a0<strong>Manual bem-estar na fibromialgia<\/strong>. 1. ed. Curitiba: UFPR, 2023. v. 1. 22p . Acesse\u00a0<a href=\"https:\/\/cefita.ufpr.br\/wp-content\/uploads\/2024\/01\/manual-bem-estar-na-fibromialgia.pdf\" data-type=\"link\" data-id=\"https:\/\/cefita.ufpr.br\/wp-content\/uploads\/2024\/01\/manual-bem-estar-na-fibromialgia.pdf\">aqui<\/a><\/p>\n<p>2.Gallo, Rubneide Barreto Silva (Org.) ; NALIWAIKO, K. (Org.) ; Korelo Raciele Ivandra Guarda Korelo (Org.) ; FRACARO, B. (Org.) ; BRASIL, C. B. (Org.) ; TASSA, C. M. (Org.) ; LIMA, E. G. (Org.) ; ALVES, G. R. (Org.) ; SILVA, J. B. (Org.) ; SILVA, K. C. (Org.) ; BENDHACK, L. (Org.) ; FELTRIN, M. I. (Org.) ; AMORIM, R. F. (Org.) ; BERTOTTI, T. C. W. (Org.) .\u00a0<strong>Manual Maternar: cuide-se na gesta\u00e7\u00e3o<\/strong>. 1. ed. Curitiba: UFPR, 2022. v. 1. 23p . Acesse\u00a0<a href=\"https:\/\/cefita.ufpr.br\/wp-content\/uploads\/2024\/01\/0-manual-maternar-cuide-se-na-gestacao.pdf\">aqui<\/a><\/p>\n<p>3. GALLO, R. B. S. (Org.) ; NALIWAIKO, K. (Org.) ; KORELO, RACIELE IVANDRA GUARDA (Org.) ; FRACARO, B. (Org.) ; BRASIL, C. B. (Org.) ; TASSA, C. M. (Org.) ; LIMA, E. G. (Org.) ; ALVES, G. R. (Org.) ; SILVA, J. B. (Org.) ; SILVA, K. C. (Org.) ; BENDHACK, L. (Org.) ; FELTRIN, M. I. (Org.) ; AMORIM, R. F. (Org.) ; BERTOTTI, T. C. W. (Org.) .\u00a0<strong>Manual maternal: cuide-se no p\u00f3s parto<\/strong>. 1. ed. Curitiba: UFPR, 2021. v. 1. 24p . Acesse\u00a0<a href=\"https:\/\/cefita.ufpr.br\/wp-content\/uploads\/2024\/01\/0-manual-maternar-cuide-se-no-pos-parto.pdf\">aqui<\/a><\/p>\n<div class=\"wp-block-file\" data-wp-interactive=\"core\/file\"><object><\/object><a id=\"wp-block-file--media-9290955f-ccaf-480e-a932-f49b71a6139f\" href=\"https:\/\/cefita.ufpr.br\/wp-content\/uploads\/2025\/11\/manual-gestar.pdf\">Manual Gestar<\/a><a class=\"wp-block-file__button wp-element-button\" href=\"https:\/\/cefita.ufpr.br\/wp-content\/uploads\/2025\/11\/manual-gestar.pdf\" aria-describedby=\"wp-block-file--media-9290955f-ccaf-480e-a932-f49b71a6139f\">Baixar<\/a><\/div>\n<div class=\"wp-block-file\" data-wp-interactive=\"core\/file\"><object><\/object><a id=\"wp-block-file--media-403c33d1-8a0d-4749-b278-bb2cb3b118d6\" href=\"https:\/\/cefita.ufpr.br\/wp-content\/uploads\/2025\/11\/manual-dtm-1.pdf\">Manual DTM 1<\/a><a class=\"wp-block-file__button wp-element-button\" href=\"https:\/\/cefita.ufpr.br\/wp-content\/uploads\/2025\/11\/manual-dtm-1.pdf\" aria-describedby=\"wp-block-file--media-403c33d1-8a0d-4749-b278-bb2cb3b118d6\">Baixar<\/a><\/div>\n","protected":false},"excerpt":{"rendered":"<p>Profa Dra Anna Raquel Silveira Gomes\u00a0\u00a0 Tradu\u00e7\u00e3o e adapta\u00e7\u00e3o transcultural &#8211; HOME FAST vers\u00e3o profissional\/HOME FAST auttorreportado Melo Filho et al 2020 HOME FAST Brazil self report (1)-1 QUESTION\u00c1RIO HOME FAST-BRASIL HOME FAST BRASIL-AR_42358_2020_130_MOESM1_ESM Manual de Osteoporose DIGITAL-ASPEC-09-12-20 Profa\u00a0 Dra Arlete Ana Mother Cartilha Orienta\u00e7\u00f5es Ergon\u00f4micas para Dentistas Profa\u00a0 Dra Raciele Ivandra Guarda Korelo\u00a0 MANUAIS [&hellip;]<\/p>\n","protected":false},"author":6,"featured_media":0,"parent":0,"menu_order":0,"comment_status":"closed","ping_status":"closed","template":"","meta":{"_acf_changed":false,"_monsterinsights_skip_tracking":false,"_monsterinsights_sitenote_active":false,"_monsterinsights_sitenote_note":"","_monsterinsights_sitenote_category":0,"footnotes":""},"class_list":["post-1016","page","type-page","status-publish","hentry"],"acf":[],"_links":{"self":[{"href":"https:\/\/bio.ufpr.br\/prf\/wp-json\/wp\/v2\/pages\/1016","targetHints":{"allow":["GET"]}}],"collection":[{"href":"https:\/\/bio.ufpr.br\/prf\/wp-json\/wp\/v2\/pages"}],"about":[{"href":"https:\/\/bio.ufpr.br\/prf\/wp-json\/wp\/v2\/types\/page"}],"author":[{"embeddable":true,"href":"https:\/\/bio.ufpr.br\/prf\/wp-json\/wp\/v2\/users\/6"}],"replies":[{"embeddable":true,"href":"https:\/\/bio.ufpr.br\/prf\/wp-json\/wp\/v2\/comments?post=1016"}],"version-history":[{"count":7,"href":"https:\/\/bio.ufpr.br\/prf\/wp-json\/wp\/v2\/pages\/1016\/revisions"}],"predecessor-version":[{"id":1950,"href":"https:\/\/bio.ufpr.br\/prf\/wp-json\/wp\/v2\/pages\/1016\/revisions\/1950"}],"wp:attachment":[{"href":"https:\/\/bio.ufpr.br\/prf\/wp-json\/wp\/v2\/media?parent=1016"}],"curies":[{"name":"wp","href":"https:\/\/api.w.org\/{rel}","templated":true}]}}