{"id":143,"date":"2017-09-04T17:12:50","date_gmt":"2017-09-04T17:12:50","guid":{"rendered":"https:\/\/bio.ufpr.br\/prf\/?page_id=143"},"modified":"2026-03-18T12:57:05","modified_gmt":"2026-03-18T12:57:05","slug":"a-secretaria","status":"publish","type":"page","link":"https:\/\/bio.ufpr.br\/prf\/a-secretaria\/","title":{"rendered":"A Secretaria"},"content":{"rendered":"<p>A<strong> Secretaria do Departamento de Preven\u00e7\u00e3o e Reabilita\u00e7\u00e3o <\/strong>est\u00e1 localizada no Campus Jardim Bot\u00e2nico da Universidade Federal do Paran\u00e1.<\/p>\n<p><strong>Endere\u00e7o: <\/strong><\/p>\n<p>Rua Cora\u00e7\u00e3o de Maria,\u00a092<br \/>\nCampus Jardim Bot\u00e2nico \u2013 Jardim Bot\u00e2nico<br \/>\nCEP: 80.210-132 Curitiba \u2013 PR<br \/>\n<strong>Telefone:<\/strong> (41) 3360-4330<\/p>\n<p><strong>E-mail e Teams<\/strong>: dpr.fisioterapia@ufpr.br<\/p>\n<p><strong>\u00a0<\/strong><\/p>\n<p><strong>HOR\u00c1RIO DE FUNCIONAMENTO<\/strong><\/p>\n<p>Secretaria Administrativa do DPRF &#8211; Equipe<\/p>\n<p><strong>\u00a0<\/strong><\/p>\n<table style=\"height: 140px\" width=\"849\">\n<tbody>\n<tr>\n<td width=\"113\"><strong>Fun\u00e7\u00e3o<\/strong><\/td>\n<td width=\"178\"><strong>Nome<\/strong><\/td>\n<td width=\"151\"><strong>E-mail<\/strong><\/td>\n<td width=\"177\"><strong>Presencial<\/strong><\/td>\n<td width=\"177\"><strong>Teletrabalho<\/strong><\/td>\n<\/tr>\n<tr>\n<td width=\"113\">Administrador<\/td>\n<td width=\"178\">Jairo Mendes de Gois<\/td>\n<td width=\"151\">jmgois@ufpr.br<\/td>\n<td width=\"177\">Segunda a Quarta:\u00a0 \u00a0 Terceiro andar secret\u00e1ria:\u00a0 \u00a0 08h as 12h\/ 13h \u00e0s 17h<\/td>\n<td width=\"177\">Quinta e Sexta<\/td>\n<\/tr>\n<tr>\n<td width=\"113\">Administrador<\/td>\n<td width=\"178\">Jo\u00e3o Ant\u00f4nio Basso<\/td>\n<td width=\"151\">dpr.fisioterapia@ufpr.br<\/td>\n<td style=\"width: 210px\" width=\"177\">Quarta a Sexta:\u00a0 \u00a0 \u00a0 \u00a0Terceiro andar gabinete15\u00a0 \u00a009h as 12h\/ 13h \u00e0s 18h<\/td>\n<td width=\"177\">Segunda e Ter\u00e7a<\/td>\n<\/tr>\n<\/tbody>\n<\/table>\n<p><strong>\u00a0<\/strong><\/p>\n<p><strong>SECRETARIA DA ASSESSORIA DO DPRF \u2013 EQUIPE<\/strong><\/p>\n<p><strong>\u00a0<\/strong><\/p>\n<table>\n<tbody>\n<tr>\n<td width=\"140\"><strong>Fun\u00e7\u00e3o<\/strong><\/td>\n<td width=\"142\"><strong>Nome<\/strong><\/td>\n<td width=\"208\"><strong>E-mail<\/strong><\/td>\n<td width=\"130\">\n<p><strong>Hor\u00e1rio <\/strong><\/p>\n<p><strong>Segunda a Sexta<\/strong><\/td>\n<\/tr>\n<tr>\n<td width=\"140\">Auxiliar Escrit\u00f3rio<\/td>\n<td width=\"142\">Elaine<\/td>\n<td width=\"208\">dprf.agendamento@ufpr.br<\/td>\n<td width=\"130\">\n<p>08h as 12h<\/p>\n<p>13h \u00e0s 17h<\/td>\n<\/tr>\n<tr>\n<td width=\"140\">Almoxarife<\/td>\n<td width=\"142\">Francieli<\/td>\n<td width=\"208\">dprf.almoxarifado@ufpr.br<\/td>\n<td width=\"130\">\n<p>07h00 as 11h30<\/p>\n<p>12h30 \u00e0s 16h00<\/td>\n<\/tr>\n<\/tbody>\n<\/table>\n<p><strong>\u00a0<\/strong><\/p>\n<p><strong>FISIOTERAPIA \u2013 EQUIPE<\/strong><\/p>\n<table>\n<tbody>\n<tr>\n<td width=\"140\"><strong>Fun\u00e7\u00e3o<\/strong><\/td>\n<td width=\"142\"><strong>Nome<\/strong><\/td>\n<td width=\"208\"><strong>E-mail<\/strong><\/td>\n<td width=\"130\">\n<p><strong>Hor\u00e1rio <\/strong><\/p>\n<p><strong>Segunda a Sexta<\/strong><\/td>\n<\/tr>\n<tr>\n<td width=\"140\">Fisioterapeuta<\/td>\n<td width=\"142\">Jonathan Stefano Cardoso Guilherme<\/td>\n<td width=\"208\">jonathanfisio7@gmail.com<\/td>\n<td width=\"130\">13h as 19h<\/td>\n<\/tr>\n<tr>\n<td width=\"140\">Fisioterapeuta<\/td>\n<td width=\"142\">Viviane Jarek<\/td>\n<td width=\"208\">vivijarek@hotmail.com<\/td>\n<td width=\"130\">07h as 13h<\/td>\n<\/tr>\n<\/tbody>\n<\/table>\n<p><strong>\u00a0<\/strong><\/p>\n<p><strong>2 ESPA\u00c7O F\u00cdSICO<\/strong><\/p>\n<p><strong>\u00a0<\/strong><\/p>\n<p>O DPRF conta atualmente com 4 andares, em um pr\u00e9dio no Campus Jardim Bot\u00e2nico. Acesse o documento a seguir, para conhecer mais.<strong>\u00a0\u00a0<\/strong><\/p>\n<p><a href=\"https:\/\/ufprbr0-my.sharepoint.com\/personal\/dpr_fisioterapia_ufpr_br\/_layouts\/15\/onedrive.aspx?id=%2Fpersonal%2Fdpr%5Ffisioterapia%5Fufpr%5Fbr%2FDocuments%2FN%C3%A3o%20utilizados%2FAnexos%2F2024DPRF%5Fespacos%2Epdf&amp;parent=%2Fpersonal%2Fdpr%5Ffisioterapia%5Fufpr%5Fbr%2FDocuments%2FN%C3%A3o%20utilizados%2FAnexos&amp;ct=1706813719210&amp;or=OWA%2DNT&amp;cid=40ec8e83%2Dca7e%2D6412%2D1ea1%2D3d80297f8072&amp;ga=1\">https:\/\/ufprbr0-my.sharepoint.com\/personal\/dpr_fisioterapia_ufpr_br\/_layouts\/15\/onedrive.aspx?id=%2Fpersonal%2Fdpr%5Ffisioterapia%5Fufpr%5Fbr%2FDocuments%2FN%C3%A3o%20utilizados%2FAnexos%2F2024DPRF%5Fespacos%2Epdf&amp;parent=%2Fpersonal%2Fdpr%5Ffisioterapia%5Fufpr%5Fbr%2FDocuments%2FN%C3%A3o%20utilizados%2FAnexos&amp;ct=1706813719210&amp;or=OWA%2DNT&amp;cid=40ec8e83%2Dca7e%2D6412%2D1ea1%2D3d80297f8072&amp;ga=1<\/a><\/p>\n<p><strong>\u00a0<\/strong><\/p>\n<p><strong>Agenda das salas e equipamentos para realiza\u00e7\u00e3o das atividades<\/strong><\/p>\n<p>Antes de solicitar sua reserva, consulte os equipamentos e salas dispon\u00edveis no documento a seguir<\/p>\n<p><a href=\"https:\/\/docs.google.com\/spreadsheets\/d\/120k2D-uSggOsV6LMtyI0I0BcBbK5WG8K1qkAhm_YKOY\/edit#gid=696143229\"> https:\/\/docs.google.com\/spreadsheets\/d\/120k2D-uSggOsV6LMtyI0I0BcBbK5WG8K1qkAhm_YKOY\/edit#gid=696143229<\/a><\/p>\n<p><strong>\u00a0<\/strong><\/p>\n<p><strong>Fluxo para reserva de espa\u00e7o<\/strong><\/p>\n<p>Para solicitar reserva do espa\u00e7o e\/ou de materiais, siga os fluxos a seguir<strong>\u00a0<\/strong><\/p>\n<p><a href=\"https:\/\/ufprbr0-my.sharepoint.com\/:w:\/g\/personal\/dpr_fisioterapia_ufpr_br\/IQB9-rjIQn1IRobCG3BOXDURAcX1AEB63OlQeGH3A2x204U?e=guhirl\">Solicita\u00e7\u00e3o de reposi\u00e7\u00e3o de materiais de consumo, ou manuten\u00e7\u00e3o de equipamentos e espa\u00e7os<\/a><\/p>\n<p><a href=\"https:\/\/ufprbr0-my.sharepoint.com\/:w:\/g\/personal\/dpr_fisioterapia_ufpr_br\/IQDpOCFu9GjbSofA2fULHsOnAQkocDtZzcaGN1VyhE1kSDY?e=CGfRau\">Empr\u00e9stimo de bem de consumo<\/a><\/p>\n<p><a href=\"https:\/\/ufprbr0-my.sharepoint.com\/:w:\/g\/personal\/dpr_fisioterapia_ufpr_br\/IQDyrkpb5qQDT5-GZk25uwY6AVDhks9SyXfOhNGiXFw_aOc?e=Jbwk7U\">Empr\u00e9stimo de bem permanente\u00a0<\/a><\/p>\n<p><a href=\"https:\/\/ufprbr0-my.sharepoint.com\/:w:\/g\/personal\/dpr_fisioterapia_ufpr_br\/IQA6dGtNPGLrSIdzk_JdFg3UAZNTE58pA1QQioUe5Gwfiyw?e=JhPAzE\">Patrim\u00f4nio<\/a><\/p>\n<p><a href=\"https:\/\/ufprbr0-my.sharepoint.com\/:w:\/g\/personal\/dpr_fisioterapia_ufpr_br\/IQBSWO9Jv3PmQouFLLqhvI_dAea5G8Wr_omx4ID-Hb4ahQQ?e=pvXzfr\">Solicita\u00e7\u00e3o de impress\u00e3o<\/a><\/p>\n<p><a href=\"https:\/\/ufprbr0-my.sharepoint.com\/:w:\/g\/personal\/dpr_fisioterapia_ufpr_br\/IQC2dNRmflffQrPACrzmum95AZ6cpDgWWbn-6QThp4C4-Gw?e=PVThwg\">Solicita\u00e7\u00e3o de inclus\u00e3o de Conte\u00fado na P\u00e1gina eletr\u00f4nica do DPRF<\/a><\/p>\n<p><a href=\"https:\/\/ufprbr0-my.sharepoint.com\/:w:\/g\/personal\/dpr_fisioterapia_ufpr_br\/IQCCS0QBQrmMS6XCA4TGG-CJAVZzsO_2TZxQ2b7LjEpXzeE?e=0qJtc4\">Agendamento de laborat\u00f3rios<\/a><\/p>\n<p><a href=\"https:\/\/ufprbr0-my.sharepoint.com\/:w:\/g\/personal\/dpr_fisioterapia_ufpr_br\/IQB5YAh0WjOZT4NoEsUuCSVJAa4W7sirIYVf-ZbKb9siaF4?e=kG3QQ7\">Solicita\u00e7\u00e3o de materiais para aula pr\u00e1tica<\/a><\/p>\n<p><a href=\"https:\/\/ufprbr0-my.sharepoint.com\/:w:\/g\/personal\/dpr_fisioterapia_ufpr_br\/IQAWCO3IwHlDSoPO7leva7z5AUxLC8m2T8f8z6-TyAjgaJo?e=CD6Osu\">Solicita\u00e7\u00e3o e Altera\u00e7\u00e3o de f\u00e9rias<\/a><\/p>\n<p><strong>\u00a0<\/strong><\/p>\n<p><strong>3 FORMUL\u00c1RIOS\/ REQUERIMENTOS<\/strong><\/p>\n<ol>\n<li>Requerimento Geral (Em elabora\u00e7\u00e3o)<\/li>\n<li>Requerimento de Ajuste de Matr\u00edcula (Em elabora\u00e7\u00e3o)<\/li>\n<li>Requerimento de aumento de vaga em disciplina (Em elabora\u00e7\u00e3o)<\/li>\n<li>Requerimento de Segunda Chamada (Em elabora\u00e7\u00e3o)<\/li>\n<li>Requerimento de Dispensa de Frequ\u00eancia (Em elabora\u00e7\u00e3o)<\/li>\n<li>Requerimento de Exame de Aproveitamento de Conhecimento- por reprova\u00e7\u00e3o (Em elabora\u00e7\u00e3o)<\/li>\n<li>Requerimento de Cancelamento de matr\u00edcula em disciplina (Em elabora\u00e7\u00e3o)<\/li>\n<li>Requerimento de Equival\u00eancia de disciplinas (Em elabora\u00e7\u00e3o)<\/li>\n<li>Requerimento de valida\u00e7\u00e3o de disciplinas cursadas em conv\u00eanio sem equival\u00eancia no curr\u00edculo (Em elabora\u00e7\u00e3o)<\/li>\n<li>Requerimento de valida\u00e7\u00e3o de disciplinas cursadas em mobilidade acad\u00eamica sem equival\u00eancia no curr\u00edculo (Em elabora\u00e7\u00e3o)<\/li>\n<li>Requerimento de matricula em disciplinas eletiva (somente para alunos UFPR) (Em elabora\u00e7\u00e3o)<\/li>\n<li>Requerimento de matr\u00edcula em disciplina isolada (Em elabora\u00e7\u00e3o)<\/li>\n<li>Requerimento de tratamento excepcional em regime de trabalhos domiciliares (Em elabora\u00e7\u00e3o)<\/li>\n<li>Requerimento de trancamento de curso (Em elabora\u00e7\u00e3o)<\/li>\n<\/ol>\n<p><strong>4 &#8211; EQUIPE<\/strong><\/p>\n<p><strong>Chefia do Departamento <\/strong><\/p>\n<p>Profa. Dra. Raciele Ivandra Guarda Korelo\u00a0 (raciele@ufpr.br)<\/p>\n<p><strong>\u00a0<\/strong><\/p>\n<p><strong>Chefe Suplente do Departamento<\/strong><\/p>\n<p>Profa. Dra. Sibele Yoko Mattozo Takeda (sibeletakeda@ufpr.br)<\/p>\n<p><strong>1 DOCENTES<\/strong><\/p>\n<p><strong>\u00a0<\/strong><\/p>\n<table>\n<tbody>\n<tr>\n<td width=\"238\"><strong>Docentes Efetivas<\/strong><\/td>\n<td width=\"201\"><strong>E-mail<\/strong><\/td>\n<td width=\"173\"><strong>Link Lattes<\/strong><\/td>\n<\/tr>\n<tr>\n<td width=\"238\">Prof\u00aa Dra. Anna Raquel Silveira Gomes<\/td>\n<td width=\"201\">\n<p>anna.gomes@ufpr.br<\/p>\n<p><strong>\u00a0<\/strong><\/td>\n<td width=\"173\">(Em elabora\u00e7\u00e3o)<\/td>\n<\/tr>\n<tr>\n<td width=\"238\">Prof\u00aa\u00a0Dra. Ana Carolina Brandt de Macedo<\/td>\n<td width=\"201\">\n<p>ana.macedo@ufpr.br<\/p>\n<p><strong>\u00a0<\/strong><\/td>\n<td width=\"173\"><strong> (Em elabora\u00e7\u00e3o)<\/strong><\/td>\n<\/tr>\n<tr>\n<td width=\"238\">Prof\u00aa\u00a0Dra. Ana Marcia Delattre Zocolotti<\/td>\n<td width=\"201\">\n<p>ana.delattre@ufpr.br<\/p>\n<p><strong>\u00a0<\/strong><\/td>\n<td width=\"173\"><strong> (Em elabora\u00e7\u00e3o)<\/strong><\/td>\n<\/tr>\n<tr>\n<td width=\"238\">Prof\u00aa\u00a0Dra. Ariani Cavazzani Szkudlarek<\/td>\n<td width=\"201\">\n<p>ariani@ufpr.br<\/p>\n<p><strong>\u00a0<\/strong><\/td>\n<td width=\"173\"><strong> (Em elabora\u00e7\u00e3o)<\/strong><\/td>\n<\/tr>\n<tr>\n<td width=\"238\">Prof\u00aa\u00a0Dra. Arlete Ana Motter<\/td>\n<td width=\"201\">arlete.motter@ufpr.br<\/td>\n<td width=\"173\"><strong> (Em elabora\u00e7\u00e3o)<\/strong><\/td>\n<\/tr>\n<tr>\n<td width=\"238\">Prof\u00aa Dra.\u00a0Maria Goretti Fernandes<\/td>\n<td width=\"201\">\n<p>gorettifernandes@ufpr.br<\/p>\n<p><strong>\u00a0<\/strong><\/td>\n<td width=\"173\"><strong> (Em elabora\u00e7\u00e3o)<\/strong><\/td>\n<\/tr>\n<tr>\n<td width=\"238\">Prof\u00aa\u00a0Dra. Nat\u00e1lia Boneti Moreira<\/td>\n<td width=\"201\">nataliamoreira@ufpr.br<\/td>\n<td width=\"173\"><strong> (Em elabora\u00e7\u00e3o)<\/strong><\/td>\n<\/tr>\n<tr>\n<td width=\"238\">Prof\u00aa\u00a0Dra. Raciele Ivandra Guarda Korelo<\/td>\n<td width=\"201\">\n<p>raciele@ufpr.br<\/p>\n<p><strong>\u00a0<\/strong><\/td>\n<td width=\"173\"><strong> (Em elabora\u00e7\u00e3o)<\/strong><\/td>\n<\/tr>\n<tr>\n<td width=\"238\">Prof\u00aa\u00a0Dra. Sibele Yoko Mattozo Takeda<\/td>\n<td width=\"201\">\n<p>sibeletakeda@ufpr.br<\/p>\n<p><strong>\u00a0<\/strong><\/td>\n<td width=\"173\"><strong> (Em elabora\u00e7\u00e3o)<\/strong><\/td>\n<\/tr>\n<tr>\n<td width=\"238\">Prof\u00aa\u00a0Dra. Silvia Let\u00edcia Pav\u00e3o Rago<\/td>\n<td width=\"201\">\n<p>silvia.pavao@ufpr.br<\/p>\n<p><strong>\u00a0<\/strong><\/td>\n<td width=\"173\"><strong> (Em elabora\u00e7\u00e3o)<\/strong><\/td>\n<\/tr>\n<tr>\n<td width=\"238\">Prof\u00aa\u00a0Dra. Silvia Regina Valderramas<\/td>\n<td width=\"201\">\n<p>silviavalderramas@ufpr.br<\/p>\n<p><strong>\u00a0<\/strong><\/td>\n<td width=\"173\"><strong> (Em elabora\u00e7\u00e3o)<\/strong><\/td>\n<\/tr>\n<tr>\n<td width=\"238\">Prof\u00aa\u00a0Dra. Talita Gianello Gnoato Zotz<\/td>\n<td width=\"201\">\n<p>talita.zotz@ufpr.br<\/p>\n<p><strong>\u00a0<\/strong><\/td>\n<td width=\"173\"><strong> (Em elabora\u00e7\u00e3o)<\/strong><\/td>\n<\/tr>\n<tr>\n<td width=\"238\">Prof\u00aa Dra. Vera L\u00facia Israel<\/td>\n<td width=\"201\">vera.israel@ufpr.br<\/td>\n<td width=\"173\"><strong> (Em elabora\u00e7\u00e3o)<\/strong><\/td>\n<\/tr>\n<tr>\n<td width=\"238\">Prof\u00aa Dra. Aristela de Freitas Zanona<\/td>\n<td width=\"201\">arisz_to@yahoo.com.br<\/td>\n<td width=\"173\"><strong>(Em elabora\u00e7\u00e3o)<\/strong><\/td>\n<\/tr>\n<tr>\n<td width=\"238\"><\/td>\n<td width=\"201\"><\/td>\n<td width=\"173\"><strong>\u00a0<\/strong><\/td>\n<\/tr>\n<tr>\n<td width=\"238\"><\/td>\n<td width=\"201\"><\/td>\n<td width=\"173\"><\/td>\n<\/tr>\n<tr>\n<td width=\"238\"><\/td>\n<td width=\"201\"><\/td>\n<td width=\"173\"><\/td>\n<\/tr>\n<tr>\n<td width=\"238\"><\/td>\n<td width=\"201\"><\/td>\n<td width=\"173\"><\/td>\n<\/tr>\n<tr>\n<td width=\"238\"><\/td>\n<td width=\"201\"><\/td>\n<td width=\"173\"><\/td>\n<\/tr>\n<\/tbody>\n<\/table>\n<p><strong>\u00a0<\/strong><\/p>\n<p><strong>2 T\u00c9CNICOS ADMINISTRATIVOS EM ENSINO<\/strong><\/p>\n<p><strong>\u00a0<\/strong><\/p>\n<table>\n<tbody>\n<tr>\n<td width=\"132\"><strong>Cargo<\/strong><\/td>\n<td width=\"283\"><strong>Nome<\/strong><\/td>\n<td width=\"197\"><strong>E-mail<\/strong><\/td>\n<\/tr>\n<tr>\n<td width=\"132\">Administrador<\/td>\n<td width=\"283\">Jairo Mendes de Gois<\/td>\n<td width=\"197\">jmgois@ufpr.br<\/td>\n<\/tr>\n<tr>\n<td width=\"132\">Administrador<\/td>\n<td width=\"283\">Jo\u00e3o Ant\u00f4nio Basso<\/td>\n<td width=\"197\">dpr.fisioterapia@ufpr.br<\/td>\n<\/tr>\n<tr>\n<td width=\"132\">Fisioterapeuta<\/td>\n<td width=\"283\">Jonathan Stefano Cardoso<\/td>\n<td width=\"197\">Guilhermejonathanfisio7@gmail.com<\/td>\n<\/tr>\n<tr>\n<td width=\"132\">Fisioterapeuta<\/td>\n<td width=\"283\">Viviane Jarek<\/td>\n<td width=\"197\">vivijarek@hotmail.com<\/td>\n<\/tr>\n<\/tbody>\n<\/table>\n<p><strong>\u00a0<\/strong><\/p>\n<p><strong>3 TERCERIZADOS<\/strong><\/p>\n<p><strong>\u00a0<\/strong><\/p>\n<table>\n<tbody>\n<tr>\n<td width=\"227\"><strong>Cargo<\/strong><\/td>\n<td width=\"161\"><strong>Nome<\/strong><\/td>\n<td width=\"224\"><strong>E-mail<\/strong><\/td>\n<\/tr>\n<tr>\n<td width=\"227\">Almoxarife<\/td>\n<td width=\"161\">Francieli Pagliotto taborda<\/td>\n<td width=\"224\">dprf.almoxarifado@ufpr.br<\/td>\n<\/tr>\n<tr>\n<td width=\"227\">Auxiliar de Escrit\u00f3rio<\/td>\n<td width=\"161\">Elaine Alexandra Batista Santiago Castro<\/td>\n<td width=\"224\">dprf.agendamento@ufpr.br<\/td>\n<\/tr>\n<\/tbody>\n<\/table>\n<p><em><strong>\u00a0<\/strong><\/em><\/p>\n<p>Hor\u00e1rio de Funcionamento: Segunda a Sexta-Feira 08h \u00e0s 12h \/ 13h \u00e0s 18h<\/p>\n","protected":false},"excerpt":{"rendered":"<p>A Secretaria do Departamento de Preven\u00e7\u00e3o e Reabilita\u00e7\u00e3o est\u00e1 localizada no Campus Jardim Bot\u00e2nico da Universidade Federal do Paran\u00e1. Endere\u00e7o: Rua Cora\u00e7\u00e3o de Maria,\u00a092 Campus Jardim Bot\u00e2nico \u2013 Jardim Bot\u00e2nico CEP: 80.210-132 Curitiba \u2013 PR Telefone: (41) 3360-4330 E-mail e Teams: dpr.fisioterapia@ufpr.br \u00a0 HOR\u00c1RIO DE FUNCIONAMENTO Secretaria Administrativa do DPRF &#8211; Equipe \u00a0 Fun\u00e7\u00e3o Nome [&hellip;]<\/p>\n","protected":false},"author":6,"featured_media":0,"parent":0,"menu_order":0,"comment_status":"closed","ping_status":"closed","template":"","meta":{"_acf_changed":false,"_monsterinsights_skip_tracking":false,"_monsterinsights_sitenote_active":false,"_monsterinsights_sitenote_note":"","_monsterinsights_sitenote_category":0,"footnotes":""},"class_list":["post-143","page","type-page","status-publish","hentry"],"acf":[],"_links":{"self":[{"href":"https:\/\/bio.ufpr.br\/prf\/wp-json\/wp\/v2\/pages\/143","targetHints":{"allow":["GET"]}}],"collection":[{"href":"https:\/\/bio.ufpr.br\/prf\/wp-json\/wp\/v2\/pages"}],"about":[{"href":"https:\/\/bio.ufpr.br\/prf\/wp-json\/wp\/v2\/types\/page"}],"author":[{"embeddable":true,"href":"https:\/\/bio.ufpr.br\/prf\/wp-json\/wp\/v2\/users\/6"}],"replies":[{"embeddable":true,"href":"https:\/\/bio.ufpr.br\/prf\/wp-json\/wp\/v2\/comments?post=143"}],"version-history":[{"count":55,"href":"https:\/\/bio.ufpr.br\/prf\/wp-json\/wp\/v2\/pages\/143\/revisions"}],"predecessor-version":[{"id":1954,"href":"https:\/\/bio.ufpr.br\/prf\/wp-json\/wp\/v2\/pages\/143\/revisions\/1954"}],"wp:attachment":[{"href":"https:\/\/bio.ufpr.br\/prf\/wp-json\/wp\/v2\/media?parent=143"}],"curies":[{"name":"wp","href":"https:\/\/api.w.org\/{rel}","templated":true}]}}