{"id":1775,"date":"2024-05-06T19:05:31","date_gmt":"2024-05-06T19:05:31","guid":{"rendered":"https:\/\/bio.ufpr.br\/prf\/?page_id=1775"},"modified":"2026-03-18T16:20:53","modified_gmt":"2026-03-18T16:20:53","slug":"ensino","status":"publish","type":"page","link":"https:\/\/bio.ufpr.br\/prf\/ensino\/","title":{"rendered":"Ensino"},"content":{"rendered":"\r\n<div data-olk-copy-source=\"MessageBody\">\r\n<div data-olk-copy-source=\"MessageBody\"><span data-olk-copy-source=\"MessageBody\">Material educativo fruto da Disciplina DPRF082 &#8211; Fisioterapia Respirat\u00f3ria III.<\/span><\/div>\r\n<div data-olk-copy-source=\"MessageBody\"><a href=\"https:\/\/bio.ufpr.br\/prf\/wp-content\/uploads\/sites\/44\/2026\/03\/Atuacao-Fisioterapeutica-no-Derrame-Pleural.pdf\">Atua\u00e7\u00e3o Fisioterap\u00eautica no Derrame Pleural<\/a><\/div>\r\n<div data-olk-copy-source=\"MessageBody\">\u00a0<\/div>\r\n<div data-olk-copy-source=\"MessageBody\">Produto da disciplina de Fisioterapia Respirat\u00f3ria III (DPRF082).\u00a0<\/div>\r\n<div>T\u00edtulo: Bronquite<\/div>\r\n<div><a href=\"https:\/\/www.canva.com\/design\/DAGzMczhgCw\/bpwGgajxBEA8lUy9N4QNPg\/edit?utm_content=DAGzMczhgCw&amp;utm_campaign=designshare&amp;utm_medium=link2&amp;utm_source=sharebutton\">https:\/\/www.canva.com\/design\/DAGzMczhgCw\/bpwGgajxBEA8lUy9N4QNPg\/edit?utm_content=DAGzMczhgCw&amp;utm_campaign=designshare&amp;utm_medium=link2&amp;utm_source=sharebutton<\/a><\/div>\r\n<\/div>\r\n<div data-olk-copy-source=\"MessageBody\">\u00a0<\/div>\r\n<div data-olk-copy-source=\"MessageBody\">\r\n<div dir=\"auto\" data-olk-copy-source=\"MessageBody\">T\u00edtulo: Pneumonia\u00a0<\/div>\r\n<div dir=\"auto\">Disciplina de Fisioterapia Respirat\u00f3ria III-DPRF 082<\/div>\r\n<div dir=\"auto\"><a href=\"https:\/\/bio.ufpr.br\/prf\/wp-content\/uploads\/sites\/44\/2025\/10\/POST_PNEUMONIA_ARCELIO-E-JUAN.pdf\">POST_PNEUMONIA_ARCELIO E JUAN<\/a><\/div>\r\n<\/div>\r\n<div data-olk-copy-source=\"MessageBody\">\u00a0<\/div>\r\n<div data-olk-copy-source=\"MessageBody\">Disciplina DPRF082\u00a0&#8211; Fisioterapia Respirat\u00f3ria III.<\/div>\r\n<div>T\u00edtulo: S\u00edndrome do Desconforto Respirat\u00f3rio Agudo<\/div>\r\n<div><a href=\"https:\/\/bio.ufpr.br\/prf\/wp-content\/uploads\/sites\/44\/2025\/10\/SDRA.pdf\">SDRA<\/a><\/div>\r\n<p>&nbsp;<\/p>\r\n<p>Disciplina DPRF 066- Ergonomia e Fisioterapia do Trabalho<\/p>\r\n\r\n\r\n\r\n<p><a href=\"https:\/\/www.canva.com\/design\/DAGPeRkr06M\/jWzCfoe5_lkibHrhElqASw\/edit\">https:\/\/www.canva.com\/design\/DAGPeRkr06M\/jWzCfoe5_lkibHrhElqASw\/edit<\/a><\/p>\r\n<p>&nbsp;<\/p>\r\n<div data-olk-copy-source=\"MessageBody\">Disciplina DPRF066- Ergonomia e Fisioterapia do Trabalho (ano 2025)<\/div>\r\n<div>Docente: Profa Dra Arlete Ana Motter<\/div>\r\n<div>Atividade Mapa Conceitual, cap\u00edtulo 1 do livro Ergonomia Projeto e Produ\u00e7\u00e3o. Itiro Iida, 2016<\/div>\r\n<div><a href=\"https:\/\/bio.ufpr.br\/prf\/wp-content\/uploads\/sites\/44\/2025\/05\/Ergonomia-Helena-Roncato-e-Julia-Barbosa-_20250508_143303_0000.pdf\">Ergonomia- Helena Roncato e Julia Barbosa _20250508_143303_0000<\/a><\/div>\r\n<div>\u00a0<\/div>\r\n<div>DPRF 066- Ergonomia e Fisioterapia do Trabalho (Turmas A e B 2023)em aula pr\u00e1tica na PROPG\/UFPR<\/div>\r\n<div><img loading=\"lazy\" decoding=\"async\" class=\"alignnone size-full wp-image-1900\" src=\"https:\/\/bio.ufpr.br\/prf\/wp-content\/uploads\/sites\/44\/2025\/05\/WhatsApp-Image-2025-05-14-at-11.57.15-1.jpeg\" alt=\"\" width=\"1280\" height=\"960\" srcset=\"https:\/\/bio.ufpr.br\/prf\/wp-content\/uploads\/sites\/44\/2025\/05\/WhatsApp-Image-2025-05-14-at-11.57.15-1.jpeg 1280w, https:\/\/bio.ufpr.br\/prf\/wp-content\/uploads\/sites\/44\/2025\/05\/WhatsApp-Image-2025-05-14-at-11.57.15-1-300x225.jpeg 300w, https:\/\/bio.ufpr.br\/prf\/wp-content\/uploads\/sites\/44\/2025\/05\/WhatsApp-Image-2025-05-14-at-11.57.15-1-1024x768.jpeg 1024w, https:\/\/bio.ufpr.br\/prf\/wp-content\/uploads\/sites\/44\/2025\/05\/WhatsApp-Image-2025-05-14-at-11.57.15-1-768x576.jpeg 768w\" sizes=\"auto, (max-width: 1280px) 100vw, 1280px\" \/> <img loading=\"lazy\" decoding=\"async\" class=\"alignnone size-full wp-image-1901\" src=\"https:\/\/bio.ufpr.br\/prf\/wp-content\/uploads\/sites\/44\/2025\/05\/WhatsApp-Image-2025-05-14-at-11.57.15.jpeg\" alt=\"\" width=\"1280\" height=\"960\" srcset=\"https:\/\/bio.ufpr.br\/prf\/wp-content\/uploads\/sites\/44\/2025\/05\/WhatsApp-Image-2025-05-14-at-11.57.15.jpeg 1280w, https:\/\/bio.ufpr.br\/prf\/wp-content\/uploads\/sites\/44\/2025\/05\/WhatsApp-Image-2025-05-14-at-11.57.15-300x225.jpeg 300w, https:\/\/bio.ufpr.br\/prf\/wp-content\/uploads\/sites\/44\/2025\/05\/WhatsApp-Image-2025-05-14-at-11.57.15-1024x768.jpeg 1024w, https:\/\/bio.ufpr.br\/prf\/wp-content\/uploads\/sites\/44\/2025\/05\/WhatsApp-Image-2025-05-14-at-11.57.15-768x576.jpeg 768w\" sizes=\"auto, (max-width: 1280px) 100vw, 1280px\" \/><\/div>\r\n<div>\u00a0<\/div>\r\n<div>T\u00edtulo: DPRF 066- Ergonomia e Fisioterapia do Trabalho 2025<\/div>\r\n<div><img loading=\"lazy\" decoding=\"async\" class=\"alignnone size-full wp-image-1902\" src=\"https:\/\/bio.ufpr.br\/prf\/wp-content\/uploads\/sites\/44\/2025\/05\/Mapa-Conceitual-Ergonomia.png\" alt=\"\" width=\"1024\" height=\"768\" srcset=\"https:\/\/bio.ufpr.br\/prf\/wp-content\/uploads\/sites\/44\/2025\/05\/Mapa-Conceitual-Ergonomia.png 1024w, https:\/\/bio.ufpr.br\/prf\/wp-content\/uploads\/sites\/44\/2025\/05\/Mapa-Conceitual-Ergonomia-300x225.png 300w, https:\/\/bio.ufpr.br\/prf\/wp-content\/uploads\/sites\/44\/2025\/05\/Mapa-Conceitual-Ergonomia-768x576.png 768w\" sizes=\"auto, (max-width: 1024px) 100vw, 1024px\" \/><\/div>\r\n","protected":false},"excerpt":{"rendered":"<p>Material educativo fruto da Disciplina DPRF082 &#8211; Fisioterapia Respirat\u00f3ria III. Atua\u00e7\u00e3o Fisioterap\u00eautica no Derrame Pleural \u00a0 Produto da disciplina de Fisioterapia Respirat\u00f3ria III (DPRF082).\u00a0 T\u00edtulo: Bronquite https:\/\/www.canva.com\/design\/DAGzMczhgCw\/bpwGgajxBEA8lUy9N4QNPg\/edit?utm_content=DAGzMczhgCw&amp;utm_campaign=designshare&amp;utm_medium=link2&amp;utm_source=sharebutton \u00a0 T\u00edtulo: Pneumonia\u00a0 Disciplina de Fisioterapia Respirat\u00f3ria III-DPRF 082 POST_PNEUMONIA_ARCELIO E JUAN \u00a0 Disciplina DPRF082\u00a0&#8211; Fisioterapia Respirat\u00f3ria III. T\u00edtulo: S\u00edndrome do Desconforto Respirat\u00f3rio Agudo SDRA &nbsp; Disciplina DPRF [&hellip;]<\/p>\n","protected":false},"author":2119,"featured_media":0,"parent":0,"menu_order":0,"comment_status":"closed","ping_status":"closed","template":"","meta":{"_acf_changed":false,"_monsterinsights_skip_tracking":false,"_monsterinsights_sitenote_active":false,"_monsterinsights_sitenote_note":"","_monsterinsights_sitenote_category":0,"footnotes":""},"class_list":["post-1775","page","type-page","status-publish","hentry"],"acf":[],"_links":{"self":[{"href":"https:\/\/bio.ufpr.br\/prf\/wp-json\/wp\/v2\/pages\/1775","targetHints":{"allow":["GET"]}}],"collection":[{"href":"https:\/\/bio.ufpr.br\/prf\/wp-json\/wp\/v2\/pages"}],"about":[{"href":"https:\/\/bio.ufpr.br\/prf\/wp-json\/wp\/v2\/types\/page"}],"author":[{"embeddable":true,"href":"https:\/\/bio.ufpr.br\/prf\/wp-json\/wp\/v2\/users\/2119"}],"replies":[{"embeddable":true,"href":"https:\/\/bio.ufpr.br\/prf\/wp-json\/wp\/v2\/comments?post=1775"}],"version-history":[{"count":9,"href":"https:\/\/bio.ufpr.br\/prf\/wp-json\/wp\/v2\/pages\/1775\/revisions"}],"predecessor-version":[{"id":1965,"href":"https:\/\/bio.ufpr.br\/prf\/wp-json\/wp\/v2\/pages\/1775\/revisions\/1965"}],"wp:attachment":[{"href":"https:\/\/bio.ufpr.br\/prf\/wp-json\/wp\/v2\/media?parent=1775"}],"curies":[{"name":"wp","href":"https:\/\/api.w.org\/{rel}","templated":true}]}}