{"id":280,"date":"2019-05-29T19:17:39","date_gmt":"2019-05-29T19:17:39","guid":{"rendered":"https:\/\/bio.ufpr.br\/prf\/?page_id=280"},"modified":"2024-03-25T13:08:53","modified_gmt":"2024-03-25T13:08:53","slug":"contato","status":"publish","type":"page","link":"https:\/\/bio.ufpr.br\/prf\/contato\/","title":{"rendered":"Contato"},"content":{"rendered":"<p><strong>Departamento de Preven\u00e7\u00e3o e Reabilita\u00e7\u00e3o em Fisioterapia<\/strong><\/p>\n<p><strong>E-mail<\/strong>: dpr.fisioterapia@ufpr.br<\/p>\n<p><strong>Telefone<\/strong>: Secretaria &#8211; 3360-4333<\/p>\n<p><strong>Endere\u00e7o<\/strong>: Rua Cora\u00e7\u00e3o de Maria, 92<\/p>\n<p>Campus Bot\u00e2nico &#8211; Jardim Bot\u00e2nico<\/p>\n<p>CEP: 80210-132 &#8211; Curitiba (PR), Brasil<\/p>\n<p>Setor de Ci\u00eancias Biol\u00f3gicas da UFPR<\/p>\n","protected":false},"excerpt":{"rendered":"<p>Departamento de Preven\u00e7\u00e3o e Reabilita\u00e7\u00e3o em Fisioterapia E-mail: dpr.fisioterapia@ufpr.br Telefone: Secretaria &#8211; 3360-4333 Endere\u00e7o: Rua Cora\u00e7\u00e3o de Maria, 92 Campus Bot\u00e2nico &#8211; Jardim Bot\u00e2nico CEP: 80210-132 &#8211; Curitiba (PR), Brasil Setor de Ci\u00eancias Biol\u00f3gicas da UFPR<\/p>\n","protected":false},"author":6,"featured_media":0,"parent":0,"menu_order":0,"comment_status":"closed","ping_status":"closed","template":"","meta":{"_acf_changed":false,"_monsterinsights_skip_tracking":false,"_monsterinsights_sitenote_active":false,"_monsterinsights_sitenote_note":"","_monsterinsights_sitenote_category":0,"footnotes":""},"class_list":["post-280","page","type-page","status-publish","hentry"],"acf":[],"_links":{"self":[{"href":"https:\/\/bio.ufpr.br\/prf\/wp-json\/wp\/v2\/pages\/280","targetHints":{"allow":["GET"]}}],"collection":[{"href":"https:\/\/bio.ufpr.br\/prf\/wp-json\/wp\/v2\/pages"}],"about":[{"href":"https:\/\/bio.ufpr.br\/prf\/wp-json\/wp\/v2\/types\/page"}],"author":[{"embeddable":true,"href":"https:\/\/bio.ufpr.br\/prf\/wp-json\/wp\/v2\/users\/6"}],"replies":[{"embeddable":true,"href":"https:\/\/bio.ufpr.br\/prf\/wp-json\/wp\/v2\/comments?post=280"}],"version-history":[{"count":12,"href":"https:\/\/bio.ufpr.br\/prf\/wp-json\/wp\/v2\/pages\/280\/revisions"}],"predecessor-version":[{"id":1772,"href":"https:\/\/bio.ufpr.br\/prf\/wp-json\/wp\/v2\/pages\/280\/revisions\/1772"}],"wp:attachment":[{"href":"https:\/\/bio.ufpr.br\/prf\/wp-json\/wp\/v2\/media?parent=280"}],"curies":[{"name":"wp","href":"https:\/\/api.w.org\/{rel}","templated":true}]}}