{"id":295,"date":"2019-05-29T19:24:21","date_gmt":"2019-05-29T19:24:21","guid":{"rendered":"https:\/\/bio.ufpr.br\/prf\/?page_id=295"},"modified":"2026-03-18T13:23:55","modified_gmt":"2026-03-18T13:23:55","slug":"laboratorios","status":"publish","type":"page","link":"https:\/\/bio.ufpr.br\/prf\/laboratorios\/","title":{"rendered":"Laborat\u00f3rios"},"content":{"rendered":"<p>Contato: (41) 3360-4333<\/p>\n<p>&#8211; Fisioterapeutas<\/p>\n<table style=\"height: 171px\" width=\"833\">\n<tbody>\n<tr>\n<td width=\"94\"><\/td>\n<td style=\"text-align: center\" width=\"141\"><strong>Segunda-feira<\/strong><\/td>\n<td style=\"text-align: center\" width=\"141\"><strong>Ter\u00e7a-Feira<\/strong><\/td>\n<td style=\"text-align: center\" width=\"141\"><strong>Quarta-feira<\/strong><\/td>\n<td style=\"text-align: center\" width=\"150\"><strong>Quinta-feira<\/strong><\/td>\n<td style=\"text-align: center\" width=\"150\"><strong>Sexta-feira<\/strong><\/td>\n<td style=\"text-align: center\" width=\"150\"><strong>S\u00e1bado<\/strong><\/td>\n<\/tr>\n<tr>\n<td width=\"94\">\n<p style=\"text-align: center\">\n<\/td>\n<td width=\"141\">\n<p style=\"text-align: center\">\n<\/td>\n<td style=\"text-align: center\" width=\"141\"><\/td>\n<td style=\"text-align: center\" width=\"141\"><\/td>\n<td style=\"text-align: center\" width=\"150\"><\/td>\n<td width=\"150\">\n<p style=\"text-align: center\">\n<\/td>\n<td width=\"150\"><\/td>\n<\/tr>\n<tr>\n<td width=\"94\">Viviane Jarek<\/td>\n<td width=\"141\">07:00 \u00e1s 13:00<\/td>\n<td style=\"text-align: center\" width=\"141\">07:00 \u00e1s 13:00<\/td>\n<td style=\"text-align: center\" width=\"141\">07:00 \u00e1s 13:00<\/td>\n<td style=\"text-align: center\" width=\"150\">07:00 \u00e1s 13:00<\/td>\n<td width=\"150\">07:00 \u00e1s 13:00<\/td>\n<td width=\"150\"><\/td>\n<\/tr>\n<tr>\n<td style=\"text-align: center\" width=\"94\">Jonathan Stefano Cardoso Guilherme<\/td>\n<td style=\"text-align: center\" width=\"141\">13h00 \u00e0s 19h00<\/td>\n<td style=\"text-align: center\" width=\"141\">13h00 \u00e0s 19h00<\/td>\n<td style=\"text-align: center\" width=\"141\">13h00 \u00e0s 19h00<\/td>\n<td style=\"text-align: center\" width=\"150\">13h00 \u00e0s 19h00<\/td>\n<td width=\"150\">\n<p style=\"text-align: center\">13h00 \u00e0s 19h00<\/p>\n<\/td>\n<td width=\"150\"><\/td>\n<\/tr>\n<\/tbody>\n<\/table>\n<p><a href=\"https:\/\/docs.google.com\/spreadsheets\/d\/120k2D-uSggOsV6LMtyI0I0BcBbK5WG8K1qkAhm_YKOY\/edit?usp=sharing\">Ensalamento Salas e laborat\u00f3rios<\/a><\/p>\n","protected":false},"excerpt":{"rendered":"<p>Contato: (41) 3360-4333 &#8211; Fisioterapeutas Segunda-feira Ter\u00e7a-Feira Quarta-feira Quinta-feira Sexta-feira S\u00e1bado Viviane Jarek 07:00 \u00e1s 13:00 07:00 \u00e1s 13:00 07:00 \u00e1s 13:00 07:00 \u00e1s 13:00 07:00 \u00e1s 13:00 Jonathan Stefano Cardoso Guilherme 13h00 \u00e0s 19h00 13h00 \u00e0s 19h00 13h00 \u00e0s 19h00 13h00 \u00e0s 19h00 13h00 \u00e0s 19h00 Ensalamento Salas e laborat\u00f3rios<\/p>\n","protected":false},"author":6,"featured_media":0,"parent":0,"menu_order":0,"comment_status":"closed","ping_status":"closed","template":"","meta":{"_acf_changed":false,"_monsterinsights_skip_tracking":false,"_monsterinsights_sitenote_active":false,"_monsterinsights_sitenote_note":"","_monsterinsights_sitenote_category":0,"footnotes":""},"class_list":["post-295","page","type-page","status-publish","hentry"],"acf":[],"_links":{"self":[{"href":"https:\/\/bio.ufpr.br\/prf\/wp-json\/wp\/v2\/pages\/295","targetHints":{"allow":["GET"]}}],"collection":[{"href":"https:\/\/bio.ufpr.br\/prf\/wp-json\/wp\/v2\/pages"}],"about":[{"href":"https:\/\/bio.ufpr.br\/prf\/wp-json\/wp\/v2\/types\/page"}],"author":[{"embeddable":true,"href":"https:\/\/bio.ufpr.br\/prf\/wp-json\/wp\/v2\/users\/6"}],"replies":[{"embeddable":true,"href":"https:\/\/bio.ufpr.br\/prf\/wp-json\/wp\/v2\/comments?post=295"}],"version-history":[{"count":59,"href":"https:\/\/bio.ufpr.br\/prf\/wp-json\/wp\/v2\/pages\/295\/revisions"}],"predecessor-version":[{"id":1961,"href":"https:\/\/bio.ufpr.br\/prf\/wp-json\/wp\/v2\/pages\/295\/revisions\/1961"}],"wp:attachment":[{"href":"https:\/\/bio.ufpr.br\/prf\/wp-json\/wp\/v2\/media?parent=295"}],"curies":[{"name":"wp","href":"https:\/\/api.w.org\/{rel}","templated":true}]}}