{"id":2895,"date":"2020-07-28T10:33:15","date_gmt":"2020-07-28T10:33:15","guid":{"rendered":"https:\/\/bio.ufpr.br\/zoologia\/?page_id=2895"},"modified":"2023-03-03T10:44:43","modified_gmt":"2023-03-03T10:44:43","slug":"pits-dzoo-julho-2020","status":"publish","type":"page","link":"https:\/\/bio.ufpr.br\/zoologia\/pits-dzoo-julho-2020\/","title":{"rendered":"Plano Individual de trabalho &#8211; PITs Dzoo 2020"},"content":{"rendered":"<p style=\"text-align: center\"><strong>Plano Individual de trabalho &#8211; PITs Dzoo 2020<\/strong><\/p>\n<p style=\"text-align: center\"><a href=\"https:\/\/bio.ufpr.br\/zoologia\/wp-content\/uploads\/sites\/29\/2020\/06\/PIT-Angelo.pdf\" target=\"_blank\">\u00c2NGELO PARISE PINTO<\/a><\/p>\n<p style=\"text-align: center\"><a href=\"https:\/\/bio.ufpr.br\/zoologia\/pit-cibele-2\/\" target=\"_blank\">CIBELE STRAMARE RIBEIRO-COSTA<\/a><\/p>\n<p style=\"text-align: center\"><a href=\"https:\/\/bio.ufpr.br\/zoologia\/wp-content\/uploads\/sites\/29\/2020\/06\/PIT-Claudio.pdf\" target=\"_blank\">CL\u00c1UDIO JOS\u00c9 BARROS DE CARVALHO<\/a><\/p>\n<p style=\"text-align: center\"><a href=\"http:\/\/EDUARDO CARNEIRO DOS SANTOS\" target=\"_blank\">EDUARDO CARNEIRO DOS SANTOS<\/a><\/p>\n<p style=\"text-align: center\"><a href=\"https:\/\/bio.ufpr.br\/zoologia\/pit-emygdio-2\/\" target=\"_blank\">EMYGDIO LEITE DE ARA\u00daJO MONTEIRO FILHO<\/a><\/p>\n<p style=\"text-align: center\"><a href=\"https:\/\/bio.ufpr.br\/zoologia\/pit-fabricius\/\" target=\"_blank\">FABRICIUS MAIA CHAVES BICALHO DOMINGOS<\/a><\/p>\n<p style=\"text-align: center\"><a href=\"https:\/\/bio.ufpr.br\/zoologia\/pit_2020-fernando_ass\/\" target=\"_blank\">FERNANDO DE CAMARGO PASSOS<\/a><\/p>\n<p style=\"text-align: center\">GABRIEL AUGUSTO RODRIGUES DE MELO<\/p>\n<p style=\"text-align: center\"><a href=\"https:\/\/bio.ufpr.br\/zoologia\/pit-john-2\/\" target=\"_blank\">JOHN EDWIN LATTKE BRAVO<\/a><\/p>\n<p style=\"text-align: center\"><a href=\"https:\/\/bio.ufpr.br\/zoologia\/pit-karla-2\/\">KARLA MAGALH\u00c3ES CAMPI\u00c3O<\/a><\/p>\n<p style=\"text-align: center\"><a href=\"https:\/\/bio.ufpr.br\/zoologia\/pit-2020-lilian-manica_ass\/\" target=\"_blank\">LILIAN TONELLI MANICA<\/a><\/p>\n<p style=\"text-align: center\"><a href=\"https:\/\/bio.ufpr.br\/zoologia\/pit-luciane\/\" target=\"_blank\">LUCIANE MARINONI<\/a><\/p>\n<p style=\"text-align: center\"><a href=\"https:\/\/bio.ufpr.br\/zoologia\/pit-marcio-2\/\" target=\"_blank\">M\u00c1RCIO ROBERTO PIE<\/a><\/p>\n<p style=\"text-align: center\"><a href=\"https:\/\/bio.ufpr.br\/zoologia\/pit_2020-marcos-barbeitos_ass\/\" target=\"_blank\">MARCOS SOARES BARBEITOS<\/a><\/p>\n<p style=\"text-align: center\"><a href=\"https:\/\/bio.ufpr.br\/zoologia\/pit-maria-angelica-2\/\" target=\"_blank\">MARIA ANG\u00c9LICA HADDAD<\/a><\/p>\n<p style=\"text-align: center\"><a href=\"https:\/\/bio.ufpr.br\/zoologia\/pit-mario-2\/\" target=\"_blank\">M\u00c1RIO ANT\u00d4NIO NAVARRO DA SILVA<\/a><\/p>\n<p style=\"text-align: center\"><a href=\"https:\/\/bio.ufpr.br\/zoologia\/pit-mauricio-2\/\" target=\"_blank\">MAURICIO OSVALDO MOURA<\/a><\/p>\n<p style=\"text-align: center\"><a href=\"https:\/\/bio.ufpr.br\/zoologia\/pit-mirna-2\/\" target=\"_blank\">MIRNA MARTINS CASAGRANDE<\/a><\/p>\n<p style=\"text-align: center\"><a href=\"https:\/\/bio.ufpr.br\/zoologia\/pit-paulo-de-tarso\/\" target=\"_blank\">PAULO DE TARSO DA CUNHA CHAVES<\/a><\/p>\n<p style=\"text-align: center\"><a href=\"https:\/\/bio.ufpr.br\/zoologia\/pit-robrigo-goncalves\/\" target=\"_blank\">RENATO JOS\u00c9 PIRES MACHADO<\/a><\/p>\n<p style=\"text-align: center\"><a href=\"https:\/\/bio.ufpr.br\/zoologia\/pit-robrigo-goncalves\/\" target=\"_blank\">RODRIGO BARBOSA GON\u00c7ALVES<\/a><\/p>\n<p style=\"text-align: center\"><a href=\"https:\/\/bio.ufpr.br\/zoologia\/pit-rodrigo-feitosa-2\/\" target=\"_blank\">RODRIGO DOS SANTOS MACHADO FEITOSA<\/a><\/p>\n<p style=\"text-align: center\"><a href=\"https:\/\/bio.ufpr.br\/zoologia\/pit-2020-rosana\/\" target=\"_blank\">ROSANA MOREIRA DA ROCHA<\/a><\/p>\n<p style=\"text-align: center\"><a href=\"https:\/\/bio.ufpr.br\/zoologia\/pit-setuko-3\/\" target=\"_blank\">SETUKO MASUNARI<\/a><\/p>\n<p style=\"text-align: center\"><a href=\"https:\/\/bio.ufpr.br\/zoologia\/pits-dzoo-julho-2020\/\" target=\"_blank\">WALTER ANTONIO PEREIRA BOEGER<\/a><\/p>\n","protected":false},"excerpt":{"rendered":"<p>Plano Individual de trabalho &#8211; PITs Dzoo 2020 \u00c2NGELO PARISE PINTO CIBELE STRAMARE RIBEIRO-COSTA CL\u00c1UDIO JOS\u00c9 BARROS DE CARVALHO EDUARDO CARNEIRO DOS SANTOS EMYGDIO LEITE [&hellip;]<\/p>\n","protected":false},"author":6,"featured_media":0,"parent":0,"menu_order":0,"comment_status":"closed","ping_status":"closed","template":"","meta":{"_acf_changed":false,"_monsterinsights_skip_tracking":false,"_monsterinsights_sitenote_active":false,"_monsterinsights_sitenote_note":"","_monsterinsights_sitenote_category":0,"footnotes":""},"class_list":["post-2895","page","type-page","status-publish","hentry"],"acf":[],"_links":{"self":[{"href":"https:\/\/bio.ufpr.br\/zoologia\/wp-json\/wp\/v2\/pages\/2895","targetHints":{"allow":["GET"]}}],"collection":[{"href":"https:\/\/bio.ufpr.br\/zoologia\/wp-json\/wp\/v2\/pages"}],"about":[{"href":"https:\/\/bio.ufpr.br\/zoologia\/wp-json\/wp\/v2\/types\/page"}],"author":[{"embeddable":true,"href":"https:\/\/bio.ufpr.br\/zoologia\/wp-json\/wp\/v2\/users\/6"}],"replies":[{"embeddable":true,"href":"https:\/\/bio.ufpr.br\/zoologia\/wp-json\/wp\/v2\/comments?post=2895"}],"version-history":[{"count":18,"href":"https:\/\/bio.ufpr.br\/zoologia\/wp-json\/wp\/v2\/pages\/2895\/revisions"}],"predecessor-version":[{"id":3658,"href":"https:\/\/bio.ufpr.br\/zoologia\/wp-json\/wp\/v2\/pages\/2895\/revisions\/3658"}],"wp:attachment":[{"href":"https:\/\/bio.ufpr.br\/zoologia\/wp-json\/wp\/v2\/media?parent=2895"}],"curies":[{"name":"wp","href":"https:\/\/api.w.org\/{rel}","templated":true}]}}