{"id":302,"date":"2017-02-03T15:18:52","date_gmt":"2017-02-03T15:18:52","guid":{"rendered":"https:\/\/bio.ufpr.br\/zoologia\/?page_id=302"},"modified":"2017-02-03T15:20:51","modified_gmt":"2017-02-03T15:20:51","slug":"rosana-moreira-da-rocha-2","status":"publish","type":"page","link":"https:\/\/bio.ufpr.br\/zoologia\/rosana-moreira-da-rocha-2\/","title":{"rendered":"ROSANA MOREIRA DA ROCHA"},"content":{"rendered":"<p><strong>\u00c1reas de atua\u00e7\u00e3o<\/strong>:<\/p>\n<p>Sistem\u00e1tica e Evolu\u00e7\u00e3o de Ascidiacea<\/p>\n<p>Bioinvas\u00e3o Marinha<\/p>\n<p>Ecologia de Cost\u00f5es Rochosos<\/p>\n<p><a href=\"http:\/\/lattes.cnpq.br\/9809067210967192\">http:\/\/lattes.cnpq.br\/9809067210967192<\/a><\/p>\n<p><strong>Cursos de Gradua\u00e7\u00e3o em que leciona<\/strong>:<\/p>\n<p>Ci\u00eancias Biol\u00f3gicas<\/p>\n<p><strong>Programas de P\u00f3s-gradua\u00e7\u00e3o\u00a0em que orienta<\/strong>:<\/p>\n<p>Ecologia e Conserva\u00e7\u00e3o<\/p>\n<p>Zoologia<\/p>\n<p><strong>Listar disciplinas em que leciona<\/strong>:<\/p>\n<p>Metazoa IV<\/p>\n<p>Introdu\u00e7\u00e3o \u00e0 Biologia Marinha<\/p>\n<p>Ecologia Avan\u00e7ada<\/p>\n<p><strong>Laborat\u00f3rio de pesquisa<\/strong>:<\/p>\n<p>Laborat\u00f3rio de Sistem\u00e1tica e Ecologia de Invertebrados Marinhos &#8211; LABIMAR<\/p>\n<table width=\"225\">\n<tbody>\n<tr>\n<td width=\"225\"><a href=\"http:\/\/labimar.wordpress.com\/\">labimar.wordpress.com<\/a><\/td>\n<\/tr>\n<\/tbody>\n<\/table>\n<p><strong>Contatos<\/strong>:<\/p>\n<p>email: <a href=\"mailto:rmrocha@ufpr.br\">rmrocha@ufpr.br<\/a><\/p>\n<p>Endere\u00e7o:<\/p>\n<p>Universidade Federal do Paran\u00e1<\/p>\n<p>Setor de Ci\u00eancias Biol\u00f3gicas &#8211; Departamento de Zoologia (salas\u00a0362, 363, 364)<\/p>\n<p>Avenida Coronel Francisco H. dos Santos, 100<\/p>\n<p>Caixa Postal 19020,<\/p>\n<p>81.531-980 &#8211; Curitiba, PR<\/p>\n<p>Telefone: (41) 3361-1642<\/p>\n","protected":false},"excerpt":{"rendered":"<p>\u00c1reas de atua\u00e7\u00e3o: Sistem\u00e1tica e Evolu\u00e7\u00e3o de Ascidiacea Bioinvas\u00e3o Marinha Ecologia de Cost\u00f5es Rochosos http:\/\/lattes.cnpq.br\/9809067210967192 Cursos de Gradua\u00e7\u00e3o em que leciona: Ci\u00eancias Biol\u00f3gicas Programas de [&hellip;]<\/p>\n","protected":false},"author":1983,"featured_media":0,"parent":0,"menu_order":0,"comment_status":"closed","ping_status":"closed","template":"","meta":{"_acf_changed":false,"_monsterinsights_skip_tracking":false,"_monsterinsights_sitenote_active":false,"_monsterinsights_sitenote_note":"","_monsterinsights_sitenote_category":0,"footnotes":""},"class_list":["post-302","page","type-page","status-publish","hentry"],"acf":[],"_links":{"self":[{"href":"https:\/\/bio.ufpr.br\/zoologia\/wp-json\/wp\/v2\/pages\/302","targetHints":{"allow":["GET"]}}],"collection":[{"href":"https:\/\/bio.ufpr.br\/zoologia\/wp-json\/wp\/v2\/pages"}],"about":[{"href":"https:\/\/bio.ufpr.br\/zoologia\/wp-json\/wp\/v2\/types\/page"}],"author":[{"embeddable":true,"href":"https:\/\/bio.ufpr.br\/zoologia\/wp-json\/wp\/v2\/users\/1983"}],"replies":[{"embeddable":true,"href":"https:\/\/bio.ufpr.br\/zoologia\/wp-json\/wp\/v2\/comments?post=302"}],"version-history":[{"count":2,"href":"https:\/\/bio.ufpr.br\/zoologia\/wp-json\/wp\/v2\/pages\/302\/revisions"}],"predecessor-version":[{"id":305,"href":"https:\/\/bio.ufpr.br\/zoologia\/wp-json\/wp\/v2\/pages\/302\/revisions\/305"}],"wp:attachment":[{"href":"https:\/\/bio.ufpr.br\/zoologia\/wp-json\/wp\/v2\/media?parent=302"}],"curies":[{"name":"wp","href":"https:\/\/api.w.org\/{rel}","templated":true}]}}