{"id":3036,"date":"2021-03-03T16:59:48","date_gmt":"2021-03-03T16:59:48","guid":{"rendered":"https:\/\/bio.ufpr.br\/zoologia\/?page_id=3036"},"modified":"2023-03-06T11:09:43","modified_gmt":"2023-03-06T11:09:43","slug":"plano-individual-de-trabalho-pits-2021","status":"publish","type":"page","link":"https:\/\/bio.ufpr.br\/zoologia\/plano-individual-de-trabalho-pits-2021\/","title":{"rendered":"Plano Individual de trabalho &#8211; PITs Dzoo 2021"},"content":{"rendered":"<p style=\"text-align: center\"><strong>Plano Individual de trabalho &#8211; PITs Dzoo 2021<\/strong><\/p>\n<p style=\"text-align: center\"><a href=\"https:\/\/bio.ufpr.br\/zoologia\/pit-2021-appinto_atualizado\/\" target=\"_blank\">\u00c2NGELO PARISE PINTO<\/a><\/p>\n<p style=\"text-align: center\"><a href=\"https:\/\/bio.ufpr.br\/zoologia\/pit-2021-cibele-stramare-ribeiro-costa\/\" target=\"_blank\">CIBELE STRAMARE RIBEIRO-COSTA<\/a><\/p>\n<p style=\"text-align: center\"><a href=\"https:\/\/bio.ufpr.br\/zoologia\/pit-2021-claudio-j-b-de-carvalho\/\" target=\"_blank\">CL\u00c1UDIO JOS\u00c9 BARROS DE CARVALHO<\/a><\/p>\n<p style=\"text-align: center\"><a href=\"https:\/\/bio.ufpr.br\/zoologia\/pit-2021-eduardo-carneiro\/\" target=\"_blank\">EDUARDO CARNEIRO DOS SANTOS<\/a><\/p>\n<p style=\"text-align: center\"><a href=\"https:\/\/bio.ufpr.br\/zoologia\/pit-2021-emygdio\/\" target=\"_blank\">EMYGDIO LEITE DE ARA\u00daJO MONTEIRO FILHO<\/a><\/p>\n<p style=\"text-align: center\"><a href=\"https:\/\/bio.ufpr.br\/zoologia\/pit-2021-fabricius\/\" target=\"_blank\">FABRICIUS MAIA CHAVES BICALHO DOMINGOS<\/a><\/p>\n<p style=\"text-align: center\"><a href=\"https:\/\/bio.ufpr.br\/zoologia\/pit-2021-fernando\/\" target=\"_blank\">FERNANDO DE CAMARGO PASSOS<\/a><\/p>\n<p style=\"text-align: center\"><a href=\"https:\/\/bio.ufpr.br\/zoologia\/pit-2021-gabriel\/\" target=\"_blank\">GABRIEL AUGUSTO RODRIGUES DE MELO<\/a><\/p>\n<p style=\"text-align: center\"><a href=\"https:\/\/bio.ufpr.br\/zoologia\/pit-2021-john-lattke\/\" target=\"_blank\">JOHN EDWIN LATTKE BRAVO<\/a><\/p>\n<p style=\"text-align: center\"><a href=\"https:\/\/bio.ufpr.br\/zoologia\/pit-2021-karla\/\" target=\"_blank\">KARLA MAGALH\u00c3ES CAMPI\u00c3O<\/a><\/p>\n<p style=\"text-align: center\"><a href=\"https:\/\/bio.ufpr.br\/zoologia\/pit-2021-lilian-manica-assinado\/\" target=\"_blank\">LILIAN TONELLI MANICA<\/a><\/p>\n<p style=\"text-align: center\"><a href=\"https:\/\/bio.ufpr.br\/zoologia\/pit-2021-luciane-marinoni\/\" target=\"_blank\">LUCIANE MARINONI<\/a><\/p>\n<p style=\"text-align: center\"><a href=\"https:\/\/bio.ufpr.br\/zoologia\/plano_individual_trabalhomarciopie\/\" target=\"_blank\">M\u00c1RCIO ROBERTO PIE<\/a><\/p>\n<p style=\"text-align: center\"><a href=\"https:\/\/bio.ufpr.br\/zoologia\/wp-content\/uploads\/sites\/29\/2023\/03\/PIT-2021-Marcos-Barbeitos.pdf\">MARCOS SOARES BARBEITOS<\/a><\/p>\n<p style=\"text-align: center\"><a href=\"https:\/\/bio.ufpr.br\/zoologia\/pit-2021-maria-angelica-haddad\/\" target=\"_blank\">MARIA ANG\u00c9LICA HADDAD<\/a><\/p>\n<p style=\"text-align: center\"><a href=\"https:\/\/bio.ufpr.br\/zoologia\/pit-2021-mario-a-navarro-da-silva\/\" target=\"_blank\">M\u00c1RIO ANT\u00d4NIO NAVARRO DA SILVA<\/a><\/p>\n<p style=\"text-align: center\"><a href=\"https:\/\/bio.ufpr.br\/zoologia\/pit-2021-mauricio-moura\/\" target=\"_blank\">MAURICIO OSVALDO MOURA<\/a><\/p>\n<p style=\"text-align: center\"><a href=\"https:\/\/bio.ufpr.br\/zoologia\/pit-2021-mirna\/\" target=\"_blank\">MIRNA MARTINS CASAGRANDE<\/a><\/p>\n<p style=\"text-align: center\"><a href=\"https:\/\/bio.ufpr.br\/zoologia\/pit-2021-paulo-tc-chaves\/\" target=\"_blank\">PAULO DE TARSO DA CUNHA CHAVES<\/a><\/p>\n<p style=\"text-align: center\"><a href=\"https:\/\/bio.ufpr.br\/zoologia\/pit-renato-2021\/\" target=\"_blank\">RENATO JOS\u00c9 PIRES MACHADO<\/a><\/p>\n<p style=\"text-align: center\"><a href=\"https:\/\/bio.ufpr.br\/zoologia\/pit-2021-rodrigo-barbosa\/\" target=\"_blank\">RODRIGO BARBOSA GON\u00c7ALVES<\/a><\/p>\n<p style=\"text-align: center\"><a href=\"https:\/\/bio.ufpr.br\/zoologia\/pit-2021-rodrigo-feitosa\/\" target=\"_blank\">RODRIGO DOS SANTOS MACHADO FEITOSA<\/a><\/p>\n<p style=\"text-align: center\"><a href=\"https:\/\/bio.ufpr.br\/zoologia\/pit-rosana-rocha-2021\/\" target=\"_blank\">ROSANA MOREIRA DA ROCHA<\/a><\/p>\n<p style=\"text-align: center\"><a href=\"https:\/\/bio.ufpr.br\/zoologia\/pit-2021-setuko\/\" target=\"_blank\">SETUKO MASUNARI<\/a><\/p>\n<p style=\"text-align: center\"><a href=\"https:\/\/bio.ufpr.br\/zoologia\/walterboeger_2021\/\" target=\"_blank\">WALTER ANTONIO PEREIRA BOEGER<\/a><\/p>\n","protected":false},"excerpt":{"rendered":"<p>Plano Individual de trabalho &#8211; PITs Dzoo 2021 \u00c2NGELO PARISE PINTO CIBELE STRAMARE RIBEIRO-COSTA CL\u00c1UDIO JOS\u00c9 BARROS DE CARVALHO EDUARDO CARNEIRO DOS SANTOS EMYGDIO LEITE [&hellip;]<\/p>\n","protected":false},"author":6,"featured_media":0,"parent":0,"menu_order":0,"comment_status":"closed","ping_status":"closed","template":"","meta":{"_acf_changed":false,"_monsterinsights_skip_tracking":false,"_monsterinsights_sitenote_active":false,"_monsterinsights_sitenote_note":"","_monsterinsights_sitenote_category":0,"footnotes":""},"class_list":["post-3036","page","type-page","status-publish","hentry"],"acf":[],"_links":{"self":[{"href":"https:\/\/bio.ufpr.br\/zoologia\/wp-json\/wp\/v2\/pages\/3036","targetHints":{"allow":["GET"]}}],"collection":[{"href":"https:\/\/bio.ufpr.br\/zoologia\/wp-json\/wp\/v2\/pages"}],"about":[{"href":"https:\/\/bio.ufpr.br\/zoologia\/wp-json\/wp\/v2\/types\/page"}],"author":[{"embeddable":true,"href":"https:\/\/bio.ufpr.br\/zoologia\/wp-json\/wp\/v2\/users\/6"}],"replies":[{"embeddable":true,"href":"https:\/\/bio.ufpr.br\/zoologia\/wp-json\/wp\/v2\/comments?post=3036"}],"version-history":[{"count":30,"href":"https:\/\/bio.ufpr.br\/zoologia\/wp-json\/wp\/v2\/pages\/3036\/revisions"}],"predecessor-version":[{"id":3670,"href":"https:\/\/bio.ufpr.br\/zoologia\/wp-json\/wp\/v2\/pages\/3036\/revisions\/3670"}],"wp:attachment":[{"href":"https:\/\/bio.ufpr.br\/zoologia\/wp-json\/wp\/v2\/media?parent=3036"}],"curies":[{"name":"wp","href":"https:\/\/api.w.org\/{rel}","templated":true}]}}