{"id":326,"date":"2019-01-15T13:58:40","date_gmt":"2019-01-15T13:58:40","guid":{"rendered":"https:\/\/bio.ufpr.br\/zoologia\/?page_id=326"},"modified":"2019-01-15T16:57:35","modified_gmt":"2019-01-15T16:57:35","slug":"angelo-parise-pinto","status":"publish","type":"page","link":"https:\/\/bio.ufpr.br\/zoologia\/angelo-parise-pinto\/","title":{"rendered":"\u00c2NGELO PARISE PINTO"},"content":{"rendered":"<p><strong>\u00c1reas de atua\u00e7\u00e3o<\/strong>:<\/p>\n<p>Teoria e pr\u00e1tica da Biologia Comparada<br \/>\nTaxonomia de insetos, com \u00eanfase na ordem Odonata<\/p>\n<p><a href=\"http:\/\/lattes.cnpq.br\/9917099940153215\">http:\/\/lattes.cnpq.br\/9917099940153215<\/a><\/p>\n<p><strong>Cursos de Gradua\u00e7\u00e3o em que leciona<\/strong>:<\/p>\n<p>Ci\u00eancias Biol\u00f3gicas<\/p>\n<p><strong>Programas de P\u00f3s-gradua\u00e7\u00e3o\u00a0em que orienta<\/strong>:<\/p>\n<p>PPG em Ci\u00eancias Biol\u00f3gicas (Entomologia)\/DZoo-UFPR<br \/>\nPPG em Biodiversidade e Biologia Evolutiva\/IB-UFRJ (Coorientador)<\/p>\n<p><strong>Disciplinas em que leciona<\/strong>:<\/p>\n<p>Maiores informa\u00e7\u00f5es em\u00a0<a href=\"http:\/\/www.labsia.ufpr.br\/\">http:\/\/www.labsia.ufpr.br\/<\/a><\/p>\n<p><strong>Gradua\u00e7\u00e3o<\/strong><\/p>\n<p>Biologia de Campo I<br \/>\nBiologia Protistas e Plantas Avasculares<br \/>\nMetazoa III<\/p>\n<p><strong>P\u00f3s-Gradua\u00e7\u00e3o<\/strong> (PPGEnto)<\/p>\n<p>Diversidade, evolu\u00e7\u00e3o e taxonomia de insetos aqu\u00e1ticos<br \/>\nEntomologia de Campo<\/p>\n<p><strong>Laborat\u00f3rio de pesquisa<\/strong>:<\/p>\n<p>Laborat\u00f3rio de Sistem\u00e1tica de Insetos Aqu\u00e1ticos \u2013 LABSIA<\/p>\n<p><strong>Contatos:<\/strong><\/p>\n<p>appinto@ufpr.br<\/p>\n<p>Endere\u00e7o:<br \/>\nUniversidade Federal do Paran\u00e1<br \/>\nSetor de Ci\u00eancias Biol\u00f3gicas \u2013 Departamento de Zoologia (Sala 11 &#8211; anexo)<br \/>\nAvenida Coronel Francisco H. dos Santos, 100<br \/>\nCaixa Postal 19020,<br \/>\n81.531-980 \u2013 Curitiba, PR<br \/>\nTelefone: (41) 3361-1590<\/p>\n","protected":false},"excerpt":{"rendered":"<p>\u00c1reas de atua\u00e7\u00e3o: Teoria e pr\u00e1tica da Biologia Comparada Taxonomia de insetos, com \u00eanfase na ordem Odonata http:\/\/lattes.cnpq.br\/9917099940153215 Cursos de Gradua\u00e7\u00e3o em que leciona: Ci\u00eancias [&hellip;]<\/p>\n","protected":false},"author":1983,"featured_media":0,"parent":0,"menu_order":0,"comment_status":"closed","ping_status":"closed","template":"","meta":{"_acf_changed":false,"_monsterinsights_skip_tracking":false,"_monsterinsights_sitenote_active":false,"_monsterinsights_sitenote_note":"","_monsterinsights_sitenote_category":0,"footnotes":""},"class_list":["post-326","page","type-page","status-publish","hentry"],"acf":[],"_links":{"self":[{"href":"https:\/\/bio.ufpr.br\/zoologia\/wp-json\/wp\/v2\/pages\/326","targetHints":{"allow":["GET"]}}],"collection":[{"href":"https:\/\/bio.ufpr.br\/zoologia\/wp-json\/wp\/v2\/pages"}],"about":[{"href":"https:\/\/bio.ufpr.br\/zoologia\/wp-json\/wp\/v2\/types\/page"}],"author":[{"embeddable":true,"href":"https:\/\/bio.ufpr.br\/zoologia\/wp-json\/wp\/v2\/users\/1983"}],"replies":[{"embeddable":true,"href":"https:\/\/bio.ufpr.br\/zoologia\/wp-json\/wp\/v2\/comments?post=326"}],"version-history":[{"count":9,"href":"https:\/\/bio.ufpr.br\/zoologia\/wp-json\/wp\/v2\/pages\/326\/revisions"}],"predecessor-version":[{"id":1678,"href":"https:\/\/bio.ufpr.br\/zoologia\/wp-json\/wp\/v2\/pages\/326\/revisions\/1678"}],"wp:attachment":[{"href":"https:\/\/bio.ufpr.br\/zoologia\/wp-json\/wp\/v2\/media?parent=326"}],"curies":[{"name":"wp","href":"https:\/\/api.w.org\/{rel}","templated":true}]}}