{"id":334,"date":"2017-02-07T15:31:44","date_gmt":"2017-02-07T15:31:44","guid":{"rendered":"https:\/\/bio.ufpr.br\/zoologia\/?page_id=334"},"modified":"2017-02-07T15:31:44","modified_gmt":"2017-02-07T15:31:44","slug":"mauricio-osvaldo-moura","status":"publish","type":"page","link":"https:\/\/bio.ufpr.br\/zoologia\/mauricio-osvaldo-moura\/","title":{"rendered":"MAUR\u00cdCIO OSVALDO MOURA"},"content":{"rendered":"<p><strong>\u00c1reas de atua\u00e7\u00e3o<\/strong>:<\/p>\n<p>Ecologia de Popula\u00e7\u00f5es<br \/>\nEcologia de Comunidades<br \/>\nTeoria de Hist\u00f3ria de Vida<\/p>\n<p><a href=\"http:\/\/lattes.cnpq.br\/0091501164531871\" target=\"_blank\">http:\/\/lattes.cnpq.br\/0091501164531871<\/a><\/p>\n<p><strong>Cursos de Gradua\u00e7\u00e3o em que leciona<\/strong>:<\/p>\n<p>Ci\u00eancias Biol\u00f3gicas<\/p>\n<p><strong>Programas de P\u00f3s-gradua\u00e7\u00e3o\u00a0em que orienta<\/strong>:<\/p>\n<p>PPG Ecologia e COnserva\u00e7\u00e3o<br \/>\nPPG Entomologia<\/p>\n<p><strong>Listar disciplinas em que leciona<\/strong>:<\/p>\n<p>Ecologia de Popula\u00e7\u00f5es e Comunidades<br \/>\nM\u00e9todos em Biologia Comparada<br \/>\nEcologia Evolutiva<br \/>\nEcologia Avan\u00e7ada<br \/>\nM\u00e9todos Quantitativos<\/p>\n<p><strong>Laborat\u00f3rio de pesquisa<\/strong>:<\/p>\n<p>Laborat\u00f3rio de Din\u00e2micas Ecol\u00f3gicas<\/p>\n<p><strong>Contatos<\/strong>:<br \/>\nemail: mauricio.moura<\/p>\n<p>Endere\u00e7o:<\/p>\n<p>Universidade Federal do Paran\u00e1<\/p>\n<p>Setor de Ci\u00eancias Biol\u00f3gicas &#8211; Departamento de Zoologia (sala 11)<\/p>\n<p>Avenida Coronel Francisco H. dos Santos, 100<\/p>\n<p>Caixa Postal 19020,<\/p>\n<p>81.531-980 &#8211; Curitiba, PR<\/p>\n<p>Telefone: (41) 3361-1786<\/p>\n","protected":false},"excerpt":{"rendered":"<p>\u00c1reas de atua\u00e7\u00e3o: Ecologia de Popula\u00e7\u00f5es Ecologia de Comunidades Teoria de Hist\u00f3ria de Vida http:\/\/lattes.cnpq.br\/0091501164531871 Cursos de Gradua\u00e7\u00e3o em que leciona: Ci\u00eancias Biol\u00f3gicas Programas de [&hellip;]<\/p>\n","protected":false},"author":1983,"featured_media":0,"parent":0,"menu_order":0,"comment_status":"closed","ping_status":"closed","template":"","meta":{"_acf_changed":false,"_monsterinsights_skip_tracking":false,"_monsterinsights_sitenote_active":false,"_monsterinsights_sitenote_note":"","_monsterinsights_sitenote_category":0,"footnotes":""},"class_list":["post-334","page","type-page","status-publish","hentry"],"acf":[],"_links":{"self":[{"href":"https:\/\/bio.ufpr.br\/zoologia\/wp-json\/wp\/v2\/pages\/334","targetHints":{"allow":["GET"]}}],"collection":[{"href":"https:\/\/bio.ufpr.br\/zoologia\/wp-json\/wp\/v2\/pages"}],"about":[{"href":"https:\/\/bio.ufpr.br\/zoologia\/wp-json\/wp\/v2\/types\/page"}],"author":[{"embeddable":true,"href":"https:\/\/bio.ufpr.br\/zoologia\/wp-json\/wp\/v2\/users\/1983"}],"replies":[{"embeddable":true,"href":"https:\/\/bio.ufpr.br\/zoologia\/wp-json\/wp\/v2\/comments?post=334"}],"version-history":[{"count":1,"href":"https:\/\/bio.ufpr.br\/zoologia\/wp-json\/wp\/v2\/pages\/334\/revisions"}],"predecessor-version":[{"id":335,"href":"https:\/\/bio.ufpr.br\/zoologia\/wp-json\/wp\/v2\/pages\/334\/revisions\/335"}],"wp:attachment":[{"href":"https:\/\/bio.ufpr.br\/zoologia\/wp-json\/wp\/v2\/media?parent=334"}],"curies":[{"name":"wp","href":"https:\/\/api.w.org\/{rel}","templated":true}]}}