{"id":3518,"date":"2023-03-01T17:11:52","date_gmt":"2023-03-01T17:11:52","guid":{"rendered":"https:\/\/bio.ufpr.br\/zoologia\/?page_id=3518"},"modified":"2023-03-06T11:10:45","modified_gmt":"2023-03-06T11:10:45","slug":"pits2022","status":"publish","type":"page","link":"https:\/\/bio.ufpr.br\/zoologia\/pits2022\/","title":{"rendered":"Plano Individual de trabalho &#8211; PITs Dzoo 2022"},"content":{"rendered":"<p style=\"text-align: center\"><strong>Plano Individual de trabalho &#8211; PITs Dzoo 2022<\/strong><\/p>\n<p style=\"text-align: center\"><a href=\"https:\/\/ufprbr0.sharepoint.com\/sites\/Docentes444\/Documentos%20Compartilhados\/Forms\/AllItems.aspx?id=%2Fsites%2FDocentes444%2FDocumentos%20Compartilhados%2FGeneral%2FPITS%202022%2FPIT%202022%20Andr%C3%A9%20Guaraldo%2Epdf&amp;parent=%2Fsites%2FDocentes444%2FDocumentos%20Compartilhados%2FGeneral%2FPITS%202022\">ANDR\u00c9 DE CAMARGO GUARALDO<\/a><\/p>\n<p style=\"text-align: center\"><a href=\"https:\/\/bio.ufpr.br\/zoologia\/wp-content\/uploads\/sites\/29\/2022\/05\/PIT-2022-APPinto.pdf\" target=\"_blank\">\u00c2NGELO PARISE PINTO<\/a><\/p>\n<p style=\"text-align: center\"><a href=\"https:\/\/bio.ufpr.br\/zoologia\/wp-content\/uploads\/sites\/29\/2022\/05\/Microsoft-Word-PIT-2022_Claudio-J-B-de-Carvalho.docx.pdf\" target=\"_blank\">CL\u00c1UDIO JOS\u00c9 BARROS DE CARVALHO<\/a><\/p>\n<p style=\"text-align: center\"><a href=\"https:\/\/bio.ufpr.br\/zoologia\/wp-content\/uploads\/sites\/29\/2023\/03\/PIT-2022-Eduardo-Carneiro.pdf\">EDUARDO CARNEIRO DOS SANTOS<\/a><\/p>\n<p style=\"text-align: center\"><a href=\"https:\/\/bio.ufpr.br\/zoologia\/wp-content\/uploads\/sites\/29\/2022\/05\/PIT-2022-Emygdio.pdf\">EMYGDIO LEITE DE ARA\u00daJO MONTEIRO FILHO<\/a><\/p>\n<p style=\"text-align: center\"><a href=\"https:\/\/bio.ufpr.br\/zoologia\/wp-content\/uploads\/sites\/29\/2022\/05\/PIT_2022_Fabricius-Domingos_cjbc-1-definitivo.pdf\" target=\"_blank\">FABRICIUS MAIA CHAVES BICALHO DOMINGOS<\/a><\/p>\n<p style=\"text-align: center\"><a href=\"https:\/\/bio.ufpr.br\/zoologia\/wp-content\/uploads\/sites\/29\/2022\/05\/PIT-2022-Fernando-Passos.pdf\" target=\"_blank\">FERNANDO DE CAMARGO PASSOS<\/a><\/p>\n<p style=\"text-align: center\"><a href=\"https:\/\/bio.ufpr.br\/zoologia\/wp-content\/uploads\/sites\/29\/2022\/05\/PIT-Gabriel-Melo-2022.pdf\" target=\"_blank\">GABRIEL AUGUSTO RODRIGUES DE MELO<\/a><\/p>\n<p style=\"text-align: center\"><a href=\"https:\/\/bio.ufpr.br\/zoologia\/wp-content\/uploads\/sites\/29\/2022\/05\/PIT-Lattke-2022.pdf\" target=\"_blank\">JOHN EDWIN LATTKE BRAVO<\/a><\/p>\n<p style=\"text-align: center\"><a href=\"https:\/\/bio.ufpr.br\/zoologia\/wp-content\/uploads\/sites\/29\/2023\/03\/PIT-2022-Karla-Campi\u00e3o.pdf\" target=\"_blank\">KARLA MAGALH\u00c3ES CAMPI\u00c3O<\/a><\/p>\n<p style=\"text-align: center\"><a href=\"https:\/\/ufprbr0.sharepoint.com\/sites\/Docentes444\/Documentos%20Compartilhados\/Forms\/AllItems.aspx?id=%2Fsites%2FDocentes444%2FDocumentos%20Compartilhados%2FGeneral%2FPITS%202022%2FMicrosoft%20Word%20%2D%20PIT%202022%20Lilian%20Manica%2Edocx%2Epdf&amp;parent=%2Fsites%2FDocentes444%2FDocumentos%20Compartilhados%2FGeneral%2FPITS%202022\" target=\"_blank\">LILIAN TONELLI MANICA<\/a><\/p>\n<p style=\"text-align: center\"><a href=\"https:\/\/ufprbr0.sharepoint.com\/sites\/Docentes444\/Documentos%20Compartilhados\/Forms\/AllItems.aspx?id=%2Fsites%2FDocentes444%2FDocumentos%20Compartilhados%2FGeneral%2FPITS%202022%2FPIT%5FLMAguiar%2Epdf&amp;parent=%2Fsites%2FDocentes444%2FDocumentos%20Compartilhados%2FGeneral%2FPITS%202022\">LUCAS DE MORAES AGUIAR<\/a><\/p>\n<p style=\"text-align: center\"><a href=\"https:\/\/bio.ufpr.br\/zoologia\/wp-content\/uploads\/sites\/29\/2022\/05\/PIT-2022-FORMUL\u00c1RIO-MARINONI.pdf\" target=\"_blank\">LUCIANE MARINONI<\/a><\/p>\n<p style=\"text-align: center\"><a href=\"https:\/\/bio.ufpr.br\/zoologia\/wp-content\/uploads\/sites\/29\/2023\/03\/PIT-2022-Marcos-Barbeitos.pdf\">MARCOS SOARES BARBEITOS<\/a><\/p>\n<p style=\"text-align: center\">MARIA ANG\u00c9LICA HADDAD<\/p>\n<p style=\"text-align: center\"><a href=\"https:\/\/bio.ufpr.br\/zoologia\/wp-content\/uploads\/sites\/29\/2023\/03\/PIT-2022-Mario-Navarro.pdf\" target=\"_blank\">M\u00c1RIO ANT\u00d4NIO NAVARRO DA SILVA<\/a><\/p>\n<p style=\"text-align: center\"><a href=\"https:\/\/bio.ufpr.br\/zoologia\/wp-content\/uploads\/sites\/29\/2023\/03\/PIT-2022-Mauricio-Moura.pdf\">MAURICIO OSVALDO MOURA<\/a><\/p>\n<p style=\"text-align: center\"><a href=\"https:\/\/bio.ufpr.br\/zoologia\/wp-content\/uploads\/sites\/29\/2022\/05\/PIT-2022-MMC.pdf\" target=\"_blank\">MIRNA MARTINS CASAGRANDE<\/a><\/p>\n<p style=\"text-align: center\"><a href=\"https:\/\/bio.ufpr.br\/zoologia\/wp-content\/uploads\/sites\/29\/2022\/05\/PIT-2022-Paulo-TC-Chaves.pdf\" target=\"_blank\">PAULO DE TARSO DA CUNHA CHAVES<\/a><\/p>\n<p style=\"text-align: center\"><a href=\"https:\/\/bio.ufpr.br\/zoologia\/wp-content\/uploads\/sites\/29\/2022\/05\/Microsoft-Word-PIT-2022-RJPM-5_12_2021.docx.pdf\" target=\"_blank\">RENATO JOS\u00c9 PIRES MACHADO<\/a><\/p>\n<p style=\"text-align: center\"><a href=\"https:\/\/bio.ufpr.br\/zoologia\/wp-content\/uploads\/sites\/29\/2022\/05\/PIT-RODRIGO-GONCALVES-2022.pdf\" target=\"_blank\">RODRIGO BARBOSA GON\u00c7ALVES<\/a><\/p>\n<p style=\"text-align: center\"><a href=\"https:\/\/bio.ufpr.br\/zoologia\/wp-content\/uploads\/sites\/29\/2022\/05\/PIT_2022_Rodrigo-Feitosa.pdf\" target=\"_blank\">RODRIGO DOS SANTOS MACHADO FEITOSA<\/a><\/p>\n<p style=\"text-align: center\"><a href=\"https:\/\/bio.ufpr.br\/zoologia\/wp-content\/uploads\/sites\/29\/2022\/05\/PIT-Rosana-Rocha-2022.pdf\" target=\"_blank\">ROSANA MOREIRA DA ROCHA<\/a><\/p>\n<p style=\"text-align: center\"><a href=\"https:\/\/bio.ufpr.br\/zoologia\/wp-content\/uploads\/sites\/29\/2022\/05\/PIT_Setuko-Masunar_2022.pdf\" target=\"_blank\">SETUKO MASUNARI<\/a><\/p>\n","protected":false},"excerpt":{"rendered":"<p>Plano Individual de trabalho &#8211; PITs Dzoo 2022 ANDR\u00c9 DE CAMARGO GUARALDO \u00c2NGELO PARISE PINTO CL\u00c1UDIO JOS\u00c9 BARROS DE CARVALHO EDUARDO CARNEIRO DOS SANTOS EMYGDIO [&hellip;]<\/p>\n","protected":false},"author":2091,"featured_media":0,"parent":0,"menu_order":0,"comment_status":"closed","ping_status":"closed","template":"","meta":{"_acf_changed":false,"_monsterinsights_skip_tracking":false,"_monsterinsights_sitenote_active":false,"_monsterinsights_sitenote_note":"","_monsterinsights_sitenote_category":0,"footnotes":""},"class_list":["post-3518","page","type-page","status-publish","hentry"],"acf":[],"_links":{"self":[{"href":"https:\/\/bio.ufpr.br\/zoologia\/wp-json\/wp\/v2\/pages\/3518","targetHints":{"allow":["GET"]}}],"collection":[{"href":"https:\/\/bio.ufpr.br\/zoologia\/wp-json\/wp\/v2\/pages"}],"about":[{"href":"https:\/\/bio.ufpr.br\/zoologia\/wp-json\/wp\/v2\/types\/page"}],"author":[{"embeddable":true,"href":"https:\/\/bio.ufpr.br\/zoologia\/wp-json\/wp\/v2\/users\/2091"}],"replies":[{"embeddable":true,"href":"https:\/\/bio.ufpr.br\/zoologia\/wp-json\/wp\/v2\/comments?post=3518"}],"version-history":[{"count":31,"href":"https:\/\/bio.ufpr.br\/zoologia\/wp-json\/wp\/v2\/pages\/3518\/revisions"}],"predecessor-version":[{"id":3672,"href":"https:\/\/bio.ufpr.br\/zoologia\/wp-json\/wp\/v2\/pages\/3518\/revisions\/3672"}],"wp:attachment":[{"href":"https:\/\/bio.ufpr.br\/zoologia\/wp-json\/wp\/v2\/media?parent=3518"}],"curies":[{"name":"wp","href":"https:\/\/api.w.org\/{rel}","templated":true}]}}