{"id":3556,"date":"2023-03-02T11:00:49","date_gmt":"2023-03-02T11:00:49","guid":{"rendered":"https:\/\/bio.ufpr.br\/zoologia\/?page_id=3556"},"modified":"2023-10-16T13:01:32","modified_gmt":"2023-10-16T13:01:32","slug":"plano-individual-de-trabalho-pits-2023-2","status":"publish","type":"page","link":"https:\/\/bio.ufpr.br\/zoologia\/plano-individual-de-trabalho-pits-2023-2\/","title":{"rendered":"Plano Individual de trabalho &#8211; PITs Dzoo 2023"},"content":{"rendered":"<p style=\"text-align: center\"><strong>Plano Individual de trabalho &#8211; PITs Dzoo 2023<\/strong><\/p>\n<p style=\"text-align: center\"><a href=\"https:\/\/bio.ufpr.br\/zoologia\/wp-content\/uploads\/sites\/29\/2023\/03\/PIT-2023-Andr\u00e9-Guaraldo.pdf\">ANDR\u00c9 DE CAMARGO GUARALDO<\/a><\/p>\n<p style=\"text-align: center\"><a href=\"https:\/\/bio.ufpr.br\/zoologia\/wp-content\/uploads\/sites\/29\/2023\/10\/PIT-2023-Andressa-Paladini.pdf\">ANDRESSA PALADINI<\/a><\/p>\n<p style=\"text-align: center\"><a href=\"https:\/\/bio.ufpr.br\/zoologia\/wp-content\/uploads\/sites\/29\/2023\/03\/PIT-2023-\u00c2ngelo-Pinto.pdf\">\u00c2NGELO PARISE PINTO<\/a><\/p>\n<p style=\"text-align: center\"><a href=\"https:\/\/bio.ufpr.br\/zoologia\/wp-content\/uploads\/sites\/29\/2023\/03\/PIT-2023-Claudio-Carvalho.pdf\">CL\u00c1UDIO JOS\u00c9 BARROS DE CARVALHO<\/a><\/p>\n<p style=\"text-align: center\"><a href=\"https:\/\/bio.ufpr.br\/zoologia\/wp-content\/uploads\/sites\/29\/2023\/03\/PIT-2023-Eduardo-Carneiro.pdf\">EDUARDO CARNEIRO DOS SANTOS<\/a><\/p>\n<p style=\"text-align: center\"><a href=\"https:\/\/bio.ufpr.br\/zoologia\/wp-content\/uploads\/sites\/29\/2023\/03\/PIT-2023-Emygdio.pdf\">EMYGDIO LEITE DE ARA\u00daJO MONTEIRO FILHO<\/a><\/p>\n<p style=\"text-align: center\"><a href=\"https:\/\/bio.ufpr.br\/zoologia\/wp-content\/uploads\/sites\/29\/2023\/03\/PIT-2023-Fabricius-Domingos.pdf\">FABRICIUS MAIA CHAVES BICALHO DOMINGOS<\/a><\/p>\n<p style=\"text-align: center\"><a href=\"https:\/\/bio.ufpr.br\/zoologia\/wp-content\/uploads\/sites\/29\/2023\/03\/PIT-2023-Fernando-Passos.pdf\">FERNANDO DE CAMARGO PASSOS<\/a><\/p>\n<p style=\"text-align: center\"><a href=\"https:\/\/bio.ufpr.br\/zoologia\/wp-content\/uploads\/sites\/29\/2023\/03\/PIT-2023-Gabriel-Melo.pdf\">GABRIEL AUGUSTO RODRIGUES DE MELO<\/a><\/p>\n<p style=\"text-align: center\"><a href=\"https:\/\/bio.ufpr.br\/zoologia\/wp-content\/uploads\/sites\/29\/2023\/03\/PIT-2023-John-Lattke.pdf\">JOHN EDWIN LATTKE BRAVO<\/a><\/p>\n<p style=\"text-align: center\"><a href=\"https:\/\/bio.ufpr.br\/zoologia\/wp-content\/uploads\/sites\/29\/2023\/03\/PIT-2023-Karla-Campi\u00e3o.pdf\">KARLA MAGALH\u00c3ES CAMPI\u00c3O<\/a><\/p>\n<p style=\"text-align: center\"><a href=\"https:\/\/bio.ufpr.br\/zoologia\/wp-content\/uploads\/sites\/29\/2023\/03\/PIT-2023-Lilian-Manica.pdf\">LILIAN TONELLI MANICA<\/a><\/p>\n<p style=\"text-align: center\"><a href=\"https:\/\/bio.ufpr.br\/zoologia\/wp-content\/uploads\/sites\/29\/2023\/03\/PIT-2023-Lucas-Aguiar.pdf\">LUCAS DE MORAES AGUIAR<\/a><\/p>\n<p style=\"text-align: center\"><a href=\"https:\/\/bio.ufpr.br\/zoologia\/wp-content\/uploads\/sites\/29\/2023\/03\/PIT-2023-Luciane-Marinoni.pdf\">LUCIANE MARINONI<\/a><\/p>\n<p style=\"text-align: center\"><a href=\"https:\/\/bio.ufpr.br\/zoologia\/wp-content\/uploads\/sites\/29\/2023\/03\/PIT-2023-Marcos-Barbeitos.pdf\">MARCOS SOARES BARBEITOS<\/a><\/p>\n<p style=\"text-align: center\"><a href=\"https:\/\/bio.ufpr.br\/zoologia\/wp-content\/uploads\/sites\/29\/2023\/03\/PIT-2023-Maria-Ang\u00e9lica-Haddad-1.pdf\">MARIA ANG\u00c9LICA HADDAD<\/a><\/p>\n<p style=\"text-align: center\"><a href=\"https:\/\/bio.ufpr.br\/zoologia\/wp-content\/uploads\/sites\/29\/2023\/03\/PIT-2023-Mario-A-Navarro-da-Silva.pdf\">M\u00c1RIO ANT\u00d4NIO NAVARRO DA SILVA<\/a><\/p>\n<p style=\"text-align: center\"><a href=\"https:\/\/bio.ufpr.br\/zoologia\/wp-content\/uploads\/sites\/29\/2023\/03\/PIT-2023-Mauricio-Moura-1.pdf\">MAURICIO OSVALDO MOURA<\/a><\/p>\n<p style=\"text-align: center\"><a href=\"https:\/\/bio.ufpr.br\/zoologia\/wp-content\/uploads\/sites\/29\/2023\/03\/PIT-2023-Mirna-Casagrande.pdf\">MIRNA MARTINS CASAGRANDE<\/a><\/p>\n<p style=\"text-align: center\"><a href=\"https:\/\/bio.ufpr.br\/zoologia\/wp-content\/uploads\/sites\/29\/2023\/03\/PIT-2023-Paulo-TC-Chaves.pdf\">PAULO DE TARSO DA CUNHA CHAVES<\/a><\/p>\n<p style=\"text-align: center\"><a href=\"https:\/\/bio.ufpr.br\/zoologia\/wp-content\/uploads\/sites\/29\/2023\/03\/PIT-2023-Renato-Machado.pdf\">RENATO JOS\u00c9 PIRES MACHADO<\/a><\/p>\n<p style=\"text-align: center\"><a href=\"https:\/\/bio.ufpr.br\/zoologia\/wp-content\/uploads\/sites\/29\/2023\/05\/PIT-RODRIGO-GONCALVES-2023.pdf\">RODRIGO BARBOSA GON\u00c7ALVES<\/a><\/p>\n<p style=\"text-align: center\"><a href=\"https:\/\/bio.ufpr.br\/zoologia\/wp-content\/uploads\/sites\/29\/2023\/03\/PIT-2023-Rodrigo-Feitosa.pdf\">RODRIGO DOS SANTOS MACHADO FEITOSA<\/a><\/p>\n<p style=\"text-align: center\"><a href=\"https:\/\/bio.ufpr.br\/zoologia\/wp-content\/uploads\/sites\/29\/2023\/03\/PIT-2023-Rosana-Rocha.pdf\">ROSANA MOREIRA DA ROCHA<\/a><\/p>\n","protected":false},"excerpt":{"rendered":"<p>Plano Individual de trabalho &#8211; PITs Dzoo 2023 ANDR\u00c9 DE CAMARGO GUARALDO ANDRESSA PALADINI \u00c2NGELO PARISE PINTO CL\u00c1UDIO JOS\u00c9 BARROS DE CARVALHO EDUARDO CARNEIRO DOS [&hellip;]<\/p>\n","protected":false},"author":2091,"featured_media":0,"parent":0,"menu_order":0,"comment_status":"closed","ping_status":"closed","template":"","meta":{"_acf_changed":false,"_monsterinsights_skip_tracking":false,"_monsterinsights_sitenote_active":false,"_monsterinsights_sitenote_note":"","_monsterinsights_sitenote_category":0,"footnotes":""},"class_list":["post-3556","page","type-page","status-publish","hentry"],"acf":[],"_links":{"self":[{"href":"https:\/\/bio.ufpr.br\/zoologia\/wp-json\/wp\/v2\/pages\/3556","targetHints":{"allow":["GET"]}}],"collection":[{"href":"https:\/\/bio.ufpr.br\/zoologia\/wp-json\/wp\/v2\/pages"}],"about":[{"href":"https:\/\/bio.ufpr.br\/zoologia\/wp-json\/wp\/v2\/types\/page"}],"author":[{"embeddable":true,"href":"https:\/\/bio.ufpr.br\/zoologia\/wp-json\/wp\/v2\/users\/2091"}],"replies":[{"embeddable":true,"href":"https:\/\/bio.ufpr.br\/zoologia\/wp-json\/wp\/v2\/comments?post=3556"}],"version-history":[{"count":36,"href":"https:\/\/bio.ufpr.br\/zoologia\/wp-json\/wp\/v2\/pages\/3556\/revisions"}],"predecessor-version":[{"id":4252,"href":"https:\/\/bio.ufpr.br\/zoologia\/wp-json\/wp\/v2\/pages\/3556\/revisions\/4252"}],"wp:attachment":[{"href":"https:\/\/bio.ufpr.br\/zoologia\/wp-json\/wp\/v2\/media?parent=3556"}],"curies":[{"name":"wp","href":"https:\/\/api.w.org\/{rel}","templated":true}]}}