{"id":359,"date":"2017-02-08T16:49:08","date_gmt":"2017-02-08T16:49:08","guid":{"rendered":"https:\/\/bio.ufpr.br\/zoologia\/?page_id=359"},"modified":"2017-02-08T16:51:44","modified_gmt":"2017-02-08T16:51:44","slug":"eduardo-carneiro-dos-santos","status":"publish","type":"page","link":"https:\/\/bio.ufpr.br\/zoologia\/eduardo-carneiro-dos-santos\/","title":{"rendered":"EDUARDO CARNEIRO DOS SANTOS"},"content":{"rendered":"<p><strong>\u00c1reas de atua\u00e7\u00e3o<\/strong>:<\/p>\n<p>Sistem\u00e1tica e Ecologia de Lepidoptera<\/p>\n<p><a href=\"http:\/\/buscatextual.cnpq.br\/buscatextual\/visualizacv.do?id=K4746683H7\" target=\"_blank\">http:\/\/buscatextual.cnpq.br\/buscatextual\/visualizacv.do?id=K4746683H7<\/a><\/p>\n<p><strong>Cursos de Gradua\u00e7\u00e3o em que leciona<\/strong>:<\/p>\n<p>Engenharia Agr\u00edcola<br \/>\nCi\u00eancias Biol\u00f3gicas<\/p>\n<p><strong>Programas de P\u00f3s-gradua\u00e7\u00e3o\u00a0em que orienta<\/strong>:<\/p>\n<p>Entomologia<br \/>\nZoologia<\/p>\n<p><strong>Listar disciplinas em que leciona<\/strong>:<\/p>\n<p>Entomologia Agr\u00edcola<br \/>\nPrinc\u00edpios de An\u00e1lise Ecol\u00f3gica<br \/>\nMorfologia de Insetos (PG Entomologia)<br \/>\nEstudos em Diversidade de Insetos (PG Entomologia)<br \/>\nSistem\u00e1tica e Bionomia de Lepidoptera (PG Entomologia)<br \/>\nLepidoptera (PG Entomologia)<\/p>\n<p><strong>Laborat\u00f3rio de pesquisa<\/strong>:<\/p>\n<p><a href=\"https:\/\/sites.google.com\/site\/lablepneo\/\" target=\"_blank\">Laborat\u00f3rio de Estudos em Lepidoptera Neotropical<\/a><\/p>\n<p><strong>Contatos<\/strong>:<\/p>\n<p>email: eduardo.carneiro@ufpr.br<\/p>\n<p>Endere\u00e7o:<\/p>\n<p>Universidade Federal do Paran\u00e1<\/p>\n<p>Setor de Ci\u00eancias Biol\u00f3gicas &#8211; Departamento de Zoologia (sala\u00a012 anexo)<\/p>\n<p>Avenida Coronel Francisco H. dos Santos, 100<\/p>\n<p>Caixa Postal 19020,<\/p>\n<p>81.531-980 &#8211; Curitiba, PR<\/p>\n<p>Telefone: (41) 3361-1785<\/p>\n","protected":false},"excerpt":{"rendered":"<p>\u00c1reas de atua\u00e7\u00e3o: Sistem\u00e1tica e Ecologia de Lepidoptera http:\/\/buscatextual.cnpq.br\/buscatextual\/visualizacv.do?id=K4746683H7 Cursos de Gradua\u00e7\u00e3o em que leciona: Engenharia Agr\u00edcola Ci\u00eancias Biol\u00f3gicas Programas de P\u00f3s-gradua\u00e7\u00e3o\u00a0em que orienta: Entomologia [&hellip;]<\/p>\n","protected":false},"author":1983,"featured_media":0,"parent":0,"menu_order":0,"comment_status":"closed","ping_status":"closed","template":"","meta":{"_acf_changed":false,"_monsterinsights_skip_tracking":false,"_monsterinsights_sitenote_active":false,"_monsterinsights_sitenote_note":"","_monsterinsights_sitenote_category":0,"footnotes":""},"class_list":["post-359","page","type-page","status-publish","hentry"],"acf":[],"_links":{"self":[{"href":"https:\/\/bio.ufpr.br\/zoologia\/wp-json\/wp\/v2\/pages\/359","targetHints":{"allow":["GET"]}}],"collection":[{"href":"https:\/\/bio.ufpr.br\/zoologia\/wp-json\/wp\/v2\/pages"}],"about":[{"href":"https:\/\/bio.ufpr.br\/zoologia\/wp-json\/wp\/v2\/types\/page"}],"author":[{"embeddable":true,"href":"https:\/\/bio.ufpr.br\/zoologia\/wp-json\/wp\/v2\/users\/1983"}],"replies":[{"embeddable":true,"href":"https:\/\/bio.ufpr.br\/zoologia\/wp-json\/wp\/v2\/comments?post=359"}],"version-history":[{"count":3,"href":"https:\/\/bio.ufpr.br\/zoologia\/wp-json\/wp\/v2\/pages\/359\/revisions"}],"predecessor-version":[{"id":362,"href":"https:\/\/bio.ufpr.br\/zoologia\/wp-json\/wp\/v2\/pages\/359\/revisions\/362"}],"wp:attachment":[{"href":"https:\/\/bio.ufpr.br\/zoologia\/wp-json\/wp\/v2\/media?parent=359"}],"curies":[{"name":"wp","href":"https:\/\/api.w.org\/{rel}","templated":true}]}}