{"id":363,"date":"2017-02-09T11:51:49","date_gmt":"2017-02-09T11:51:49","guid":{"rendered":"https:\/\/bio.ufpr.br\/zoologia\/?page_id=363"},"modified":"2017-02-09T11:53:23","modified_gmt":"2017-02-09T11:53:23","slug":"rodrigo-dos-santos-machado-feitosa-2","status":"publish","type":"page","link":"https:\/\/bio.ufpr.br\/zoologia\/rodrigo-dos-santos-machado-feitosa-2\/","title":{"rendered":"RODRIGO DOS SANTOS MACHADO FEITOSA"},"content":{"rendered":"<p><strong>\u00c1reas de atua\u00e7\u00e3o<\/strong>:<\/p>\n<p>Sistem\u00e1tica e Biologia de formigas (Insecta, Hymenoptera, Formicidae)<\/p>\n<p><a href=\"http:\/\/lattes.cnpq.br\/6600267892415480\" target=\"_blank\">http:\/\/lattes.cnpq.br\/6600267892415480<\/a><\/p>\n<p><strong>Cursos de Gradua\u00e7\u00e3o em que leciona<\/strong>:<\/p>\n<p>Curso de Engenharia Florestal<br \/>\nCurso de Ci\u00eancias Biol\u00f3gicas<\/p>\n<p><strong>Programas de P\u00f3s-gradua\u00e7\u00e3o\u00a0em que orienta<\/strong>:<\/p>\n<p>P\u00f3s-Gradua\u00e7\u00e3o em Ci\u00eancias Biol\u00f3gicas, \u00eanfase em Entomologia &#8211; UFPR<\/p>\n<p><strong>Listar disciplinas em que leciona<\/strong>:<\/p>\n<p>Biologia de Campo I<br \/>\nIntera\u00e7\u00e3o Inseto-Planta<br \/>\nZoologia aplicada \u00e0 Engenharia Florestal<br \/>\nOrigem e Evolu\u00e7\u00e3o de Hexapoda<br \/>\nEntomologia de Campo<br \/>\nSistem\u00e1tica e Biologia de Formigas<\/p>\n<p><strong>Laborat\u00f3rio de pesquisa<\/strong>:<\/p>\n<p>Laborat\u00f3rio de Sistem\u00e1tica e Biologia de Formigas da UFPR &#8211; <a href=\"http:\/\/feitosalab.wixsite.com\/lsbf\" target=\"_blank\">Feitosa lab<\/a><\/p>\n<p><strong>Contatos<\/strong>:<\/p>\n<p>email: rsmfeitosa@gmail.com<\/p>\n<p><strong>Endere\u00e7o<\/strong>:<\/p>\n<p>Universidade Federal do Paran\u00e1<\/p>\n<p>Setor de Ci\u00eancias Biol\u00f3gicas &#8211; Departamento de Zoologia (Salas 388 e 389)<\/p>\n<p>Avenida Coronel Francisco H. dos Santos, 100<\/p>\n<p>Caixa Postal 19020,<\/p>\n<p>81.531-980 &#8211; Curitiba, PR<\/p>\n<p>Telefone: (41) 3361-1639<\/p>\n","protected":false},"excerpt":{"rendered":"<p>\u00c1reas de atua\u00e7\u00e3o: Sistem\u00e1tica e Biologia de formigas (Insecta, Hymenoptera, Formicidae) http:\/\/lattes.cnpq.br\/6600267892415480 Cursos de Gradua\u00e7\u00e3o em que leciona: Curso de Engenharia Florestal Curso de Ci\u00eancias [&hellip;]<\/p>\n","protected":false},"author":1983,"featured_media":0,"parent":0,"menu_order":0,"comment_status":"closed","ping_status":"closed","template":"","meta":{"_acf_changed":false,"_monsterinsights_skip_tracking":false,"_monsterinsights_sitenote_active":false,"_monsterinsights_sitenote_note":"","_monsterinsights_sitenote_category":0,"footnotes":""},"class_list":["post-363","page","type-page","status-publish","hentry"],"acf":[],"_links":{"self":[{"href":"https:\/\/bio.ufpr.br\/zoologia\/wp-json\/wp\/v2\/pages\/363","targetHints":{"allow":["GET"]}}],"collection":[{"href":"https:\/\/bio.ufpr.br\/zoologia\/wp-json\/wp\/v2\/pages"}],"about":[{"href":"https:\/\/bio.ufpr.br\/zoologia\/wp-json\/wp\/v2\/types\/page"}],"author":[{"embeddable":true,"href":"https:\/\/bio.ufpr.br\/zoologia\/wp-json\/wp\/v2\/users\/1983"}],"replies":[{"embeddable":true,"href":"https:\/\/bio.ufpr.br\/zoologia\/wp-json\/wp\/v2\/comments?post=363"}],"version-history":[{"count":1,"href":"https:\/\/bio.ufpr.br\/zoologia\/wp-json\/wp\/v2\/pages\/363\/revisions"}],"predecessor-version":[{"id":373,"href":"https:\/\/bio.ufpr.br\/zoologia\/wp-json\/wp\/v2\/pages\/363\/revisions\/373"}],"wp:attachment":[{"href":"https:\/\/bio.ufpr.br\/zoologia\/wp-json\/wp\/v2\/media?parent=363"}],"curies":[{"name":"wp","href":"https:\/\/api.w.org\/{rel}","templated":true}]}}