{"id":4312,"date":"2023-11-24T12:08:16","date_gmt":"2023-11-24T12:08:16","guid":{"rendered":"https:\/\/bio.ufpr.br\/zoologia\/?page_id=4312"},"modified":"2023-12-04T12:19:51","modified_gmt":"2023-12-04T12:19:51","slug":"plano-individual-de-trabalho-pits-dzoo-2024","status":"publish","type":"page","link":"https:\/\/bio.ufpr.br\/zoologia\/plano-individual-de-trabalho-pits-dzoo-2024\/","title":{"rendered":"Plano Individual de trabalho &#8211; PITs Dzoo 2024"},"content":{"rendered":"<p style=\"text-align: center\"><strong>Plano Individual de trabalho &#8211; PITs Dzoo 2024<\/strong><\/p>\n<p style=\"text-align: center\"><a href=\"https:\/\/bio.ufpr.br\/zoologia\/wp-content\/uploads\/sites\/29\/2023\/11\/PIT-Alexandre-Varaschin-Palaoro-2024.pdf\">ALEXANDRE VARASCHIN PALAORO<\/a><\/p>\n<p style=\"text-align: center\"><a href=\"https:\/\/bio.ufpr.br\/zoologia\/wp-content\/uploads\/sites\/29\/2023\/11\/PIT-2024-Andr\u00e9-Guaraldo-1.pdf\">ANDR\u00c9 DE CAMARGO GUARALDO<\/a><\/p>\n<p style=\"text-align: center\"><a href=\"https:\/\/bio.ufpr.br\/zoologia\/wp-content\/uploads\/sites\/29\/2023\/11\/PIT-Andressa-Paladini-2024.pdf\">ANDRESSA PALADINI<\/a><\/p>\n<p style=\"text-align: center\"><a href=\"https:\/\/bio.ufpr.br\/zoologia\/wp-content\/uploads\/sites\/29\/2023\/11\/PIT_2024_APPinto.pdf\">\u00c2NGELO PARISE PINTO<\/a><\/p>\n<p style=\"text-align: center\"><a href=\"https:\/\/bio.ufpr.br\/zoologia\/wp-content\/uploads\/sites\/29\/2023\/11\/PIT-2024-Claudio_J_B_de_Carvalho.pdf\">CL\u00c1UDIO JOS\u00c9 BARROS DE CARVALHO<\/a><\/p>\n<p style=\"text-align: center\"><a href=\"https:\/\/bio.ufpr.br\/zoologia\/wp-content\/uploads\/sites\/29\/2023\/11\/PIT-2024-Eduardo-Carneiro.pdf\">EDUARDO CARNEIRO DOS SANTOS<\/a><\/p>\n<p style=\"text-align: center\"><a href=\"https:\/\/bio.ufpr.br\/zoologia\/wp-content\/uploads\/sites\/29\/2023\/11\/PIT-2024-Emygdio.pdf\">EMYGDIO LEITE DE ARA\u00daJO MONTEIRO FILHO<\/a><\/p>\n<p style=\"text-align: center\"><a href=\"https:\/\/bio.ufpr.br\/zoologia\/wp-content\/uploads\/sites\/29\/2023\/11\/PIT-2024-Fabricius-Domingos.pdf\">FABRICIUS MAIA CHAVES BICALHO DOMINGOS<\/a><\/p>\n<p style=\"text-align: center\"><a href=\"https:\/\/bio.ufpr.br\/zoologia\/wp-content\/uploads\/sites\/29\/2023\/11\/PIT-2024-Fernando-Passos.pdf\">FERNANDO DE CAMARGO PASSOS<\/a><\/p>\n<p style=\"text-align: center\"><a href=\"https:\/\/bio.ufpr.br\/zoologia\/wp-content\/uploads\/sites\/29\/2023\/11\/PIT-Gabriel-Melo-2024.pdf\">GABRIEL AUGUSTO RODRIGUES DE MELO<\/a><\/p>\n<p style=\"text-align: center\"><a href=\"https:\/\/bio.ufpr.br\/zoologia\/wp-content\/uploads\/sites\/29\/2023\/11\/PIT-2024-John-Lattke.pdf\">JOHN EDWIN LATTKE BRAVO<\/a><\/p>\n<p style=\"text-align: center\"><a href=\"https:\/\/bio.ufpr.br\/zoologia\/wp-content\/uploads\/sites\/29\/2023\/11\/PIT-2024-Karla-Campi\u00e3o.pdf\">KARLA MAGALH\u00c3ES CAMPI\u00c3O<\/a><\/p>\n<p style=\"text-align: center\"><a href=\"https:\/\/bio.ufpr.br\/zoologia\/wp-content\/uploads\/sites\/29\/2023\/11\/PIT-2024-Lilian-Manica.pdf\">LILIAN TONELLI MANICA<\/a><\/p>\n<p style=\"text-align: center\"><a href=\"https:\/\/bio.ufpr.br\/zoologia\/wp-content\/uploads\/sites\/29\/2023\/11\/PIT_2024_Lucas_M_Aguiar.pdf\">LUCAS DE MORAES AGUIAR<\/a><\/p>\n<p style=\"text-align: center\"><a href=\"https:\/\/bio.ufpr.br\/zoologia\/wp-content\/uploads\/sites\/29\/2023\/11\/PIT-2024-Luciane-MARINONI.pdf\">LUCIANE MARINONI<\/a><\/p>\n<p style=\"text-align: center\"><a href=\"https:\/\/bio.ufpr.br\/zoologia\/wp-content\/uploads\/sites\/29\/2023\/12\/PIT-2024-Marcos-Barbeitos.pdf\">MARCOS SOARES BARBEITOS<\/a><\/p>\n<p style=\"text-align: center\">MARIA ANG\u00c9LICA HADDAD<\/p>\n<p style=\"text-align: center\"><a href=\"https:\/\/bio.ufpr.br\/zoologia\/wp-content\/uploads\/sites\/29\/2023\/11\/PIT-2024-Mario-A-N-da-Silva.pdf\">M\u00c1RIO ANT\u00d4NIO NAVARRO DA SILVA<\/a><\/p>\n<p style=\"text-align: center\"><a href=\"https:\/\/bio.ufpr.br\/zoologia\/wp-content\/uploads\/sites\/29\/2023\/12\/PIT-2024-Mauricio-Moura.pdf\">MAURICIO OSVALDO MOURA<\/a><\/p>\n<p style=\"text-align: center\"><a href=\"https:\/\/bio.ufpr.br\/zoologia\/wp-content\/uploads\/sites\/29\/2023\/11\/PIT-2024-MMC.pdf\">MIRNA MARTINS CASAGRANDE<\/a><\/p>\n<p style=\"text-align: center\"><a href=\"https:\/\/bio.ufpr.br\/zoologia\/wp-content\/uploads\/sites\/29\/2023\/11\/PIT-Renato-Machado-2024.pdf\">RENATO JOS\u00c9 PIRES MACHADO<\/a><\/p>\n<p style=\"text-align: center\"><a href=\"https:\/\/bio.ufpr.br\/zoologia\/wp-content\/uploads\/sites\/29\/2023\/11\/PIT-2024-Rodrigo-Gon\u00e7alves.docx.pdf\">RODRIGO BARBOSA GON\u00c7ALVES<\/a><\/p>\n<p style=\"text-align: center\"><a href=\"https:\/\/bio.ufpr.br\/zoologia\/wp-content\/uploads\/sites\/29\/2023\/11\/PIT_2024_Rodrigo-Feitosa.pdf\">RODRIGO DOS SANTOS MACHADO FEITOSA<\/a><\/p>\n<p style=\"text-align: center\"><a href=\"https:\/\/bio.ufpr.br\/zoologia\/wp-content\/uploads\/sites\/29\/2023\/11\/PIT-Rosana-Rocha-2024.pdf\">ROSANA MOREIRA DA ROCHA<\/a><\/p>\n","protected":false},"excerpt":{"rendered":"<p>Plano Individual de trabalho &#8211; PITs Dzoo 2024 ALEXANDRE VARASCHIN PALAORO ANDR\u00c9 DE CAMARGO GUARALDO ANDRESSA PALADINI \u00c2NGELO PARISE PINTO CL\u00c1UDIO JOS\u00c9 BARROS DE CARVALHO [&hellip;]<\/p>\n","protected":false},"author":2091,"featured_media":0,"parent":0,"menu_order":0,"comment_status":"closed","ping_status":"closed","template":"","meta":{"_acf_changed":false,"_monsterinsights_skip_tracking":false,"_monsterinsights_sitenote_active":false,"_monsterinsights_sitenote_note":"","_monsterinsights_sitenote_category":0,"footnotes":""},"class_list":["post-4312","page","type-page","status-publish","hentry"],"acf":[],"_links":{"self":[{"href":"https:\/\/bio.ufpr.br\/zoologia\/wp-json\/wp\/v2\/pages\/4312","targetHints":{"allow":["GET"]}}],"collection":[{"href":"https:\/\/bio.ufpr.br\/zoologia\/wp-json\/wp\/v2\/pages"}],"about":[{"href":"https:\/\/bio.ufpr.br\/zoologia\/wp-json\/wp\/v2\/types\/page"}],"author":[{"embeddable":true,"href":"https:\/\/bio.ufpr.br\/zoologia\/wp-json\/wp\/v2\/users\/2091"}],"replies":[{"embeddable":true,"href":"https:\/\/bio.ufpr.br\/zoologia\/wp-json\/wp\/v2\/comments?post=4312"}],"version-history":[{"count":24,"href":"https:\/\/bio.ufpr.br\/zoologia\/wp-json\/wp\/v2\/pages\/4312\/revisions"}],"predecessor-version":[{"id":4371,"href":"https:\/\/bio.ufpr.br\/zoologia\/wp-json\/wp\/v2\/pages\/4312\/revisions\/4371"}],"wp:attachment":[{"href":"https:\/\/bio.ufpr.br\/zoologia\/wp-json\/wp\/v2\/media?parent=4312"}],"curies":[{"name":"wp","href":"https:\/\/api.w.org\/{rel}","templated":true}]}}