{"id":4599,"date":"2025-02-06T16:29:13","date_gmt":"2025-02-06T16:29:13","guid":{"rendered":"https:\/\/bio.ufpr.br\/zoologia\/?page_id=4599"},"modified":"2025-04-15T17:23:04","modified_gmt":"2025-04-15T17:23:04","slug":"plano-individual-de-trabalho-pits-2025","status":"publish","type":"page","link":"https:\/\/bio.ufpr.br\/zoologia\/plano-individual-de-trabalho-pits-2025\/","title":{"rendered":"Plano Individual de trabalho \u2013 PITs Dzoo 2025"},"content":{"rendered":"<p style=\"text-align: center\"><strong>Plano Individual de trabalho \u2013 PITs Dzoo 2025<\/strong><\/p>\n<p style=\"text-align: center\"><a href=\"https:\/\/bio.ufpr.br\/zoologia\/wp-content\/uploads\/sites\/29\/2025\/02\/PIT-2025-Alexandre-Varaschin-Palaoro.pdf\">ALEXANDRE VARASCHIN PALAORO<\/a><\/p>\n<p style=\"text-align: center\"><a href=\"https:\/\/bio.ufpr.br\/zoologia\/wp-content\/uploads\/sites\/29\/2025\/02\/PIT-2025-Andre-de-Camargo-Guaraldo.pdf\">ANDR\u00c9 DE CAMARGO GUARALDO<\/a><\/p>\n<p style=\"text-align: center\"><a href=\"https:\/\/bio.ufpr.br\/zoologia\/wp-content\/uploads\/sites\/29\/2025\/02\/PIT-2025-Andressa-Paladini.pdf\">ANDRESSA PALADINI<\/a><\/p>\n<p style=\"text-align: center\"><a href=\"https:\/\/bio.ufpr.br\/zoologia\/wp-content\/uploads\/sites\/29\/2025\/02\/PIT-2025-Angelo-Parise-Pinto.pdf\">\u00c2NGELO PARISE PINTO<\/a><\/p>\n<p style=\"text-align: center\"><a href=\"https:\/\/bio.ufpr.br\/zoologia\/wp-content\/uploads\/sites\/29\/2025\/02\/PIT-2025-Claudio-Jose-Barros-de-Carvalho.pdf\">CL\u00c1UDIO JOS\u00c9 BARROS DE CARVALHO<\/a><\/p>\n<p style=\"text-align: center\"><a href=\"https:\/\/bio.ufpr.br\/zoologia\/wp-content\/uploads\/sites\/29\/2025\/02\/PIT-2025-Eduardo-Carneiro-dos-Santos.pdf\">EDUARDO CARNEIRO DOS SANTOS<\/a><\/p>\n<p style=\"text-align: center\"><a href=\"https:\/\/bio.ufpr.br\/zoologia\/wp-content\/uploads\/sites\/29\/2025\/02\/PIT-2025-Emygdio-Leite-de-Araujo-Monteiro-Filho.pdf\">EMYGDIO LEITE DE ARA\u00daJO MONTEIRO FILHO<\/a><\/p>\n<p style=\"text-align: center\"><a href=\"https:\/\/bio.ufpr.br\/zoologia\/wp-content\/uploads\/sites\/29\/2025\/02\/PIT-2025-Fabricius-Maia-Chaves-Bicalho-Domingos.pdf\">FABRICIUS MAIA CHAVES BICALHO DOMINGOS<\/a><\/p>\n<p style=\"text-align: center\"><a href=\"https:\/\/bio.ufpr.br\/zoologia\/wp-content\/uploads\/sites\/29\/2025\/02\/PIT-2025-Fernando-de-Camargo-Passos.pdf\">FERNANDO DE CAMARGO PASSOS<\/a><\/p>\n<p style=\"text-align: center\"><a href=\"https:\/\/bio.ufpr.br\/zoologia\/wp-content\/uploads\/sites\/29\/2025\/02\/PIT-2025-Gabriel-Augusto-Rodrigues-de-Melo.pdf\">GABRIEL AUGUSTO RODRIGUES DE MELO<\/a><\/p>\n<p style=\"text-align: center\"><a href=\"https:\/\/bio.ufpr.br\/zoologia\/wp-content\/uploads\/sites\/29\/2025\/02\/PIT-2025-John-Edwin-Lattke-Bravo.pdf\">JOHN EDWIN LATTKE BRAVO<\/a><\/p>\n<p style=\"text-align: center\"><a href=\"https:\/\/bio.ufpr.br\/zoologia\/wp-content\/uploads\/sites\/29\/2025\/02\/PIT-2025-Karla-Magalhaes-Campiao-1.pdf\">KARLA MAGALH\u00c3ES CAMPI\u00c3O<\/a><\/p>\n<p style=\"text-align: center\"><a href=\"https:\/\/bio.ufpr.br\/zoologia\/wp-content\/uploads\/sites\/29\/2025\/02\/PIT-2025-Lilian-Tonelli-Manica.pdf\">LILIAN TONELLI MANICA<\/a><\/p>\n<p style=\"text-align: center\"><a href=\"https:\/\/bio.ufpr.br\/zoologia\/wp-content\/uploads\/sites\/29\/2025\/02\/PIT-2025-Lucas-de-Moraes-Aguiar.pdf\">LUCAS DE MORAES AGUIAR<\/a><\/p>\n<p style=\"text-align: center\"><a href=\"https:\/\/bio.ufpr.br\/zoologia\/wp-content\/uploads\/sites\/29\/2025\/02\/PIT-2025-Luciane-Marinoni.pdf\">LUCIANE MARINONI<\/a><\/p>\n<p style=\"text-align: center\"><a href=\"https:\/\/bio.ufpr.br\/zoologia\/wp-content\/uploads\/sites\/29\/2025\/02\/PIT-2025-Marcos-Soares-Barbeitos.pdf\">MARCOS SOARES BARBEITOS<\/a><\/p>\n<p style=\"text-align: center\"><a href=\"https:\/\/bio.ufpr.br\/zoologia\/wp-content\/uploads\/sites\/29\/2025\/02\/PIT-2025-Marcio-Roberto-Pie-1.pdf\">MARCIO ROBERTO PIE<\/a><\/p>\n<p style=\"text-align: center\"><a href=\"https:\/\/bio.ufpr.br\/zoologia\/wp-content\/uploads\/sites\/29\/2025\/02\/PIT-2025-Mario-Antonio-Navarro-da-Silva.pdf\">MARIO ANTONIO NAVARRO DA SILVA<\/a><\/p>\n<p style=\"text-align: center\"><a href=\"https:\/\/bio.ufpr.br\/zoologia\/wp-content\/uploads\/sites\/29\/2025\/02\/PIT-2025-Mauricio-Osvaldo-Moura-1.pdf\">MAURICIO OSVALDO MOURA<\/a><\/p>\n<p style=\"text-align: center\"><a href=\"https:\/\/bio.ufpr.br\/zoologia\/wp-content\/uploads\/sites\/29\/2025\/02\/PIT-2025-Mirna-Martins-Casagrande.pdf\">MIRNA MARTINS CASAGRANDE<\/a><\/p>\n<p style=\"text-align: center\"><a href=\"https:\/\/bio.ufpr.br\/zoologia\/wp-content\/uploads\/sites\/29\/2025\/02\/PIT-2025-Mayara-Pereira-Neves.pdf\">MAYARA PEREIRA NEVES<\/a><\/p>\n<p style=\"text-align: center\"><a href=\"https:\/\/bio.ufpr.br\/zoologia\/wp-content\/uploads\/sites\/29\/2025\/02\/PIT-2025-Renato-Jose-Pires-Machado.pdf\">RENATO JOS\u00c9 PIRES MACHADO<\/a><\/p>\n<p style=\"text-align: center\"><a href=\"https:\/\/bio.ufpr.br\/zoologia\/wp-content\/uploads\/sites\/29\/2025\/02\/PIT-2025-Rodrigo-Barbosa-Goncalves.pdf\">RODRIGO BARBOSA GON\u00c7ALVES<\/a><\/p>\n<p style=\"text-align: center\"><a href=\"https:\/\/bio.ufpr.br\/zoologia\/wp-content\/uploads\/sites\/29\/2025\/02\/PIT-2025-Rodrigo-dos-Santos-Machado-Feitosa.pdf\">RODRIGO DOS SANTOS MACHADO FEITOSA<\/a><\/p>\n<p style=\"text-align: center\"><a href=\"https:\/\/bio.ufpr.br\/zoologia\/wp-content\/uploads\/sites\/29\/2025\/02\/PIT-2025-Rosana-Moreira-da-Rocha.pdf\">ROSANA MOREIRA DA ROCHA<\/a><\/p>\n<p><a href=\"https:\/\/bio.ufpr.br\/zoologia\/wp-content\/uploads\/sites\/29\/2025\/04\/Extrato-das-Atas-531a-e-532a.pdf\">Extrato das atas da 531\u00aa e 532\u00aa reuni\u00f5es do Departamento de Zoologia<\/a><\/p>\n<p>&nbsp;<\/p>\n","protected":false},"excerpt":{"rendered":"<p>Plano Individual de trabalho \u2013 PITs Dzoo 2025 ALEXANDRE VARASCHIN PALAORO ANDR\u00c9 DE CAMARGO GUARALDO ANDRESSA PALADINI \u00c2NGELO PARISE PINTO CL\u00c1UDIO JOS\u00c9 BARROS DE CARVALHO [&hellip;]<\/p>\n","protected":false},"author":2116,"featured_media":0,"parent":0,"menu_order":0,"comment_status":"closed","ping_status":"closed","template":"","meta":{"_acf_changed":false,"_monsterinsights_skip_tracking":false,"_monsterinsights_sitenote_active":false,"_monsterinsights_sitenote_note":"","_monsterinsights_sitenote_category":0,"footnotes":""},"class_list":["post-4599","page","type-page","status-publish","hentry"],"acf":[],"_links":{"self":[{"href":"https:\/\/bio.ufpr.br\/zoologia\/wp-json\/wp\/v2\/pages\/4599","targetHints":{"allow":["GET"]}}],"collection":[{"href":"https:\/\/bio.ufpr.br\/zoologia\/wp-json\/wp\/v2\/pages"}],"about":[{"href":"https:\/\/bio.ufpr.br\/zoologia\/wp-json\/wp\/v2\/types\/page"}],"author":[{"embeddable":true,"href":"https:\/\/bio.ufpr.br\/zoologia\/wp-json\/wp\/v2\/users\/2116"}],"replies":[{"embeddable":true,"href":"https:\/\/bio.ufpr.br\/zoologia\/wp-json\/wp\/v2\/comments?post=4599"}],"version-history":[{"count":16,"href":"https:\/\/bio.ufpr.br\/zoologia\/wp-json\/wp\/v2\/pages\/4599\/revisions"}],"predecessor-version":[{"id":4681,"href":"https:\/\/bio.ufpr.br\/zoologia\/wp-json\/wp\/v2\/pages\/4599\/revisions\/4681"}],"wp:attachment":[{"href":"https:\/\/bio.ufpr.br\/zoologia\/wp-json\/wp\/v2\/media?parent=4599"}],"curies":[{"name":"wp","href":"https:\/\/api.w.org\/{rel}","templated":true}]}}