{"id":4727,"date":"2026-03-16T13:59:30","date_gmt":"2026-03-16T13:59:30","guid":{"rendered":"https:\/\/bio.ufpr.br\/zoologia\/?page_id=4727"},"modified":"2026-04-06T13:54:13","modified_gmt":"2026-04-06T13:54:13","slug":"zoologia-de-invertebrados-nao-hexapoda","status":"publish","type":"page","link":"https:\/\/bio.ufpr.br\/zoologia\/zoologia-de-invertebrados-nao-hexapoda\/","title":{"rendered":"Ci\u00eancias Biol\u00f3gicas &#8211; Zoologia &#8211; Zoologia de Invertebrados n\u00e3o Hexapoda"},"content":{"rendered":"<p><a href=\"https:\/\/bio.ufpr.br\/zoologia\/wp-content\/uploads\/sites\/29\/2026\/03\/edital_65_26.pdf\" target=\"_blank\" rel=\"noopener\">Edital de Abertura de Concurso &#8211; Edital 65\/2026<\/a><\/p>\n<p><a href=\"https:\/\/bio.ufpr.br\/zoologia\/wp-content\/uploads\/sites\/29\/2026\/03\/sei_8668261_edital_10_2026_bl-isencao-taxa-de-inscricao-invertebrados.pdf\" target=\"_blank\" rel=\"noopener\">Pedidos de Isen\u00e7\u00e3o de taxa de inscri\u00e7\u00e3o deferidos<\/a><\/p>\n<p><a href=\"https:\/\/bio.ufpr.br\/zoologia\/wp-content\/uploads\/sites\/29\/2026\/04\/sei_8738514_edital_17_2026_bl.pdf\" target=\"_blank\" rel=\"noopener\">Resultado da aprecia\u00e7\u00e3o dos pedidos de inscri\u00e7\u00f5es &#8211; Edital 17\/2026-BL<\/a><\/p>\n","protected":false},"excerpt":{"rendered":"<p>Edital de Abertura de Concurso &#8211; Edital 65\/2026 Pedidos de Isen\u00e7\u00e3o de taxa de inscri\u00e7\u00e3o deferidos Resultado da aprecia\u00e7\u00e3o dos pedidos de inscri\u00e7\u00f5es &#8211; Edital [&hellip;]<\/p>\n","protected":false},"author":2125,"featured_media":0,"parent":0,"menu_order":0,"comment_status":"closed","ping_status":"closed","template":"","meta":{"_acf_changed":false,"_monsterinsights_skip_tracking":false,"_monsterinsights_sitenote_active":false,"_monsterinsights_sitenote_note":"","_monsterinsights_sitenote_category":0,"footnotes":""},"class_list":["post-4727","page","type-page","status-publish","hentry"],"acf":[],"_links":{"self":[{"href":"https:\/\/bio.ufpr.br\/zoologia\/wp-json\/wp\/v2\/pages\/4727","targetHints":{"allow":["GET"]}}],"collection":[{"href":"https:\/\/bio.ufpr.br\/zoologia\/wp-json\/wp\/v2\/pages"}],"about":[{"href":"https:\/\/bio.ufpr.br\/zoologia\/wp-json\/wp\/v2\/types\/page"}],"author":[{"embeddable":true,"href":"https:\/\/bio.ufpr.br\/zoologia\/wp-json\/wp\/v2\/users\/2125"}],"replies":[{"embeddable":true,"href":"https:\/\/bio.ufpr.br\/zoologia\/wp-json\/wp\/v2\/comments?post=4727"}],"version-history":[{"count":7,"href":"https:\/\/bio.ufpr.br\/zoologia\/wp-json\/wp\/v2\/pages\/4727\/revisions"}],"predecessor-version":[{"id":4753,"href":"https:\/\/bio.ufpr.br\/zoologia\/wp-json\/wp\/v2\/pages\/4727\/revisions\/4753"}],"wp:attachment":[{"href":"https:\/\/bio.ufpr.br\/zoologia\/wp-json\/wp\/v2\/media?parent=4727"}],"curies":[{"name":"wp","href":"https:\/\/api.w.org\/{rel}","templated":true}]}}