{"id":4731,"date":"2026-03-16T14:01:18","date_gmt":"2026-03-16T14:01:18","guid":{"rendered":"https:\/\/bio.ufpr.br\/zoologia\/?page_id=4731"},"modified":"2026-04-07T11:48:31","modified_gmt":"2026-04-07T11:48:31","slug":"ciencias-biologicas-zoologia-sistematica-de-coleoptera-ou-diptera","status":"publish","type":"page","link":"https:\/\/bio.ufpr.br\/zoologia\/ciencias-biologicas-zoologia-sistematica-de-coleoptera-ou-diptera\/","title":{"rendered":"Ci\u00eancias Biol\u00f3gicas &#8211; Zoologia &#8211; Sistem\u00e1tica de Coleoptera ou Diptera"},"content":{"rendered":"<p><a href=\"https:\/\/bio.ufpr.br\/zoologia\/wp-content\/uploads\/sites\/29\/2026\/03\/edital_65_26.pdf\" target=\"_blank\" rel=\"noopener\">Edital de Abertura de Concurso &#8211; Edital 65\/2026<\/a><\/p>\n<p><a href=\"https:\/\/bio.ufpr.br\/zoologia\/wp-content\/uploads\/sites\/29\/2026\/03\/sei_8668338_edital_11_2026_bl-isencao-taxa-de-inscricao-insecta.pdf\" target=\"_blank\" rel=\"noopener\">Pedidos de Isen\u00e7\u00e3o de taxa de inscri\u00e7\u00e3o deferidos<\/a><\/p>\n<p><a href=\"https:\/\/bio.ufpr.br\/zoologia\/wp-content\/uploads\/sites\/29\/2026\/04\/sei_8738543_edital_18_2026_bl.pdf\" target=\"_blank\" rel=\"noopener\">Resultado da aprecia\u00e7\u00e3o dos pedidos de inscri\u00e7\u00f5es &#8211; Edital 18\/2026-BL<\/a><\/p>\n<p>&nbsp;<\/p>\n","protected":false},"excerpt":{"rendered":"<p>Edital de Abertura de Concurso &#8211; Edital 65\/2026 Pedidos de Isen\u00e7\u00e3o de taxa de inscri\u00e7\u00e3o deferidos Resultado da aprecia\u00e7\u00e3o dos pedidos de inscri\u00e7\u00f5es &#8211; Edital [&hellip;]<\/p>\n","protected":false},"author":2125,"featured_media":0,"parent":0,"menu_order":0,"comment_status":"closed","ping_status":"closed","template":"","meta":{"_acf_changed":false,"_monsterinsights_skip_tracking":false,"_monsterinsights_sitenote_active":false,"_monsterinsights_sitenote_note":"","_monsterinsights_sitenote_category":0,"footnotes":""},"class_list":["post-4731","page","type-page","status-publish","hentry"],"acf":[],"_links":{"self":[{"href":"https:\/\/bio.ufpr.br\/zoologia\/wp-json\/wp\/v2\/pages\/4731","targetHints":{"allow":["GET"]}}],"collection":[{"href":"https:\/\/bio.ufpr.br\/zoologia\/wp-json\/wp\/v2\/pages"}],"about":[{"href":"https:\/\/bio.ufpr.br\/zoologia\/wp-json\/wp\/v2\/types\/page"}],"author":[{"embeddable":true,"href":"https:\/\/bio.ufpr.br\/zoologia\/wp-json\/wp\/v2\/users\/2125"}],"replies":[{"embeddable":true,"href":"https:\/\/bio.ufpr.br\/zoologia\/wp-json\/wp\/v2\/comments?post=4731"}],"version-history":[{"count":8,"href":"https:\/\/bio.ufpr.br\/zoologia\/wp-json\/wp\/v2\/pages\/4731\/revisions"}],"predecessor-version":[{"id":4758,"href":"https:\/\/bio.ufpr.br\/zoologia\/wp-json\/wp\/v2\/pages\/4731\/revisions\/4758"}],"wp:attachment":[{"href":"https:\/\/bio.ufpr.br\/zoologia\/wp-json\/wp\/v2\/media?parent=4731"}],"curies":[{"name":"wp","href":"https:\/\/api.w.org\/{rel}","templated":true}]}}