{"id":759,"date":"2019-07-11T10:15:29","date_gmt":"2019-07-11T10:15:29","guid":{"rendered":"https:\/\/bio.ufpr.br\/zoologia\/?page_id=759"},"modified":"2023-08-28T11:50:05","modified_gmt":"2023-08-28T11:50:05","slug":"localizacao","status":"publish","type":"page","link":"https:\/\/bio.ufpr.br\/zoologia\/localizacao\/","title":{"rendered":"Localiza\u00e7\u00e3o"},"content":{"rendered":"<p>Universidade Federal do Paran\u00e1 &#8211; Polit\u00e9cnico<\/p>\n<p>Setor de Ci\u00eancias Biol\u00f3gicas \u2013 Departamento de Zoologia<\/p>\n<p>Endere\u00e7o: Avenida Coronel Francisco H. dos Santos, 100 &#8211; Jardim das Am\u00e9ricas<\/p>\n<p>CEP: 81531-980 Curitiba- PR<\/p>\n<p>Caixa Postal 19020<\/p>\n<p>Telefone da Secretaria do Departamento: (41) 3361-1671<\/p>\n<div>E-mail: deptzoo@ufpr.br<\/div>\n<p>&nbsp;<\/p>\n","protected":false},"excerpt":{"rendered":"<p>Universidade Federal do Paran\u00e1 &#8211; Polit\u00e9cnico Setor de Ci\u00eancias Biol\u00f3gicas \u2013 Departamento de Zoologia Endere\u00e7o: Avenida Coronel Francisco H. dos Santos, 100 &#8211; Jardim das [&hellip;]<\/p>\n","protected":false},"author":6,"featured_media":0,"parent":0,"menu_order":0,"comment_status":"closed","ping_status":"closed","template":"","meta":{"_acf_changed":false,"_monsterinsights_skip_tracking":false,"_monsterinsights_sitenote_active":false,"_monsterinsights_sitenote_note":"","_monsterinsights_sitenote_category":0,"footnotes":""},"class_list":["post-759","page","type-page","status-publish","hentry"],"acf":[],"_links":{"self":[{"href":"https:\/\/bio.ufpr.br\/zoologia\/wp-json\/wp\/v2\/pages\/759","targetHints":{"allow":["GET"]}}],"collection":[{"href":"https:\/\/bio.ufpr.br\/zoologia\/wp-json\/wp\/v2\/pages"}],"about":[{"href":"https:\/\/bio.ufpr.br\/zoologia\/wp-json\/wp\/v2\/types\/page"}],"author":[{"embeddable":true,"href":"https:\/\/bio.ufpr.br\/zoologia\/wp-json\/wp\/v2\/users\/6"}],"replies":[{"embeddable":true,"href":"https:\/\/bio.ufpr.br\/zoologia\/wp-json\/wp\/v2\/comments?post=759"}],"version-history":[{"count":9,"href":"https:\/\/bio.ufpr.br\/zoologia\/wp-json\/wp\/v2\/pages\/759\/revisions"}],"predecessor-version":[{"id":3818,"href":"https:\/\/bio.ufpr.br\/zoologia\/wp-json\/wp\/v2\/pages\/759\/revisions\/3818"}],"wp:attachment":[{"href":"https:\/\/bio.ufpr.br\/zoologia\/wp-json\/wp\/v2\/media?parent=759"}],"curies":[{"name":"wp","href":"https:\/\/api.w.org\/{rel}","templated":true}]}}