{"id":761,"date":"2019-07-11T09:28:07","date_gmt":"2019-07-11T09:28:07","guid":{"rendered":"https:\/\/bio.ufpr.br\/zoologia\/?page_id=761"},"modified":"2025-12-03T13:57:02","modified_gmt":"2025-12-03T13:57:02","slug":"informacoes","status":"publish","type":"page","link":"https:\/\/bio.ufpr.br\/zoologia\/informacoes\/","title":{"rendered":"Informa\u00e7\u00f5es"},"content":{"rendered":"<p><strong>Agente<\/strong>: Unan Silva<\/p>\n<p><strong>Telefone de Contato<\/strong>:\u00a0(41) 3361-1671<\/p>\n<p><strong>E-mail<\/strong>:\u00a0deptzoo@ufpr.br<\/p>\n<p><strong style=\"line-height: 1.5\">Hor\u00e1rio de atendimento: <\/strong>Das 09h:00 \u00e0s 12h:30. Das 13h30 \u00e0s 18h00<\/p>\n","protected":false},"excerpt":{"rendered":"<p>Agente: Unan Silva Telefone de Contato:\u00a0(41) 3361-1671 E-mail:\u00a0deptzoo@ufpr.br Hor\u00e1rio de atendimento: Das 09h:00 \u00e0s 12h:30. Das 13h30 \u00e0s 18h00<\/p>\n","protected":false},"author":6,"featured_media":0,"parent":0,"menu_order":0,"comment_status":"closed","ping_status":"closed","template":"","meta":{"_acf_changed":false,"_monsterinsights_skip_tracking":false,"_monsterinsights_sitenote_active":false,"_monsterinsights_sitenote_note":"","_monsterinsights_sitenote_category":0,"footnotes":""},"class_list":["post-761","page","type-page","status-publish","hentry"],"acf":[],"_links":{"self":[{"href":"https:\/\/bio.ufpr.br\/zoologia\/wp-json\/wp\/v2\/pages\/761","targetHints":{"allow":["GET"]}}],"collection":[{"href":"https:\/\/bio.ufpr.br\/zoologia\/wp-json\/wp\/v2\/pages"}],"about":[{"href":"https:\/\/bio.ufpr.br\/zoologia\/wp-json\/wp\/v2\/types\/page"}],"author":[{"embeddable":true,"href":"https:\/\/bio.ufpr.br\/zoologia\/wp-json\/wp\/v2\/users\/6"}],"replies":[{"embeddable":true,"href":"https:\/\/bio.ufpr.br\/zoologia\/wp-json\/wp\/v2\/comments?post=761"}],"version-history":[{"count":17,"href":"https:\/\/bio.ufpr.br\/zoologia\/wp-json\/wp\/v2\/pages\/761\/revisions"}],"predecessor-version":[{"id":4704,"href":"https:\/\/bio.ufpr.br\/zoologia\/wp-json\/wp\/v2\/pages\/761\/revisions\/4704"}],"wp:attachment":[{"href":"https:\/\/bio.ufpr.br\/zoologia\/wp-json\/wp\/v2\/media?parent=761"}],"curies":[{"name":"wp","href":"https:\/\/api.w.org\/{rel}","templated":true}]}}